{"id":12029,"date":"2020-01-09T18:07:53","date_gmt":"2020-01-09T17:07:53","guid":{"rendered":"https:\/\/geltapp.com\/?page_id=12029"},"modified":"2021-03-15T16:34:28","modified_gmt":"2021-03-15T15:34:28","slug":"politica-de-cookies","status":"publish","type":"page","link":"https:\/\/gelt.com\/ar\/politica-de-cookies\/","title":{"rendered":"Legal &#8211; Pol\u00edtica de cookies"},"content":{"rendered":"<p>[vc_row top=\u00bb260px\u00bb bottom=\u00bb140px\u00bb content_fadeout=\u00bbcontent-fadeout\u00bb textalign=\u00bbcenter\u00bb slope_bottom=\u00bbslope-bottom\u00bb slope_bottom_height=\u00bb60px\u00bb row_seperator=\u00bbno-seperator\u00bb font_color=\u00bb#ffffff\u00bb slope_bottom_color=\u00bb#ffffff\u00bb bg_color=\u00bb#ededed\u00bb][vc_column][vc_heading h_size=\u00bbh-extralarge\u00bb title=\u00bbPol\u00edtica de cookies\u00bb title_color=\u00bb#ff344c\u00bb subtitle_color=\u00bb#ffffff\u00bb alignment=\u00bbalign-left\u00bb][\/vc_column][\/vc_row][vc_row][vc_column][vc_wp_text]<strong><u>POL\u00cdTICA DE COOKIES<\/u><\/strong><\/p>\n<p>&nbsp;<\/p>\n<p>Fecha de actualizaci\u00f3n: 12 de Marzo 2021<\/p>\n<p>&nbsp;<\/p>\n<p>Los datos personales mediante el uso de Cookies en el sitio web de Dinero Gelt S.A. (en adelante \u201cGELT\u201d) se rigen por las disposiciones de la\u00a0<a href=\"https:\/\/geltapp.com\/politica-de-privacidad\/\">POL\u00cdTICA DE PRIVACIDAD<\/a>\u00a0y tambi\u00e9n por las leyes y normativas aplicables sobre protecci\u00f3n de datos personales, incluyendo pero no limitado a la ley 25.326, sus reglamentaciones y modificaciones, en todo momento.<\/p>\n<p><strong>INFORMACI\u00d3N SOBRE COOKIES<\/strong><\/p>\n<p>Una Cookie es un archivo de texto que un sitio web almacena en el ordenador del usuario, tel\u00e9fono o cualquier otro dispositivo, con informaci\u00f3n sobre su navegaci\u00f3n en ese sitio web (en adelante, las \u201cCookies\u201d). Las Cookies son necesarias para facilitar la navegaci\u00f3n y para que el sitio web sea m\u00e1s f\u00e1cil de usar, y no da\u00f1an su ordenador. Si bien esta Pol\u00edtica utiliza el t\u00e9rmino general \u201cCookies\u201d, ya que son el m\u00e9todo principal para almacenar la informaci\u00f3n utilizada por este sitio web, el espacio de \u201cAlmacenamiento local\u201d del navegador tambi\u00e9n se utiliza para los mismos fines que las Cookies. Toda la informaci\u00f3n incluida en esta Pol\u00edtica de Cookies tambi\u00e9n se aplica a este \u201cAlmacenamiento local\u201d.<\/p>\n<p><strong>INFORMACI\u00d3N RECOPILADA AUTOM\u00c1TICAMENTE<\/strong><\/p>\n<p>GELT mide el rendimiento de su sitio web para mejorarlo y personalizarlo a favor de nuestros visitantes. Durante su visita, podemos recopilar y almacenar autom\u00e1ticamente los siguientes tipos de informaci\u00f3n sobre su ordenador y su visita:<\/p>\n<ol>\n<li>El dominio y el host desde el que accede a Internet;<\/li>\n<li>La direcci\u00f3n de Internet del sitio web desde el que se vincula directamente a este sitio web, si procede;<\/li>\n<li>La fecha y hora en que lleg\u00f3 a nuestro sitio web y cu\u00e1nto tiempo pas\u00f3 en el sitio web y qu\u00e9 p\u00e1ginas visit\u00f3;<\/li>\n<li>Su direcci\u00f3n de protocolo de Internet (en adelante \u201cIP\u201d); y<\/li>\n<li>El sistema operativo y el software de navegaci\u00f3n de su computadora.<\/li>\n<\/ol>\n<p>El tratamiento de esta informaci\u00f3n que se recopila autom\u00e1ticamente cumplir\u00e1 con todas las leyes y regulaciones existentes aplicables. En este sentido, debe aceptar libremente y expl\u00edcitamente esta Pol\u00edtica de Cookies si desea utilizar el sitio web y la aplicaci\u00f3n m\u00f3vil de GELT, as\u00ed como la Pol\u00edtica de Privacidad si desea utilizar los Servicios y Productos de GELT.<\/p>\n<p><strong>\u00bfPARA QU\u00c9 SE UTILIZAN LAS COOKIES EN ESTE SITIO WEB?<\/strong><\/p>\n<p>Las Cookies son una parte esencial de c\u00f3mo funciona nuestro sitio web. El objetivo principal de nuestras Cookies es mejorar su experiencia de navegaci\u00f3n. Por ejemplo, se utilizan para recordar sus preferencias (idioma, pa\u00eds, etc.) mientras navega y en futuras visitas. La informaci\u00f3n recopilada por las Cookies tambi\u00e9n nos permite mejorar el sitio estimando los n\u00fameros y patrones de uso, la idoneidad del sitio web para los intereses individuales de los usuarios, b\u00fasquedas m\u00e1s r\u00e1pidas, etc.<\/p>\n<p>En ocasiones, si hemos obtenido su consentimiento informado por adelantado, podemos utilizar Cookies, etiquetas u otros dispositivos similares para obtener informaci\u00f3n que nos permita mostrarle, ya sea desde nuestro sitio web o desde sitios web de terceros o por cualquier otro medio, publicidad, basado en el an\u00e1lisis de tus h\u00e1bitos de navegaci\u00f3n.<\/p>\n<p><strong>\u00bfQUI\u00c9N USA LA INFORMACI\u00d3N ALMACENADA EN LAS COOKIES?<\/strong><\/p>\n<p>La informaci\u00f3n almacenada en las Cookies de nuestro sitio web es utilizada exclusivamente por GELT, excepto las identificadas a continuaci\u00f3n como \u201cCookies de terceros\u201d, que son utilizadas y administradas por entidades externas para proporcionar servicios solicitados por GELT con el fin de mejorar nuestros servicios y la experiencia del usuario cuando navega por nuestro sitio web. Los principales servicios para los que se utilizan estas \u00abCookies de terceros\u00bb son obtener estad\u00edsticas de acceso y garantizar las transacciones de pago que se llevan a cabo.<\/p>\n<p><strong>TIPOLOG\u00cdA, PROP\u00d3SITO Y FUNCIONAMIENTO DE LAS COOKIES<\/strong><\/p>\n<p><strong>Tipos de Cookies<\/strong><\/p>\n<ol>\n<li><strong>COOKIES DE SESI\u00d3N:<\/strong> caducan cuando el usuario cierra el navegador. Por su parte, tambi\u00e9n existen las Cookies permanentes, que permanecen operativas mientras son necesarias para el fin que se establecen (por ejemplo, para que el usuario permanezca identificado en los servicios de GELT) o cuando son borradas manualmente.<\/li>\n<li><strong>COOKIES DE RENDIMIENTO:<\/strong> permiten recordar sus preferencias sobre las herramientas que se encuentran en los servicios de GELT, para evitar tener que reconfigurar el servicio en cada visita.<\/li>\n<li><strong>COOKIES DE GEOLOCALIZACI\u00d3N: <\/strong>permiten saber en qu\u00e9 pa\u00eds se encuentra cuando solicita un servicio. Esta Cookie es completamente an\u00f3nima y s\u00f3lo se usa para ayudar a guiar el contenido hacia su ubicaci\u00f3n.<\/li>\n<li><strong>COOKIES DE REGISTRO:<\/strong> se generan en el momento de la inscripci\u00f3n o m\u00e1s tarde cuando abre su sesi\u00f3n y se utilizan para identificarlo en los servicios y mantener al usuario identificado para que, si se cierra un servicio, el navegador o la computadora, podamos identificarte cuando te conectes de nuevo a GELT. Esta Cookie se elimina si el usuario hace clic en \u201ccerrar sesi\u00f3n\u201d.<\/li>\n<li><strong>COOKIES ANAL\u00cdTICAS:<\/strong> permiten llevar a cabo estad\u00edsticas para la optimizaci\u00f3n y mejora de la experiencia de los usuarios en el sitio. Permiten que el visitante sea identificado an\u00f3nimamente para mantener un c\u00e1lculo aproximado del n\u00famero de visitantes y su tendencia en el tiempo, para saber qu\u00e9 contenido es el m\u00e1s visitado, para saber si el usuario es nuevo o si ha repetido la visita.<\/li>\n<li><strong>COOKIES PUBLICITARIAS:<\/strong> permiten mejorar los anuncios mostrados a cada usuario an\u00f3nimo en los servicios de GELT, almacenando la duraci\u00f3n o frecuencia de visualizaci\u00f3n de los anuncios, la interacci\u00f3n con ellos, los patrones de navegaci\u00f3n que permiten elaborar un perfil de inter\u00e9s publicitario y ofrecer a los usuarios publicidad adecuada a sus intereses.<\/li>\n<li><strong>COOKIES PUBLICITARIAS DE TERCEROS:<\/strong> Adem\u00e1s de la publicidad administrada en nuestra aplicaci\u00f3n y en nuestra web, GELT utiliza Cookies para permitir a las agencias de publicidad la posibilidad de publicar anuncios personalizados en sitios web o aplicaciones de terceros. De esta forma, la agencia de publicidad puede identificar al equipo del usuario GELT en esos sitios web o aplicaciones de terceros y acceder a los datos asociados a ellos, para mostrar publicidad personalizada.<\/li>\n<\/ol>\n<p><strong>\u00bfC\u00d3MO PUEDO EVITAR USAR COOKIES EN ESTE SITIO WEB?<\/strong><\/p>\n<p>Si prefiere evitar el uso de Cookies en esta p\u00e1gina, teniendo en cuenta las limitaciones descritas anteriormente, primero debe desactivar el uso de Cookies en su navegador y luego eliminar las Cookies guardadas en su navegador asociado a este sitio web. Puede utilizar esta opci\u00f3n para evitar el uso de Cookies en cualquier momento.<\/p>\n<p><strong>\u00bfC\u00d3MO DESACTIVO Y EVITO EL USO DE COOKIES?<\/strong><\/p>\n<p>Puede restringir, bloquear o eliminar las Cookies de este sitio web en cualquier momento cambiando la configuraci\u00f3n de su navegador siguiendo los pasos que se indican a continuaci\u00f3n. Si bien la configuraci\u00f3n es diferente en cada navegador, las Cookies normalmente se configuran en el men\u00fa \u00abPreferencias\u00bb o \u00abHerramientas\u00bb. Para obtener m\u00e1s informaci\u00f3n sobre c\u00f3mo configurar las Cookies en su navegador, consulte el men\u00fa \u00abAyuda\u00bb en el navegador. Las instrucciones para acceder al men\u00fa de configuraci\u00f3n de cookies y, en su caso, navegaci\u00f3n privada en diferentes navegadores se pueden encontrar en:<\/p>\n<p><strong>Internet Explorer<\/strong>:<\/p>\n<p>Herramientas -&gt; Opciones de Internet -&gt; Privacidad -&gt; Configuraci\u00f3n.<\/p>\n<p>Para m\u00e1s informaci\u00f3n puede consultar el soporte de Microsoft o \u201cAyuda\u201d en el Navegador.<\/p>\n<p><strong>Firefox<\/strong>:<\/p>\n<p>Herramientas -&gt; Opciones -&gt; Privacidad -&gt; Historial -&gt; Configuraci\u00f3n personalizada.<\/p>\n<p>Para m\u00e1s informaci\u00f3n puede consultar el soporte de Mozilla o \u201cAyuda\u201d en el Navegador.<\/p>\n<p><strong>Chrome:<\/strong><\/p>\n<p>Configuraci\u00f3n -&gt; Mostrar opciones avanzadas -&gt; Privacidad -&gt; Configuraci\u00f3n de contenido.<\/p>\n<p>Para m\u00e1s informaci\u00f3n puede consultar el soporte de Google o \u201cAyuda\u201d en el Navegador.<\/p>\n<p><strong>Safari:<\/strong><\/p>\n<p>Preferencias-&gt;Seguridad<\/p>\n<p>Para m\u00e1s informaci\u00f3n puede consultar el soporte de Google o \u201cAyuda\u201d en el Navegador.<\/p>\n<p>Tambi\u00e9n, puedes oponerte al uso de determinadas Cookies a trav\u00e9s de los siguientes servicios:<\/p>\n<p><a href=\"http:\/\/www.criteo.com\/deactivate-criteo-banners\/\">http:\/\/www.criteo.com\/deactivate-criteo-banners\/<\/a><\/p>\n<p><a href=\"http:\/\/youronlinechoices.eu\/\">http:\/\/youronlinechoices.eu\/<\/a><\/p>\n<p><a href=\"http:\/\/www.networkadvertising.org\/choices\/\">http:\/\/www.networkadvertising.org\/choices\/<\/a><\/p>\n<p><a href=\"http:\/\/www.aboutads.info\/choices\/\">http:\/\/www.aboutads.info\/choices\/<\/a><\/p>\n<p><strong>ACTUALIZACIONES Y CAMBIOS EN LA POL\u00cdTICA DE COOKIES<\/strong><\/p>\n<p>GELT puede modificar esta pol\u00edtica de Cookies de acuerdo con la legislaci\u00f3n vigente, o con el prop\u00f3sito de adaptar dicha pol\u00edtica a los requerimientos de las autoridades argentinas sobre protecci\u00f3n de datos personales, por tanto se recomienda a los usuarios visitar esta pol\u00edtica de Cookies a menudo.<\/p>\n<p>Por favor, si tiene alguna duda sobre nuestra Pol\u00edtica de Cookies o sobre las Cookies que utilizamos en GELT, no dude en ponerse con nosotros en el siguiente correo electr\u00f3nico: hola@ar.gelt.com.<\/p>\n<p>[\/vc_wp_text][\/vc_column][\/vc_row]<\/p>\n","protected":false},"excerpt":{"rendered":"<p>[vc_row top=\u00bb260px\u00bb bottom=\u00bb140px\u00bb content_fadeout=\u00bbcontent-fadeout\u00bb textalign=\u00bbcenter\u00bb slope_bottom=\u00bbslope-bottom\u00bb slope_bottom_height=\u00bb60px\u00bb row_seperator=\u00bbno-seperator\u00bb font_color=\u00bb#ffffff\u00bb slope_bottom_color=\u00bb#ffffff\u00bb bg_color=\u00bb#ededed\u00bb][vc_column][vc_heading h_size=\u00bbh-extralarge\u00bb title=\u00bbPol\u00edtica de cookies\u00bb title_color=\u00bb#ff344c\u00bb subtitle_color=\u00bb#ffffff\u00bb alignment=\u00bbalign-left\u00bb][\/vc_column][\/vc_row][vc_row][vc_column][vc_wp_text]POL\u00cdTICA DE COOKIES &nbsp; Fecha de actualizaci\u00f3n: 12 de Marzo 2021 &nbsp; Los datos personales mediante el uso de Cookies en el sitio web de Dinero Gelt S.A. (en adelante \u201cGELT\u201d) se rigen por las disposiciones de la\u00a0POL\u00cdTICA DE PRIVACIDAD\u00a0y tambi\u00e9n por las leyes y normativas aplicables sobre protecci\u00f3n de datos personales, incluyendo pero no limitado a la&#8230;  <\/p>\n<div class=\"read-more\"><a class=\"excerpt-read-more\" href=\"https:\/\/gelt.com\/ar\/politica-de-cookies\/\" title=\"Continue reading Legal &#8211; Pol\u00edtica de cookies\">Read more<i class=\"fa fa-angle-right\"><\/i><\/a><\/div>\n","protected":false},"author":8,"featured_media":0,"parent":0,"menu_order":0,"comment_status":"open","ping_status":"closed","template":"page-full-width.php","meta":{"content-type":"","footnotes":""},"yoast_head":"<!-- This site is optimized with the Yoast SEO plugin v21.9.1 - https:\/\/yoast.com\/wordpress\/plugins\/seo\/ -->\n<title>Pol\u00edtica de cookies<\/title>\n<meta name=\"robots\" content=\"index, follow, max-snippet:-1, max-image-preview:large, max-video-preview:-1\" \/>\n<link rel=\"canonical\" href=\"https:\/\/gelt.com\/ar\/politica-de-cookies\/\" \/>\n<meta property=\"og:locale\" content=\"es_ES\" \/>\n<meta property=\"og:type\" content=\"article\" \/>\n<meta property=\"og:title\" content=\"Pol\u00edtica de cookies\" \/>\n<meta property=\"og:description\" content=\"[vc_row top=\u00bb260px\u00bb bottom=\u00bb140px\u00bb content_fadeout=\u00bbcontent-fadeout\u00bb textalign=\u00bbcenter\u00bb slope_bottom=\u00bbslope-bottom\u00bb slope_bottom_height=\u00bb60px\u00bb row_seperator=\u00bbno-seperator\u00bb font_color=\u00bb#ffffff\u00bb slope_bottom_color=\u00bb#ffffff\u00bb bg_color=\u00bb#ededed\u00bb][vc_column][vc_heading h_size=\u00bbh-extralarge\u00bb title=\u00bbPol\u00edtica de cookies\u00bb title_color=\u00bb#ff344c\u00bb subtitle_color=\u00bb#ffffff\u00bb alignment=\u00bbalign-left\u00bb][\/vc_column][\/vc_row][vc_row][vc_column][vc_wp_text]POL\u00cdTICA DE COOKIES &nbsp; Fecha de actualizaci\u00f3n: 12 de Marzo 2021 &nbsp; Los datos personales mediante el uso de Cookies en el sitio web de Dinero Gelt S.A. (en adelante \u201cGELT\u201d) se rigen por las disposiciones de la\u00a0POL\u00cdTICA DE PRIVACIDAD\u00a0y tambi\u00e9n por las leyes y normativas aplicables sobre protecci\u00f3n de datos personales, incluyendo pero no limitado a la... Read more\" \/>\n<meta property=\"og:url\" content=\"https:\/\/gelt.com\/ar\/politica-de-cookies\/\" \/>\n<meta property=\"og:site_name\" content=\"Gelt Argentina\" \/>\n<meta property=\"article:modified_time\" content=\"2021-03-15T15:34:28+00:00\" \/>\n<meta name=\"twitter:card\" content=\"summary_large_image\" \/>\n<meta name=\"twitter:label1\" content=\"Tiempo de lectura\" \/>\n\t<meta name=\"twitter:data1\" content=\"6 minutos\" \/>\n<script type=\"application\/ld+json\" class=\"yoast-schema-graph\">{\"@context\":\"https:\/\/schema.org\",\"@graph\":[{\"@type\":\"WebPage\",\"@id\":\"https:\/\/gelt.com\/ar\/politica-de-cookies\/\",\"url\":\"https:\/\/gelt.com\/ar\/politica-de-cookies\/\",\"name\":\"Pol\u00edtica de cookies\",\"isPartOf\":{\"@id\":\"https:\/\/gelt.com\/ar\/#website\"},\"datePublished\":\"2020-01-09T17:07:53+00:00\",\"dateModified\":\"2021-03-15T15:34:28+00:00\",\"breadcrumb\":{\"@id\":\"https:\/\/gelt.com\/ar\/politica-de-cookies\/#breadcrumb\"},\"inLanguage\":\"es\",\"potentialAction\":[{\"@type\":\"ReadAction\",\"target\":[\"https:\/\/gelt.com\/ar\/politica-de-cookies\/\"]}]},{\"@type\":\"BreadcrumbList\",\"@id\":\"https:\/\/gelt.com\/ar\/politica-de-cookies\/#breadcrumb\",\"itemListElement\":[{\"@type\":\"ListItem\",\"position\":1,\"name\":\"Portada\",\"item\":\"https:\/\/gelt.com\/ar\/\"},{\"@type\":\"ListItem\",\"position\":2,\"name\":\"Legal &#8211; Pol\u00edtica de cookies\"}]},{\"@type\":\"WebSite\",\"@id\":\"https:\/\/gelt.com\/ar\/#website\",\"url\":\"https:\/\/gelt.com\/ar\/\",\"name\":\"Gelt Argentina\",\"description\":\"Gelt App \u00a1Dinero que vuelve!\",\"potentialAction\":[{\"@type\":\"SearchAction\",\"target\":{\"@type\":\"EntryPoint\",\"urlTemplate\":\"https:\/\/gelt.com\/ar\/?s={search_term_string}\"},\"query-input\":\"required name=search_term_string\"}],\"inLanguage\":\"es\"}]}<\/script>\n<!-- \/ Yoast SEO plugin. -->","yoast_head_json":{"title":"Pol\u00edtica de cookies","robots":{"index":"index","follow":"follow","max-snippet":"max-snippet:-1","max-image-preview":"max-image-preview:large","max-video-preview":"max-video-preview:-1"},"canonical":"https:\/\/gelt.com\/ar\/politica-de-cookies\/","og_locale":"es_ES","og_type":"article","og_title":"Pol\u00edtica de cookies","og_description":"[vc_row top=\u00bb260px\u00bb bottom=\u00bb140px\u00bb content_fadeout=\u00bbcontent-fadeout\u00bb textalign=\u00bbcenter\u00bb slope_bottom=\u00bbslope-bottom\u00bb slope_bottom_height=\u00bb60px\u00bb row_seperator=\u00bbno-seperator\u00bb font_color=\u00bb#ffffff\u00bb slope_bottom_color=\u00bb#ffffff\u00bb bg_color=\u00bb#ededed\u00bb][vc_column][vc_heading h_size=\u00bbh-extralarge\u00bb title=\u00bbPol\u00edtica de cookies\u00bb title_color=\u00bb#ff344c\u00bb subtitle_color=\u00bb#ffffff\u00bb alignment=\u00bbalign-left\u00bb][\/vc_column][\/vc_row][vc_row][vc_column][vc_wp_text]POL\u00cdTICA DE COOKIES &nbsp; Fecha de actualizaci\u00f3n: 12 de Marzo 2021 &nbsp; Los datos personales mediante el uso de Cookies en el sitio web de Dinero Gelt S.A. (en adelante \u201cGELT\u201d) se rigen por las disposiciones de la\u00a0POL\u00cdTICA DE PRIVACIDAD\u00a0y tambi\u00e9n por las leyes y normativas aplicables sobre protecci\u00f3n de datos personales, incluyendo pero no limitado a la... Read more","og_url":"https:\/\/gelt.com\/ar\/politica-de-cookies\/","og_site_name":"Gelt Argentina","article_modified_time":"2021-03-15T15:34:28+00:00","twitter_card":"summary_large_image","twitter_misc":{"Tiempo de lectura":"6 minutos"},"schema":{"@context":"https:\/\/schema.org","@graph":[{"@type":"WebPage","@id":"https:\/\/gelt.com\/ar\/politica-de-cookies\/","url":"https:\/\/gelt.com\/ar\/politica-de-cookies\/","name":"Pol\u00edtica de cookies","isPartOf":{"@id":"https:\/\/gelt.com\/ar\/#website"},"datePublished":"2020-01-09T17:07:53+00:00","dateModified":"2021-03-15T15:34:28+00:00","breadcrumb":{"@id":"https:\/\/gelt.com\/ar\/politica-de-cookies\/#breadcrumb"},"inLanguage":"es","potentialAction":[{"@type":"ReadAction","target":["https:\/\/gelt.com\/ar\/politica-de-cookies\/"]}]},{"@type":"BreadcrumbList","@id":"https:\/\/gelt.com\/ar\/politica-de-cookies\/#breadcrumb","itemListElement":[{"@type":"ListItem","position":1,"name":"Portada","item":"https:\/\/gelt.com\/ar\/"},{"@type":"ListItem","position":2,"name":"Legal &#8211; Pol\u00edtica de cookies"}]},{"@type":"WebSite","@id":"https:\/\/gelt.com\/ar\/#website","url":"https:\/\/gelt.com\/ar\/","name":"Gelt Argentina","description":"Gelt App \u00a1Dinero que vuelve!","potentialAction":[{"@type":"SearchAction","target":{"@type":"EntryPoint","urlTemplate":"https:\/\/gelt.com\/ar\/?s={search_term_string}"},"query-input":"required name=search_term_string"}],"inLanguage":"es"}]}},"_links":{"self":[{"href":"https:\/\/gelt.com\/ar\/wp-json\/wp\/v2\/pages\/12029"}],"collection":[{"href":"https:\/\/gelt.com\/ar\/wp-json\/wp\/v2\/pages"}],"about":[{"href":"https:\/\/gelt.com\/ar\/wp-json\/wp\/v2\/types\/page"}],"author":[{"embeddable":true,"href":"https:\/\/gelt.com\/ar\/wp-json\/wp\/v2\/users\/8"}],"replies":[{"embeddable":true,"href":"https:\/\/gelt.com\/ar\/wp-json\/wp\/v2\/comments?post=12029"}],"version-history":[{"count":5,"href":"https:\/\/gelt.com\/ar\/wp-json\/wp\/v2\/pages\/12029\/revisions"}],"predecessor-version":[{"id":17556,"href":"https:\/\/gelt.com\/ar\/wp-json\/wp\/v2\/pages\/12029\/revisions\/17556"}],"wp:attachment":[{"href":"https:\/\/gelt.com\/ar\/wp-json\/wp\/v2\/media?parent=12029"}],"curies":[{"name":"wp","href":"https:\/\/api.w.org\/{rel}","templated":true}]}}