{"id":12171,"date":"2020-01-10T12:31:07","date_gmt":"2020-01-10T11:31:07","guid":{"rendered":"https:\/\/geltapp.com\/?page_id=12171"},"modified":"2022-11-21T12:32:06","modified_gmt":"2022-11-21T11:32:06","slug":"cashback","status":"publish","type":"page","link":"https:\/\/gelt.com\/es\/cashback\/","title":{"rendered":"Cashback"},"content":{"rendered":"<p>[vc_row top=\u00bb\u00bb row_show_on=\u00bbhide_on_normal_screen,hide_tablet_landscape,hide_tablet_portrait,hide_mobile_landscape,hide_mobile_portrait\u00bb][vc_column][vc_column_text]Que es cashback en Espa\u00f1a que ofrece reembolsar dinero a sus usarios y data valiosa sobre el mercado a las <a href=\"https:\/\/gelt.com\/es\/marcas\/\">marcas<\/a> asociadas<\/p>\n<p>Adem\u00e1s de Espa\u00f1a, <a href=\"https:\/\/sendity.com\/\">Gelt<\/a> es el primer sistema de cashback en Argentina, Brasil, Colombia y M\u00e9xico<\/p>\n<p>Adem\u00e1s de cashback en el s\u00faper, Gelt ofrece otras opciones para ganar a\u00fan m\u00e1s dinero, completando encuestas, desaf\u00edos y las mejores ofertas online fuera del s\u00faper.<\/p>\n<p>Lorem ipsum dolor sit amet, consectetur adipiscing elit.<\/p>\n<p>Vestibulum luctus, lorem et pellentesque tincidunt, risus velit dapibus lacus, at placerat nibh velit non ex.<\/p>\n<p>Cras sed dapibus dolor, vitae laoreet urna. Duis quis vehicula risus.<\/p>\n<p>Donec eleifend, magna eu sagittis finibus, nulla tellus scelerisque libero, eu gravida lorem lectus nec dui.<\/p>\n<p>Donec vel auctor purus. Quisque molestie ex vitae malesuada feugiat. Sed elit elit, convallis sit amet luctus a, efficitur at risus.<\/p>\n<p>Suspendisse at efficitur lorem, sit amet tempor purus.<\/p>\n<p>Aenean ultrices massa ipsum, sed ultrices erat dictum sed. Nunc non tempus ex. Lorem ipsum dolor sit amet, consectetur adipiscing elit.<\/p>\n<p>Quisque nec finibus velit. Proin a arcu consectetur, rhoncus est at, ultricies lacus.<\/p>\n<p>Vivamus dictum purus vitae orci varius, et gravida nisl laoreet.<\/p>\n<p>Donec quam lacus, eleifend in volutpat eu, vestibulum non sem. Aenean ex nisi, convallis vitae dui sed, malesuada eleifend turpis.[\/vc_column_text][\/vc_column][\/vc_row][vc_row top=\u00bb160px\u00bb bottom=\u00bb80px\u00bb][vc_column width=\u00bb2\/3&#8243;][vc_custom_heading text=\u00bbCashback: Dinero que vuelve\u00bb font_container=\u00bbtag:h1|font_size:48|text_align:left|color:%23333333|line_height:1.1&#8243; use_theme_fonts=\u00bbyes\u00bb css_animation=\u00bbfadeInUp\u00bb css=\u00bb.vc_custom_1659434552565{margin-left: -8px !important;}\u00bb el_class=\u00bbextrabold\u00bb][vc_empty_space height=\u00bb16px\u00bb][vc_custom_heading text=\u00bbCon Gelt ganas cashback en todas tus compras del supermercado, completando desaf\u00edos, rellenando encuestas y muchas otras formas de ganar dinero astutamente.\u00bb font_container=\u00bbtag:p|font_size:30|text_align:left|color:%23666666|line_height:1.2&#8243; google_fonts=\u00bbfont_family:Source%20Sans%20Pro%3A200%2C200italic%2C300%2C300italic%2Cregular%2Citalic%2C600%2C600italic%2C700%2C700italic%2C900%2C900italic|font_style:400%20regular%3A400%3Anormal\u00bb css_animation=\u00bbfadeInUp\u00bb css=\u00bb.vc_custom_1659538524126{margin-left: -8px !important;}\u00bb][vc_row_inner top=\u00bb32px\u00bb bottom=\u00bb32px\u00bb][vc_column_inner width=\u00bb1\/3&#8243;][vc_single_image image=\u00bb14418&#8243; img_size=\u00bbfull\u00bb onclick=\u00bbcustom_link\u00bb css_animation=\u00bbfadeInUp\u00bb link=\u00bbhttps:\/\/geltapp.onelink.me\/3887771487\/b1f323dc\u00bb][\/vc_column_inner][vc_column_inner width=\u00bb1\/3&#8243;][vc_single_image image=\u00bb13977&#8243; img_size=\u00bbfull\u00bb onclick=\u00bbcustom_link\u00bb css_animation=\u00bbfadeInUp\u00bb link=\u00bbhttps:\/\/geltapp.onelink.me\/3887771487\/b1f323dc\u00bb][\/vc_column_inner][vc_column_inner width=\u00bb1\/3&#8243;][\/vc_column_inner][\/vc_row_inner][\/vc_column][vc_column width=\u00bb1\/3&#8243;][vc_single_image image=\u00bb146483&#8243; img_size=\u00bbfull\u00bb alignment=\u00bbcenter\u00bb css_animation=\u00bbbottom-to-top\u00bb][\/vc_column][\/vc_row][vc_row row_show_on=\u00bbhide_mobile_landscape,hide_mobile_portrait\u00bb bg_color=\u00bb#f7f7f8&#8243;][vc_column textalign=\u00bbleft\u00bb width=\u00bb1\/2&#8243;][vc_custom_heading text=\u00bb\u00a1Te devolvemos parte de tus compras!\u00bb font_container=\u00bbtag:h2|font_size:40|text_align:left|color:%23333333|line_height:1.1&#8243; google_fonts=\u00bbfont_family:Montserrat%3Aregular%2C700|font_style:700%20bold%20regular%3A700%3Anormal\u00bb css_animation=\u00bbfadeInUp\u00bb][vc_empty_space height=\u00bb24px\u00bb][vc_custom_heading text=\u00bbTodos los productos que ves en nuestra app te dan un cashback; ese es el dinero que te devolvemos por comprar dichos productos en los supermercados asociados. Solo debes subir tu ticket de la compra para recibir tu reembolso en cashback. Cuando acumulas 20\u20ac en el monedero, te devolvemos ese dinero en efectivo. \u00bfNo te lo crees? Solo hay una forma de comprobarlo, y es gratis.\u00bb font_container=\u00bbtag:p|font_size:18|text_align:left|color:%23666666|line_height:1.4&#8243; google_fonts=\u00bbfont_family:Source%20Sans%20Pro%3A200%2C200italic%2C300%2C300italic%2Cregular%2Citalic%2C600%2C600italic%2C700%2C700italic%2C900%2C900italic|font_style:400%20regular%3A400%3Anormal\u00bb css_animation=\u00bbfadeInUp\u00bb css=\u00bb.vc_custom_1659450637334{margin-left: -8px !important;}\u00bb][\/vc_column][vc_column textalign=\u00bbleft\u00bb width=\u00bb1\/2&#8243;][vc_video link=\u00bbhttps:\/\/youtu.be\/Nr-ACuz8Hz8&#8243; align=\u00bbcenter\u00bb css_animation=\u00bbfadeInUp\u00bb css=\u00bb.vc_custom_1659434953228{border-radius: 35px !important;}\u00bb][\/vc_column][\/vc_row][vc_row top=\u00bb80px\u00bb bottom=\u00bb80px\u00bb section_id=\u00bbcomoseusa\u00bb][vc_column col_height_type=\u00bbfixed_height\u00bb][vc_heading h_size=\u00bbh-large\u00bb title=\u00bbConsigue cashback\u00bb title_tag=\u00bbh2&#8243; title_color=\u00bb#444444&#8243; subtitle_color=\u00bb#444444&#8243; css_animation=\u00bbbottom-to-top\u00bb css_animation_delay=\u00bbdelay-300&#8243;][vc_empty_space][vc_row_inner top=\u00bb\u00bb bottom=\u00bb\u00bb][vc_column_inner width=\u00bb1\/3&#8243;][vc_single_image image=\u00bb144157&#8243; img_size=\u00bbfull\u00bb alignment=\u00bbcenter\u00bb css_animation=\u00bbfadeInUp\u00bb][vc_empty_space height=\u00bb24px\u00bb css=\u00bb.vc_custom_1659001504925{padding-right: 16px !important;padding-left: 16px !important;}\u00bb][vc_custom_heading text=\u00bbCompra en el supermercado\u00bb font_container=\u00bbtag:h5|text_align:center|color:%23333333&#8243; google_fonts=\u00bbfont_family:Montserrat%3Aregular%2C700|font_style:700%20bold%20regular%3A700%3Anormal\u00bb css_animation=\u00bbfadeInUp\u00bb][vc_custom_heading text=\u00bbMira en la app los productos que tienen cashback y compra los que quieras.\u00bb font_container=\u00bbtag:p|font_size:18px|text_align:center|color:%23666666|line_height:1.3&#8243; google_fonts=\u00bbfont_family:Source%20Sans%20Pro%3A200%2C200italic%2C300%2C300italic%2Cregular%2Citalic%2C600%2C600italic%2C700%2C700italic%2C900%2C900italic|font_style:400%20regular%3A400%3Anormal\u00bb css_animation=\u00bbfadeInUp\u00bb][\/vc_column_inner][vc_column_inner width=\u00bb1\/3&#8243; css=\u00bb.vc_custom_1659001496083{padding-right: 16px !important;padding-left: 16px !important;}\u00bb][vc_single_image image=\u00bb144160&#8243; img_size=\u00bbfull\u00bb alignment=\u00bbcenter\u00bb css_animation=\u00bbfadeInUp\u00bb][vc_empty_space height=\u00bb24px\u00bb][vc_custom_heading text=\u00bbSube tu ticket\u00bb font_container=\u00bbtag:h5|text_align:center|color:%23333333&#8243; google_fonts=\u00bbfont_family:Montserrat%3Aregular%2C700|font_style:700%20bold%20regular%3A700%3Anormal\u00bb css_animation=\u00bbfadeInUp\u00bb][vc_custom_heading text=\u00bbHaciendo una foto a trav\u00e9s de nuestra app o envi\u00e1ndonos tu ticket online.\u00bb font_container=\u00bbtag:p|font_size:18px|text_align:center|color:%23666666|line_height:1.3&#8243; google_fonts=\u00bbfont_family:Source%20Sans%20Pro%3A200%2C200italic%2C300%2C300italic%2Cregular%2Citalic%2C600%2C600italic%2C700%2C700italic%2C900%2C900italic|font_style:400%20regular%3A400%3Anormal\u00bb css_animation=\u00bbfadeInUp\u00bb][\/vc_column_inner][vc_column_inner width=\u00bb1\/3&#8243; css=\u00bb.vc_custom_1659001500478{padding-right: 16px !important;padding-left: 16px !important;}\u00bb][vc_single_image image=\u00bb144154&#8243; img_size=\u00bbfull\u00bb alignment=\u00bbcenter\u00bb css_animation=\u00bbfadeInUp\u00bb][vc_empty_space height=\u00bb24px\u00bb][vc_custom_heading text=\u00bbTe pagamos en efectivo\u00bb font_container=\u00bbtag:h5|text_align:center|color:%23333333&#8243; google_fonts=\u00bbfont_family:Montserrat%3Aregular%2C700|font_style:700%20bold%20regular%3A700%3Anormal\u00bb css_animation=\u00bbfadeInUp\u00bb][vc_custom_heading text=\u00bbSaca tus 20\u20ac de un cajero autom\u00e1tico. Gratis y sin tarjetas.\u00bb font_container=\u00bbtag:p|font_size:18px|text_align:center|color:%23666666|line_height:1.3&#8243; google_fonts=\u00bbfont_family:Source%20Sans%20Pro%3A200%2C200italic%2C300%2C300italic%2Cregular%2Citalic%2C600%2C600italic%2C700%2C700italic%2C900%2C900italic|font_style:400%20regular%3A400%3Anormal\u00bb css_animation=\u00bbfadeInUp\u00bb][\/vc_column_inner][\/vc_row_inner][\/vc_column][\/vc_row][vc_row top=\u00bb80px\u00bb bottom=\u00bb80px\u00bb bg_color=\u00bb#ff344c\u00bb][vc_column][vc_heading h_size=\u00bbh-large\u00bb title=\u00bbPreguntas frecuentes\u00bb title_tag=\u00bbh2&#8243; title_color=\u00bb#ffffff\u00bb subtitle_color=\u00bb#444444&#8243; css_animation=\u00bbbottom-to-top\u00bb css_animation_delay=\u00bbdelay-300&#8243;][vc_empty_space height=\u00bb16px\u00bb][vc_separator color=\u00bb#ffffff\u00bb thickness=\u00bb2px\u00bb][vc_row_inner top=\u00bb48px\u00bb bottom=\u00bb24px\u00bb][vc_column_inner width=\u00bb1\/3&#8243;][vc_custom_heading text=\u00bb\u00bfQu\u00e9 es el cashback?\u00bb font_container=\u00bbtag:h5|text_align:left|color:%23ffffff\u00bb google_fonts=\u00bbfont_family:Montserrat%3Aregular%2C700|font_style:700%20bold%20regular%3A700%3Anormal\u00bb css_animation=\u00bbfadeInUp\u00bb][vc_custom_heading text=\u00bbLiteralmente, significa \u201cdinero que vuelve\u201d. Es una nueva forma de ahorro donde ciertos productos te salen m\u00e1s baratos al proporcionar una devoluci\u00f3n de dinero. Primero los compras, nos env\u00edas tu ticket y luego te devolvemos una buena parte de lo que te han costado.\u00bb font_container=\u00bbtag:p|font_size:16px|text_align:left|color:%23ffffff|line_height:1.3&#8243; google_fonts=\u00bbfont_family:Source%20Sans%20Pro%3A200%2C200italic%2C300%2C300italic%2Cregular%2Citalic%2C600%2C600italic%2C700%2C700italic%2C900%2C900italic|font_style:400%20regular%3A400%3Anormal\u00bb css_animation=\u00bbfadeInUp\u00bb][\/vc_column_inner][vc_column_inner width=\u00bb1\/3&#8243;][vc_custom_heading text=\u00bb\u00bfQu\u00e9 productos tienen cashback?\u00bb font_container=\u00bbtag:h5|text_align:left|color:%23ffffff\u00bb google_fonts=\u00bbfont_family:Montserrat%3Aregular%2C700|font_style:700%20bold%20regular%3A700%3Anormal\u00bb css_animation=\u00bbfadeInUp\u00bb][vc_custom_heading text=\u00bbCada viernes sacamos en Gelt nuevos productos con cashback asociado. Entra en la app y podr\u00e1s ver cu\u00e1nto cashback te damos por cada uno de ellos. Luego, podr\u00e1s comprarlos en cualquier s\u00faper.\u00bb font_container=\u00bbtag:p|font_size:16px|text_align:left|color:%23ffffff|line_height:1.3&#8243; google_fonts=\u00bbfont_family:Source%20Sans%20Pro%3A200%2C200italic%2C300%2C300italic%2Cregular%2Citalic%2C600%2C600italic%2C700%2C700italic%2C900%2C900italic|font_style:400%20regular%3A400%3Anormal\u00bb css_animation=\u00bbfadeInUp\u00bb][\/vc_column_inner][vc_column_inner width=\u00bb1\/3&#8243;][vc_custom_heading text=\u00bb\u00bfC\u00f3mo te devolvemos el cashback?\u00bb font_container=\u00bbtag:h5|text_align:left|color:%23ffffff\u00bb google_fonts=\u00bbfont_family:Montserrat%3Aregular%2C700|font_style:700%20bold%20regular%3A700%3Anormal\u00bb css_animation=\u00bbfadeInUp\u00bb][vc_custom_heading text=\u00bbCuando acumulas 20\u20ac de cashback en tu Monedero Gelt, te enviamos unos c\u00f3digos para que vayas a un cajero autom\u00e1tico y puedas retirar ese dinero. Sin tarjetas de cr\u00e9dito ni gastos de ning\u00fan tipo.\u00bb font_container=\u00bbtag:p|font_size:16px|text_align:left|color:%23ffffff|line_height:1.3&#8243; google_fonts=\u00bbfont_family:Source%20Sans%20Pro%3A200%2C200italic%2C300%2C300italic%2Cregular%2Citalic%2C600%2C600italic%2C700%2C700italic%2C900%2C900italic|font_style:400%20regular%3A400%3Anormal\u00bb css_animation=\u00bbfadeInUp\u00bb][\/vc_column_inner][\/vc_row_inner][vc_row_inner top=\u00bb24px\u00bb bottom=\u00bb0px\u00bb][vc_column_inner width=\u00bb1\/3&#8243;][vc_custom_heading text=\u00bb\u00bfCu\u00e1ndo caduca el cashback?\u00bb font_container=\u00bbtag:h5|text_align:left|color:%23ffffff\u00bb google_fonts=\u00bbfont_family:Montserrat%3Aregular%2C700|font_style:700%20bold%20regular%3A700%3Anormal\u00bb css_animation=\u00bbfadeInUp\u00bb][vc_custom_heading text=\u00bb\u00a1Nunca! Con Gelt puedes acumular cashback durante el tiempo que quieras. T\u00f3mate el tiempo que quieras para acumular tus 20\u20ac\u00bb font_container=\u00bbtag:p|font_size:16px|text_align:left|color:%23ffffff|line_height:1.3&#8243; google_fonts=\u00bbfont_family:Source%20Sans%20Pro%3A200%2C200italic%2C300%2C300italic%2Cregular%2Citalic%2C600%2C600italic%2C700%2C700italic%2C900%2C900italic|font_style:400%20regular%3A400%3Anormal\u00bb css_animation=\u00bbfadeInUp\u00bb][\/vc_column_inner][vc_column_inner width=\u00bb1\/3&#8243;][vc_custom_heading text=\u00bb\u00bfD\u00f3nde puedo ver mi cashback acumulado?\u00bb font_container=\u00bbtag:h5|text_align:left|color:%23ffffff\u00bb google_fonts=\u00bbfont_family:Montserrat%3Aregular%2C700|font_style:700%20bold%20regular%3A700%3Anormal\u00bb css_animation=\u00bbfadeInUp\u00bb][vc_custom_heading text=\u00bbEn Mi Monedero puedes comprobar el total de cashback que has ganado usando nuestra app. En Total acumulado, puedes ver uno por uno todos los productos que te han ayudado a ganar ese cashback.\u00bb font_container=\u00bbtag:p|font_size:16px|text_align:left|color:%23ffffff|line_height:1.3&#8243; google_fonts=\u00bbfont_family:Source%20Sans%20Pro%3A200%2C200italic%2C300%2C300italic%2Cregular%2Citalic%2C600%2C600italic%2C700%2C700italic%2C900%2C900italic|font_style:400%20regular%3A400%3Anormal\u00bb css_animation=\u00bbfadeInUp\u00bb][\/vc_column_inner][vc_column_inner width=\u00bb1\/3&#8243;][vc_custom_heading text=\u00bb\u00bfExisten m\u00e1s formas de ganar cashback?\u00bb font_container=\u00bbtag:h5|text_align:left|color:%23ffffff\u00bb google_fonts=\u00bbfont_family:Montserrat%3Aregular%2C700|font_style:700%20bold%20regular%3A700%3Anormal\u00bb css_animation=\u00bbfadeInUp\u00bb][vc_custom_heading text=\u00bbCon Gelt puedes conseguir 20\u20ac sin comprar productos con cashback asociado. Tambi\u00e9n encontrar\u00e1s chollazos online, encuestas remuneradas, desaf\u00edos Gelt y otras formas de ganar m\u00e1s fuera del s\u00faper.\u00bb font_container=\u00bbtag:p|font_size:16px|text_align:left|color:%23ffffff|line_height:1.3&#8243; google_fonts=\u00bbfont_family:Source%20Sans%20Pro%3A200%2C200italic%2C300%2C300italic%2Cregular%2Citalic%2C600%2C600italic%2C700%2C700italic%2C900%2C900italic|font_style:400%20regular%3A400%3Anormal\u00bb css_animation=\u00bbfadeInUp\u00bb][\/vc_column_inner][\/vc_row_inner][\/vc_column][\/vc_row][vc_row full_content_width=\u00bbrow-inner-full\u00bb top=\u00bb80px\u00bb bottom=\u00bb80px\u00bb bg_color=\u00bb#f7f7f8&#8243;][vc_column offset=\u00bbvc_hidden-sm vc_hidden-xs\u00bb][vc_heading h_size=\u00bbh-large\u00bb title=\u00bbTrabajamos con las mejores marcas\u00bb title_tag=\u00bbh2&#8243; title_color=\u00bb#3e4b58&#8243; subtitle_tag=\u00bbh2&#8243; subtitle_color=\u00bb#444444&#8243; css_animation=\u00bbbottom-to-top\u00bb][vc_custom_heading text=\u00bbGana dinero en efectivo con tus productos favoritos\u00bb font_container=\u00bbtag:p|font_size:18px|text_align:center|color:%23666666|line_height:1.3&#8243; google_fonts=\u00bbfont_family:Source%20Sans%20Pro%3A200%2C200italic%2C300%2C300italic%2Cregular%2Citalic%2C600%2C600italic%2C700%2C700italic%2C900%2C900italic|font_style:400%20regular%3A400%3Anormal\u00bb css_animation=\u00bbfadeInUp\u00bb][vc_carousel images=\u00bb143506,143500,143497,143482,143494,143491,143485,143488,143473,143476,143470,143479,143461,143467,143464,143455,143449,143452,143458,143446&#8243; items_row=\u00bb9&#8243; responsive=\u00bbtrue\u00bb items_tablet=\u00bb5&#8243; items_mobile=\u00bb3&#8243; custom_height=\u00bb400&#8243; slide_speed=\u00bb1000&#8243; autoplay=\u00bb600&#8243; stop_hover=\u00bbtrue\u00bb pagination=\u00bbtrue\u00bb style=\u00bbcarousel-minimal\u00bb color=\u00bbcarousel-dark\u00bb space=\u00bb25&#8243; items_col=\u00bb1&#8243;][\/vc_column][\/vc_row][vc_row top=\u00bb40px\u00bb bottom=\u00bb0&#8243; bg_type=\u00bbimage\u00bb row_show_on=\u00bbhide_mobile_landscape,hide_mobile_portrait\u00bb section_id=\u00bbcomofunciona\u00bb bg_color=\u00bb#ffffff\u00bb][vc_column col_height_type=\u00bbfixed_height\u00bb textalign=\u00bbcenter\u00bb width=\u00bb1\/3&#8243;][\/vc_column][vc_column textalign=\u00bbcenter\u00bb width=\u00bb1\/3&#8243;][vc_empty_space height=\u00bb80px\u00bb][vc_heading h_size=\u00bbh-large\u00bb title=\u00bb\u00bfTienes alguna duda?\u00bb title_tag=\u00bbh2&#8243; title_color=\u00bb#333333&#8243; subtitle_color=\u00bb#444444&#8243; css_animation=\u00bbbottom-to-top\u00bb css_animation_delay=\u00bbdelay-300&#8243;][vc_empty_space height=\u00bb8px\u00bb][vc_custom_heading text=\u00bbEntra en nuestra secci\u00f3n de Ayuda y resolveremos todas tus dudas.\u00bb font_container=\u00bbtag:p|font_size:18px|text_align:center|color:%23666666|line_height:1.3&#8243; google_fonts=\u00bbfont_family:Source%20Sans%20Pro%3A200%2C200italic%2C300%2C300italic%2Cregular%2Citalic%2C600%2C600italic%2C700%2C700italic%2C900%2C900italic|font_style:400%20regular%3A400%3Anormal\u00bb css_animation=\u00bbfadeInUp\u00bb][vc_empty_space height=\u00bb16px\u00bb][vc_button title=\u00bbCentro de ayuda\u00bb size=\u00bbbtn-large\u00bb button_style=\u00bbminimal_style\u00bb border_radius=\u00bbround\u00bb css_animation=\u00bbbottom-to-top\u00bb link=\u00bburl:%20https%3A%2F%2Fsoporte.es.gelt.com%2Fhc%2Fes|title:About%20Us|target:_blank\u00bb][\/vc_column][vc_column width=\u00bb1\/3&#8243;][vc_single_image image=\u00bb143218&#8243; img_size=\u00bbfull\u00bb][\/vc_column][\/vc_row]<\/p>\n","protected":false},"excerpt":{"rendered":"<p>[vc_row top=\u00bb\u00bb row_show_on=\u00bbhide_on_normal_screen,hide_tablet_landscape,hide_tablet_portrait,hide_mobile_landscape,hide_mobile_portrait\u00bb][vc_column][vc_column_text]Que es cashback en Espa\u00f1a que ofrece reembolsar dinero a sus usarios y data valiosa sobre el mercado a las marcas asociadas Adem\u00e1s de Espa\u00f1a, Gelt es el primer sistema de cashback en Argentina, Brasil, Colombia y M\u00e9xico Adem\u00e1s de cashback en el s\u00faper, Gelt ofrece otras opciones para ganar a\u00fan m\u00e1s dinero, completando encuestas, desaf\u00edos y las mejores ofertas online fuera del s\u00faper. Lorem ipsum dolor sit amet, consectetur adipiscing elit. Vestibulum&#8230;  <\/p>\n<div class=\"read-more\"><a class=\"excerpt-read-more\" href=\"https:\/\/gelt.com\/es\/cashback\/\" title=\"Continue reading Cashback\">Read more<i class=\"fa fa-angle-right\"><\/i><\/a><\/div>\n","protected":false},"author":11,"featured_media":0,"parent":0,"menu_order":0,"comment_status":"closed","ping_status":"closed","template":"page-full-width.php","meta":{"content-type":"","footnotes":""},"yoast_head":"<!-- This site is optimized with the Yoast SEO plugin v21.9.1 - https:\/\/yoast.com\/wordpress\/plugins\/seo\/ -->\n<title>\u00bfQu\u00e9 es cashback? Dinero que vuelve - Gelt App<\/title>\n<meta name=\"description\" content=\"Cashback es el dinero que Gelt te reembolsa en efectivo por comprar tus promos favoritas en el supermercado. \u00bfC\u00f3mo funciona? Te contamos\" \/>\n<meta name=\"robots\" content=\"index, follow, max-snippet:-1, max-image-preview:large, max-video-preview:-1\" \/>\n<link rel=\"canonical\" href=\"https:\/\/gelt.com\/es\/cashback\/\" \/>\n<meta property=\"og:locale\" content=\"es_ES\" \/>\n<meta property=\"og:type\" content=\"article\" \/>\n<meta property=\"og:title\" content=\"\u00bfQu\u00e9 es cashback? Dinero que vuelve - Gelt App\" \/>\n<meta property=\"og:description\" content=\"Cashback es el dinero que Gelt te reembolsa en efectivo por comprar tus promos favoritas en el supermercado. \u00bfC\u00f3mo funciona? Te contamos\" \/>\n<meta property=\"og:url\" content=\"https:\/\/gelt.com\/es\/cashback\/\" \/>\n<meta property=\"og:site_name\" content=\"Gelt Espa\u00f1a\" \/>\n<meta property=\"article:modified_time\" content=\"2022-11-21T11:32:06+00:00\" \/>\n<meta name=\"twitter:card\" content=\"summary_large_image\" \/>\n<meta name=\"twitter:label1\" content=\"Tiempo de lectura\" \/>\n\t<meta name=\"twitter:data1\" content=\"4 minutos\" \/>\n<script type=\"application\/ld+json\" class=\"yoast-schema-graph\">{\"@context\":\"https:\/\/schema.org\",\"@graph\":[{\"@type\":\"WebPage\",\"@id\":\"https:\/\/gelt.com\/es\/cashback\/\",\"url\":\"https:\/\/gelt.com\/es\/cashback\/\",\"name\":\"\u00bfQu\u00e9 es cashback? Dinero que vuelve - Gelt App\",\"isPartOf\":{\"@id\":\"https:\/\/gelt.com\/es\/#website\"},\"datePublished\":\"2020-01-10T11:31:07+00:00\",\"dateModified\":\"2022-11-21T11:32:06+00:00\",\"description\":\"Cashback es el dinero que Gelt te reembolsa en efectivo por comprar tus promos favoritas en el supermercado. \u00bfC\u00f3mo funciona? Te contamos\",\"breadcrumb\":{\"@id\":\"https:\/\/gelt.com\/es\/cashback\/#breadcrumb\"},\"inLanguage\":\"es\",\"potentialAction\":[{\"@type\":\"ReadAction\",\"target\":[\"https:\/\/gelt.com\/es\/cashback\/\"]}]},{\"@type\":\"BreadcrumbList\",\"@id\":\"https:\/\/gelt.com\/es\/cashback\/#breadcrumb\",\"itemListElement\":[{\"@type\":\"ListItem\",\"position\":1,\"name\":\"Portada\",\"item\":\"https:\/\/gelt.com\/es\/\"},{\"@type\":\"ListItem\",\"position\":2,\"name\":\"Cashback\"}]},{\"@type\":\"WebSite\",\"@id\":\"https:\/\/gelt.com\/es\/#website\",\"url\":\"https:\/\/gelt.com\/es\/\",\"name\":\"Gelt Espa\u00f1a\",\"description\":\"Gelt - Dinero que vuelve\",\"potentialAction\":[{\"@type\":\"SearchAction\",\"target\":{\"@type\":\"EntryPoint\",\"urlTemplate\":\"https:\/\/gelt.com\/es\/?s={search_term_string}\"},\"query-input\":\"required name=search_term_string\"}],\"inLanguage\":\"es\"}]}<\/script>\n<!-- \/ Yoast SEO plugin. -->","yoast_head_json":{"title":"\u00bfQu\u00e9 es cashback? Dinero que vuelve - Gelt App","description":"Cashback es el dinero que Gelt te reembolsa en efectivo por comprar tus promos favoritas en el supermercado. \u00bfC\u00f3mo funciona? Te contamos","robots":{"index":"index","follow":"follow","max-snippet":"max-snippet:-1","max-image-preview":"max-image-preview:large","max-video-preview":"max-video-preview:-1"},"canonical":"https:\/\/gelt.com\/es\/cashback\/","og_locale":"es_ES","og_type":"article","og_title":"\u00bfQu\u00e9 es cashback? Dinero que vuelve - Gelt App","og_description":"Cashback es el dinero que Gelt te reembolsa en efectivo por comprar tus promos favoritas en el supermercado. \u00bfC\u00f3mo funciona? Te contamos","og_url":"https:\/\/gelt.com\/es\/cashback\/","og_site_name":"Gelt Espa\u00f1a","article_modified_time":"2022-11-21T11:32:06+00:00","twitter_card":"summary_large_image","twitter_misc":{"Tiempo de lectura":"4 minutos"},"schema":{"@context":"https:\/\/schema.org","@graph":[{"@type":"WebPage","@id":"https:\/\/gelt.com\/es\/cashback\/","url":"https:\/\/gelt.com\/es\/cashback\/","name":"\u00bfQu\u00e9 es cashback? Dinero que vuelve - Gelt App","isPartOf":{"@id":"https:\/\/gelt.com\/es\/#website"},"datePublished":"2020-01-10T11:31:07+00:00","dateModified":"2022-11-21T11:32:06+00:00","description":"Cashback es el dinero que Gelt te reembolsa en efectivo por comprar tus promos favoritas en el supermercado. \u00bfC\u00f3mo funciona? Te contamos","breadcrumb":{"@id":"https:\/\/gelt.com\/es\/cashback\/#breadcrumb"},"inLanguage":"es","potentialAction":[{"@type":"ReadAction","target":["https:\/\/gelt.com\/es\/cashback\/"]}]},{"@type":"BreadcrumbList","@id":"https:\/\/gelt.com\/es\/cashback\/#breadcrumb","itemListElement":[{"@type":"ListItem","position":1,"name":"Portada","item":"https:\/\/gelt.com\/es\/"},{"@type":"ListItem","position":2,"name":"Cashback"}]},{"@type":"WebSite","@id":"https:\/\/gelt.com\/es\/#website","url":"https:\/\/gelt.com\/es\/","name":"Gelt Espa\u00f1a","description":"Gelt - Dinero que vuelve","potentialAction":[{"@type":"SearchAction","target":{"@type":"EntryPoint","urlTemplate":"https:\/\/gelt.com\/es\/?s={search_term_string}"},"query-input":"required name=search_term_string"}],"inLanguage":"es"}]}},"_links":{"self":[{"href":"https:\/\/gelt.com\/es\/wp-json\/wp\/v2\/pages\/12171"}],"collection":[{"href":"https:\/\/gelt.com\/es\/wp-json\/wp\/v2\/pages"}],"about":[{"href":"https:\/\/gelt.com\/es\/wp-json\/wp\/v2\/types\/page"}],"author":[{"embeddable":true,"href":"https:\/\/gelt.com\/es\/wp-json\/wp\/v2\/users\/11"}],"replies":[{"embeddable":true,"href":"https:\/\/gelt.com\/es\/wp-json\/wp\/v2\/comments?post=12171"}],"version-history":[{"count":26,"href":"https:\/\/gelt.com\/es\/wp-json\/wp\/v2\/pages\/12171\/revisions"}],"predecessor-version":[{"id":146486,"href":"https:\/\/gelt.com\/es\/wp-json\/wp\/v2\/pages\/12171\/revisions\/146486"}],"wp:attachment":[{"href":"https:\/\/gelt.com\/es\/wp-json\/wp\/v2\/media?parent=12171"}],"curies":[{"name":"wp","href":"https:\/\/api.w.org\/{rel}","templated":true}]}}