{"id":141264,"date":"2022-04-06T16:15:37","date_gmt":"2022-04-06T14:15:37","guid":{"rendered":"https:\/\/gelt.com\/es\/?page_id=141264"},"modified":"2022-04-07T11:12:35","modified_gmt":"2022-04-07T09:12:35","slug":"cookies-geltpro","status":"publish","type":"page","link":"https:\/\/gelt.com\/es\/cookies-geltpro\/","title":{"rendered":"COOKIES GELTPRO"},"content":{"rendered":"<p>[vc_row][vc_column][vc_empty_space][vc_empty_space][vc_column_text]<\/p>\n<h3 class=\"p1\" style=\"text-align: center;\"><span class=\"s1\"><b>GELT PRO<\/b><\/span><\/h3>\n<p>[\/vc_column_text][vc_empty_space height=\u00bb8px\u00bb][vc_column_text]<\/p>\n<p class=\"p1\" style=\"text-align: center;\"><span class=\"s1\"><b>POL\u00cdTICA DE COOKIES<\/b><\/span><\/p>\n<p>[\/vc_column_text][vc_empty_space][vc_column_text]<\/p>\n<p class=\"p1\" style=\"text-align: right;\"><em>Fecha de actualizaci\u00f3n: 15 de abril 2022<\/em><\/p>\n<p>[\/vc_column_text][vc_empty_space][vc_empty_space][vc_column_text]<\/p>\n<p class=\"p1\">Los datos personales mediante el uso de cookies en el sitio web de GELT PRO se rigen por las disposiciones de la\u00a0<a href=\"https:\/\/gelt.com\/es\/politica-de-privacidad-geltpro\/\"><span class=\"s1\">POL\u00cdTICA DE PRIVACIDAD<\/span><\/a>\u00a0y tambi\u00e9n por las leyes y normativas europeas sobre protecci\u00f3n de datos car\u00e1cter personal en todo momento.<\/p>\n<p>[\/vc_column_text][vc_empty_space][vc_column_text]<\/p>\n<p class=\"p1\"><span class=\"s1\"><b>\u00bf<\/b><\/span><span class=\"s1\"><b>QU\u00c9 SON LAS COOKIES?<\/b><\/span><\/p>\n<p class=\"p2\">Una cookie es un dispositivo de almacenamiento y recuperaci\u00f3n de datos que se descarga en el ordenador del usuario, tel\u00e9fono o cualquier otro dispositivo, con informaci\u00f3n sobre su navegaci\u00f3n en ese sitio web. Las cookies son necesarias para facilitar la navegaci\u00f3n y no da\u00f1an su ordenador. Si bien esta Pol\u00edtica utiliza el t\u00e9rmino general \u201cCookies\u201d, ya que son el m\u00e9todo principal para almacenar la informaci\u00f3n utilizada por este sitio web, el espacio de \u201cAlmacenamiento local\u201d del navegador tambi\u00e9n se utiliza para los mismos fines que las Cookies. Toda la informaci\u00f3n incluida en esta secci\u00f3n tambi\u00e9n se aplica a este \u201cAlmacenamiento local\u201d.<\/p>\n<p class=\"p2\">En general estas tecnolog\u00edas de almacenamiento y recuperaci\u00f3n de la informaci\u00f3n pueden servir para varias finalidades muy diversas como, por ejemplo, reconocerte como usuario, obtener informaci\u00f3n sobre tus h\u00e1bitos de navegaci\u00f3n, o personalizar la forma en que se muestra el contenido. Los usos concretos que hacemos de estas tecnolog\u00edas se describen a continuaci\u00f3n.<\/p>\n<p>[\/vc_column_text][vc_empty_space][vc_column_text]<\/p>\n<p class=\"p1\"><span class=\"s1\"><b>\u00bfQU\u00c9 TIPOS DE COOKIES SE UTILIZAN EN ESTA P\u00c1GINA WEB Y CON QU\u00c9 FINALIDAD?<\/b><\/span><\/p>\n<p class=\"p2\">Las cookies utilizadas en nuestro sitio web, tanto propias como de terceros, son las siguientes:<\/p>\n<p class=\"p2\"><b>COOKIES DE SESI\u00d3N<\/b>: Caducan cuando el Usuario cierra el navegador, que permanecen operativos mientras son necesarios para el fin al que sirven (por ejemplo, para que el Usuario permanezca identificado en los Servicios GELT PRO) o cuando son borrados manualmente.<\/p>\n<p class=\"p2\"><b>COOKIES DE RENDIMIENTO<\/b>: Permiten recordar al Usuario sus preferencias sobre las herramientas que se encuentran en los Servicios, para evitar tener que reconfigurar el servicio en cada visita.<\/p>\n<p class=\"p2\"><b>COOKIES ANAL\u00cdTICAS<\/b>: Son aquellas que, tratadas por GELT PRO o por terceros, permiten a GELT PRO cuantificar el n\u00famero de usuarios y as\u00ed realizar la medici\u00f3n y an\u00e1lisis estad\u00edstico de la utilizaci\u00f3n que hacen los usuarios del servicio ofertado. Para ello se analiza la navegaci\u00f3n de los usuarios en nuestra p\u00e1gina web con el fin de mejorar la oferta de productos o servicios que ofrecemos.<\/p>\n<p>[\/vc_column_text][vc_empty_space][vc_column_text]<\/p>\n<p class=\"p1\"><span class=\"s1\"><b>INFORMACI\u00d3N RECOPILADA AUTOM\u00c1TICAMENTE<\/b><\/span><\/p>\n<p class=\"p2\">Durante la visita de los usuarios al sitio web, podemos recopilar y almacenar autom\u00e1ticamente los siguientes tipos de informaci\u00f3n sobre su ordenador y su visita:<\/p>\n<p class=\"p2\">1. El dominio y el host desde el que accede a Internet.<br \/>\n2. La direcci\u00f3n de Internet del sitio web desde el que se vincula directamente a este sitio web, si procede.<br \/>\n3. La fecha y hora en que lleg\u00f3 a nuestro sitio web y cu\u00e1nto tiempo pas\u00f3 en el sitio web y qu\u00e9 p\u00e1ginas visit\u00f3.<br \/>\n4. Su direcci\u00f3n de protocolo de Internet (IP)<br \/>\n5. El sistema operativo y el software de navegaci\u00f3n de su computadora.<\/p>\n<p class=\"p2\">El tratamiento de esta informaci\u00f3n que se recopila autom\u00e1ticamente cumplir\u00e1 con todas las leyes y regulaciones existentes. En este sentido, debe aceptar libre y expl\u00edcitamente esta Pol\u00edtica de Cookies si desea utilizar el sitio web y la aplicaci\u00f3n m\u00f3vil de GELT PRO, as\u00ed como la\u00a0<span class=\"s2\">Pol\u00edtica de Privacidad<\/span>\u00a0si desea utilizar los Servicios y Productos de GELT PRO.<\/p>\n<p>[\/vc_column_text][vc_empty_space][vc_column_text]<\/p>\n<p class=\"p1\"><span class=\"s1\"><b>\u00bfQUI\u00c9N USA LA INFORMACI\u00d3N ALMACENADA EN LAS COOKIES?<\/b><\/span><\/p>\n<p class=\"p2\">La informaci\u00f3n almacenada en las cookies de nuestro sitio web es utilizada exclusivamente por GELT PRO, excepto las identificadas a continuaci\u00f3n como \u201ccookies de terceros\u201d, que son utilizadas y administradas por entidades externas para proporcionar servicios solicitados por nosotros para mejorar nuestros servicios y la experiencia del usuario cuando navega por nuestro sitio web. Los principales servicios para los que se utilizan estas \u00abcookies de terceros\u00bb son obtener estad\u00edsticas de acceso y uso del sitio web.<\/p>\n<p>[\/vc_column_text][vc_empty_space][vc_empty_space][vc_column_text]<\/p>\n<p class=\"p1\" style=\"text-align: center;\"><span class=\"s1\"><b>CUADRO RESUMEN DE LAS COOKIES UTILIZADAS EN ESTE SITIO WEB<\/b><\/span><\/p>\n<p>[\/vc_column_text][vc_raw_html]JTNDdGFibGUlMjBzdHlsZSUzRCUyMmNvbG9yJTNEJTIzNDQ0NDQ0JTNCJTIwZm9udC1mYW1pbHklM0ElMjAlMjdTb3VyY2UlMjBTYW5zJTIwUHJvJTI3JTNCZm9udCUyMHdlaWdodCUzQTMwMHB4JTNCJTIwZm9udC1zaXplJTNBJTIwMjBweCUzQiUyMiUzRSUzQ3RoZWFkJTNFJTNDdHIlM0UlM0N0aCUzRUNPT0tJRSUzQyUyRnRoJTNFJTNDdGglM0VUSVBPJTIwJTI4UHJvcGlhJTIwbyUyMHRlcmNlcm9zJTI5JTNDJTJGdGglM0UlM0N0aCUzRURVUkFDSSVDMyU5M04lMjBQUkVERVRFUk1JTkFEQSUyMCUyOEFwcm94JTI5JTNDJTJGdGglM0UlM0N0aCUzRURFU0NSSVBDSSVDMyU5M04lM0MlMkZ0aCUzRSUzQyUyRnRyJTNFJTNDJTJGdGhlYWQlM0UlM0N0Ym9keSUzRSUzQ3RyJTNFJTNDdGQlM0Vjb29raWVsYXdpbmZvLWNoZWNrYm94LW5lY2Vzc2FyeSUzQyUyRnRkJTNFJTNDdGQlM0VSZW5kaW1pZW50byUyMCUyOFByb3BpYSUyOSUzQyUyRnRkJTNFJTNDdGQlM0UxJTIwYSVDMyVCMW8lM0MlMkZ0ZCUzRSUzQ3RkJTNFVXRpbGl6YWRhJTIwcG9yJTIwR0VMVCUyMCUyOHd3dy5nZWx0LmNvbSUyOSUyMHBhcmElMjBhbG1hY2VuYXIlMjBsYSUyMGFjZXB0YWNpJUMzJUIzbiUyRnJlY2hhem8lMjBkZSUyMENvb2tpZXMlMjBkZSUyMFJlbmRpbWllbnRvLiUzQ2JyJTJGJTNFT3JpZ2VuJTNBJTIwJTNDYSUyMGhyZWYlM0QlMjJodHRwcyUzQSUyRiUyRndvcmRwcmVzcy5vcmclMkZwbHVnaW5zJTJGY29va2llLWxhdy1pbmZvJTJGJTIyJTIwdGFyZ2V0JTNEJTIyX2JsYW5rJTIyJTNFR0RQUiUyMENvb2tpZSUyMENvbnNlbnQlM0MlMkZhJTNFJTIwJTI4V29yZHByZXNzJTI5JTNDJTJGdGQlM0UlM0MlMkZ0ciUzRSUzQ3RyJTNFJTNDdGQlM0Vjb29raWVsYXdpbmZvLWNoZWNrYm94LW5vbm5lY2Vzc2FyeSUzQyUyRnRkJTNFJTNDdGQlM0VSZW5kaW1pZW50byUyMCUyOFByb3BpYSUyOSUzQyUyRnRkJTNFJTNDdGQlM0UxJTIwYSVDMyVCMW8lM0MlMkZ0ZCUzRSUzQ3RkJTNFVXRpbGl6YWRhJTIwcG9yJTIwR0VMVCUyMCUyOHd3dy5nZWx0LmNvbSUyOSUyMHBhcmElMjBhbG1hY2VuYXIlMjBsYSUyMGFjZXB0YWNpJUMzJUIzbiUyRnJlY2hhem8lMjBkZSUyMENvb2tpZXMlMjBBbmFsJUMzJUFEdGljYXMuJTNDYnIlMkYlM0VPcmlnZW4lM0ElMjAlM0NhJTIwaHJlZiUzRCUyMmh0dHBzJTNBJTJGJTJGd29yZHByZXNzLm9yZyUyRnBsdWdpbnMlMkZjb29raWUtbGF3LWluZm8lMkYlMjIlMjB0YXJnZXQlM0QlMjJfYmxhbmslMjIlM0VHRFBSJTIwQ29va2llJTIwQ29uc2VudCUzQyUyRmElM0UlMjAlMjhXb3JkcHJlc3MlMjklM0MlMkZ0ZCUzRSUzQyUyRnRyJTNFJTNDdHIlM0UlM0N0ZCUzRUNvb2tpZUxhd0luZm9Db25zZW50JTNDJTJGdGQlM0UlM0N0ZCUzRVJlbmRpbWllbnRvJTIwJTI4UHJvcGlhJTI5JTNDJTJGdGQlM0UlM0N0ZCUzRTElMjBhJUMzJUIxbyUzQyUyRnRkJTNFJTNDdGQlM0VVdGlsaXphZGElMjBwb3IlMjBHRUxUJTIwJTI4d3d3LmdlbHQuY29tJTI5JTIwcGFyYSUyMGFsbWFjZW5hciUyMGxhJTIwYWNlcHRhY2klQzMlQjNuJTJGcmVjaGF6byUyMGRlJTIwbGFzJTIwY29va2llcy4lM0NiciUyRiUzRU9yaWdlbiUzQSUyMCUzQ2ElMjBocmVmJTNEJTIyaHR0cHMlM0ElMkYlMkZ3b3JkcHJlc3Mub3JnJTJGcGx1Z2lucyUyRmNvb2tpZS1sYXctaW5mbyUyRiUyMiUyMHRhcmdldCUzRCUyMl9ibGFuayUyMiUzRUdEUFIlMjBDb29raWUlMjBDb25zdGVudCUzQyUyRmElM0UlMjAlMjhXb3JkcHJlc3MlMjklM0MlMkZ0ZCUzRSUzQyUyRnRyJTNFJTNDdHIlM0UlM0N0ZCUzRXZpZXdlZF9jb29raWVfcG9saWN5JTNDJTJGdGQlM0UlM0N0ZCUzRVJlbmRpbWllbnRvJTIwJTI4UHJvcGlhJTI5JTNDJTJGdGQlM0UlM0N0ZCUzRTElMjBhJUMzJUIxbyUzQyUyRnRkJTNFJTNDdGQlM0VVdGlsaXphZGElMjBwb3IlMjBHRUxUJTIwJTI4d3d3LmdlbHQuY29tJTI5JTIwcGFyYSUyMGFsbWFjZW5hciUyMGxhJTIwdmlzdWFsaXphY2klQzMlQjNuJTIwZGUlMjBsYSUyMFBvbCVDMyVBRHRpY2ElMjBkZSUyMENvb2tpZXMuJTNDYnIlMkYlM0VPcmlnZW4lM0ElMjAlM0NhJTIwaHJlZiUzRCUyMmh0dHBzJTNBJTJGJTJGd29yZHByZXNzLm9yZyUyRnBsdWdpbnMlMkZjb29raWUtbGF3LWluZm8lMkYlMjIlMjB0YXJnZXQlM0QlMjJfYmxhbmslMjIlM0VHRFBSJTIwQ29va2llJTIwQ29uc2VudCUzQyUyRmElM0UlMjAlMjhXb3JkcHJlc3MlMjklM0MlMkZ0ZCUzRSUzQyUyRnRyJTNFJTNDdHIlM0UlM0N0ZCUzRV9nYSUzQyUyRnRkJTNFJTNDdGQlM0VBbmFsJUMzJUFEdGljYSUyMCUyOFRlcmNlcm9zJTI5JTNDJTJGdGQlM0UlM0N0ZCUzRTIlMjBhJUMzJUIxb3MlM0MlMkZ0ZCUzRSUzQ3RkJTNFVXRpbGl6YWRhJTIwcG9yJTIwR29vZ2xlJTIwQW5hbHl0aWNzJTIwcGFyYSUyMGRpc3Rpbmd1aXIlMjBhJTIwbG9zJTIwdXN1YXJpb3MuJTNDYnIlMkYlM0VNJUMzJUExcyUyMGluZm9ybWFjaSVDMyVCM24lM0ElMjBodHRwcyUzQSUyRiUyRmRldmVsb3BlcnMuZ29vZ2xlLmNvbSUyRmFuYWx5dGljcyUyRmRldmd1aWRlcyUyRmNvbGxlY3Rpb24lMkZhbmFseXRpY3NqcyUyRmNvb2tpZS11c2FnZSUzRmhsJTNEZXMlM0MlMkZ0ZCUzRSUzQyUyRnRyJTNFJTNDdHIlM0UlM0N0ZCUzRV9naWQlM0MlMkZ0ZCUzRSUzQ3RkJTNFQW5hbCVDMyVBRHRpY2ElMjAlMjhUZXJjZXJvcyUyOSUzQyUyRnRkJTNFJTNDdGQlM0UyNCUyMGhvcmFzJTNDJTJGdGQlM0UlM0N0ZCUzRVV0aWxpemFkYSUyMHBvciUyMEdvb2dsZSUyMEFuYWx5dGljcyUyMHBhcmElMjBkaXN0aW5ndWlyJTIwYSUyMGxvcyUyMHVzdWFyaW9zLiUzQ2JyJTJGJTNFTSVDMyVBMXMlMjBpbmZvcm1hY2klQzMlQjNuJTNBJTIwaHR0cHMlM0ElMkYlMkZkZXZlbG9wZXJzLmdvb2dsZS5jb20lMkZhbmFseXRpY3MlMkZkZXZndWlkZXMlMkZjb2xsZWN0aW9uJTJGYW5hbHl0aWNzanMlMkZjb29raWUtdXNhZ2UlM0ZobCUzRGVzJTNDJTJGdGQlM0UlM0MlMkZ0ciUzRSUzQ3RyJTNFJTNDdGQlM0VfZ2F0JTNDJTJGdGQlM0UlM0N0ZCUzRUFuYWwlQzMlQUR0aWNhJTIwJTI4VGVyY2Vyb3MlMjklM0MlMkZ0ZCUzRSUzQ3RkJTNFMSUyMG1pbnV0byUzQyUyRnRkJTNFJTNDdGQlM0VVdGlsaXphZGElMjBwYXJhJTIwbGltaXRhciUyMGVsJTIwcG9yY2VudGFqZSUyMGRlJTIwc29saWNpdHVkZXMlMjBzaSUyMHNlJTIwaGElMjBpbXBsZW1lbnRhZG8lMjBHb29nbGUlMjBBbmFseXRpY3MlMjBtZWRpYW50ZSUyMEdvb2dsZSUyMFRhZyUyME1hbmFnZXIlM0MlMkZ0ZCUzRSUzQyUyRnRyJTNFJTNDJTJGdGJvZHklM0UlM0MlMkZ0YWJsZSUzRQ==[\/vc_raw_html][vc_empty_space][vc_column_text]<\/p>\n<p class=\"p1\"><span class=\"s1\"><b>TRANSFERENCIA DE DATOS A TERCEROS PA\u00cdSES<\/b><\/span><\/p>\n<p class=\"p2\">Puedes informarte de las transferencias a terceros pa\u00edses que, en su caso, realizan los terceros identificados en esta Pol\u00edtica de Cookies, en sus correspondientes Pol\u00edticas de Cookies y de Privacidad enlazadas en el cuadro resumen de las Cookies utilizadas en este sitio web.<\/p>\n<p class=\"p2\">GELT PRO no realizar\u00e1 transferencias internacionales de los datos personales recogidos a trav\u00e9s de las cookies a pa\u00edses que no ofrezcan garant\u00edas suficientes de seguridad. Los datos personales que GELT PRO recaba a trav\u00e9s de las cookies solo ser\u00e1n almacenados y, en su caso, transmitidos dentro del Espacio Econ\u00f3mico Europeo.<\/p>\n<p>[\/vc_column_text][vc_empty_space][vc_column_text]<\/p>\n<p class=\"p1\"><span class=\"s1\"><b>\u00bfC\u00d3MO PUEDO EVITAR USAR COOKIES EN ESTE SITIO WEB?<\/b><\/span><\/p>\n<p class=\"p2\">La primera vez que acceda a este sitio web, podr\u00e1 configurar las cookies que desea aceptar y las que no, no obstante, tenga en cuenta que, si ha aceptado las cookies de terceros, deber\u00e1 eliminarlas desde las opciones del navegador o desde el sistema ofrecido por el propio tercero.<\/p>\n<p class=\"p2\">Si prefiere evitar el uso de Cookies en esta p\u00e1gina, teniendo en cuenta las limitaciones descritas anteriormente, primero debe desactivar el uso de Cookies en su navegador y luego eliminar las Cookies guardadas en su navegador asociado a este sitio web. Puede utilizar esta opci\u00f3n para evitar el uso de cookies en cualquier momento.<\/p>\n<p>[\/vc_column_text][vc_empty_space][vc_column_text]<\/p>\n<p class=\"p1\"><span class=\"s1\"><b>\u00bfC\u00d3MO DESACTIVO Y EVITO EL USO DE COOKIES?<\/b><\/span><\/p>\n<p class=\"p2\">Al acceder a nuestra\u00a0p\u00e1gina web, ver\u00e1 un aviso de cookies en el que se le informar\u00e1 de la forma en la que puede consentir o rechazar la instalaci\u00f3n de las mismas.<\/p>\n<p class=\"p2\">Asimismo, en todo momento, podr\u00e1 deshabilitar o eliminar las cookies utilizadas en la presente\u00a0p\u00e1gina web\u00a0a trav\u00e9s de la configuraci\u00f3n del navegador que utilice en su dispositivo.<\/p>\n<p class=\"p2\">A continuaci\u00f3n, le proporcionamos informaci\u00f3n acerca de c\u00f3mo activar y desactivar las cookies en los principales navegadores web:<\/p>\n<p class=\"p2\"><b>Google Chrome: <\/b><a href=\"https:\/\/support.google.com\/chrome\/answer\/95647?hl=es\"><span class=\"s2\">Configuraci\u00f3n de cookies para Google Chrome<\/span><\/a><\/p>\n<p class=\"p2\"><b>Google Android: <\/b><a href=\"https:\/\/support.google.com\/accounts\/answer\/61416?co=GENIE.Platform=Android&amp;hl=es\"><span class=\"s2\">Configuraci\u00f3n de cookies para Google Android<\/span><\/a><\/p>\n<p class=\"p2\"><b>Mozilla Firefox: <\/b><a href=\"https:\/\/support.mozilla.org\/es\/kb\/cookies-informacion-que-los-sitios-web-guardan-en-?redirectlocale=en-US&amp;redirectslug=Cookies\"><span class=\"s2\">Configuraci\u00f3n de cookies para Mozilla Firefox<\/span><\/a><\/p>\n<p class=\"p2\"><b>Safari, iPad e iPhone: <\/b><a href=\"https:\/\/support.apple.com\/es-es\/HT201265\"><span class=\"s2\">Configuraci\u00f3n de cookies para Safari<\/span><\/a><\/p>\n<p class=\"p2\"><b>Microsoft Edge: <\/b><a href=\"https:\/\/support.microsoft.com\/es-es\/help\/4468242\/microsoft-edge-browsing-data-and-privacy#:~:text=Para%2520borrar%2520la%2520informaci%25C3%25B3n%2520de,lo%2520que%2520se%2520debe%2520borrar.\"><span class=\"s2\">Configuraci\u00f3n de cookies para Microsoft Edge<\/span><\/a><\/p>\n<p class=\"p2\"><b>Opera: <\/b><a href=\"https:\/\/help.opera.com\/en\/latest\/web-preferences\/#cookies\"><span class=\"s2\">Web preferences &#8211; Opera Help<\/span><\/a><\/p>\n<p class=\"p5\">Debe tener en cuenta que algunas de las caracter\u00edsticas de los contenidos de la p\u00e1gina web solo est\u00e1n disponibles si se permite la instalaci\u00f3n de cookies, por lo que la ausencia de estas, dependiendo de su finalidad, podr\u00eda provocar\u00a0que algunas de las caracter\u00edsticas de la p\u00e1gina web no funcionen o puedan resultar m\u00e1s complicadas o lentas de acceder.<\/p>\n<p class=\"p5\">Tambi\u00e9n, puedes oponerte al uso de determinadas cookies a trav\u00e9s de los siguientes servicios:<\/p>\n<p class=\"p5\"><span class=\"s2\"><a href=\"https:\/\/www.criteo.com\/privacy\/\">http:\/\/www.criteo.com\/deactivate-criteo-banners\/<\/a><\/span><br \/>\n<a href=\"https:\/\/www.youronlinechoices.com\/\"><span class=\"s2\">http:\/\/youronlinechoices.eu\/<\/span><\/a><br \/>\n<a href=\"https:\/\/optout.networkadvertising.org\/?c=1\"><span class=\"s2\">http:\/\/www.networkadvertising.org\/choices\/<\/span><\/a><br \/>\n<a href=\"https:\/\/optout.aboutads.info\/?c=2&amp;lang=ES\"><span class=\"s2\">http:\/\/www.aboutads.info\/choices\/<\/span><\/a><\/p>\n<p>[\/vc_column_text][vc_empty_space][vc_column_text]<\/p>\n<p class=\"p1\"><span class=\"s1\"><b>TIEMPO DE CONSERVACI\u00d3N<\/b><\/span><\/p>\n<p class=\"p2\">Las Cookies de Rendimiento, las cookies de Sesi\u00f3n y las Cookies Anal\u00edticas tienen un distinto tiempo de conservaci\u00f3n, que se detalla en el cuadro resumen de las cookies utilizadas en este sitio web.<\/p>\n<p>[\/vc_column_text][vc_empty_space][vc_column_text]<\/p>\n<p class=\"p1\"><span class=\"s1\"><b>\u00bfC\u00d3MO PUEDO EJERCER LOS DERECHOS SOBRE MIS DATOS PERSONALES?<\/b><\/span><\/p>\n<p class=\"p2\">Para el ejercicio de sus derechos como interesado, por favor, consulte nuestra\u00a0<a href=\"https:\/\/gelt.com\/es\/politica-de-privacidad\/\"><span class=\"s2\">Pol\u00edtica de Privacidad<\/span><\/a>\u00a0o contacte con el Delegado de Protecci\u00f3n de Datos <a href=\"mailto:dpd@gelt.com\"><span class=\"s2\">dpd@gelt.com<\/span><\/a><span class=\"s2\"><span class=\"Apple-converted-space\">\u00a0<\/span><\/span><\/p>\n<p>[\/vc_column_text][vc_empty_space][vc_column_text]<\/p>\n<p class=\"p1\"><span class=\"s1\"><b>ACTUALIZACIONES Y CAMBIOS EN LA POL\u00cdTICA DE COOKIES<\/b><\/span><\/p>\n<p class=\"p2\">Por favor, si tiene alguna duda sobre nuestra Pol\u00edtica de Cookies o sobre las Cookies que utilizamos en GELT PRO, no dude en ponerse con nuestro Delegado de Protecci\u00f3n de Datos en el correo electr\u00f3nico: <a href=\"mailto:dpd@gelt.com\"><span class=\"s2\">dpd@gelt.com<\/span><\/a><span class=\"s3\"><span class=\"Apple-converted-space\">\u00a0<\/span><\/span><\/p>\n<p>[\/vc_column_text][\/vc_column][\/vc_row]<\/p>\n","protected":false},"excerpt":{"rendered":"<p>[vc_row][vc_column][vc_empty_space][vc_empty_space][vc_column_text] GELT PRO [\/vc_column_text][vc_empty_space height=\u00bb8px\u00bb][vc_column_text] POL\u00cdTICA DE COOKIES [\/vc_column_text][vc_empty_space][vc_column_text] Fecha de actualizaci\u00f3n: 15 de abril 2022 [\/vc_column_text][vc_empty_space][vc_empty_space][vc_column_text] Los datos personales mediante el uso de cookies en el sitio web de GELT PRO se rigen por las disposiciones de la\u00a0POL\u00cdTICA DE PRIVACIDAD\u00a0y tambi\u00e9n por las leyes y normativas europeas sobre protecci\u00f3n de datos car\u00e1cter personal en todo momento. [\/vc_column_text][vc_empty_space][vc_column_text] \u00bfQU\u00c9 SON LAS COOKIES? Una cookie es un dispositivo de almacenamiento y recuperaci\u00f3n de datos que se&#8230;  <\/p>\n<div class=\"read-more\"><a class=\"excerpt-read-more\" href=\"https:\/\/gelt.com\/es\/cookies-geltpro\/\" title=\"Continue reading COOKIES GELTPRO\">Read more<i class=\"fa fa-angle-right\"><\/i><\/a><\/div>\n","protected":false},"author":20,"featured_media":0,"parent":0,"menu_order":0,"comment_status":"closed","ping_status":"closed","template":"","meta":{"content-type":"","footnotes":""},"yoast_head":"<!-- This site is optimized with the Yoast SEO plugin v21.9.1 - https:\/\/yoast.com\/wordpress\/plugins\/seo\/ -->\n<title>COOKIES GELTPRO - Gelt Espa\u00f1a<\/title>\n<meta name=\"robots\" content=\"index, follow, max-snippet:-1, max-image-preview:large, max-video-preview:-1\" \/>\n<link rel=\"canonical\" href=\"https:\/\/gelt.com\/es\/cookies-geltpro\/\" \/>\n<meta property=\"og:locale\" content=\"es_ES\" \/>\n<meta property=\"og:type\" content=\"article\" \/>\n<meta property=\"og:title\" content=\"COOKIES GELTPRO - Gelt Espa\u00f1a\" \/>\n<meta property=\"og:description\" content=\"[vc_row][vc_column][vc_empty_space][vc_empty_space][vc_column_text] GELT PRO [\/vc_column_text][vc_empty_space height=\u00bb8px\u00bb][vc_column_text] POL\u00cdTICA DE COOKIES [\/vc_column_text][vc_empty_space][vc_column_text] Fecha de actualizaci\u00f3n: 15 de abril 2022 [\/vc_column_text][vc_empty_space][vc_empty_space][vc_column_text] Los datos personales mediante el uso de cookies en el sitio web de GELT PRO se rigen por las disposiciones de la\u00a0POL\u00cdTICA DE PRIVACIDAD\u00a0y tambi\u00e9n por las leyes y normativas europeas sobre protecci\u00f3n de datos car\u00e1cter personal en todo momento. [\/vc_column_text][vc_empty_space][vc_column_text] \u00bfQU\u00c9 SON LAS COOKIES? Una cookie es un dispositivo de almacenamiento y recuperaci\u00f3n de datos que se... Read more\" \/>\n<meta property=\"og:url\" content=\"https:\/\/gelt.com\/es\/cookies-geltpro\/\" \/>\n<meta property=\"og:site_name\" content=\"Gelt Espa\u00f1a\" \/>\n<meta property=\"article:modified_time\" content=\"2022-04-07T09:12:35+00:00\" \/>\n<meta name=\"twitter:card\" content=\"summary_large_image\" \/>\n<meta name=\"twitter:label1\" content=\"Tiempo de lectura\" \/>\n\t<meta name=\"twitter:data1\" content=\"10 minutos\" \/>\n<script type=\"application\/ld+json\" class=\"yoast-schema-graph\">{\"@context\":\"https:\/\/schema.org\",\"@graph\":[{\"@type\":\"WebPage\",\"@id\":\"https:\/\/gelt.com\/es\/cookies-geltpro\/\",\"url\":\"https:\/\/gelt.com\/es\/cookies-geltpro\/\",\"name\":\"COOKIES GELTPRO - Gelt Espa\u00f1a\",\"isPartOf\":{\"@id\":\"https:\/\/gelt.com\/es\/#website\"},\"datePublished\":\"2022-04-06T14:15:37+00:00\",\"dateModified\":\"2022-04-07T09:12:35+00:00\",\"breadcrumb\":{\"@id\":\"https:\/\/gelt.com\/es\/cookies-geltpro\/#breadcrumb\"},\"inLanguage\":\"es\",\"potentialAction\":[{\"@type\":\"ReadAction\",\"target\":[\"https:\/\/gelt.com\/es\/cookies-geltpro\/\"]}]},{\"@type\":\"BreadcrumbList\",\"@id\":\"https:\/\/gelt.com\/es\/cookies-geltpro\/#breadcrumb\",\"itemListElement\":[{\"@type\":\"ListItem\",\"position\":1,\"name\":\"Portada\",\"item\":\"https:\/\/gelt.com\/es\/\"},{\"@type\":\"ListItem\",\"position\":2,\"name\":\"COOKIES GELTPRO\"}]},{\"@type\":\"WebSite\",\"@id\":\"https:\/\/gelt.com\/es\/#website\",\"url\":\"https:\/\/gelt.com\/es\/\",\"name\":\"Gelt Espa\u00f1a\",\"description\":\"Gelt - Dinero que vuelve\",\"potentialAction\":[{\"@type\":\"SearchAction\",\"target\":{\"@type\":\"EntryPoint\",\"urlTemplate\":\"https:\/\/gelt.com\/es\/?s={search_term_string}\"},\"query-input\":\"required name=search_term_string\"}],\"inLanguage\":\"es\"}]}<\/script>\n<!-- \/ Yoast SEO plugin. -->","yoast_head_json":{"title":"COOKIES GELTPRO - Gelt Espa\u00f1a","robots":{"index":"index","follow":"follow","max-snippet":"max-snippet:-1","max-image-preview":"max-image-preview:large","max-video-preview":"max-video-preview:-1"},"canonical":"https:\/\/gelt.com\/es\/cookies-geltpro\/","og_locale":"es_ES","og_type":"article","og_title":"COOKIES GELTPRO - Gelt Espa\u00f1a","og_description":"[vc_row][vc_column][vc_empty_space][vc_empty_space][vc_column_text] GELT PRO [\/vc_column_text][vc_empty_space height=\u00bb8px\u00bb][vc_column_text] POL\u00cdTICA DE COOKIES [\/vc_column_text][vc_empty_space][vc_column_text] Fecha de actualizaci\u00f3n: 15 de abril 2022 [\/vc_column_text][vc_empty_space][vc_empty_space][vc_column_text] Los datos personales mediante el uso de cookies en el sitio web de GELT PRO se rigen por las disposiciones de la\u00a0POL\u00cdTICA DE PRIVACIDAD\u00a0y tambi\u00e9n por las leyes y normativas europeas sobre protecci\u00f3n de datos car\u00e1cter personal en todo momento. [\/vc_column_text][vc_empty_space][vc_column_text] \u00bfQU\u00c9 SON LAS COOKIES? Una cookie es un dispositivo de almacenamiento y recuperaci\u00f3n de datos que se... Read more","og_url":"https:\/\/gelt.com\/es\/cookies-geltpro\/","og_site_name":"Gelt Espa\u00f1a","article_modified_time":"2022-04-07T09:12:35+00:00","twitter_card":"summary_large_image","twitter_misc":{"Tiempo de lectura":"10 minutos"},"schema":{"@context":"https:\/\/schema.org","@graph":[{"@type":"WebPage","@id":"https:\/\/gelt.com\/es\/cookies-geltpro\/","url":"https:\/\/gelt.com\/es\/cookies-geltpro\/","name":"COOKIES GELTPRO - Gelt Espa\u00f1a","isPartOf":{"@id":"https:\/\/gelt.com\/es\/#website"},"datePublished":"2022-04-06T14:15:37+00:00","dateModified":"2022-04-07T09:12:35+00:00","breadcrumb":{"@id":"https:\/\/gelt.com\/es\/cookies-geltpro\/#breadcrumb"},"inLanguage":"es","potentialAction":[{"@type":"ReadAction","target":["https:\/\/gelt.com\/es\/cookies-geltpro\/"]}]},{"@type":"BreadcrumbList","@id":"https:\/\/gelt.com\/es\/cookies-geltpro\/#breadcrumb","itemListElement":[{"@type":"ListItem","position":1,"name":"Portada","item":"https:\/\/gelt.com\/es\/"},{"@type":"ListItem","position":2,"name":"COOKIES GELTPRO"}]},{"@type":"WebSite","@id":"https:\/\/gelt.com\/es\/#website","url":"https:\/\/gelt.com\/es\/","name":"Gelt Espa\u00f1a","description":"Gelt - Dinero que vuelve","potentialAction":[{"@type":"SearchAction","target":{"@type":"EntryPoint","urlTemplate":"https:\/\/gelt.com\/es\/?s={search_term_string}"},"query-input":"required name=search_term_string"}],"inLanguage":"es"}]}},"_links":{"self":[{"href":"https:\/\/gelt.com\/es\/wp-json\/wp\/v2\/pages\/141264"}],"collection":[{"href":"https:\/\/gelt.com\/es\/wp-json\/wp\/v2\/pages"}],"about":[{"href":"https:\/\/gelt.com\/es\/wp-json\/wp\/v2\/types\/page"}],"author":[{"embeddable":true,"href":"https:\/\/gelt.com\/es\/wp-json\/wp\/v2\/users\/20"}],"replies":[{"embeddable":true,"href":"https:\/\/gelt.com\/es\/wp-json\/wp\/v2\/comments?post=141264"}],"version-history":[{"count":5,"href":"https:\/\/gelt.com\/es\/wp-json\/wp\/v2\/pages\/141264\/revisions"}],"predecessor-version":[{"id":141318,"href":"https:\/\/gelt.com\/es\/wp-json\/wp\/v2\/pages\/141264\/revisions\/141318"}],"wp:attachment":[{"href":"https:\/\/gelt.com\/es\/wp-json\/wp\/v2\/media?parent=141264"}],"curies":[{"name":"wp","href":"https:\/\/api.w.org\/{rel}","templated":true}]}}