{"id":145402,"date":"2022-09-29T17:34:10","date_gmt":"2022-09-29T15:34:10","guid":{"rendered":"https:\/\/gelt.com\/es\/?page_id=145402"},"modified":"2022-09-29T17:34:25","modified_gmt":"2022-09-29T15:34:25","slug":"consentimiento-glade","status":"publish","type":"page","link":"https:\/\/gelt.com\/es\/bases-legales\/consentimiento-glade\/","title":{"rendered":"Glade"},"content":{"rendered":"<p>[vc_row][vc_column][vc_empty_space][vc_empty_space][vc_column_text]<\/p>\n<h4 class=\"p1\" style=\"text-align: center;\"><strong><span class=\"s1\">CONSENTIMIENTO INFORMADO PARA EL TRATAMIENTO DE DATOS PERSONALES ESPEC\u00cdFICO RELATIVO A LA PROMOCI\u00d3N PRU\u00c9BAME GRATIS AROMATHERAPY<\/span><\/strong><\/h4>\n<p>[\/vc_column_text][vc_empty_space][vc_empty_space][vc_column_text]<\/p>\n<p class=\"p1\">En cumplimiento de lo establecido en Reglamento (UE) 2016\/679 del Parlamento Europeo y del Consejo, de 27 de abril de 2016, relativo a la protecci\u00f3n de las personas f\u00edsicas en lo que respecta al tratamiento de datos personales y a la libre circulaci\u00f3n de estos datos (en adelante \u201cRGPD\u201d), as\u00ed como en la Ley Org\u00e1nica 3\/2018, de 5 de diciembre, de Protecci\u00f3n de Datos Personales y garant\u00eda de los derechos digitales (en adelante \u201cLOPDGDD\u201d) para el tratamiento de datos personales concreto que va a ser llevado a cabo el Responsable de Tratamiento, es necesario que el participante\/usuario\/usuaria preste su consentimiento activo, libre e informado sobre el tratamiento de sus datos personales.<span class=\"Apple-converted-space\">\u00a0<\/span><\/p>\n<p class=\"p3\"><b>Responsable:<\/b> JOHNSON\u2019S WAX ESPA\u00d1OLA, S.L con domicilio en la calle Quintanavides 17, Edificio III Panta 4\u00aa 28050 Madrid y CIF n\u00famero B-28128890.<\/p>\n<p class=\"p3\"><b>Finalidad del tratamiento:<\/b> JOHNSON\u2019S WAX ESPA\u00d1OLA, S.L. tratar\u00e1 los datos personales facilitados por los participantes, con las siguientes finalidades principales:<\/p>\n<p class=\"p5\">\u2010 Gestionar su participaci\u00f3n en la promoci\u00f3n (incluyendo, a t\u00edtulo enunciativo, pero no limitativo, comprobar que los participantes cumplen las condiciones de participaci\u00f3n y gestionar la entrega de los reembolsos correspondientes.<\/p>\n<ul class=\"ul1\">\n<li class=\"li7\">Conocer la experiencia de compra de los consumidores del producto promocionado.<\/li>\n<\/ul>\n<p class=\"p5\">\u2010 Utilizar su nombre, apellidos y\/o imagen en el marco de la publicaci\u00f3n de su condici\u00f3n de ganador o en cualquier actividad publicitaria o promocional.<\/p>\n<p class=\"p3\"><b>Legitimaci\u00f3n:<\/b> la base legal para el tratamiento de los datos de los participantes es la ejecuci\u00f3n de un contrato consistente en gestionar correctamente su participaci\u00f3n en la promoci\u00f3n as\u00ed como el consentimiento de los participantes.<\/p>\n<p class=\"p7\"><span class=\"s2\"><b>Datos que se recaban: <\/b>Nombre, apellidos, correo electr\u00f3nico, c\u00f3digo postal y n\u00famero de cuenta bancaria en la que se realizar\u00e1 el reembolso. Adem\u00e1s, los participantes de forma opcional podr\u00e1n facilitar su opini\u00f3n o experiencia con el producto, y si es la primera vez que lo compran o no.<span class=\"Apple-converted-space\">\u00a0<\/span><\/span><\/p>\n<p class=\"p3\"><b>Destinatarios:<\/b> JOHNSON\u2019S WAX ESPA\u00d1OLA, S.L. podr\u00e1 comunicar sus datos para el cumplimiento de las obligaciones legales que en cada caso correspondan.<\/p>\n<p class=\"p3\">Adicionalmente, el titular de los datos autoriza expresamente a que los datos personales que\u00a0facilite\u00a0puedan ser comunicados, a la entidad DINERO GELT, S.L. (en adelante, \u201cGELT\u201d), sociedad domiciliada en la Calle Arturo Soria 97-A, 28027 de Madrid y con CIF B-87368692, como entidad colaboradora de JOHNSON\u2019S WAX ESPA\u00d1OLA, S.L. en la\u00a0gesti\u00f3n de la\u00a0presente Promoci\u00f3n. GELT tendr\u00e1 acceso y tratar\u00e1 los datos de car\u00e1cter personal de los participantes en calidad de encargado del tratamiento de\u00a0los mismos, con la finalidad de gestionar la participaci\u00f3n de los participantes en la presente Promoci\u00f3n, realizar la redenci\u00f3n de los premios correspondientes, as\u00ed como la gesti\u00f3n de las posibles dudas o consultas derivadas de la misma.<span class=\"Apple-converted-space\">\u00a0<\/span><\/p>\n<p class=\"p3\"><b>Plazo de conservaci\u00f3n:<\/b> JOHNSON\u2019S WAX ESPA\u00d1OLA, S.L. conservar\u00e1 los datos de los participantes mientras dure la presente promoci\u00f3n y en cualquier caso mientras no se solicite su supresi\u00f3n, as\u00ed como el tiempo necesario para dar cumplimiento a las obligaciones legales que en cada caso correspondan acorde con cada tipolog\u00eda de datos.<\/p>\n<p class=\"p3\"><b>Ejercicio de derechos:<\/b> en cualquier momento, los participantes tienen derecho a ejercer sus derechos de acceso, rectificaci\u00f3n y supresi\u00f3n, limitaci\u00f3n del tratamiento, portabilidad, oposici\u00f3n, mediante petici\u00f3n escrita a la siguiente direcci\u00f3n postal del responsable del tratamiento: JOHNSON\u2019S WAX ESPA\u00d1OLA, S.L. con domicilio en la calle Quintanavides 17, Edificio III Panta 4\u00aa 28050 Madrid y\/o direcci\u00f3n de correo electr\u00f3nico: <a href=\"mailto:contacto@promocionscjohnson.com\"><span class=\"s3\">contacto@promocionscjohnson.com<\/span><\/a><span class=\"Apple-converted-space\">\u00a0<\/span><\/p>\n<p class=\"p3\">En todo caso, los participantes quedan informado de que la revocaci\u00f3n de su consentimiento otorgado para el tratamiento de sus datos durante la vigencia de la promoci\u00f3n comportar\u00e1 la imposibilidad de seguir participando en la misma.<\/p>\n<p class=\"p3\">Presentaci\u00f3n de reclamaciones: si los participantes consideran que JOHNSON\u2019S WAX ESPA\u00d1OLA, S.L. no ha tratado sus datos personales de conformidad con la normativa aplicable, podr\u00e1 presentar una reclamaci\u00f3n frente a la autoridad de control competente, a trav\u00e9s de la p\u00e1gina web <a href=\"http:\/\/www.agpd.es\"><span class=\"s3\">www.agpd.es<\/span><\/a>.<span class=\"Apple-converted-space\">\u00a0<\/span><\/p>\n<p>[\/vc_column_text][\/vc_column][\/vc_row]<\/p>\n","protected":false},"excerpt":{"rendered":"<p>[vc_row][vc_column][vc_empty_space][vc_empty_space][vc_column_text] CONSENTIMIENTO INFORMADO PARA EL TRATAMIENTO DE DATOS PERSONALES ESPEC\u00cdFICO RELATIVO A LA PROMOCI\u00d3N PRU\u00c9BAME GRATIS AROMATHERAPY [\/vc_column_text][vc_empty_space][vc_empty_space][vc_column_text] En cumplimiento de lo establecido en Reglamento (UE) 2016\/679 del Parlamento Europeo y del Consejo, de 27 de abril de 2016, relativo a la protecci\u00f3n de las personas f\u00edsicas en lo que respecta al tratamiento de datos personales y a la libre circulaci\u00f3n de estos datos (en adelante \u201cRGPD\u201d), as\u00ed como en la Ley Org\u00e1nica 3\/2018, de&#8230;  <\/p>\n<div class=\"read-more\"><a class=\"excerpt-read-more\" href=\"https:\/\/gelt.com\/es\/bases-legales\/consentimiento-glade\/\" title=\"Continue reading Glade\">Read more<i class=\"fa fa-angle-right\"><\/i><\/a><\/div>\n","protected":false},"author":20,"featured_media":0,"parent":144241,"menu_order":0,"comment_status":"closed","ping_status":"closed","template":"","meta":{"content-type":"","footnotes":""},"yoast_head":"<!-- This site is optimized with the Yoast SEO plugin v21.9.1 - https:\/\/yoast.com\/wordpress\/plugins\/seo\/ -->\n<title>Glade - Gelt Espa\u00f1a<\/title>\n<meta name=\"robots\" content=\"index, follow, max-snippet:-1, max-image-preview:large, max-video-preview:-1\" \/>\n<link rel=\"canonical\" href=\"https:\/\/gelt.com\/es\/bases-legales\/consentimiento-glade\/\" \/>\n<meta property=\"og:locale\" content=\"es_ES\" \/>\n<meta property=\"og:type\" content=\"article\" \/>\n<meta property=\"og:title\" content=\"Glade - Gelt Espa\u00f1a\" \/>\n<meta property=\"og:description\" content=\"[vc_row][vc_column][vc_empty_space][vc_empty_space][vc_column_text] CONSENTIMIENTO INFORMADO PARA EL TRATAMIENTO DE DATOS PERSONALES ESPEC\u00cdFICO RELATIVO A LA PROMOCI\u00d3N PRU\u00c9BAME GRATIS AROMATHERAPY [\/vc_column_text][vc_empty_space][vc_empty_space][vc_column_text] En cumplimiento de lo establecido en Reglamento (UE) 2016\/679 del Parlamento Europeo y del Consejo, de 27 de abril de 2016, relativo a la protecci\u00f3n de las personas f\u00edsicas en lo que respecta al tratamiento de datos personales y a la libre circulaci\u00f3n de estos datos (en adelante \u201cRGPD\u201d), as\u00ed como en la Ley Org\u00e1nica 3\/2018, de... Read more\" \/>\n<meta property=\"og:url\" content=\"https:\/\/gelt.com\/es\/bases-legales\/consentimiento-glade\/\" \/>\n<meta property=\"og:site_name\" content=\"Gelt Espa\u00f1a\" \/>\n<meta property=\"article:modified_time\" content=\"2022-09-29T15:34:25+00:00\" \/>\n<meta name=\"twitter:card\" content=\"summary_large_image\" \/>\n<meta name=\"twitter:label1\" content=\"Tiempo de lectura\" \/>\n\t<meta name=\"twitter:data1\" content=\"3 minutos\" \/>\n<script type=\"application\/ld+json\" class=\"yoast-schema-graph\">{\"@context\":\"https:\/\/schema.org\",\"@graph\":[{\"@type\":\"WebPage\",\"@id\":\"https:\/\/gelt.com\/es\/bases-legales\/consentimiento-glade\/\",\"url\":\"https:\/\/gelt.com\/es\/bases-legales\/consentimiento-glade\/\",\"name\":\"Glade - Gelt Espa\u00f1a\",\"isPartOf\":{\"@id\":\"https:\/\/gelt.com\/es\/#website\"},\"datePublished\":\"2022-09-29T15:34:10+00:00\",\"dateModified\":\"2022-09-29T15:34:25+00:00\",\"breadcrumb\":{\"@id\":\"https:\/\/gelt.com\/es\/bases-legales\/consentimiento-glade\/#breadcrumb\"},\"inLanguage\":\"es\",\"potentialAction\":[{\"@type\":\"ReadAction\",\"target\":[\"https:\/\/gelt.com\/es\/bases-legales\/consentimiento-glade\/\"]}]},{\"@type\":\"BreadcrumbList\",\"@id\":\"https:\/\/gelt.com\/es\/bases-legales\/consentimiento-glade\/#breadcrumb\",\"itemListElement\":[{\"@type\":\"ListItem\",\"position\":1,\"name\":\"Portada\",\"item\":\"https:\/\/gelt.com\/es\/\"},{\"@type\":\"ListItem\",\"position\":2,\"name\":\"BASES Y CONDICIONES LEGALES\",\"item\":\"https:\/\/gelt.com\/es\/bases-legales\/\"},{\"@type\":\"ListItem\",\"position\":3,\"name\":\"Glade\"}]},{\"@type\":\"WebSite\",\"@id\":\"https:\/\/gelt.com\/es\/#website\",\"url\":\"https:\/\/gelt.com\/es\/\",\"name\":\"Gelt Espa\u00f1a\",\"description\":\"Gelt - Dinero que vuelve\",\"potentialAction\":[{\"@type\":\"SearchAction\",\"target\":{\"@type\":\"EntryPoint\",\"urlTemplate\":\"https:\/\/gelt.com\/es\/?s={search_term_string}\"},\"query-input\":\"required name=search_term_string\"}],\"inLanguage\":\"es\"}]}<\/script>\n<!-- \/ Yoast SEO plugin. -->","yoast_head_json":{"title":"Glade - Gelt Espa\u00f1a","robots":{"index":"index","follow":"follow","max-snippet":"max-snippet:-1","max-image-preview":"max-image-preview:large","max-video-preview":"max-video-preview:-1"},"canonical":"https:\/\/gelt.com\/es\/bases-legales\/consentimiento-glade\/","og_locale":"es_ES","og_type":"article","og_title":"Glade - Gelt Espa\u00f1a","og_description":"[vc_row][vc_column][vc_empty_space][vc_empty_space][vc_column_text] CONSENTIMIENTO INFORMADO PARA EL TRATAMIENTO DE DATOS PERSONALES ESPEC\u00cdFICO RELATIVO A LA PROMOCI\u00d3N PRU\u00c9BAME GRATIS AROMATHERAPY [\/vc_column_text][vc_empty_space][vc_empty_space][vc_column_text] En cumplimiento de lo establecido en Reglamento (UE) 2016\/679 del Parlamento Europeo y del Consejo, de 27 de abril de 2016, relativo a la protecci\u00f3n de las personas f\u00edsicas en lo que respecta al tratamiento de datos personales y a la libre circulaci\u00f3n de estos datos (en adelante \u201cRGPD\u201d), as\u00ed como en la Ley Org\u00e1nica 3\/2018, de... Read more","og_url":"https:\/\/gelt.com\/es\/bases-legales\/consentimiento-glade\/","og_site_name":"Gelt Espa\u00f1a","article_modified_time":"2022-09-29T15:34:25+00:00","twitter_card":"summary_large_image","twitter_misc":{"Tiempo de lectura":"3 minutos"},"schema":{"@context":"https:\/\/schema.org","@graph":[{"@type":"WebPage","@id":"https:\/\/gelt.com\/es\/bases-legales\/consentimiento-glade\/","url":"https:\/\/gelt.com\/es\/bases-legales\/consentimiento-glade\/","name":"Glade - Gelt Espa\u00f1a","isPartOf":{"@id":"https:\/\/gelt.com\/es\/#website"},"datePublished":"2022-09-29T15:34:10+00:00","dateModified":"2022-09-29T15:34:25+00:00","breadcrumb":{"@id":"https:\/\/gelt.com\/es\/bases-legales\/consentimiento-glade\/#breadcrumb"},"inLanguage":"es","potentialAction":[{"@type":"ReadAction","target":["https:\/\/gelt.com\/es\/bases-legales\/consentimiento-glade\/"]}]},{"@type":"BreadcrumbList","@id":"https:\/\/gelt.com\/es\/bases-legales\/consentimiento-glade\/#breadcrumb","itemListElement":[{"@type":"ListItem","position":1,"name":"Portada","item":"https:\/\/gelt.com\/es\/"},{"@type":"ListItem","position":2,"name":"BASES Y CONDICIONES LEGALES","item":"https:\/\/gelt.com\/es\/bases-legales\/"},{"@type":"ListItem","position":3,"name":"Glade"}]},{"@type":"WebSite","@id":"https:\/\/gelt.com\/es\/#website","url":"https:\/\/gelt.com\/es\/","name":"Gelt Espa\u00f1a","description":"Gelt - Dinero que vuelve","potentialAction":[{"@type":"SearchAction","target":{"@type":"EntryPoint","urlTemplate":"https:\/\/gelt.com\/es\/?s={search_term_string}"},"query-input":"required name=search_term_string"}],"inLanguage":"es"}]}},"_links":{"self":[{"href":"https:\/\/gelt.com\/es\/wp-json\/wp\/v2\/pages\/145402"}],"collection":[{"href":"https:\/\/gelt.com\/es\/wp-json\/wp\/v2\/pages"}],"about":[{"href":"https:\/\/gelt.com\/es\/wp-json\/wp\/v2\/types\/page"}],"author":[{"embeddable":true,"href":"https:\/\/gelt.com\/es\/wp-json\/wp\/v2\/users\/20"}],"replies":[{"embeddable":true,"href":"https:\/\/gelt.com\/es\/wp-json\/wp\/v2\/comments?post=145402"}],"version-history":[{"count":1,"href":"https:\/\/gelt.com\/es\/wp-json\/wp\/v2\/pages\/145402\/revisions"}],"predecessor-version":[{"id":145405,"href":"https:\/\/gelt.com\/es\/wp-json\/wp\/v2\/pages\/145402\/revisions\/145405"}],"up":[{"embeddable":true,"href":"https:\/\/gelt.com\/es\/wp-json\/wp\/v2\/pages\/144241"}],"wp:attachment":[{"href":"https:\/\/gelt.com\/es\/wp-json\/wp\/v2\/media?parent=145402"}],"curies":[{"name":"wp","href":"https:\/\/api.w.org\/{rel}","templated":true}]}}