{"id":145408,"date":"2022-09-29T17:37:31","date_gmt":"2022-09-29T15:37:31","guid":{"rendered":"https:\/\/gelt.com\/es\/?page_id=145408"},"modified":"2022-10-20T16:12:23","modified_gmt":"2022-10-20T14:12:23","slug":"glade","status":"publish","type":"page","link":"https:\/\/gelt.com\/es\/bases-legales\/glade\/","title":{"rendered":"Glade"},"content":{"rendered":"<p>[vc_row][vc_column][vc_empty_space][vc_empty_space][vc_column_text]<\/p>\n<h4 class=\"p2\" style=\"text-align: center;\"><b>BASES DE LA PROMOCI\u00d3N<span class=\"Apple-converted-space\">\u00a0<\/span><\/b><\/h4>\n<h4 class=\"p2\" style=\"text-align: center;\"><b>\u201cPRU\u00c9BAME GRATIS AROMATHERAPY\u201d<\/b><\/h4>\n<p>[\/vc_column_text][vc_empty_space][vc_empty_space][vc_column_text]<em>*La presente promoci\u00f3n a partir de la fecha 1 de Noviembre se ampl\u00eda en 400 unidades de los productos promocionados, en las mismas condiciones establecidas en las presentes bases legales, con una particularidad: estas nuevas unidades de producto, para poder aplicar en la presente promoci\u00f3n, deben ser adquiridas en tiendas CLAREL [<a class=\"c-link\" tabindex=\"-1\" href=\"https:\/\/www.clarel.es\/es\/\" target=\"_blank\" rel=\"noopener noreferrer\" data-stringify-link=\"https:\/\/www.clarel.es\/es\/\" data-sk=\"tooltip_parent\" data-remove-tab-index=\"true\">https:\/\/www.clarel.es\/es\/<\/a>] y por tanto el correspondiente ticket de compra debe ser de tiendas CLAREL.<\/em>[\/vc_column_text][vc_empty_space][vc_empty_space][vc_column_text]<\/p>\n<p class=\"p1\"><b>1.- Compa\u00f1\u00eda organizadora<\/b><\/p>\n<p class=\"p3\">La sociedad Johnson\u2019s Wax Espa\u00f1ola, S.L. con domicilio social en Madrid, calle Quintanavides 17, Edificio III Panta 4\u00aa 28050 Madrid y CIF n\u00famero B-28128890 (En adelante, \u201cJWE\u201d o \u201cLa compa\u00f1\u00eda organizadora\u201d), tiene previsto realizar una promoci\u00f3n que se desarrollar\u00e1 de conformidad con lo establecido en las presentes bases.<\/p>\n<p class=\"p3\">La promoci\u00f3n se denominar\u00e1 \u00ab<b>PRU\u00c9BAME GRATIS AROMATHERAPY<\/b>\u201d y se desarrollar\u00e1 en todo el territorio nacional a trav\u00e9s de la web <a href=\"http:\/\/www.pruebalogratisglade.es\"><span class=\"s1\">www.pruebalogratisglade.es<\/span><\/a><span class=\"Apple-converted-space\">\u00a0<\/span><\/p>\n<p class=\"p1\"><b>2.- Duraci\u00f3n<\/b><\/p>\n<p class=\"p3\">La fecha de comienzo de la promoci\u00f3n ser\u00e1 el d\u00eda 1 de octubre de 2022 hasta el d\u00eda 28 de febrero de 2023, ambos incluidos (En adelante, Periodo Promocional). En cualquier caso, la promoci\u00f3n finalizar\u00e1 una vez agotados los <b>MIL QUINIENTOS<\/b> (1.500) reembolsos que son objeto de la promoci\u00f3n.<\/p>\n<p class=\"p3\">Si por causas de fuerza mayor fuera necesario aplazar, modificar o repetir esta promoci\u00f3n, este hecho se notificar\u00e1 en la web a todos los participantes, d\u00e1ndole a la modificaci\u00f3n el mismo grado de publicidad que a la presente promoci\u00f3n.<\/p>\n<p class=\"p1\"><b>3.- Finalidad<\/b><\/p>\n<p class=\"p3\">La presente promoci\u00f3n tiene como finalidad incentivar las ventas de los productos de la marca Glade Aromatherapy en cualquiera de sus formatos varillas, velas y\/o liquido el\u00e9ctrico comercializados por la compa\u00f1\u00eda organizadora.<\/p>\n<p class=\"p1\"><b>4.- Gratuidad<\/b><\/p>\n<p class=\"p3\">La presente promoci\u00f3n tendr\u00e1 car\u00e1cter gratuito, de tal manera que la participaci\u00f3n y obtenci\u00f3n de premios no implica un incremento del precio de los productos promocionados ni coste adicional para el consumidor.<span class=\"Apple-converted-space\">\u00a0<\/span><\/p>\n<p class=\"p1\"><b>5.- Legitimaci\u00f3n para participar<\/b><\/p>\n<p class=\"p3\">Podr\u00e1n participar en la promoci\u00f3n, todos aquellos consumidores, personas f\u00edsicas mayores de 18 a\u00f1os y residentes legales en territorio espa\u00f1ol, que adquieran los productos promocionados para su consumo personal y\/o familiar.<span class=\"Apple-converted-space\">\u00a0<\/span><\/p>\n<p class=\"p3\">No podr\u00e1n participar en la promoci\u00f3n los empleados de JWE, ni tampoco todas aquellas personas que hubieran participado directa o indirectamente en la elaboraci\u00f3n de la misma.<span class=\"Apple-converted-space\">\u00a0 <\/span>Tampoco podr\u00e1n participar los familiares en primer grado de los colectivos indicados.<span class=\"Apple-converted-space\">\u00a0<\/span><\/p>\n<p class=\"p3\">JWE se reserva el derecho de eliminar justificadamente a cualquier participante que defraude, altere o inutilice el buen funcionamiento y el transcurso normal y reglamentario de la presente promoci\u00f3n o a aquel del que se evidencie o se sospeche una actuaci\u00f3n irregular en el sentido anteriormente descrito.<\/p>\n<p class=\"p1\"><b>6.- Mec\u00e1nica de participaci\u00f3n y obtenci\u00f3n de premios<\/b><\/p>\n<p class=\"p3\">Para participar en la presente promoci\u00f3n ser\u00e1 necesario:<\/p>\n<p class=\"p3\"><span class=\"s2\">a) Adquirir, durante el Periodo Promocional, <b>UN (1)<\/b> producto de la marca Glade Aromatherapy en cualquiera de sus formatos varillas, velas y\/o liquido el\u00e9ctrico, que son objeto de la presente promoci\u00f3n. Quedan excluidos de esta promoci\u00f3n los siguientes productos:<\/span><\/p>\n<ul class=\"ul1\">\n<li class=\"li8\">Ambientador L\u00edquido El\u00e9ctrico Recambio Glade Aromatherapy<\/li>\n<li class=\"li8\">Ambientador Difusor El\u00e9ctrico Aparato Glade Aromatherapy<\/li>\n<li class=\"li8\">Ambientador Difusor El\u00e9ctrico Recambio Glade Aromatherapy<\/li>\n<\/ul>\n<p class=\"p3\"><span class=\"s4\">b) Registrarse en la promoci\u00f3n a trav\u00e9s de la Web <a href=\"http:\/\/www.pruebalogratisglade.es\"><span class=\"s5\">www.pruebalogratisglade.es<\/span><\/a> <span class=\"Apple-converted-space\">\u00a0<\/span><\/span><\/p>\n<p class=\"p3\"><span class=\"s6\">Para ello, el consumidor deber\u00e1 cumplimentar el formulario creado a tal efecto y que le solicitar\u00e1 los siguientes datos de car\u00e1cter obligatorio: Nombre, apellidos, correo electr\u00f3nico, c\u00f3digo postal y n\u00famero de cuenta bancaria en la que se realizar\u00e1 el reembolso. Adem\u00e1s, los participantes de forma opcional podr\u00e1n facilitar su opini\u00f3n o experiencia con el producto, y si es la primera vez que lo compran o no.<span class=\"Apple-converted-space\">\u00a0<\/span><\/span><\/p>\n<p class=\"p3\"><span class=\"s6\">Si los datos facilitados fueran inciertos, incompletos o ilegibles, JWE se reserva el derecho a invalidar dicha participaci\u00f3n.<\/span><\/p>\n<p class=\"p3\"><span class=\"s6\">Ser\u00e1 responsabilidad del propio participante facilitar una direcci\u00f3n de correo electr\u00f3nica activa y de mantenimiento personal.<span class=\"Apple-converted-space\">\u00a0<\/span><\/span><\/p>\n<p class=\"p3\"><span class=\"s6\">Todos los participantes deber\u00e1n aceptar, adem\u00e1s, las presentes bases de la promoci\u00f3n, para poder formalizar debidamente el proceso de registro.<\/span><\/p>\n<p class=\"p3\"><span class=\"s4\">c) Realizar una fotograf\u00eda al ticket de compra en el que conste la adquisici\u00f3n de al menos uno (1) de los productos en promoci\u00f3n y adjuntarlo al formulario de registro a trav\u00e9s del bot\u00f3n creado al efecto. <\/span><span class=\"s6\"><b>La fotograf\u00eda del ticket deber\u00e1 ser legible.<\/b><\/span><\/p>\n<p class=\"p3\"><span class=\"s6\">Una vez completado el registro con \u00e9xito, se verificar\u00e1 la validez del ticket, y en el plazo aproximado de QUINCE (15) d\u00edas a contar desde el registro del usuario, se enviar\u00e1 un correo electr\u00f3nico al usuario en el que se le confirmar\u00e1 que el reembolso ha sido ordenado mediante transferencia bancaria en el n\u00famero de cuenta facilitado por el participante.<\/span><\/p>\n<p class=\"p3\"><span class=\"s6\">La compa\u00f1\u00eda organizadora no se hace responsable de las demoras y dem\u00e1s incidencias que, eventualmente, puedan producirse en la ejecuci\u00f3n de dichas transferencias por parte de las entidades bancarias encargadas de gestionar las mismas.<\/span><\/p>\n<p class=\"p3\"><span class=\"s6\">Si el ticket aportado contiene dos o m\u00e1s categor\u00edas de productos, [esto es varillas, velas <\/span><span class=\"s4\">y\/o liquido el\u00e9ctrico]<\/span><span class=\"s6\"> de la gama Glade Aromatherapy, se realizar\u00e1 el reembolso de un producto de cada una de las categor\u00edas adquiridas.<span class=\"Apple-converted-space\">\u00a0 <\/span>No obstante, si el consumidor adquiere m\u00e1s de un producto de la misma categor\u00eda, se realizar\u00e1 el reembolso de un \u00fanico producto.<span class=\"Apple-converted-space\">\u00a0<\/span><\/span><\/p>\n<p class=\"p3\"><span class=\"s6\">Si el ticket recibido no fuera v\u00e1lido por no cumplir con alguno de los requisitos antes determinados, \u00e9ste hecho ser\u00e1 advertido al usuario mediante correo electr\u00f3nico.<\/span><\/p>\n<p class=\"p3\">Ser\u00e1 necesario que el consumidor facilite todos los datos solicitados, incluidos, sus datos bancarios ya que en caso contrario no se podr\u00e1 realizar el reembolso.<span class=\"Apple-converted-space\">\u00a0<\/span><\/p>\n<p class=\"p3\">Los participantes deber\u00e1n conservar el ticket de compra acreditativo del producto adquirido y la participaci\u00f3n registrada, hasta la completa finalizaci\u00f3n de la promoci\u00f3n.<span class=\"Apple-converted-space\">\u00a0<\/span><\/p>\n<p class=\"p3\">JWE se reserva el derecho de solicitar a los participantes o a los ganadores el ticket original de compra del producto adquirido y que respalde el registro efectuado en la web <a href=\"http:\/\/www.pruebalogratisglade.es\"><span class=\"s1\">www.pruebalogratisglade.es<\/span><\/a>. JWE podr\u00e1 solicitar, adem\u00e1s, cualquier otra documentaci\u00f3n adicional que considere oportuna para verificar la correcta participaci\u00f3n y el cumplimiento de los requisitos establecidos en las bases.<\/p>\n<p class=\"p3\">Para cualquier duda o consulta relacionada con la presente promoci\u00f3n pueden dirigirse a la direcci\u00f3n de correo electr\u00f3nico: <a href=\"mailto:hola@gelt.com\"><span class=\"s1\">hola@gelt.com<\/span><\/a><span class=\"Apple-converted-space\">\u00a0<\/span><\/p>\n<p class=\"p1\"><b>7.- Limitaciones y Reembolsos<\/b><\/p>\n<p class=\"p3\">La promoci\u00f3n est\u00e1 limitada a las primeras <b>MIL QUINIENTOS MIL<\/b> (1.500) participaciones recibidas y a <b>UN <\/b>(1) reembolso\/participaci\u00f3n por persona, entendi\u00e9ndose que existe doble participaci\u00f3n si coincidiera el correo electr\u00f3nico.<span class=\"Apple-converted-space\">\u00a0<\/span><\/p>\n<p class=\"p3\">Aquellos tickets de compra utilizados para participar en la presente promoci\u00f3n no podr\u00e1n ser validados o canjeados en otros descuentos\/ofertas o promociones de la marca Glade Aromatherapy con independencia de qui\u00e9n lleve a cabo dicho descuento\/oferta o promoci\u00f3n<span class=\"Apple-converted-space\">\u00a0<\/span><\/p>\n<p class=\"p3\"><b>Las condiciones de los reembolsos:<\/b><\/p>\n<ul class=\"ul1\">\n<li class=\"li3\">Los reembolsos son personales e intransferibles. En ning\u00fan caso el reembolso podr\u00e1 realizarse a un tercero.<\/li>\n<\/ul>\n<ul class=\"ul1\">\n<li class=\"li3\">La entrega efectiva del reembolso quedar\u00e1 condicionada a que el participante cumpla con las condiciones especificadas en las presentes bases y a la veracidad de los datos facilitados.<\/li>\n<\/ul>\n<ul class=\"ul1\">\n<li class=\"li3\">Los reembolsos se efectuar\u00e1n de acuerdo con el precio de venta del producto en el supermercado en el que fue adquirido, estableci\u00e9ndose en cualquier caso, los siguientes importes m\u00e1ximos para Velas y Varillas: 7,99 \u20ac y para Ambientadores el\u00e9ctricos 6,99 \u20ac.<\/li>\n<\/ul>\n<p class=\"p1\"><b>8.- Exenci\u00f3n de responsabilidad por mal funcionamiento de la red.<\/b><\/p>\n<p class=\"p3\">La compa\u00f1\u00eda organizadora queda exonerada de toda responsabilidad en caso de mal funcionamiento de las redes de comunicaci\u00f3n electr\u00f3nicas que impidan el normal desarrollo de la promoci\u00f3n por causas ajenas a la empresa y especialmente por actos externos de mala fe.<\/p>\n<p class=\"p3\">Tampoco ser\u00e1 responsable la compa\u00f1\u00eda organizadora por los problemas de transmisi\u00f3n o p\u00e9rdida de datos no imputables a la misma.<\/p>\n<p class=\"p1\"><b>9.- Derechos de imagen<\/b><\/p>\n<p class=\"p3\"><span class=\"s7\">Los participantes que hubieran obtenido su reembolso autorizan a la empresa organizadora a reproducir y utilizar su nombre, apellidos, direcci\u00f3n e imagen en cualquier actividad publi-promocional relacionada con la promoci\u00f3n, sin que dicha utilizaci\u00f3n le confiera derecho de remuneraci\u00f3n o beneficio alguno con excepci\u00f3n hecha del reembolso obtenido.<\/span><\/p>\n<p class=\"p1\"><b>10.- Protecci\u00f3n de Datos<\/b><\/p>\n<p class=\"p3\"><b>Responsable:<\/b> JOHNSON\u2019S WAX ESPA\u00d1OLA, S.L con domicilio en la calle Quintanavides 17, Edificio III Panta 4\u00aa 28050 Madrid y CIF n\u00famero B-28128890.<\/p>\n<p class=\"p3\"><b>Finalidad del tratamiento:<\/b> JOHNSON\u2019S WAX ESPA\u00d1OLA, S.L. tratar\u00e1 los datos personales facilitados por los participantes, con las siguientes finalidades principales:<\/p>\n<p class=\"p11\"><span class=\"s8\">\u2010<\/span> Gestionar su participaci\u00f3n en la promoci\u00f3n (incluyendo, a t\u00edtulo enunciativo, pero no limitativo, comprobar que los participantes cumplen las condiciones de participaci\u00f3n y gestionar la entrega de los reembolsos correspondientes.<\/p>\n<ul class=\"ul1\">\n<li class=\"li3\">Conocer la experiencia de compra de los consumidores del producto promocionado.<\/li>\n<\/ul>\n<p class=\"p11\"><span class=\"s8\">\u2010<\/span> Utilizar su nombre, apellidos y\/o imagen en el marco de la publicaci\u00f3n de su condici\u00f3n de ganador o en cualquier actividad publicitaria o promocional.<\/p>\n<p class=\"p3\"><b>Legitimaci\u00f3n:<\/b> la base legal para el tratamiento de los datos de los participantes es la ejecuci\u00f3n de un contrato consistente en gestionar correctamente su participaci\u00f3n en la promoci\u00f3n as\u00ed como el consentimiento de los participantes.<\/p>\n<p class=\"p3\"><b>Destinatarios:<\/b> JOHNSON\u2019S WAX ESPA\u00d1OLA, S.L. podr\u00e1 comunicar sus datos para el cumplimiento de las obligaciones legales que en cada caso correspondan.<\/p>\n<p class=\"p3\">Adicionalmente, el titular de los datos autoriza expresamente a que los datos personales que\u00a0facilite\u00a0puedan ser comunicados, a la entidad DINERO GELT, S.L. (en adelante, \u201cGELT\u201d), sociedad domiciliada en la Calle Arturo Soria 97-A, 28027 de Madrid y con CIF B-87368692, como entidad colaboradora de JOHNSON\u2019S WAX ESPA\u00d1OLA, S.L. en la\u00a0gesti\u00f3n de la\u00a0presente Promoci\u00f3n. GELT tendr\u00e1 acceso y tratar\u00e1 los datos de car\u00e1cter personal de los participantes en calidad de encargado del tratamiento de\u00a0los mismos, con la finalidad de gestionar la participaci\u00f3n de los participantes en la presente Promoci\u00f3n, realizar la redenci\u00f3n de los premios correspondientes, as\u00ed como la gesti\u00f3n de las posibles dudas o consultas derivadas de la misma.<span class=\"Apple-converted-space\">\u00a0<\/span><\/p>\n<p class=\"p3\"><b>Plazo de conservaci\u00f3n:<\/b> JOHNSON\u2019S WAX ESPA\u00d1OLA, S.L. conservar\u00e1 los datos de los participantes mientras dure la presente promoci\u00f3n y en cualquier caso mientras no se solicite su supresi\u00f3n, as\u00ed como el tiempo necesario para dar cumplimiento a las obligaciones legales que en cada caso correspondan acorde con cada tipolog\u00eda de datos.<\/p>\n<p class=\"p3\"><b>Ejercicio de derechos:<\/b> en cualquier momento, los participantes tienen derecho a ejercer sus derechos de acceso, rectificaci\u00f3n y supresi\u00f3n, limitaci\u00f3n del tratamiento, portabilidad, oposici\u00f3n, mediante petici\u00f3n escrita a la siguiente direcci\u00f3n postal del responsable del tratamiento: JOHNSON\u2019S WAX ESPA\u00d1OLA, S.L. con domicilio en la calle Quintanavides 17, Edificio III Panta 4\u00aa 28050 Madrid y\/o direcci\u00f3n de correo electr\u00f3nico: <a href=\"mailto:contacto@promocionscjohnson.com\"><span class=\"s1\">contacto@promocionscjohnson.com<\/span><\/a><span class=\"Apple-converted-space\">\u00a0<\/span><\/p>\n<p class=\"p3\">En todo caso, los participantes quedan informado de que la revocaci\u00f3n de su consentimiento otorgado para el tratamiento de sus datos durante la vigencia de la promoci\u00f3n comportar\u00e1 la imposibilidad de seguir participando en la misma.<\/p>\n<p class=\"p3\">Presentaci\u00f3n de reclamaciones: si los participantes consideran que JOHNSON\u2019S WAX ESPA\u00d1OLA, S.L. no ha tratado sus datos personales de conformidad con la normativa aplicable, podr\u00e1 presentar una reclamaci\u00f3n frente a la autoridad de control competente, a trav\u00e9s de la p\u00e1gina web <a href=\"http:\/\/www.agpd.es\"><span class=\"s1\">www.agpd.es<\/span><\/a>.<span class=\"Apple-converted-space\">\u00a0<\/span><\/p>\n<p class=\"p1\"><b>12.- Aceptaci\u00f3n de bases<\/b><\/p>\n<p class=\"p3\">La participaci\u00f3n en la promoci\u00f3n supone la aceptaci\u00f3n en su totalidad de las presentes bases, que han sido depositadas ante el Notario del Ilustre Colegio de Madrid.<span class=\"Apple-converted-space\">\u00a0 <\/span>Estas bases podr\u00e1n ser consultadas por los participantes en el archivo notarial de bases de concursos y sorteos (ABACO) <a href=\"http:\/\/www.notariado.org\"><span class=\"s1\">www.notariado.org<\/span><\/a> y en la web<span class=\"s9\"> <a href=\"http:\/\/www.pruebalogratisglade.es\"><span class=\"s10\">www.pruebalogratisglade.es<\/span><\/a><\/span>.Cualquier aspecto no previsto en estas bases, o duda sobre la interpretaci\u00f3n de las mismas, ser\u00e1 resuelto a criterio de la organizaci\u00f3n de la promoci\u00f3n<span class=\"Apple-converted-space\">\u00a0<\/span><\/p>\n<p class=\"p3\">La compa\u00f1\u00eda organizadora se reserva el derecho de eliminar justificadamente a cualquier participante que defraude, altere o inutilice el buen funcionamiento y el transcurso normal y reglamentario de la presente promoci\u00f3n, as\u00ed como la resoluci\u00f3n de cualquier cuesti\u00f3n derivada de la presente actividad promocional.<\/p>\n<p class=\"p3\">Igualmente, JWE podr\u00e1, en el caso de detectar un uso fraudulento en la promoci\u00f3n modificar las presentes bases en aquellas disposiciones que fueran pertinentes para lograr el correcto funcionamiento de la misma.<span class=\"Apple-converted-space\">\u00a0<\/span><\/p>\n<p class=\"p1\"><b>13.- Ley aplicable<\/b><\/p>\n<p class=\"p3\">Las Bases de Promoci\u00f3n se rigen por la ley espa\u00f1ola.<\/p>\n<p>[\/vc_column_text][\/vc_column][\/vc_row]<\/p>\n","protected":false},"excerpt":{"rendered":"<p>[vc_row][vc_column][vc_empty_space][vc_empty_space][vc_column_text] BASES DE LA PROMOCI\u00d3N\u00a0 \u201cPRU\u00c9BAME GRATIS AROMATHERAPY\u201d [\/vc_column_text][vc_empty_space][vc_empty_space][vc_column_text]*La presente promoci\u00f3n a partir de la fecha 1 de Noviembre se ampl\u00eda en 400 unidades de los productos promocionados, en las mismas condiciones establecidas en las presentes bases legales, con una particularidad: estas nuevas unidades de producto, para poder aplicar en la presente promoci\u00f3n, deben ser adquiridas en tiendas CLAREL [https:\/\/www.clarel.es\/es\/] y por tanto el correspondiente ticket de compra debe ser de tiendas CLAREL.[\/vc_column_text][vc_empty_space][vc_empty_space][vc_column_text] 1.- Compa\u00f1\u00eda&#8230;  <\/p>\n<div class=\"read-more\"><a class=\"excerpt-read-more\" href=\"https:\/\/gelt.com\/es\/bases-legales\/glade\/\" title=\"Continue reading Glade\">Read more<i class=\"fa fa-angle-right\"><\/i><\/a><\/div>\n","protected":false},"author":20,"featured_media":0,"parent":144241,"menu_order":0,"comment_status":"closed","ping_status":"closed","template":"","meta":{"content-type":"","footnotes":""},"yoast_head":"<!-- This site is optimized with the Yoast SEO plugin v21.9.1 - https:\/\/yoast.com\/wordpress\/plugins\/seo\/ -->\n<title>Glade - Gelt Espa\u00f1a<\/title>\n<meta name=\"robots\" content=\"index, follow, max-snippet:-1, max-image-preview:large, max-video-preview:-1\" \/>\n<link rel=\"canonical\" href=\"https:\/\/gelt.com\/es\/bases-legales\/glade\/\" \/>\n<meta property=\"og:locale\" content=\"es_ES\" \/>\n<meta property=\"og:type\" content=\"article\" \/>\n<meta property=\"og:title\" content=\"Glade - Gelt Espa\u00f1a\" \/>\n<meta property=\"og:description\" content=\"[vc_row][vc_column][vc_empty_space][vc_empty_space][vc_column_text] BASES DE LA PROMOCI\u00d3N\u00a0 \u201cPRU\u00c9BAME GRATIS AROMATHERAPY\u201d [\/vc_column_text][vc_empty_space][vc_empty_space][vc_column_text]*La presente promoci\u00f3n a partir de la fecha 1 de Noviembre se ampl\u00eda en 400 unidades de los productos promocionados, en las mismas condiciones establecidas en las presentes bases legales, con una particularidad: estas nuevas unidades de producto, para poder aplicar en la presente promoci\u00f3n, deben ser adquiridas en tiendas CLAREL [https:\/\/www.clarel.es\/es\/] y por tanto el correspondiente ticket de compra debe ser de tiendas CLAREL.[\/vc_column_text][vc_empty_space][vc_empty_space][vc_column_text] 1.- Compa\u00f1\u00eda... Read more\" \/>\n<meta property=\"og:url\" content=\"https:\/\/gelt.com\/es\/bases-legales\/glade\/\" \/>\n<meta property=\"og:site_name\" content=\"Gelt Espa\u00f1a\" \/>\n<meta property=\"article:modified_time\" content=\"2022-10-20T14:12:23+00:00\" \/>\n<meta name=\"twitter:card\" content=\"summary_large_image\" \/>\n<meta name=\"twitter:label1\" content=\"Tiempo de lectura\" \/>\n\t<meta name=\"twitter:data1\" content=\"9 minutos\" \/>\n<script type=\"application\/ld+json\" class=\"yoast-schema-graph\">{\"@context\":\"https:\/\/schema.org\",\"@graph\":[{\"@type\":\"WebPage\",\"@id\":\"https:\/\/gelt.com\/es\/bases-legales\/glade\/\",\"url\":\"https:\/\/gelt.com\/es\/bases-legales\/glade\/\",\"name\":\"Glade - Gelt Espa\u00f1a\",\"isPartOf\":{\"@id\":\"https:\/\/gelt.com\/es\/#website\"},\"datePublished\":\"2022-09-29T15:37:31+00:00\",\"dateModified\":\"2022-10-20T14:12:23+00:00\",\"breadcrumb\":{\"@id\":\"https:\/\/gelt.com\/es\/bases-legales\/glade\/#breadcrumb\"},\"inLanguage\":\"es\",\"potentialAction\":[{\"@type\":\"ReadAction\",\"target\":[\"https:\/\/gelt.com\/es\/bases-legales\/glade\/\"]}]},{\"@type\":\"BreadcrumbList\",\"@id\":\"https:\/\/gelt.com\/es\/bases-legales\/glade\/#breadcrumb\",\"itemListElement\":[{\"@type\":\"ListItem\",\"position\":1,\"name\":\"Portada\",\"item\":\"https:\/\/gelt.com\/es\/\"},{\"@type\":\"ListItem\",\"position\":2,\"name\":\"BASES Y CONDICIONES LEGALES\",\"item\":\"https:\/\/gelt.com\/es\/bases-legales\/\"},{\"@type\":\"ListItem\",\"position\":3,\"name\":\"Glade\"}]},{\"@type\":\"WebSite\",\"@id\":\"https:\/\/gelt.com\/es\/#website\",\"url\":\"https:\/\/gelt.com\/es\/\",\"name\":\"Gelt Espa\u00f1a\",\"description\":\"Gelt - Dinero que vuelve\",\"potentialAction\":[{\"@type\":\"SearchAction\",\"target\":{\"@type\":\"EntryPoint\",\"urlTemplate\":\"https:\/\/gelt.com\/es\/?s={search_term_string}\"},\"query-input\":\"required name=search_term_string\"}],\"inLanguage\":\"es\"}]}<\/script>\n<!-- \/ Yoast SEO plugin. -->","yoast_head_json":{"title":"Glade - Gelt Espa\u00f1a","robots":{"index":"index","follow":"follow","max-snippet":"max-snippet:-1","max-image-preview":"max-image-preview:large","max-video-preview":"max-video-preview:-1"},"canonical":"https:\/\/gelt.com\/es\/bases-legales\/glade\/","og_locale":"es_ES","og_type":"article","og_title":"Glade - Gelt Espa\u00f1a","og_description":"[vc_row][vc_column][vc_empty_space][vc_empty_space][vc_column_text] BASES DE LA PROMOCI\u00d3N\u00a0 \u201cPRU\u00c9BAME GRATIS AROMATHERAPY\u201d [\/vc_column_text][vc_empty_space][vc_empty_space][vc_column_text]*La presente promoci\u00f3n a partir de la fecha 1 de Noviembre se ampl\u00eda en 400 unidades de los productos promocionados, en las mismas condiciones establecidas en las presentes bases legales, con una particularidad: estas nuevas unidades de producto, para poder aplicar en la presente promoci\u00f3n, deben ser adquiridas en tiendas CLAREL [https:\/\/www.clarel.es\/es\/] y por tanto el correspondiente ticket de compra debe ser de tiendas CLAREL.[\/vc_column_text][vc_empty_space][vc_empty_space][vc_column_text] 1.- Compa\u00f1\u00eda... Read more","og_url":"https:\/\/gelt.com\/es\/bases-legales\/glade\/","og_site_name":"Gelt Espa\u00f1a","article_modified_time":"2022-10-20T14:12:23+00:00","twitter_card":"summary_large_image","twitter_misc":{"Tiempo de lectura":"9 minutos"},"schema":{"@context":"https:\/\/schema.org","@graph":[{"@type":"WebPage","@id":"https:\/\/gelt.com\/es\/bases-legales\/glade\/","url":"https:\/\/gelt.com\/es\/bases-legales\/glade\/","name":"Glade - Gelt Espa\u00f1a","isPartOf":{"@id":"https:\/\/gelt.com\/es\/#website"},"datePublished":"2022-09-29T15:37:31+00:00","dateModified":"2022-10-20T14:12:23+00:00","breadcrumb":{"@id":"https:\/\/gelt.com\/es\/bases-legales\/glade\/#breadcrumb"},"inLanguage":"es","potentialAction":[{"@type":"ReadAction","target":["https:\/\/gelt.com\/es\/bases-legales\/glade\/"]}]},{"@type":"BreadcrumbList","@id":"https:\/\/gelt.com\/es\/bases-legales\/glade\/#breadcrumb","itemListElement":[{"@type":"ListItem","position":1,"name":"Portada","item":"https:\/\/gelt.com\/es\/"},{"@type":"ListItem","position":2,"name":"BASES Y CONDICIONES LEGALES","item":"https:\/\/gelt.com\/es\/bases-legales\/"},{"@type":"ListItem","position":3,"name":"Glade"}]},{"@type":"WebSite","@id":"https:\/\/gelt.com\/es\/#website","url":"https:\/\/gelt.com\/es\/","name":"Gelt Espa\u00f1a","description":"Gelt - Dinero que vuelve","potentialAction":[{"@type":"SearchAction","target":{"@type":"EntryPoint","urlTemplate":"https:\/\/gelt.com\/es\/?s={search_term_string}"},"query-input":"required name=search_term_string"}],"inLanguage":"es"}]}},"_links":{"self":[{"href":"https:\/\/gelt.com\/es\/wp-json\/wp\/v2\/pages\/145408"}],"collection":[{"href":"https:\/\/gelt.com\/es\/wp-json\/wp\/v2\/pages"}],"about":[{"href":"https:\/\/gelt.com\/es\/wp-json\/wp\/v2\/types\/page"}],"author":[{"embeddable":true,"href":"https:\/\/gelt.com\/es\/wp-json\/wp\/v2\/users\/20"}],"replies":[{"embeddable":true,"href":"https:\/\/gelt.com\/es\/wp-json\/wp\/v2\/comments?post=145408"}],"version-history":[{"count":4,"href":"https:\/\/gelt.com\/es\/wp-json\/wp\/v2\/pages\/145408\/revisions"}],"predecessor-version":[{"id":145414,"href":"https:\/\/gelt.com\/es\/wp-json\/wp\/v2\/pages\/145408\/revisions\/145414"}],"up":[{"embeddable":true,"href":"https:\/\/gelt.com\/es\/wp-json\/wp\/v2\/pages\/144241"}],"wp:attachment":[{"href":"https:\/\/gelt.com\/es\/wp-json\/wp\/v2\/media?parent=145408"}],"curies":[{"name":"wp","href":"https:\/\/api.w.org\/{rel}","templated":true}]}}