{"id":145972,"date":"2022-10-28T12:15:12","date_gmt":"2022-10-28T10:15:12","guid":{"rendered":"https:\/\/gelt.com\/es\/?page_id=145972"},"modified":"2022-10-28T12:39:07","modified_gmt":"2022-10-28T10:39:07","slug":"consentimiento-trapa","status":"publish","type":"page","link":"https:\/\/gelt.com\/es\/bases-legales\/consentimiento-trapa\/","title":{"rendered":"CONSENTIMIENTO INFORMADO PARA EL TRATAMIENTO DE DATOS PERSONALES ESPEC\u00cdFICO RELATIVO A LA PROMOCI\u00d3N \u201cCHOCOLATES TRAPA\u201d"},"content":{"rendered":"<p>[vc_row][vc_column][vc_empty_space][vc_empty_space][vc_empty_space][vc_column_text]<\/p>\r\n<p><strong>CONSENTIMIENTO INFORMADO PARA EL TRATAMIENTO DE DATOS PERSONALES ESPEC\u00cdFICO RELATIVO A LA PROMOCI\u00d3N \u201cCHOCOLATES TRAPA\u201d<\/strong><\/p>\r\n<ol type=\"1\">\r\n<li>\r\n<p class=\"p1\">En cumplimiento de lo establecido en el Reglamento (UE) 2016\/679 del Parlamento Europeo y del Consejo, de 27 de abril de 2016, relativo a la protecci\u00f3n de las personas f\u00edsicas en lo que respecta al tratamiento de datos personales y a la libre circulaci\u00f3n de estos datos (en adelante, \u201c<b>RGPD<\/b>\u201d), as\u00ed como en la Ley Org\u00e1nica 3\/2018, de 5 de diciembre, de Protecci\u00f3n de Datos Personales y garant\u00eda de los derechos digitales (en adelante, \u201c<b>LOPDGDD<\/b>\u201d), para el tratamiento de datos personales concreto que va a ser llevado a cabo por los Organizadores, es necesario que el participante preste su consentimiento activo, libre e informado sobre el tratamiento de sus datos personales.<\/p>\r\n<p class=\"p1\">Este tratamiento de datos personales, independiente de los tratamientos que EL ORGANIZADOR realiza normalmente, es espec\u00edfico para los participantes de la Promoci\u00f3n que lo acepten.<span class=\"Apple-converted-space\">\u00a0<\/span><\/p>\r\n<p class=\"p1\"><b>Responsable<\/b>: El Responsable de Tratamiento de datos de car\u00e1cter personal es la entidad mercantil La entidad \u201c<b>Europraline SL<\/b>\u201d, provista del CIF, B34262105, y con domicilio en Autov\u00eda A-62, Km 90, Due\u00f1as. 64208-Palencia. Palencia-Espa\u00f1a, el tel\u00e9fono de contacto es 979770500 y el correo electr\u00f3nico de contacto es lopd@trapa.com<\/p>\r\n<p class=\"p1\"><b>Finalidades<\/b>: Participaci\u00f3n en la Promoci\u00f3n \u201cCHOCOLATES TRAPA\u201d y entregar el premio al ganador.<span class=\"Apple-converted-space\">\u00a0<\/span><\/p>\r\n<p class=\"p1\"><b>Datos que se recaban<\/b>: Nombre y apellidos; direcci\u00f3n postal, email, n\u00famero de tel\u00e9fono m\u00f3vil e IBAN de la cuenta bancaria.<span class=\"Apple-converted-space\">\u00a0<\/span><\/p>\r\n<p class=\"p1\"><b>Legitimaci\u00f3n<\/b>: La base legal para el tratamiento de sus datos personales es el consentimiento del interesado y el cumplimiento de las bases legales de la Promoci\u00f3n.<\/p>\r\n<p class=\"p1\"><b>Destinatarios<\/b>. El Responsable de Tratamiento, \u00fanicamente, comunicar\u00e1n sus datos a la entidad transportista que entregar\u00e1 el premio al ganador. Sin perjuicio de lo anterior, no ceder\u00e1 sus datos a terceros, excepto para el cumplimiento de las obligaciones legales a las que venga obligada (Administraciones P\u00fablicas, entidades financieras, aseguradoras).<\/p>\r\n<p class=\"p1\"><b>Conservaci\u00f3n de datos<\/b>: Los datos recabados y proporcionados ser\u00e1n conservados el tiempo m\u00ednimo necesario para los fines autorizados para la participaci\u00f3n en la Promoci\u00f3n. Una vez finalizado el tratamiento necesario para las acciones referidas, los datos ser\u00e1n bloqueados en las bases de datos del Responsable de Tratamiento y se suprimir\u00e1n cuando transcurran los plazos legales establecidos.<span class=\"Apple-converted-space\">\u00a0<\/span><\/p>\r\n<p class=\"p1\"><b>Derechos y posibilidad de reclamaci\u00f3n<\/b>: En todo momento, se podr\u00e1 ejercer los derechos de acceso, rectificaci\u00f3n, supresi\u00f3n y oposici\u00f3n, portabilidad y limitaci\u00f3n del tratamiento, recogidos en el RGPD y en la LOPDGDD, enviando su petici\u00f3n mediante correo electr\u00f3nico a <a href=\"mailto:lopd@trapa.com\"><span class=\"s1\">lopd@trapa.com<\/span><\/a><\/p>\r\n<p class=\"p1\">Si considera que el tratamiento no se ajusta a la normativa vigente de protecci\u00f3n de datos, tiene derecho a presentar una reclamaci\u00f3n ante la autoridad de control (Agencia Espa\u00f1ola de Protecci\u00f3n de Datos) en <a href=\"http:\/\/www.aepd.es\"><span class=\"s1\">www.aepd.es<\/span><\/a>, aunque es compromiso de EL ORGANIZADOR garantizar la privacidad y la seguridad de los datos y resolver internamente cualquier cuesti\u00f3n con ellas relacionada.<\/p>\r\n<p class=\"p1\">Adem\u00e1s, el participante tiene la posibilidad y el derecho a retirar el consentimiento para cualquiera finalidad espec\u00edfica otorgada en su momento, sin que ello afecte a la licitud del tratamiento basado en el consentimiento previo a su retirada.<\/p>\r\n<\/li>\r\n<\/ol>\r\n\r\n<p>&nbsp;<\/p>\r\n<p>[\/vc_column_text][\/vc_column][\/vc_row]<\/p>","protected":false},"excerpt":{"rendered":"<p>[vc_row][vc_column][vc_empty_space][vc_empty_space][vc_empty_space][vc_column_text] CONSENTIMIENTO INFORMADO PARA EL TRATAMIENTO DE DATOS PERSONALES ESPEC\u00cdFICO RELATIVO A LA PROMOCI\u00d3N \u201cCHOCOLATES TRAPA\u201d En cumplimiento de lo establecido en el Reglamento (UE) 2016\/679 del Parlamento Europeo y del Consejo, de 27 de abril de 2016, relativo a la protecci\u00f3n de las personas f\u00edsicas en lo que respecta al tratamiento de datos personales y a la libre circulaci\u00f3n de estos datos (en adelante, \u201cRGPD\u201d), as\u00ed como en la Ley Org\u00e1nica 3\/2018, de 5&#8230;  <\/p>\n<div class=\"read-more\"><a class=\"excerpt-read-more\" href=\"https:\/\/gelt.com\/es\/bases-legales\/consentimiento-trapa\/\" title=\"Continue reading CONSENTIMIENTO INFORMADO PARA EL TRATAMIENTO DE DATOS PERSONALES ESPEC\u00cdFICO RELATIVO A LA PROMOCI\u00d3N \u201cCHOCOLATES TRAPA\u201d\">Read more<i class=\"fa fa-angle-right\"><\/i><\/a><\/div>\n","protected":false},"author":20,"featured_media":0,"parent":144241,"menu_order":0,"comment_status":"closed","ping_status":"closed","template":"","meta":{"content-type":"","footnotes":""},"yoast_head":"<!-- This site is optimized with the Yoast SEO plugin v21.9.1 - https:\/\/yoast.com\/wordpress\/plugins\/seo\/ -->\n<title>CONSENTIMIENTO INFORMADO PARA EL TRATAMIENTO DE DATOS PERSONALES ESPEC\u00cdFICO RELATIVO A LA PROMOCI\u00d3N \u201cCHOCOLATES TRAPA\u201d - Gelt Espa\u00f1a<\/title>\n<meta name=\"robots\" content=\"index, follow, max-snippet:-1, max-image-preview:large, max-video-preview:-1\" \/>\n<link rel=\"canonical\" href=\"https:\/\/gelt.com\/es\/bases-legales\/consentimiento-trapa\/\" \/>\n<meta property=\"og:locale\" content=\"es_ES\" \/>\n<meta property=\"og:type\" content=\"article\" \/>\n<meta property=\"og:title\" content=\"CONSENTIMIENTO INFORMADO PARA EL TRATAMIENTO DE DATOS PERSONALES ESPEC\u00cdFICO RELATIVO A LA PROMOCI\u00d3N \u201cCHOCOLATES TRAPA\u201d - Gelt Espa\u00f1a\" \/>\n<meta property=\"og:description\" content=\"[vc_row][vc_column][vc_empty_space][vc_empty_space][vc_empty_space][vc_column_text] CONSENTIMIENTO INFORMADO PARA EL TRATAMIENTO DE DATOS PERSONALES ESPEC\u00cdFICO RELATIVO A LA PROMOCI\u00d3N \u201cCHOCOLATES TRAPA\u201d En cumplimiento de lo establecido en el Reglamento (UE) 2016\/679 del Parlamento Europeo y del Consejo, de 27 de abril de 2016, relativo a la protecci\u00f3n de las personas f\u00edsicas en lo que respecta al tratamiento de datos personales y a la libre circulaci\u00f3n de estos datos (en adelante, \u201cRGPD\u201d), as\u00ed como en la Ley Org\u00e1nica 3\/2018, de 5... Read more\" \/>\n<meta property=\"og:url\" content=\"https:\/\/gelt.com\/es\/bases-legales\/consentimiento-trapa\/\" \/>\n<meta property=\"og:site_name\" content=\"Gelt Espa\u00f1a\" \/>\n<meta property=\"article:modified_time\" content=\"2022-10-28T10:39:07+00:00\" \/>\n<meta name=\"twitter:card\" content=\"summary_large_image\" \/>\n<meta name=\"twitter:label1\" content=\"Tiempo de lectura\" \/>\n\t<meta name=\"twitter:data1\" content=\"3 minutos\" \/>\n<script type=\"application\/ld+json\" class=\"yoast-schema-graph\">{\"@context\":\"https:\/\/schema.org\",\"@graph\":[{\"@type\":\"WebPage\",\"@id\":\"https:\/\/gelt.com\/es\/bases-legales\/consentimiento-trapa\/\",\"url\":\"https:\/\/gelt.com\/es\/bases-legales\/consentimiento-trapa\/\",\"name\":\"CONSENTIMIENTO INFORMADO PARA EL TRATAMIENTO DE DATOS PERSONALES ESPEC\u00cdFICO RELATIVO A LA PROMOCI\u00d3N \u201cCHOCOLATES TRAPA\u201d - Gelt Espa\u00f1a\",\"isPartOf\":{\"@id\":\"https:\/\/gelt.com\/es\/#website\"},\"datePublished\":\"2022-10-28T10:15:12+00:00\",\"dateModified\":\"2022-10-28T10:39:07+00:00\",\"breadcrumb\":{\"@id\":\"https:\/\/gelt.com\/es\/bases-legales\/consentimiento-trapa\/#breadcrumb\"},\"inLanguage\":\"es\",\"potentialAction\":[{\"@type\":\"ReadAction\",\"target\":[\"https:\/\/gelt.com\/es\/bases-legales\/consentimiento-trapa\/\"]}]},{\"@type\":\"BreadcrumbList\",\"@id\":\"https:\/\/gelt.com\/es\/bases-legales\/consentimiento-trapa\/#breadcrumb\",\"itemListElement\":[{\"@type\":\"ListItem\",\"position\":1,\"name\":\"Portada\",\"item\":\"https:\/\/gelt.com\/es\/\"},{\"@type\":\"ListItem\",\"position\":2,\"name\":\"BASES Y CONDICIONES LEGALES\",\"item\":\"https:\/\/gelt.com\/es\/bases-legales\/\"},{\"@type\":\"ListItem\",\"position\":3,\"name\":\"CONSENTIMIENTO INFORMADO PARA EL TRATAMIENTO DE DATOS PERSONALES ESPEC\u00cdFICO RELATIVO A LA PROMOCI\u00d3N \u201cCHOCOLATES TRAPA\u201d\"}]},{\"@type\":\"WebSite\",\"@id\":\"https:\/\/gelt.com\/es\/#website\",\"url\":\"https:\/\/gelt.com\/es\/\",\"name\":\"Gelt Espa\u00f1a\",\"description\":\"Gelt - Dinero que vuelve\",\"potentialAction\":[{\"@type\":\"SearchAction\",\"target\":{\"@type\":\"EntryPoint\",\"urlTemplate\":\"https:\/\/gelt.com\/es\/?s={search_term_string}\"},\"query-input\":\"required name=search_term_string\"}],\"inLanguage\":\"es\"}]}<\/script>\n<!-- \/ Yoast SEO plugin. -->","yoast_head_json":{"title":"CONSENTIMIENTO INFORMADO PARA EL TRATAMIENTO DE DATOS PERSONALES ESPEC\u00cdFICO RELATIVO A LA PROMOCI\u00d3N \u201cCHOCOLATES TRAPA\u201d - Gelt Espa\u00f1a","robots":{"index":"index","follow":"follow","max-snippet":"max-snippet:-1","max-image-preview":"max-image-preview:large","max-video-preview":"max-video-preview:-1"},"canonical":"https:\/\/gelt.com\/es\/bases-legales\/consentimiento-trapa\/","og_locale":"es_ES","og_type":"article","og_title":"CONSENTIMIENTO INFORMADO PARA EL TRATAMIENTO DE DATOS PERSONALES ESPEC\u00cdFICO RELATIVO A LA PROMOCI\u00d3N \u201cCHOCOLATES TRAPA\u201d - Gelt Espa\u00f1a","og_description":"[vc_row][vc_column][vc_empty_space][vc_empty_space][vc_empty_space][vc_column_text] CONSENTIMIENTO INFORMADO PARA EL TRATAMIENTO DE DATOS PERSONALES ESPEC\u00cdFICO RELATIVO A LA PROMOCI\u00d3N \u201cCHOCOLATES TRAPA\u201d En cumplimiento de lo establecido en el Reglamento (UE) 2016\/679 del Parlamento Europeo y del Consejo, de 27 de abril de 2016, relativo a la protecci\u00f3n de las personas f\u00edsicas en lo que respecta al tratamiento de datos personales y a la libre circulaci\u00f3n de estos datos (en adelante, \u201cRGPD\u201d), as\u00ed como en la Ley Org\u00e1nica 3\/2018, de 5... Read more","og_url":"https:\/\/gelt.com\/es\/bases-legales\/consentimiento-trapa\/","og_site_name":"Gelt Espa\u00f1a","article_modified_time":"2022-10-28T10:39:07+00:00","twitter_card":"summary_large_image","twitter_misc":{"Tiempo de lectura":"3 minutos"},"schema":{"@context":"https:\/\/schema.org","@graph":[{"@type":"WebPage","@id":"https:\/\/gelt.com\/es\/bases-legales\/consentimiento-trapa\/","url":"https:\/\/gelt.com\/es\/bases-legales\/consentimiento-trapa\/","name":"CONSENTIMIENTO INFORMADO PARA EL TRATAMIENTO DE DATOS PERSONALES ESPEC\u00cdFICO RELATIVO A LA PROMOCI\u00d3N \u201cCHOCOLATES TRAPA\u201d - Gelt Espa\u00f1a","isPartOf":{"@id":"https:\/\/gelt.com\/es\/#website"},"datePublished":"2022-10-28T10:15:12+00:00","dateModified":"2022-10-28T10:39:07+00:00","breadcrumb":{"@id":"https:\/\/gelt.com\/es\/bases-legales\/consentimiento-trapa\/#breadcrumb"},"inLanguage":"es","potentialAction":[{"@type":"ReadAction","target":["https:\/\/gelt.com\/es\/bases-legales\/consentimiento-trapa\/"]}]},{"@type":"BreadcrumbList","@id":"https:\/\/gelt.com\/es\/bases-legales\/consentimiento-trapa\/#breadcrumb","itemListElement":[{"@type":"ListItem","position":1,"name":"Portada","item":"https:\/\/gelt.com\/es\/"},{"@type":"ListItem","position":2,"name":"BASES Y CONDICIONES LEGALES","item":"https:\/\/gelt.com\/es\/bases-legales\/"},{"@type":"ListItem","position":3,"name":"CONSENTIMIENTO INFORMADO PARA EL TRATAMIENTO DE DATOS PERSONALES ESPEC\u00cdFICO RELATIVO A LA PROMOCI\u00d3N \u201cCHOCOLATES TRAPA\u201d"}]},{"@type":"WebSite","@id":"https:\/\/gelt.com\/es\/#website","url":"https:\/\/gelt.com\/es\/","name":"Gelt Espa\u00f1a","description":"Gelt - Dinero que vuelve","potentialAction":[{"@type":"SearchAction","target":{"@type":"EntryPoint","urlTemplate":"https:\/\/gelt.com\/es\/?s={search_term_string}"},"query-input":"required name=search_term_string"}],"inLanguage":"es"}]}},"_links":{"self":[{"href":"https:\/\/gelt.com\/es\/wp-json\/wp\/v2\/pages\/145972"}],"collection":[{"href":"https:\/\/gelt.com\/es\/wp-json\/wp\/v2\/pages"}],"about":[{"href":"https:\/\/gelt.com\/es\/wp-json\/wp\/v2\/types\/page"}],"author":[{"embeddable":true,"href":"https:\/\/gelt.com\/es\/wp-json\/wp\/v2\/users\/20"}],"replies":[{"embeddable":true,"href":"https:\/\/gelt.com\/es\/wp-json\/wp\/v2\/comments?post=145972"}],"version-history":[{"count":4,"href":"https:\/\/gelt.com\/es\/wp-json\/wp\/v2\/pages\/145972\/revisions"}],"predecessor-version":[{"id":145987,"href":"https:\/\/gelt.com\/es\/wp-json\/wp\/v2\/pages\/145972\/revisions\/145987"}],"up":[{"embeddable":true,"href":"https:\/\/gelt.com\/es\/wp-json\/wp\/v2\/pages\/144241"}],"wp:attachment":[{"href":"https:\/\/gelt.com\/es\/wp-json\/wp\/v2\/media?parent=145972"}],"curies":[{"name":"wp","href":"https:\/\/api.w.org\/{rel}","templated":true}]}}