{"id":146657,"date":"2022-12-02T11:40:15","date_gmt":"2022-12-02T10:40:15","guid":{"rendered":"https:\/\/gelt.com\/es\/?page_id=146657"},"modified":"2022-12-02T11:40:15","modified_gmt":"2022-12-02T10:40:15","slug":"consentimiento-nescafe-gratis","status":"publish","type":"page","link":"https:\/\/gelt.com\/es\/bases-legales\/consentimiento-nescafe-gratis\/","title":{"rendered":"CONSENTIMIENTO NESCAF\u00c9 GRATIS"},"content":{"rendered":"<p>[vc_row][vc_column][vc_empty_space][vc_column_text]<\/p>\n<p class=\"p1\" style=\"text-align: center;\"><strong><span class=\"s1\">CONSENTIMIENTO INFORMADO PARA EL TRATAMIENTO DE DATOS PERSONALES ESPEC\u00cdFICO RELATIVO A LA PROMOCI\u00d3N <\/span><span class=\"s2\">NESCAF\u00c9 GRATIS<\/span>.<\/strong><\/p>\n<p class=\"p3\">En cumplimiento de lo establecido en Reglamento (UE) 2016\/679 del Parlamento Europeo y del Consejo, de 27 de abril de 2016, relativo a la protecci\u00f3n de las personas f\u00edsicas en lo que respecta al tratamiento de datos personales y a la libre circulaci\u00f3n de estos datos (en adelante \u201cRGPD\u201d), as\u00ed como en la Ley Org\u00e1nica 3\/2018, de 5 de diciembre, de Protecci\u00f3n de Datos Personales y garant\u00eda de los derechos digitales (en adelante \u201cLOPDGDD\u201d) para el tratamiento de datos personales concreto que va a ser llevado a cabo por DINERO GELT S.L.<span class=\"Apple-converted-space\">\u00a0 <\/span>es necesario que el participante\/usuario\/usuaria preste su consentimiento activo, libre e informado sobre el tratamiento de sus datos personales.<span class=\"Apple-converted-space\">\u00a0<\/span><\/p>\n<p class=\"p5\"><b>Responsable<\/b>: El Responsable de Tratamiento de Datos de Car\u00e1cter Personal es la entidad mercantil DINERO GELT S.L. (en adelante \u201cGELT\u201d), provista del CIF B87368692 y con domicilio social en Calle Arturo Soria 97-A, 28027, Madrid, inscrita en el Registro Mercantil de Madrid en la Hoja M-609192, Tomo 33849 y Folio 148. Su direcci\u00f3n de e-mail es <a href=\"mailto:hola@gelt.com\"><span class=\"s3\">hola@gelt.com<\/span><\/a><span class=\"s3\"><span class=\"Apple-converted-space\">\u00a0<\/span><\/span><\/p>\n<p class=\"p5\">Tambi\u00e9n puede consultar al Delegado de Protecci\u00f3n de Datos (DPD) de GELT, que es responsable de garantizar que los derechos y libertades de los interesados \u200b\u200bno se vean afectados negativamente por las operaciones de tratamiento de datos, para obtener una opini\u00f3n sobre las operaciones de tratamiento de datos, ya sea que conciernan a usted o que usted lleva a cabo. Su e-mail: <a href=\"mailto:dpd@gelt.com\"><span class=\"s3\">dpd@gelt.com<\/span><\/a><span class=\"s3\"><span class=\"Apple-converted-space\">\u00a0<\/span><\/span><\/p>\n<p class=\"p5\"><b>Finalidades:<\/b><span class=\"Apple-converted-space\">\u00a0<\/span><\/p>\n<ul class=\"ul1\">\n<li class=\"li5\">El cumplimiento por parte del Responsabls de Tratamiento de las condiciones y t\u00e9rminos de la Promoci\u00f3n <b>NESCAF\u00c9 GRATIS.<\/b><\/li>\n<li class=\"li5\">Ingresar en la cuenta bancaria del usuario la cantidad de cashback (reembolso) que ha obtenido por sus compras.<span class=\"Apple-converted-space\">\u00a0<\/span><\/li>\n<li class=\"li5\">Env\u00edo de comunicaciones comerciales a los usuarios para promociones.<span class=\"Apple-converted-space\">\u00a0<\/span><\/li>\n<\/ul>\n<p class=\"p5\"><b>Datos que se recaban<\/b>:<span class=\"Apple-converted-space\">\u00a0<\/span><\/p>\n<ul class=\"ul1\">\n<li class=\"li5\">Nombre y apellidos<\/li>\n<\/ul>\n<ul class=\"ul1\">\n<li class=\"li5\">e-mail<\/li>\n<\/ul>\n<ul class=\"ul1\">\n<li class=\"li5\">n\u00famero de tel\u00e9fono m\u00f3vil<\/li>\n<\/ul>\n<ul class=\"ul1\">\n<li class=\"li5\">n\u00famero de DNI<span class=\"Apple-converted-space\">\u00a0<\/span><\/li>\n<\/ul>\n<ul class=\"ul1\">\n<li class=\"li5\">Ticket de compra.<span class=\"Apple-converted-space\">\u00a0<\/span><\/li>\n<\/ul>\n<ul class=\"ul1\">\n<li class=\"li5\">Direcci\u00f3n Postal<\/li>\n<\/ul>\n<ul class=\"ul1\">\n<li class=\"li5\">IBAN o cuenta corriente.<\/li>\n<\/ul>\n<p class=\"p5\"><b>Legitimaci\u00f3n<\/b>: La base legal para el tratamiento de sus datos personales es su consentimiento del usuario y la obligaci\u00f3n del Responsable para prestar el servicio a los usuarios.<span class=\"Apple-converted-space\">\u00a0<\/span><\/p>\n<p class=\"p5\">Los datos que se solicitan son adecuados, pertinentes y estrictamente necesarios y en ning\u00fan caso est\u00e1 obligado a facilitarlos.<span class=\"Apple-converted-space\">\u00a0<\/span><\/p>\n<p class=\"p5\"><b>Destinatarios<\/b>: El destinatario primero de los datos personales es el Responsable de Tratamiento. <span class=\"Apple-converted-space\">\u00a0<\/span><\/p>\n<p class=\"p5\">Asimismo, el Responsable comunicar\u00e1 a su entidad bancaria su n\u00famero de cuenta corriente para hacer el ingreso del cashback. <span class=\"Apple-converted-space\">\u00a0<\/span><\/p>\n<p class=\"p5\">Sin perjuicio de la comunicaci\u00f3n anterior, el Responsable no ceder\u00e1 sus datos a terceros excepto para el cumplimiento de las obligaciones legales a las que vengamos obligados (Administraciones P\u00fablicas, entidades financieras, aseguradoras).<\/p>\n<p class=\"p5\"><b>Conservaci\u00f3n de datos<\/b>: Los datos recabados y proporcionados ser\u00e1n conservados el tiempo m\u00ednimo necesario para los fines autorizados. Una vez finalizado el tratamiento necesario para las acciones referidas los datos ser\u00e1n bloqueados en las bases de datos de los Responsables y se suprimir\u00e1n cuando transcurran los plazos legales establecidos.<span class=\"Apple-converted-space\">\u00a0<\/span><\/p>\n<p class=\"p5\"><b>Derechos y posibilidad de reclamaci\u00f3n<\/b>: En todo momento, se podr\u00e1 ejercer los derechos de acceso, rectificaci\u00f3n, supresi\u00f3n y oposici\u00f3n, portabilidad y limitaci\u00f3n del tratamiento, recogidos en el RGPD y en la LOPDGDD, enviando su petici\u00f3n mediante correo electr\u00f3nico al Delegado de Protecci\u00f3n de Datos indicado.<span class=\"Apple-converted-space\">\u00a0<\/span><\/p>\n<p class=\"p5\">Si considera que el tratamiento no se ajusta a la normativa vigente de protecci\u00f3n de datos, tiene derecho a presentar una reclamaci\u00f3n ante la autoridad de control (Agencia Espa\u00f1ola de Protecci\u00f3n de Datos) en <a href=\"http:\/\/www.agpd.es\"><span class=\"s5\">www.agpd.es<\/span><\/a>, aunque es compromiso del Responsable\u00a0garantizar la privacidad y la seguridad de los datos y resolver internamente cualquier cuesti\u00f3n con ellas relacionada.<\/p>\n<p class=\"p5\">Adem\u00e1s, el usuario o usuaria tiene la posibilidad y el derecho a retirar el consentimiento para cualquiera finalidad espec\u00edfica otorgada en su momento, sin que ello afecte a la licitud del tratamiento basado en el consentimiento previo a su retirada.<\/p>\n<p class=\"p5\">[<span class=\"s6\">FECHA Y LUGAR \u2013 ENTIENDO QUE LO RECOGE EL FORMULARIO<\/span>]<\/p>\n<p>[\/vc_column_text][\/vc_column][\/vc_row]<\/p>\n","protected":false},"excerpt":{"rendered":"<p>[vc_row][vc_column][vc_empty_space][vc_column_text] CONSENTIMIENTO INFORMADO PARA EL TRATAMIENTO DE DATOS PERSONALES ESPEC\u00cdFICO RELATIVO A LA PROMOCI\u00d3N NESCAF\u00c9 GRATIS. En cumplimiento de lo establecido en Reglamento (UE) 2016\/679 del Parlamento Europeo y del Consejo, de 27 de abril de 2016, relativo a la protecci\u00f3n de las personas f\u00edsicas en lo que respecta al tratamiento de datos personales y a la libre circulaci\u00f3n de estos datos (en adelante \u201cRGPD\u201d), as\u00ed como en la Ley Org\u00e1nica 3\/2018, de 5 de&#8230;  <\/p>\n<div class=\"read-more\"><a class=\"excerpt-read-more\" href=\"https:\/\/gelt.com\/es\/bases-legales\/consentimiento-nescafe-gratis\/\" title=\"Continue reading CONSENTIMIENTO NESCAF\u00c9 GRATIS\">Read more<i class=\"fa fa-angle-right\"><\/i><\/a><\/div>\n","protected":false},"author":20,"featured_media":0,"parent":144241,"menu_order":0,"comment_status":"closed","ping_status":"closed","template":"","meta":{"content-type":"","footnotes":""},"yoast_head":"<!-- This site is optimized with the Yoast SEO plugin v21.9.1 - https:\/\/yoast.com\/wordpress\/plugins\/seo\/ -->\n<title>CONSENTIMIENTO NESCAF\u00c9 GRATIS - Gelt Espa\u00f1a<\/title>\n<meta name=\"robots\" content=\"index, follow, max-snippet:-1, max-image-preview:large, max-video-preview:-1\" \/>\n<link rel=\"canonical\" href=\"https:\/\/gelt.com\/es\/bases-legales\/consentimiento-nescafe-gratis\/\" \/>\n<meta property=\"og:locale\" content=\"es_ES\" \/>\n<meta property=\"og:type\" content=\"article\" \/>\n<meta property=\"og:title\" content=\"CONSENTIMIENTO NESCAF\u00c9 GRATIS - Gelt Espa\u00f1a\" \/>\n<meta property=\"og:description\" content=\"[vc_row][vc_column][vc_empty_space][vc_column_text] CONSENTIMIENTO INFORMADO PARA EL TRATAMIENTO DE DATOS PERSONALES ESPEC\u00cdFICO RELATIVO A LA PROMOCI\u00d3N NESCAF\u00c9 GRATIS. En cumplimiento de lo establecido en Reglamento (UE) 2016\/679 del Parlamento Europeo y del Consejo, de 27 de abril de 2016, relativo a la protecci\u00f3n de las personas f\u00edsicas en lo que respecta al tratamiento de datos personales y a la libre circulaci\u00f3n de estos datos (en adelante \u201cRGPD\u201d), as\u00ed como en la Ley Org\u00e1nica 3\/2018, de 5 de... Read more\" \/>\n<meta property=\"og:url\" content=\"https:\/\/gelt.com\/es\/bases-legales\/consentimiento-nescafe-gratis\/\" \/>\n<meta property=\"og:site_name\" content=\"Gelt Espa\u00f1a\" \/>\n<meta name=\"twitter:card\" content=\"summary_large_image\" \/>\n<meta name=\"twitter:label1\" content=\"Tiempo de lectura\" \/>\n\t<meta name=\"twitter:data1\" content=\"3 minutos\" \/>\n<script type=\"application\/ld+json\" class=\"yoast-schema-graph\">{\"@context\":\"https:\/\/schema.org\",\"@graph\":[{\"@type\":\"WebPage\",\"@id\":\"https:\/\/gelt.com\/es\/bases-legales\/consentimiento-nescafe-gratis\/\",\"url\":\"https:\/\/gelt.com\/es\/bases-legales\/consentimiento-nescafe-gratis\/\",\"name\":\"CONSENTIMIENTO NESCAF\u00c9 GRATIS - Gelt Espa\u00f1a\",\"isPartOf\":{\"@id\":\"https:\/\/gelt.com\/es\/#website\"},\"datePublished\":\"2022-12-02T10:40:15+00:00\",\"dateModified\":\"2022-12-02T10:40:15+00:00\",\"breadcrumb\":{\"@id\":\"https:\/\/gelt.com\/es\/bases-legales\/consentimiento-nescafe-gratis\/#breadcrumb\"},\"inLanguage\":\"es\",\"potentialAction\":[{\"@type\":\"ReadAction\",\"target\":[\"https:\/\/gelt.com\/es\/bases-legales\/consentimiento-nescafe-gratis\/\"]}]},{\"@type\":\"BreadcrumbList\",\"@id\":\"https:\/\/gelt.com\/es\/bases-legales\/consentimiento-nescafe-gratis\/#breadcrumb\",\"itemListElement\":[{\"@type\":\"ListItem\",\"position\":1,\"name\":\"Portada\",\"item\":\"https:\/\/gelt.com\/es\/\"},{\"@type\":\"ListItem\",\"position\":2,\"name\":\"BASES Y CONDICIONES LEGALES\",\"item\":\"https:\/\/gelt.com\/es\/bases-legales\/\"},{\"@type\":\"ListItem\",\"position\":3,\"name\":\"CONSENTIMIENTO NESCAF\u00c9 GRATIS\"}]},{\"@type\":\"WebSite\",\"@id\":\"https:\/\/gelt.com\/es\/#website\",\"url\":\"https:\/\/gelt.com\/es\/\",\"name\":\"Gelt Espa\u00f1a\",\"description\":\"Gelt - Dinero que vuelve\",\"potentialAction\":[{\"@type\":\"SearchAction\",\"target\":{\"@type\":\"EntryPoint\",\"urlTemplate\":\"https:\/\/gelt.com\/es\/?s={search_term_string}\"},\"query-input\":\"required name=search_term_string\"}],\"inLanguage\":\"es\"}]}<\/script>\n<!-- \/ Yoast SEO plugin. -->","yoast_head_json":{"title":"CONSENTIMIENTO NESCAF\u00c9 GRATIS - Gelt Espa\u00f1a","robots":{"index":"index","follow":"follow","max-snippet":"max-snippet:-1","max-image-preview":"max-image-preview:large","max-video-preview":"max-video-preview:-1"},"canonical":"https:\/\/gelt.com\/es\/bases-legales\/consentimiento-nescafe-gratis\/","og_locale":"es_ES","og_type":"article","og_title":"CONSENTIMIENTO NESCAF\u00c9 GRATIS - Gelt Espa\u00f1a","og_description":"[vc_row][vc_column][vc_empty_space][vc_column_text] CONSENTIMIENTO INFORMADO PARA EL TRATAMIENTO DE DATOS PERSONALES ESPEC\u00cdFICO RELATIVO A LA PROMOCI\u00d3N NESCAF\u00c9 GRATIS. En cumplimiento de lo establecido en Reglamento (UE) 2016\/679 del Parlamento Europeo y del Consejo, de 27 de abril de 2016, relativo a la protecci\u00f3n de las personas f\u00edsicas en lo que respecta al tratamiento de datos personales y a la libre circulaci\u00f3n de estos datos (en adelante \u201cRGPD\u201d), as\u00ed como en la Ley Org\u00e1nica 3\/2018, de 5 de... Read more","og_url":"https:\/\/gelt.com\/es\/bases-legales\/consentimiento-nescafe-gratis\/","og_site_name":"Gelt Espa\u00f1a","twitter_card":"summary_large_image","twitter_misc":{"Tiempo de lectura":"3 minutos"},"schema":{"@context":"https:\/\/schema.org","@graph":[{"@type":"WebPage","@id":"https:\/\/gelt.com\/es\/bases-legales\/consentimiento-nescafe-gratis\/","url":"https:\/\/gelt.com\/es\/bases-legales\/consentimiento-nescafe-gratis\/","name":"CONSENTIMIENTO NESCAF\u00c9 GRATIS - Gelt Espa\u00f1a","isPartOf":{"@id":"https:\/\/gelt.com\/es\/#website"},"datePublished":"2022-12-02T10:40:15+00:00","dateModified":"2022-12-02T10:40:15+00:00","breadcrumb":{"@id":"https:\/\/gelt.com\/es\/bases-legales\/consentimiento-nescafe-gratis\/#breadcrumb"},"inLanguage":"es","potentialAction":[{"@type":"ReadAction","target":["https:\/\/gelt.com\/es\/bases-legales\/consentimiento-nescafe-gratis\/"]}]},{"@type":"BreadcrumbList","@id":"https:\/\/gelt.com\/es\/bases-legales\/consentimiento-nescafe-gratis\/#breadcrumb","itemListElement":[{"@type":"ListItem","position":1,"name":"Portada","item":"https:\/\/gelt.com\/es\/"},{"@type":"ListItem","position":2,"name":"BASES Y CONDICIONES LEGALES","item":"https:\/\/gelt.com\/es\/bases-legales\/"},{"@type":"ListItem","position":3,"name":"CONSENTIMIENTO NESCAF\u00c9 GRATIS"}]},{"@type":"WebSite","@id":"https:\/\/gelt.com\/es\/#website","url":"https:\/\/gelt.com\/es\/","name":"Gelt Espa\u00f1a","description":"Gelt - Dinero que vuelve","potentialAction":[{"@type":"SearchAction","target":{"@type":"EntryPoint","urlTemplate":"https:\/\/gelt.com\/es\/?s={search_term_string}"},"query-input":"required name=search_term_string"}],"inLanguage":"es"}]}},"_links":{"self":[{"href":"https:\/\/gelt.com\/es\/wp-json\/wp\/v2\/pages\/146657"}],"collection":[{"href":"https:\/\/gelt.com\/es\/wp-json\/wp\/v2\/pages"}],"about":[{"href":"https:\/\/gelt.com\/es\/wp-json\/wp\/v2\/types\/page"}],"author":[{"embeddable":true,"href":"https:\/\/gelt.com\/es\/wp-json\/wp\/v2\/users\/20"}],"replies":[{"embeddable":true,"href":"https:\/\/gelt.com\/es\/wp-json\/wp\/v2\/comments?post=146657"}],"version-history":[{"count":2,"href":"https:\/\/gelt.com\/es\/wp-json\/wp\/v2\/pages\/146657\/revisions"}],"predecessor-version":[{"id":146663,"href":"https:\/\/gelt.com\/es\/wp-json\/wp\/v2\/pages\/146657\/revisions\/146663"}],"up":[{"embeddable":true,"href":"https:\/\/gelt.com\/es\/wp-json\/wp\/v2\/pages\/144241"}],"wp:attachment":[{"href":"https:\/\/gelt.com\/es\/wp-json\/wp\/v2\/media?parent=146657"}],"curies":[{"name":"wp","href":"https:\/\/api.w.org\/{rel}","templated":true}]}}