{"id":147539,"date":"2023-03-01T09:50:41","date_gmt":"2023-03-01T08:50:41","guid":{"rendered":"https:\/\/gelt.com\/es\/bases-legales\/consentimiento-cepsa\/"},"modified":"2023-03-01T16:30:16","modified_gmt":"2023-03-01T15:30:16","slug":"consentimiento-cepsa","status":"publish","type":"page","link":"https:\/\/gelt.com\/es\/bases-legales\/consentimiento-cepsa\/","title":{"rendered":"CONSENTIMIENTO LUBRICANTES CEPSA"},"content":{"rendered":"<p>[vc_row][vc_column][vc_empty_space][vc_empty_space][vc_column_text]<\/p>\n<p class=\"p1\" style=\"text-align: center;\"><strong><span class=\"s1\">CONSENTIMIENTO INFORMADO PARA EL TRATAMIENTO DE DATOS PERSONALES ESPEC\u00cdFICO RELATIVO A LA PROMOCI\u00d3N LUBRICANTES XTAR CEPSA \u2013 CASHBACK<\/span>.<\/strong><\/p>\n<p>[\/vc_column_text][vc_empty_space][vc_empty_space][vc_column_text]<\/p>\n<p class=\"p1\">En cumplimiento de lo establecido en Reglamento (UE) 2016\/679 del Parlamento Europeo y del Consejo, de 27 de abril de 2016, relativo a la protecci\u00f3n de las personas f\u00edsicas en lo que respecta al tratamiento de datos personales y a la libre circulaci\u00f3n de estos datos (en adelante \u201cRGPD\u201d), as\u00ed como en la Ley Org\u00e1nica 3\/2018, de 5 de diciembre, de Protecci\u00f3n de Datos Personales y garant\u00eda de los derechos digitales (en adelante \u201cLOPDGDD\u201d) para el tratamiento de datos personales concreto que va a ser llevado a cabo por DINERO GELT S.L.<span class=\"Apple-converted-space\">\u00a0 <\/span>es necesario que el participante\/usuario\/usuaria preste su consentimiento activo, libre e informado sobre el tratamiento de sus datos personales.<span class=\"Apple-converted-space\">\u00a0<\/span><\/p>\n<p class=\"p3\"><b>Responsable<\/b>: El Responsable Tratamiento de Datos de Car\u00e1cter Personal son la entidad mercantil DINERO GELT S.L. (en adelante \u201cGELT\u201d), provista del CIF B87368692 y con domicilio social en Calle Arturo Soria 97-A, 28027, Madrid, inscrita en el Registro Mercantil de Madrid en la Hoja M-609192, Tomo 33849 y Folio 148. Su direcci\u00f3n de e-mail es <a href=\"mailto:hola@gelt.com\"><span class=\"s1\">hola@gelt.com<\/span><\/a><\/p>\n<p class=\"p3\"><b>Finalidades:<\/b><span class=\"Apple-converted-space\">\u00a0<\/span><\/p>\n<ul class=\"ul1\">\n<li class=\"li3\">El cumplimiento por parte del Responsable de Tratamiento de las condiciones y t\u00e9rminos de la Promoci\u00f3n <span class=\"s3\"><b>LUBRICANTES XTAR CEPSA \u2013 CASHBACK<\/b><\/span><\/li>\n<li class=\"li3\">Ingresar en la cuenta bancaria del usuario la cantidad de cashback (reembolso) que ha obtenido por sus compras.<span class=\"Apple-converted-space\">\u00a0<\/span><\/li>\n<li class=\"li3\">Env\u00edo de comunicaciones comerciales a los usuarios para promociones.<span class=\"Apple-converted-space\">\u00a0<\/span><\/li>\n<\/ul>\n<p class=\"p3\"><b>Datos que se recaban<\/b>:<span class=\"Apple-converted-space\">\u00a0<\/span><\/p>\n<ul class=\"ul1\">\n<li class=\"li3\">Nombre y apellidos<\/li>\n<\/ul>\n<ul class=\"ul1\">\n<li class=\"li3\">e-mail<\/li>\n<\/ul>\n<ul class=\"ul1\">\n<li class=\"li3\">n\u00famero de tel\u00e9fono m\u00f3vil<\/li>\n<\/ul>\n<ul class=\"ul1\">\n<li class=\"li3\">n\u00famero de DNI<span class=\"Apple-converted-space\">\u00a0<\/span><\/li>\n<\/ul>\n<ul class=\"ul1\">\n<li class=\"li3\">Ticket de compra.<span class=\"Apple-converted-space\">\u00a0<\/span><\/li>\n<\/ul>\n<ul class=\"ul1\">\n<li class=\"li3\">Direcci\u00f3n Postal<\/li>\n<\/ul>\n<ul class=\"ul1\">\n<li class=\"li3\">IBAN o cuenta corriente.<\/li>\n<\/ul>\n<p class=\"p3\"><b>Legitimaci\u00f3n<\/b>: La base legal para el tratamiento de sus datos personales es su consentimiento del usuario y la obligaci\u00f3n del Responsablepara prestar el servicio a los usuarios.<span class=\"Apple-converted-space\">\u00a0<\/span><\/p>\n<p class=\"p3\">Los datos que se solicitan son adecuados, pertinentes y estrictamente necesarios y en ning\u00fan caso est\u00e1 obligado a facilitarlos.<span class=\"Apple-converted-space\">\u00a0<\/span><\/p>\n<p class=\"p3\"><b>Destinatarios<\/b>: El destinatario primero de los datos personales son el Responsable de Tratamiento. <span class=\"Apple-converted-space\">\u00a0<\/span><\/p>\n<p class=\"p3\">Asimismo, el Responsable comunicar\u00e1 a su entidad bancaria su n\u00famero de cuenta corriente para hacer el ingreso del cashback. <span class=\"Apple-converted-space\">\u00a0<\/span><\/p>\n<p class=\"p3\">Sin perjuicio de la comunicaci\u00f3n anterior, el Responsable no ceder\u00e1 sus datos a terceros excepto para el cumplimiento de las obligaciones legales a las que vengamos obligados (Administraciones P\u00fablicas, entidades financieras, aseguradoras).<\/p>\n<p class=\"p3\"><b>Conservaci\u00f3n de datos<\/b>: Los datos recabados y proporcionados ser\u00e1n conservados el tiempo m\u00ednimo necesario para los fines autorizados. Una vez finalizado el tratamiento necesario para las acciones referidas<span class=\"Apple-converted-space\">\u00a0 <\/span>los datos ser\u00e1n bloqueados en las bases de datos del Responsable y se suprimir\u00e1n cuando transcurran los plazos legales establecidos.<span class=\"Apple-converted-space\">\u00a0<\/span><\/p>\n<p class=\"p3\"><b>Derechos y posibilidad de reclamaci\u00f3n<\/b>: En todo momento, se podr\u00e1 ejercer los derechos de acceso, rectificaci\u00f3n, supresi\u00f3n y oposici\u00f3n, portabilidad y limitaci\u00f3n del tratamiento, recogidos en el RGPD y en la LOPDGDD, enviando su petici\u00f3n mediante correo electr\u00f3nico al Responsable.<span class=\"Apple-converted-space\">\u00a0<\/span><\/p>\n<p class=\"p3\">Si considera que el tratamiento no se ajusta a la normativa vigente de protecci\u00f3n de datos, tiene derecho a presentar una reclamaci\u00f3n ante la autoridad de control (Agencia Espa\u00f1ola de Protecci\u00f3n de Datos) en <a href=\"http:\/\/www.agpd.es\"><span class=\"s4\">www.agpd.es<\/span><\/a>, aunque es compromiso del Responsable garantizar la privacidad y la seguridad de los datos y resolver internamente cualquier cuesti\u00f3n con ellas relacionada.<\/p>\n<p class=\"p3\">Adem\u00e1s, el usuario o usuaria tiene la posibilidad y el derecho a retirar el consentimiento para cualquiera finalidad espec\u00edfica otorgada en su momento, sin que ello afecte a la licitud del tratamiento basado en el consentimiento previo a su retirada.<\/p>\n<p>[\/vc_column_text][\/vc_column][\/vc_row]<\/p>\n","protected":false},"excerpt":{"rendered":"<p>[vc_row][vc_column][vc_empty_space][vc_empty_space][vc_column_text] CONSENTIMIENTO INFORMADO PARA EL TRATAMIENTO DE DATOS PERSONALES ESPEC\u00cdFICO RELATIVO A LA PROMOCI\u00d3N LUBRICANTES XTAR CEPSA \u2013 CASHBACK. [\/vc_column_text][vc_empty_space][vc_empty_space][vc_column_text] En cumplimiento de lo establecido en Reglamento (UE) 2016\/679 del Parlamento Europeo y del Consejo, de 27 de abril de 2016, relativo a la protecci\u00f3n de las personas f\u00edsicas en lo que respecta al tratamiento de datos personales y a la libre circulaci\u00f3n de estos datos (en adelante \u201cRGPD\u201d), as\u00ed como en la Ley Org\u00e1nica&#8230;  <\/p>\n<div class=\"read-more\"><a class=\"excerpt-read-more\" href=\"https:\/\/gelt.com\/es\/bases-legales\/consentimiento-cepsa\/\" title=\"Continue reading CONSENTIMIENTO LUBRICANTES CEPSA\">Read more<i class=\"fa fa-angle-right\"><\/i><\/a><\/div>\n","protected":false},"author":20,"featured_media":0,"parent":144241,"menu_order":0,"comment_status":"closed","ping_status":"closed","template":"","meta":{"content-type":"","footnotes":""},"yoast_head":"<!-- This site is optimized with the Yoast SEO plugin v21.9.1 - https:\/\/yoast.com\/wordpress\/plugins\/seo\/ -->\n<title>CONSENTIMIENTO LUBRICANTES CEPSA - Gelt Espa\u00f1a<\/title>\n<meta name=\"robots\" content=\"index, follow, max-snippet:-1, max-image-preview:large, max-video-preview:-1\" \/>\n<link rel=\"canonical\" href=\"https:\/\/gelt.com\/es\/bases-legales\/consentimiento-cepsa\/\" \/>\n<meta property=\"og:locale\" content=\"es_ES\" \/>\n<meta property=\"og:type\" content=\"article\" \/>\n<meta property=\"og:title\" content=\"CONSENTIMIENTO LUBRICANTES CEPSA - Gelt Espa\u00f1a\" \/>\n<meta property=\"og:description\" content=\"[vc_row][vc_column][vc_empty_space][vc_empty_space][vc_column_text] CONSENTIMIENTO INFORMADO PARA EL TRATAMIENTO DE DATOS PERSONALES ESPEC\u00cdFICO RELATIVO A LA PROMOCI\u00d3N LUBRICANTES XTAR CEPSA \u2013 CASHBACK. [\/vc_column_text][vc_empty_space][vc_empty_space][vc_column_text] En cumplimiento de lo establecido en Reglamento (UE) 2016\/679 del Parlamento Europeo y del Consejo, de 27 de abril de 2016, relativo a la protecci\u00f3n de las personas f\u00edsicas en lo que respecta al tratamiento de datos personales y a la libre circulaci\u00f3n de estos datos (en adelante \u201cRGPD\u201d), as\u00ed como en la Ley Org\u00e1nica... Read more\" \/>\n<meta property=\"og:url\" content=\"https:\/\/gelt.com\/es\/bases-legales\/consentimiento-cepsa\/\" \/>\n<meta property=\"og:site_name\" content=\"Gelt Espa\u00f1a\" \/>\n<meta property=\"article:modified_time\" content=\"2023-03-01T15:30:16+00:00\" \/>\n<meta name=\"twitter:card\" content=\"summary_large_image\" \/>\n<meta name=\"twitter:label1\" content=\"Tiempo de lectura\" \/>\n\t<meta name=\"twitter:data1\" content=\"3 minutos\" \/>\n<script type=\"application\/ld+json\" class=\"yoast-schema-graph\">{\"@context\":\"https:\/\/schema.org\",\"@graph\":[{\"@type\":\"WebPage\",\"@id\":\"https:\/\/gelt.com\/es\/bases-legales\/consentimiento-cepsa\/\",\"url\":\"https:\/\/gelt.com\/es\/bases-legales\/consentimiento-cepsa\/\",\"name\":\"CONSENTIMIENTO LUBRICANTES CEPSA - Gelt Espa\u00f1a\",\"isPartOf\":{\"@id\":\"https:\/\/gelt.com\/es\/#website\"},\"datePublished\":\"2023-03-01T08:50:41+00:00\",\"dateModified\":\"2023-03-01T15:30:16+00:00\",\"breadcrumb\":{\"@id\":\"https:\/\/gelt.com\/es\/bases-legales\/consentimiento-cepsa\/#breadcrumb\"},\"inLanguage\":\"es\",\"potentialAction\":[{\"@type\":\"ReadAction\",\"target\":[\"https:\/\/gelt.com\/es\/bases-legales\/consentimiento-cepsa\/\"]}]},{\"@type\":\"BreadcrumbList\",\"@id\":\"https:\/\/gelt.com\/es\/bases-legales\/consentimiento-cepsa\/#breadcrumb\",\"itemListElement\":[{\"@type\":\"ListItem\",\"position\":1,\"name\":\"Portada\",\"item\":\"https:\/\/gelt.com\/es\/\"},{\"@type\":\"ListItem\",\"position\":2,\"name\":\"BASES Y CONDICIONES LEGALES\",\"item\":\"https:\/\/gelt.com\/es\/bases-legales\/\"},{\"@type\":\"ListItem\",\"position\":3,\"name\":\"CONSENTIMIENTO LUBRICANTES CEPSA\"}]},{\"@type\":\"WebSite\",\"@id\":\"https:\/\/gelt.com\/es\/#website\",\"url\":\"https:\/\/gelt.com\/es\/\",\"name\":\"Gelt Espa\u00f1a\",\"description\":\"Gelt - Dinero que vuelve\",\"potentialAction\":[{\"@type\":\"SearchAction\",\"target\":{\"@type\":\"EntryPoint\",\"urlTemplate\":\"https:\/\/gelt.com\/es\/?s={search_term_string}\"},\"query-input\":\"required name=search_term_string\"}],\"inLanguage\":\"es\"}]}<\/script>\n<!-- \/ Yoast SEO plugin. -->","yoast_head_json":{"title":"CONSENTIMIENTO LUBRICANTES CEPSA - Gelt Espa\u00f1a","robots":{"index":"index","follow":"follow","max-snippet":"max-snippet:-1","max-image-preview":"max-image-preview:large","max-video-preview":"max-video-preview:-1"},"canonical":"https:\/\/gelt.com\/es\/bases-legales\/consentimiento-cepsa\/","og_locale":"es_ES","og_type":"article","og_title":"CONSENTIMIENTO LUBRICANTES CEPSA - Gelt Espa\u00f1a","og_description":"[vc_row][vc_column][vc_empty_space][vc_empty_space][vc_column_text] CONSENTIMIENTO INFORMADO PARA EL TRATAMIENTO DE DATOS PERSONALES ESPEC\u00cdFICO RELATIVO A LA PROMOCI\u00d3N LUBRICANTES XTAR CEPSA \u2013 CASHBACK. [\/vc_column_text][vc_empty_space][vc_empty_space][vc_column_text] En cumplimiento de lo establecido en Reglamento (UE) 2016\/679 del Parlamento Europeo y del Consejo, de 27 de abril de 2016, relativo a la protecci\u00f3n de las personas f\u00edsicas en lo que respecta al tratamiento de datos personales y a la libre circulaci\u00f3n de estos datos (en adelante \u201cRGPD\u201d), as\u00ed como en la Ley Org\u00e1nica... Read more","og_url":"https:\/\/gelt.com\/es\/bases-legales\/consentimiento-cepsa\/","og_site_name":"Gelt Espa\u00f1a","article_modified_time":"2023-03-01T15:30:16+00:00","twitter_card":"summary_large_image","twitter_misc":{"Tiempo de lectura":"3 minutos"},"schema":{"@context":"https:\/\/schema.org","@graph":[{"@type":"WebPage","@id":"https:\/\/gelt.com\/es\/bases-legales\/consentimiento-cepsa\/","url":"https:\/\/gelt.com\/es\/bases-legales\/consentimiento-cepsa\/","name":"CONSENTIMIENTO LUBRICANTES CEPSA - Gelt Espa\u00f1a","isPartOf":{"@id":"https:\/\/gelt.com\/es\/#website"},"datePublished":"2023-03-01T08:50:41+00:00","dateModified":"2023-03-01T15:30:16+00:00","breadcrumb":{"@id":"https:\/\/gelt.com\/es\/bases-legales\/consentimiento-cepsa\/#breadcrumb"},"inLanguage":"es","potentialAction":[{"@type":"ReadAction","target":["https:\/\/gelt.com\/es\/bases-legales\/consentimiento-cepsa\/"]}]},{"@type":"BreadcrumbList","@id":"https:\/\/gelt.com\/es\/bases-legales\/consentimiento-cepsa\/#breadcrumb","itemListElement":[{"@type":"ListItem","position":1,"name":"Portada","item":"https:\/\/gelt.com\/es\/"},{"@type":"ListItem","position":2,"name":"BASES Y CONDICIONES LEGALES","item":"https:\/\/gelt.com\/es\/bases-legales\/"},{"@type":"ListItem","position":3,"name":"CONSENTIMIENTO LUBRICANTES CEPSA"}]},{"@type":"WebSite","@id":"https:\/\/gelt.com\/es\/#website","url":"https:\/\/gelt.com\/es\/","name":"Gelt Espa\u00f1a","description":"Gelt - Dinero que vuelve","potentialAction":[{"@type":"SearchAction","target":{"@type":"EntryPoint","urlTemplate":"https:\/\/gelt.com\/es\/?s={search_term_string}"},"query-input":"required name=search_term_string"}],"inLanguage":"es"}]}},"_links":{"self":[{"href":"https:\/\/gelt.com\/es\/wp-json\/wp\/v2\/pages\/147539"}],"collection":[{"href":"https:\/\/gelt.com\/es\/wp-json\/wp\/v2\/pages"}],"about":[{"href":"https:\/\/gelt.com\/es\/wp-json\/wp\/v2\/types\/page"}],"author":[{"embeddable":true,"href":"https:\/\/gelt.com\/es\/wp-json\/wp\/v2\/users\/20"}],"replies":[{"embeddable":true,"href":"https:\/\/gelt.com\/es\/wp-json\/wp\/v2\/comments?post=147539"}],"version-history":[{"count":1,"href":"https:\/\/gelt.com\/es\/wp-json\/wp\/v2\/pages\/147539\/revisions"}],"predecessor-version":[{"id":147542,"href":"https:\/\/gelt.com\/es\/wp-json\/wp\/v2\/pages\/147539\/revisions\/147542"}],"up":[{"embeddable":true,"href":"https:\/\/gelt.com\/es\/wp-json\/wp\/v2\/pages\/144241"}],"wp:attachment":[{"href":"https:\/\/gelt.com\/es\/wp-json\/wp\/v2\/media?parent=147539"}],"curies":[{"name":"wp","href":"https:\/\/api.w.org\/{rel}","templated":true}]}}