{"id":147625,"date":"2023-04-03T17:41:09","date_gmt":"2023-04-03T15:41:09","guid":{"rendered":"https:\/\/gelt.com\/es\/?page_id=147625"},"modified":"2023-04-19T17:41:47","modified_gmt":"2023-04-19T15:41:47","slug":"datos-personales","status":"publish","type":"page","link":"https:\/\/gelt.com\/es\/bases-legales\/datos-personales\/","title":{"rendered":"Datos personales de clientes"},"content":{"rendered":"<p>[vc_row top=\u00bb80px\u00bb bottom=\u00bb40px\u00bb content_fadeout=\u00bbcontent-fadeout\u00bb content_placement=\u00bbmiddle\u00bb textalign=\u00bbcenter\u00bb row_seperator=\u00bbno-seperator\u00bb font_color=\u00bb#ffffff\u00bb bg_color=\u00bb#ff344c\u00bb][vc_column width=\u00bb2\/3&#8243;][vc_heading h_size=\u00bbh-extralarge\u00bb title=\u00bbCONSENTIMIENTO INFORMADO PARA EL TRATAMIENTO DE DATOS PERSONALES ESPEC\u00cdFICO RELATIVO A `{`\u201cFUGA CLIENTES\u201d`}`\u00bb title_color=\u00bb#ffffff\u00bb subtitle_color=\u00bb#ffffff\u00bb alignment=\u00bbalign-left\u00bb][\/vc_column][vc_column width=\u00bb1\/3&#8243;][vc_single_image image=\u00bb144778&#8243; img_size=\u00bb240&#215;240&#8243;][\/vc_column][\/vc_row][vc_row][vc_column][vc_column_text]En cumplimiento de lo establecido en Reglamento (UE) 2016\/679 del Parlamento Europeo y del Consejo, de 27 de abril de 2016, relativo a la protecci\u00f3n de las personas f\u00edsicas en lo que respecta al tratamiento de datos personales y a la libre circulaci\u00f3n de estos datos (en adelante \u201cRGPD\u201d), as\u00ed como en la Ley Org\u00e1nica 3\/2018, de 5 de diciembre, de Protecci\u00f3n de Datos Personales y garant\u00eda de los derechos digitales (en adelante \u201cLOPDGDD\u201d) para el tratamiento de datos personales concreto que va a ser llevado a cabo por \u201cDINERO GELT S.L.\u201d es necesario que el usuario\/usuaria preste su consentimiento activo, libre e informado sobre el tratamiento de sus datos personales.<\/p>\n<p>Responsable: El Responsable de Tratamiento de Datos de Car\u00e1cter Personal es la entidad mercantil DINERO GELT S.L. (en adelante \u201cGELT\u201d), provista del CIF B87368692 y con domicilio social en Calle Arturo Soria 97-A, 28027, Madrid, inscrita en el Registro Mercantil de Madrid en la Hoja M-609192, Tomo 33849 y Folio 148. Su direcci\u00f3n de e-mail es hola@gelt.com<\/p>\n<p>Tambi\u00e9n puede consultar a los Delegados de Protecci\u00f3n de Datos (DPD) de GELT, que son responsables de garantizar que los derechos y libertades de los interesados \u200b\u200bno se vean afectados negativamente por las operaciones de tratamiento de datos, para obtener una opini\u00f3n sobre las operaciones de tratamiento de datos, ya sea que conciernan a usted o que usted lleva a cabo. Sus e-mails: dpd@gelt.com<\/p>\n<p>Finalidades:<br \/>\nEl env\u00edo de un newsletter y otras comunicaciones comerciales con noticias, productos y servicios del Responsable.<br \/>\nLa realizaci\u00f3n de comunicaciones comerciales y\/o promocionales con usted v\u00eda telef\u00f3nica, SMS, mensajer\u00eda instant\u00e1nea u otro medio autorizado.<\/p>\n<p>Datos que se recaban:<\/p>\n<p>Nombre y apellidos<\/p>\n<p>e-mail corporativo<\/p>\n<p>n\u00famero de tel\u00e9fono m\u00f3vil<\/p>\n<p>Compa\u00f1\u00eda en la que trabaja<\/p>\n<p>&nbsp;<\/p>\n<p>Legitimaci\u00f3n: La base legal para el tratamiento de sus datos personales es su consentimiento del interesado.<\/p>\n<p>Los datos que se solicitan son adecuados, pertinentes y estrictamente necesarios y en ning\u00fan caso est\u00e1 obligado a facilitarlos.<\/p>\n<p>Destinatarios: El destinatario primero de los datos personales es el Responsable de Tratamiento.<\/p>\n<p>Sin perjuicio de la comunicaci\u00f3n anterior, el Responsable no ceder\u00e1 sus datos a terceros excepto para el cumplimiento de las obligaciones legales a las que vengamos obligados (Administraciones P\u00fablicas, entidades financieras, aseguradoras).<\/p>\n<p>Conservaci\u00f3n de datos: Los datos recabados y proporcionados ser\u00e1n conservados el tiempo m\u00ednimo necesario para los fines autorizados. Una vez finalizado el tratamiento necesario para las acciones referidas los datos ser\u00e1n bloqueados en las bases de datos del Responsable y se suprimir\u00e1n cuando transcurran los plazos legales establecidos.<\/p>\n<p>Derechos y posibilidad de reclamaci\u00f3n: En todo momento, se podr\u00e1 ejercer los derechos de acceso, rectificaci\u00f3n, supresi\u00f3n y oposici\u00f3n, portabilidad y limitaci\u00f3n del tratamiento, recogidos en el RGPD y en la LOPDGDD, enviando su petici\u00f3n mediante correo electr\u00f3nico a al Delegado de Protecci\u00f3n de Datos indicado.<\/p>\n<p>Si considera que el tratamiento no se ajusta a la normativa vigente de protecci\u00f3n de datos, tiene derecho a presentar una reclamaci\u00f3n ante la autoridad de control (Agencia Espa\u00f1ola de Protecci\u00f3n de Datos) en www.agpd.es, aunque es compromiso del Responsable\u00a0garantizar la privacidad y la seguridad de los datos y resolver internamente cualquier cuesti\u00f3n con ellas relacionada.<\/p>\n<p>Adem\u00e1s, el interesado tiene la posibilidad y el derecho a retirar el consentimiento para cualquiera finalidad espec\u00edfica otorgada en su momento, sin que ello afecte a la licitud del tratamiento basado en el consentimiento previo a su retirada.[\/vc_column_text][\/vc_column][\/vc_row]<\/p>\n","protected":false},"excerpt":{"rendered":"<p>[vc_row top=\u00bb80px\u00bb bottom=\u00bb40px\u00bb content_fadeout=\u00bbcontent-fadeout\u00bb content_placement=\u00bbmiddle\u00bb textalign=\u00bbcenter\u00bb row_seperator=\u00bbno-seperator\u00bb font_color=\u00bb#ffffff\u00bb bg_color=\u00bb#ff344c\u00bb][vc_column width=\u00bb2\/3&#8243;][vc_heading h_size=\u00bbh-extralarge\u00bb title=\u00bbCONSENTIMIENTO INFORMADO PARA EL TRATAMIENTO DE DATOS PERSONALES ESPEC\u00cdFICO RELATIVO A `{`\u201cFUGA CLIENTES\u201d`}`\u00bb title_color=\u00bb#ffffff\u00bb subtitle_color=\u00bb#ffffff\u00bb alignment=\u00bbalign-left\u00bb][\/vc_column][vc_column width=\u00bb1\/3&#8243;][vc_single_image image=\u00bb144778&#8243; img_size=\u00bb240&#215;240&#8243;][\/vc_column][\/vc_row][vc_row][vc_column][vc_column_text]En cumplimiento de lo establecido en Reglamento (UE) 2016\/679 del Parlamento Europeo y del Consejo, de 27 de abril de 2016, relativo a la protecci\u00f3n de las personas f\u00edsicas en lo que respecta al tratamiento de datos personales y a la libre circulaci\u00f3n de estos datos&#8230;  <\/p>\n<div class=\"read-more\"><a class=\"excerpt-read-more\" href=\"https:\/\/gelt.com\/es\/bases-legales\/datos-personales\/\" title=\"Continue reading Datos personales de clientes\">Read more<i class=\"fa fa-angle-right\"><\/i><\/a><\/div>\n","protected":false},"author":20,"featured_media":0,"parent":144241,"menu_order":0,"comment_status":"closed","ping_status":"closed","template":"page-full-width.php","meta":{"content-type":"","footnotes":""},"yoast_head":"<!-- This site is optimized with the Yoast SEO plugin v21.9.1 - https:\/\/yoast.com\/wordpress\/plugins\/seo\/ -->\n<title>Bases Legales Datos personales de clientes - Gelt Espa\u00f1a<\/title>\n<meta name=\"robots\" content=\"index, follow, max-snippet:-1, max-image-preview:large, max-video-preview:-1\" \/>\n<link rel=\"canonical\" href=\"https:\/\/gelt.com\/es\/bases-legales\/datos-personales\/\" \/>\n<meta property=\"og:locale\" content=\"es_ES\" \/>\n<meta property=\"og:type\" content=\"article\" \/>\n<meta property=\"og:title\" content=\"Bases Legales Datos personales de clientes - Gelt Espa\u00f1a\" \/>\n<meta property=\"og:description\" content=\"[vc_row top=\u00bb80px\u00bb bottom=\u00bb40px\u00bb content_fadeout=\u00bbcontent-fadeout\u00bb content_placement=\u00bbmiddle\u00bb textalign=\u00bbcenter\u00bb row_seperator=\u00bbno-seperator\u00bb font_color=\u00bb#ffffff\u00bb bg_color=\u00bb#ff344c\u00bb][vc_column width=\u00bb2\/3&#8243;][vc_heading h_size=\u00bbh-extralarge\u00bb title=\u00bbCONSENTIMIENTO INFORMADO PARA EL TRATAMIENTO DE DATOS PERSONALES ESPEC\u00cdFICO RELATIVO A `{`\u201cFUGA CLIENTES\u201d`}`\u00bb title_color=\u00bb#ffffff\u00bb subtitle_color=\u00bb#ffffff\u00bb alignment=\u00bbalign-left\u00bb][\/vc_column][vc_column width=\u00bb1\/3&#8243;][vc_single_image image=\u00bb144778&#8243; img_size=\u00bb240&#215;240&#8243;][\/vc_column][\/vc_row][vc_row][vc_column][vc_column_text]En cumplimiento de lo establecido en Reglamento (UE) 2016\/679 del Parlamento Europeo y del Consejo, de 27 de abril de 2016, relativo a la protecci\u00f3n de las personas f\u00edsicas en lo que respecta al tratamiento de datos personales y a la libre circulaci\u00f3n de estos datos... Read more\" \/>\n<meta property=\"og:url\" content=\"https:\/\/gelt.com\/es\/bases-legales\/datos-personales\/\" \/>\n<meta property=\"og:site_name\" content=\"Gelt Espa\u00f1a\" \/>\n<meta property=\"article:modified_time\" content=\"2023-04-19T15:41:47+00:00\" \/>\n<meta name=\"twitter:card\" content=\"summary_large_image\" \/>\n<meta name=\"twitter:label1\" content=\"Tiempo de lectura\" \/>\n\t<meta name=\"twitter:data1\" content=\"3 minutos\" \/>\n<script type=\"application\/ld+json\" class=\"yoast-schema-graph\">{\"@context\":\"https:\/\/schema.org\",\"@graph\":[{\"@type\":\"WebPage\",\"@id\":\"https:\/\/gelt.com\/es\/bases-legales\/datos-personales\/\",\"url\":\"https:\/\/gelt.com\/es\/bases-legales\/datos-personales\/\",\"name\":\"Bases Legales Datos personales de clientes - Gelt Espa\u00f1a\",\"isPartOf\":{\"@id\":\"https:\/\/gelt.com\/es\/#website\"},\"datePublished\":\"2023-04-03T15:41:09+00:00\",\"dateModified\":\"2023-04-19T15:41:47+00:00\",\"breadcrumb\":{\"@id\":\"https:\/\/gelt.com\/es\/bases-legales\/datos-personales\/#breadcrumb\"},\"inLanguage\":\"es\",\"potentialAction\":[{\"@type\":\"ReadAction\",\"target\":[\"https:\/\/gelt.com\/es\/bases-legales\/datos-personales\/\"]}]},{\"@type\":\"BreadcrumbList\",\"@id\":\"https:\/\/gelt.com\/es\/bases-legales\/datos-personales\/#breadcrumb\",\"itemListElement\":[{\"@type\":\"ListItem\",\"position\":1,\"name\":\"Portada\",\"item\":\"https:\/\/gelt.com\/es\/\"},{\"@type\":\"ListItem\",\"position\":2,\"name\":\"BASES Y CONDICIONES LEGALES\",\"item\":\"https:\/\/gelt.com\/es\/bases-legales\/\"},{\"@type\":\"ListItem\",\"position\":3,\"name\":\"Datos personales de clientes\"}]},{\"@type\":\"WebSite\",\"@id\":\"https:\/\/gelt.com\/es\/#website\",\"url\":\"https:\/\/gelt.com\/es\/\",\"name\":\"Gelt Espa\u00f1a\",\"description\":\"Gelt - Dinero que vuelve\",\"potentialAction\":[{\"@type\":\"SearchAction\",\"target\":{\"@type\":\"EntryPoint\",\"urlTemplate\":\"https:\/\/gelt.com\/es\/?s={search_term_string}\"},\"query-input\":\"required name=search_term_string\"}],\"inLanguage\":\"es\"}]}<\/script>\n<!-- \/ Yoast SEO plugin. -->","yoast_head_json":{"title":"Bases Legales Datos personales de clientes - Gelt Espa\u00f1a","robots":{"index":"index","follow":"follow","max-snippet":"max-snippet:-1","max-image-preview":"max-image-preview:large","max-video-preview":"max-video-preview:-1"},"canonical":"https:\/\/gelt.com\/es\/bases-legales\/datos-personales\/","og_locale":"es_ES","og_type":"article","og_title":"Bases Legales Datos personales de clientes - Gelt Espa\u00f1a","og_description":"[vc_row top=\u00bb80px\u00bb bottom=\u00bb40px\u00bb content_fadeout=\u00bbcontent-fadeout\u00bb content_placement=\u00bbmiddle\u00bb textalign=\u00bbcenter\u00bb row_seperator=\u00bbno-seperator\u00bb font_color=\u00bb#ffffff\u00bb bg_color=\u00bb#ff344c\u00bb][vc_column width=\u00bb2\/3&#8243;][vc_heading h_size=\u00bbh-extralarge\u00bb title=\u00bbCONSENTIMIENTO INFORMADO PARA EL TRATAMIENTO DE DATOS PERSONALES ESPEC\u00cdFICO RELATIVO A `{`\u201cFUGA CLIENTES\u201d`}`\u00bb title_color=\u00bb#ffffff\u00bb subtitle_color=\u00bb#ffffff\u00bb alignment=\u00bbalign-left\u00bb][\/vc_column][vc_column width=\u00bb1\/3&#8243;][vc_single_image image=\u00bb144778&#8243; img_size=\u00bb240&#215;240&#8243;][\/vc_column][\/vc_row][vc_row][vc_column][vc_column_text]En cumplimiento de lo establecido en Reglamento (UE) 2016\/679 del Parlamento Europeo y del Consejo, de 27 de abril de 2016, relativo a la protecci\u00f3n de las personas f\u00edsicas en lo que respecta al tratamiento de datos personales y a la libre circulaci\u00f3n de estos datos... Read more","og_url":"https:\/\/gelt.com\/es\/bases-legales\/datos-personales\/","og_site_name":"Gelt Espa\u00f1a","article_modified_time":"2023-04-19T15:41:47+00:00","twitter_card":"summary_large_image","twitter_misc":{"Tiempo de lectura":"3 minutos"},"schema":{"@context":"https:\/\/schema.org","@graph":[{"@type":"WebPage","@id":"https:\/\/gelt.com\/es\/bases-legales\/datos-personales\/","url":"https:\/\/gelt.com\/es\/bases-legales\/datos-personales\/","name":"Bases Legales Datos personales de clientes - Gelt Espa\u00f1a","isPartOf":{"@id":"https:\/\/gelt.com\/es\/#website"},"datePublished":"2023-04-03T15:41:09+00:00","dateModified":"2023-04-19T15:41:47+00:00","breadcrumb":{"@id":"https:\/\/gelt.com\/es\/bases-legales\/datos-personales\/#breadcrumb"},"inLanguage":"es","potentialAction":[{"@type":"ReadAction","target":["https:\/\/gelt.com\/es\/bases-legales\/datos-personales\/"]}]},{"@type":"BreadcrumbList","@id":"https:\/\/gelt.com\/es\/bases-legales\/datos-personales\/#breadcrumb","itemListElement":[{"@type":"ListItem","position":1,"name":"Portada","item":"https:\/\/gelt.com\/es\/"},{"@type":"ListItem","position":2,"name":"BASES Y CONDICIONES LEGALES","item":"https:\/\/gelt.com\/es\/bases-legales\/"},{"@type":"ListItem","position":3,"name":"Datos personales de clientes"}]},{"@type":"WebSite","@id":"https:\/\/gelt.com\/es\/#website","url":"https:\/\/gelt.com\/es\/","name":"Gelt Espa\u00f1a","description":"Gelt - Dinero que vuelve","potentialAction":[{"@type":"SearchAction","target":{"@type":"EntryPoint","urlTemplate":"https:\/\/gelt.com\/es\/?s={search_term_string}"},"query-input":"required name=search_term_string"}],"inLanguage":"es"}]}},"_links":{"self":[{"href":"https:\/\/gelt.com\/es\/wp-json\/wp\/v2\/pages\/147625"}],"collection":[{"href":"https:\/\/gelt.com\/es\/wp-json\/wp\/v2\/pages"}],"about":[{"href":"https:\/\/gelt.com\/es\/wp-json\/wp\/v2\/types\/page"}],"author":[{"embeddable":true,"href":"https:\/\/gelt.com\/es\/wp-json\/wp\/v2\/users\/20"}],"replies":[{"embeddable":true,"href":"https:\/\/gelt.com\/es\/wp-json\/wp\/v2\/comments?post=147625"}],"version-history":[{"count":5,"href":"https:\/\/gelt.com\/es\/wp-json\/wp\/v2\/pages\/147625\/revisions"}],"predecessor-version":[{"id":147843,"href":"https:\/\/gelt.com\/es\/wp-json\/wp\/v2\/pages\/147625\/revisions\/147843"}],"up":[{"embeddable":true,"href":"https:\/\/gelt.com\/es\/wp-json\/wp\/v2\/pages\/144241"}],"wp:attachment":[{"href":"https:\/\/gelt.com\/es\/wp-json\/wp\/v2\/media?parent=147625"}],"curies":[{"name":"wp","href":"https:\/\/api.w.org\/{rel}","templated":true}]}}