{"id":148059,"date":"2023-05-03T13:32:41","date_gmt":"2023-05-03T11:32:41","guid":{"rendered":"https:\/\/gelt.com\/es\/?page_id=148059"},"modified":"2023-05-03T13:33:45","modified_gmt":"2023-05-03T11:33:45","slug":"consentimiento-zeroyzerozero","status":"publish","type":"page","link":"https:\/\/gelt.com\/es\/bases-legales\/consentimiento-zeroyzerozero\/","title":{"rendered":"consentimiento zero y zero zero"},"content":{"rendered":"<p>[vc_row top=\u00bb80px\u00bb bottom=\u00bb40px\u00bb content_fadeout=\u00bbcontent-fadeout\u00bb content_placement=\u00bbmiddle\u00bb textalign=\u00bbcenter\u00bb row_seperator=\u00bbno-seperator\u00bb font_color=\u00bb#ffffff\u00bb bg_color=\u00bb#ff344c\u00bb][vc_column width=\u00bb2\/3&#8243;][vc_heading h_size=\u00bbh-extralarge\u00bb title=\u00bbTRATAMIENTO DE DATOS PERSONALES \u201cPROMOCI\u00d3N ZERO Y ZERO ZERO\u201d \u00bb title_color=\u00bb#ffffff\u00bb subtitle_color=\u00bb#ffffff\u00bb alignment=\u00bbalign-left\u00bb][\/vc_column][vc_column width=\u00bb1\/3&#8243;][vc_single_image image=\u00bb148060&#8243; img_size=\u00bb240&#215;240&#8243;][\/vc_column][\/vc_row][vc_row][vc_column][vc_column_text]<\/p>\n<p class=\"p1\"><strong><span class=\"s1\">CONSENTIMIENTO INFORMADO PARA EL TRATAMIENTO DE DATOS PERSONALES ESPEC\u00cdFICO RELATIVO A LA <\/span>PROMOCI\u00d3N \u201c<span class=\"s1\">PROMOCI\u00d3N ZERO Y ZERO ZERO<\/span>\u201d<span class=\"s1\"><span class=\"Apple-converted-space\">\u00a0<\/span><\/span><\/strong><\/p>\n<p class=\"p1\">En cumplimiento de lo establecido en Reglamento (UE) 2016\/679 del Parlamento Europeo y del Consejo, de 27 de abril de 2016, relativo a la protecci\u00f3n de las personas f\u00edsicas en lo que respecta al tratamiento de datos personales y a la libre circulaci\u00f3n de estos datos (en adelante, \u201c<b>RGPD<\/b>\u201d), as\u00ed como en la Ley Org\u00e1nica 3\/2018, de 5 de diciembre, de Protecci\u00f3n de Datos Personales y garant\u00eda de los derechos digitales (en adelante, \u201c<b>LOPDGDD<\/b>\u201d), para el tratamiento de datos personales concreto que va a ser llevado a cabo por DINERO GELT, S.L., es necesario que el participante preste su consentimiento activo, libre e informado sobre el tratamiento de sus datos personales.<span class=\"Apple-converted-space\">\u00a0<\/span><\/p>\n<p class=\"p2\">Este tratamiento de datos personales, independiente de los tratamientos que DINERO GELT, S.L., realiza normalmente (y que pueden consultarse en su <a href=\"https:\/\/geltapp.com\/legal-politica-de-privacidad\/\"><span class=\"s1\">Pol\u00edtica de Privacidad<\/span><\/a>), es espec\u00edfico para ingresar en la cuenta bancaria del participante el <i>cashback<\/i> al que el participante tenga derecho por su participaci\u00f3n en la promoci\u00f3n <span class=\"s1\"><b>PROMOCI\u00d3N ZERO Y ZERO ZERO<\/b><\/span> (la \u201c<b>Promoci\u00f3n<\/b>\u201d).<\/p>\n<p class=\"p4\"><b>Responsable<\/b>: El Responsable de Tratamiento de Datos de Car\u00e1cter Personal es la entidad mercantil DINERO GELT S.L. (en adelante \u201cGELT\u201d), provista del CIF B87368692 y con domicilio social en Calle Arturo Soria 97-A, 28027, Madrid, inscrita en el Registro Mercantil de Madrid en la Hoja M-609192, Tomo 33849 y Folio 148. Su direcci\u00f3n de e-mail es <a href=\"mailto:hola@gelt.com\"><span class=\"s2\">hola@gelt.com<\/span><\/a><span class=\"s2\">. <\/span>Tambi\u00e9n puede consultar a su Delegado de Protecci\u00f3n de Datos <a href=\"mailto:dpd@gelt.com\">dpd@gelt.com<\/a>.<span class=\"Apple-converted-space\">\u00a0<\/span><\/p>\n<p class=\"p4\"><b>Finalidades:<\/b><span class=\"Apple-converted-space\">\u00a0<\/span><\/p>\n<ul class=\"ul1\">\n<li class=\"li4\">El cumplimiento por parte del Responsable de Tratamiento de las condiciones y t\u00e9rminos de la Promoci\u00f3n \u201c<span class=\"s4\">PROMOCI\u00d3N ZERO Y ZERO ZERO<\/span><b>\u201d<\/b><\/li>\n<li class=\"li4\">Ingresar en la cuenta bancaria del usuario la cantidad de cashback (reembolso) que ha obtenido por sus compras.<span class=\"Apple-converted-space\">\u00a0<\/span><\/li>\n<li class=\"li4\">Env\u00edo de comunicaciones comerciales a los usuarios para promociones.<span class=\"Apple-converted-space\">\u00a0<\/span><\/li>\n<\/ul>\n<p class=\"p4\"><b>Datos que se recaban<\/b>:<span class=\"Apple-converted-space\">\u00a0<\/span><\/p>\n<ul class=\"ul1\">\n<li class=\"li4\">Nombre y apellidos<\/li>\n<\/ul>\n<ul class=\"ul1\">\n<li class=\"li4\">e-mail<\/li>\n<\/ul>\n<ul class=\"ul1\">\n<li class=\"li4\">n\u00famero de tel\u00e9fono m\u00f3vil<\/li>\n<\/ul>\n<ul class=\"ul1\">\n<li class=\"li4\">n\u00famero de DNI<span class=\"Apple-converted-space\">\u00a0<\/span><\/li>\n<\/ul>\n<ul class=\"ul1\">\n<li class=\"li4\">Ticket de compra.<span class=\"Apple-converted-space\">\u00a0<\/span><\/li>\n<\/ul>\n<ul class=\"ul1\">\n<li class=\"li4\">Direcci\u00f3n Postal<\/li>\n<\/ul>\n<ul class=\"ul1\">\n<li class=\"li4\">IBAN o cuenta corriente.<span class=\"Apple-converted-space\">\u00a0<\/span><\/li>\n<\/ul>\n<p class=\"p4\"><b>Legitimaci\u00f3n<\/b>: La base legal para el tratamiento de sus datos personales es su consentimiento del usuario y la obligaci\u00f3n del Responsable para prestar el servicio a los usuarios.<span class=\"Apple-converted-space\">\u00a0<\/span><\/p>\n<p class=\"p4\">Los datos que se solicitan son adecuados, pertinentes y estrictamente necesarios y en ning\u00fan caso est\u00e1 obligado a facilitarlos.<span class=\"Apple-converted-space\">\u00a0<\/span><\/p>\n<p class=\"p4\"><b>Destinatarios<\/b>: El destinatario primero de los datos personales es el Responsable de Tratamiento.<span class=\"Apple-converted-space\">\u00a0 \u00a0<\/span><\/p>\n<p class=\"p4\">Asimismo, el Responsable comunicar\u00e1 a su entidad bancaria su n\u00famero de cuenta corriente para hacer el ingreso del <i>cashback<\/i>. <span class=\"Apple-converted-space\">\u00a0<\/span><\/p>\n<p class=\"p4\">No se producir\u00e1n transferencias internacionales de datos personales. No obstante lo anterior, en caso de que haya encargados de tratamiento situados fuera del Espacio Econ\u00f3mico Europeo o en territorios que no hayan sido declarados con un nivel de protecci\u00f3n de datos adecuado por la Comisi\u00f3n Europea, la transferencia se producir\u00e1 solamente si existen garant\u00edas adecuadas.<span class=\"Apple-converted-space\">\u00a0<\/span><\/p>\n<p class=\"p4\">Sin perjuicio de la comunicaci\u00f3n anterior, el Responsable no ceder\u00e1 sus datos a terceros excepto para el cumplimiento de las obligaciones legales a las que vengamos obligados (Administraciones P\u00fablicas, entidades financieras, aseguradoras).<\/p>\n<p class=\"p4\"><b>Conservaci\u00f3n de datos<\/b>: Los datos recabados y proporcionados ser\u00e1n conservados el tiempo m\u00ednimo necesario para los fines autorizados. Una vez finalizado el tratamiento necesario para las acciones referidas los datos ser\u00e1n bloqueados en las bases de datos del Responsable y se suprimir\u00e1n cuando transcurran los plazos legales establecidos.<span class=\"Apple-converted-space\">\u00a0<\/span><\/p>\n<p class=\"p4\"><b>Seguridad<\/b>: El Responsable ha adoptado cuantas medidas de seguridad t\u00e9cnicas y organizativas necesarias para garantizar la confidencialidad, integridad y disponibilidad de los datos personales teniendo en cuenta el estado de la t\u00e9cnica, los costes de aplicaci\u00f3n y la naturaleza, el alcance, el contexto y los fines de los tratamientos realizados as\u00ed como los riesgos en t\u00e9rminos de probabilidad y gravedad para los derechos y libertades de las personas f\u00edsicas.<\/p>\n<p class=\"p4\"><b>Derechos y posibilidad de reclamaci\u00f3n<\/b>: En todo momento, se podr\u00e1 ejercer los derechos de acceso, rectificaci\u00f3n, supresi\u00f3n y oposici\u00f3n, portabilidad y limitaci\u00f3n del tratamiento, recogidos en el RGPD y en la LOPDGDD, enviando su petici\u00f3n mediante correo electr\u00f3nico al Delegado de Protecci\u00f3n de Datos <a href=\"mailto:dpd@gelt.com\"><span class=\"s2\">dpd@gelt.com<\/span><\/a>.<span class=\"Apple-converted-space\">\u00a0<\/span><\/p>\n<p class=\"p4\">Si considera que el tratamiento no se ajusta a la normativa vigente de protecci\u00f3n de datos, tiene derecho a presentar una reclamaci\u00f3n ante la autoridad de control (Agencia Espa\u00f1ola de Protecci\u00f3n de Datos) en <a href=\"http:\/\/www.agpd.es\"><span class=\"s5\">www.agpd.es<\/span><\/a>, aunque es compromiso del Responsable\u00a0garantizar la privacidad y la seguridad de los datos y resolver internamente cualquier cuesti\u00f3n con ellas relacionada.<\/p>\n<p class=\"p4\">Adem\u00e1s, el usuario o usuaria tiene la posibilidad y el derecho a retirar el consentimiento para cualquiera finalidad espec\u00edfica otorgada en su momento, sin que ello afecte a la licitud del tratamiento basado en el consentimiento previo a su retirada.<\/p>\n<p>[\/vc_column_text][\/vc_column][\/vc_row]<\/p>\n","protected":false},"excerpt":{"rendered":"<p>[vc_row top=\u00bb80px\u00bb bottom=\u00bb40px\u00bb content_fadeout=\u00bbcontent-fadeout\u00bb content_placement=\u00bbmiddle\u00bb textalign=\u00bbcenter\u00bb row_seperator=\u00bbno-seperator\u00bb font_color=\u00bb#ffffff\u00bb bg_color=\u00bb#ff344c\u00bb][vc_column width=\u00bb2\/3&#8243;][vc_heading h_size=\u00bbh-extralarge\u00bb title=\u00bbTRATAMIENTO DE DATOS PERSONALES \u201cPROMOCI\u00d3N ZERO Y ZERO ZERO\u201d \u00bb title_color=\u00bb#ffffff\u00bb subtitle_color=\u00bb#ffffff\u00bb alignment=\u00bbalign-left\u00bb][\/vc_column][vc_column width=\u00bb1\/3&#8243;][vc_single_image image=\u00bb148060&#8243; img_size=\u00bb240&#215;240&#8243;][\/vc_column][\/vc_row][vc_row][vc_column][vc_column_text] CONSENTIMIENTO INFORMADO PARA EL TRATAMIENTO DE DATOS PERSONALES ESPEC\u00cdFICO RELATIVO A LA PROMOCI\u00d3N \u201cPROMOCI\u00d3N ZERO Y ZERO ZERO\u201d\u00a0 En cumplimiento de lo establecido en Reglamento (UE) 2016\/679 del Parlamento Europeo y del Consejo, de 27 de abril de 2016, relativo a la protecci\u00f3n de las personas f\u00edsicas en&#8230;  <\/p>\n<div class=\"read-more\"><a class=\"excerpt-read-more\" href=\"https:\/\/gelt.com\/es\/bases-legales\/consentimiento-zeroyzerozero\/\" title=\"Continue reading consentimiento zero y zero zero\">Read more<i class=\"fa fa-angle-right\"><\/i><\/a><\/div>\n","protected":false},"author":20,"featured_media":0,"parent":144241,"menu_order":0,"comment_status":"closed","ping_status":"closed","template":"page-full-width.php","meta":{"content-type":"","footnotes":""},"yoast_head":"<!-- This site is optimized with the Yoast SEO plugin v21.9.1 - https:\/\/yoast.com\/wordpress\/plugins\/seo\/ -->\n<title>Bases Legales consentimiento zero y zero zero - Gelt Espa\u00f1a<\/title>\n<meta name=\"robots\" content=\"index, follow, max-snippet:-1, max-image-preview:large, max-video-preview:-1\" \/>\n<link rel=\"canonical\" href=\"https:\/\/gelt.com\/es\/bases-legales\/consentimiento-zeroyzerozero\/\" \/>\n<meta property=\"og:locale\" content=\"es_ES\" \/>\n<meta property=\"og:type\" content=\"article\" \/>\n<meta property=\"og:title\" content=\"Bases Legales consentimiento zero y zero zero - Gelt Espa\u00f1a\" \/>\n<meta property=\"og:description\" content=\"[vc_row top=\u00bb80px\u00bb bottom=\u00bb40px\u00bb content_fadeout=\u00bbcontent-fadeout\u00bb content_placement=\u00bbmiddle\u00bb textalign=\u00bbcenter\u00bb row_seperator=\u00bbno-seperator\u00bb font_color=\u00bb#ffffff\u00bb bg_color=\u00bb#ff344c\u00bb][vc_column width=\u00bb2\/3&#8243;][vc_heading h_size=\u00bbh-extralarge\u00bb title=\u00bbTRATAMIENTO DE DATOS PERSONALES \u201cPROMOCI\u00d3N ZERO Y ZERO ZERO\u201d \u00bb title_color=\u00bb#ffffff\u00bb subtitle_color=\u00bb#ffffff\u00bb alignment=\u00bbalign-left\u00bb][\/vc_column][vc_column width=\u00bb1\/3&#8243;][vc_single_image image=\u00bb148060&#8243; img_size=\u00bb240&#215;240&#8243;][\/vc_column][\/vc_row][vc_row][vc_column][vc_column_text] CONSENTIMIENTO INFORMADO PARA EL TRATAMIENTO DE DATOS PERSONALES ESPEC\u00cdFICO RELATIVO A LA PROMOCI\u00d3N \u201cPROMOCI\u00d3N ZERO Y ZERO ZERO\u201d\u00a0 En cumplimiento de lo establecido en Reglamento (UE) 2016\/679 del Parlamento Europeo y del Consejo, de 27 de abril de 2016, relativo a la protecci\u00f3n de las personas f\u00edsicas en... Read more\" \/>\n<meta property=\"og:url\" content=\"https:\/\/gelt.com\/es\/bases-legales\/consentimiento-zeroyzerozero\/\" \/>\n<meta property=\"og:site_name\" content=\"Gelt Espa\u00f1a\" \/>\n<meta property=\"article:modified_time\" content=\"2023-05-03T11:33:45+00:00\" \/>\n<meta name=\"twitter:card\" content=\"summary_large_image\" \/>\n<meta name=\"twitter:label1\" content=\"Tiempo de lectura\" \/>\n\t<meta name=\"twitter:data1\" content=\"4 minutos\" \/>\n<script type=\"application\/ld+json\" class=\"yoast-schema-graph\">{\"@context\":\"https:\/\/schema.org\",\"@graph\":[{\"@type\":\"WebPage\",\"@id\":\"https:\/\/gelt.com\/es\/bases-legales\/consentimiento-zeroyzerozero\/\",\"url\":\"https:\/\/gelt.com\/es\/bases-legales\/consentimiento-zeroyzerozero\/\",\"name\":\"Bases Legales consentimiento zero y zero zero - Gelt Espa\u00f1a\",\"isPartOf\":{\"@id\":\"https:\/\/gelt.com\/es\/#website\"},\"datePublished\":\"2023-05-03T11:32:41+00:00\",\"dateModified\":\"2023-05-03T11:33:45+00:00\",\"breadcrumb\":{\"@id\":\"https:\/\/gelt.com\/es\/bases-legales\/consentimiento-zeroyzerozero\/#breadcrumb\"},\"inLanguage\":\"es\",\"potentialAction\":[{\"@type\":\"ReadAction\",\"target\":[\"https:\/\/gelt.com\/es\/bases-legales\/consentimiento-zeroyzerozero\/\"]}]},{\"@type\":\"BreadcrumbList\",\"@id\":\"https:\/\/gelt.com\/es\/bases-legales\/consentimiento-zeroyzerozero\/#breadcrumb\",\"itemListElement\":[{\"@type\":\"ListItem\",\"position\":1,\"name\":\"Portada\",\"item\":\"https:\/\/gelt.com\/es\/\"},{\"@type\":\"ListItem\",\"position\":2,\"name\":\"BASES Y CONDICIONES LEGALES\",\"item\":\"https:\/\/gelt.com\/es\/bases-legales\/\"},{\"@type\":\"ListItem\",\"position\":3,\"name\":\"consentimiento zero y zero zero\"}]},{\"@type\":\"WebSite\",\"@id\":\"https:\/\/gelt.com\/es\/#website\",\"url\":\"https:\/\/gelt.com\/es\/\",\"name\":\"Gelt Espa\u00f1a\",\"description\":\"Gelt - Dinero que vuelve\",\"potentialAction\":[{\"@type\":\"SearchAction\",\"target\":{\"@type\":\"EntryPoint\",\"urlTemplate\":\"https:\/\/gelt.com\/es\/?s={search_term_string}\"},\"query-input\":\"required name=search_term_string\"}],\"inLanguage\":\"es\"}]}<\/script>\n<!-- \/ Yoast SEO plugin. -->","yoast_head_json":{"title":"Bases Legales consentimiento zero y zero zero - Gelt Espa\u00f1a","robots":{"index":"index","follow":"follow","max-snippet":"max-snippet:-1","max-image-preview":"max-image-preview:large","max-video-preview":"max-video-preview:-1"},"canonical":"https:\/\/gelt.com\/es\/bases-legales\/consentimiento-zeroyzerozero\/","og_locale":"es_ES","og_type":"article","og_title":"Bases Legales consentimiento zero y zero zero - Gelt Espa\u00f1a","og_description":"[vc_row top=\u00bb80px\u00bb bottom=\u00bb40px\u00bb content_fadeout=\u00bbcontent-fadeout\u00bb content_placement=\u00bbmiddle\u00bb textalign=\u00bbcenter\u00bb row_seperator=\u00bbno-seperator\u00bb font_color=\u00bb#ffffff\u00bb bg_color=\u00bb#ff344c\u00bb][vc_column width=\u00bb2\/3&#8243;][vc_heading h_size=\u00bbh-extralarge\u00bb title=\u00bbTRATAMIENTO DE DATOS PERSONALES \u201cPROMOCI\u00d3N ZERO Y ZERO ZERO\u201d \u00bb title_color=\u00bb#ffffff\u00bb subtitle_color=\u00bb#ffffff\u00bb alignment=\u00bbalign-left\u00bb][\/vc_column][vc_column width=\u00bb1\/3&#8243;][vc_single_image image=\u00bb148060&#8243; img_size=\u00bb240&#215;240&#8243;][\/vc_column][\/vc_row][vc_row][vc_column][vc_column_text] CONSENTIMIENTO INFORMADO PARA EL TRATAMIENTO DE DATOS PERSONALES ESPEC\u00cdFICO RELATIVO A LA PROMOCI\u00d3N \u201cPROMOCI\u00d3N ZERO Y ZERO ZERO\u201d\u00a0 En cumplimiento de lo establecido en Reglamento (UE) 2016\/679 del Parlamento Europeo y del Consejo, de 27 de abril de 2016, relativo a la protecci\u00f3n de las personas f\u00edsicas en... Read more","og_url":"https:\/\/gelt.com\/es\/bases-legales\/consentimiento-zeroyzerozero\/","og_site_name":"Gelt Espa\u00f1a","article_modified_time":"2023-05-03T11:33:45+00:00","twitter_card":"summary_large_image","twitter_misc":{"Tiempo de lectura":"4 minutos"},"schema":{"@context":"https:\/\/schema.org","@graph":[{"@type":"WebPage","@id":"https:\/\/gelt.com\/es\/bases-legales\/consentimiento-zeroyzerozero\/","url":"https:\/\/gelt.com\/es\/bases-legales\/consentimiento-zeroyzerozero\/","name":"Bases Legales consentimiento zero y zero zero - Gelt Espa\u00f1a","isPartOf":{"@id":"https:\/\/gelt.com\/es\/#website"},"datePublished":"2023-05-03T11:32:41+00:00","dateModified":"2023-05-03T11:33:45+00:00","breadcrumb":{"@id":"https:\/\/gelt.com\/es\/bases-legales\/consentimiento-zeroyzerozero\/#breadcrumb"},"inLanguage":"es","potentialAction":[{"@type":"ReadAction","target":["https:\/\/gelt.com\/es\/bases-legales\/consentimiento-zeroyzerozero\/"]}]},{"@type":"BreadcrumbList","@id":"https:\/\/gelt.com\/es\/bases-legales\/consentimiento-zeroyzerozero\/#breadcrumb","itemListElement":[{"@type":"ListItem","position":1,"name":"Portada","item":"https:\/\/gelt.com\/es\/"},{"@type":"ListItem","position":2,"name":"BASES Y CONDICIONES LEGALES","item":"https:\/\/gelt.com\/es\/bases-legales\/"},{"@type":"ListItem","position":3,"name":"consentimiento zero y zero zero"}]},{"@type":"WebSite","@id":"https:\/\/gelt.com\/es\/#website","url":"https:\/\/gelt.com\/es\/","name":"Gelt Espa\u00f1a","description":"Gelt - Dinero que vuelve","potentialAction":[{"@type":"SearchAction","target":{"@type":"EntryPoint","urlTemplate":"https:\/\/gelt.com\/es\/?s={search_term_string}"},"query-input":"required name=search_term_string"}],"inLanguage":"es"}]}},"_links":{"self":[{"href":"https:\/\/gelt.com\/es\/wp-json\/wp\/v2\/pages\/148059"}],"collection":[{"href":"https:\/\/gelt.com\/es\/wp-json\/wp\/v2\/pages"}],"about":[{"href":"https:\/\/gelt.com\/es\/wp-json\/wp\/v2\/types\/page"}],"author":[{"embeddable":true,"href":"https:\/\/gelt.com\/es\/wp-json\/wp\/v2\/users\/20"}],"replies":[{"embeddable":true,"href":"https:\/\/gelt.com\/es\/wp-json\/wp\/v2\/comments?post=148059"}],"version-history":[{"count":2,"href":"https:\/\/gelt.com\/es\/wp-json\/wp\/v2\/pages\/148059\/revisions"}],"predecessor-version":[{"id":148062,"href":"https:\/\/gelt.com\/es\/wp-json\/wp\/v2\/pages\/148059\/revisions\/148062"}],"up":[{"embeddable":true,"href":"https:\/\/gelt.com\/es\/wp-json\/wp\/v2\/pages\/144241"}],"wp:attachment":[{"href":"https:\/\/gelt.com\/es\/wp-json\/wp\/v2\/media?parent=148059"}],"curies":[{"name":"wp","href":"https:\/\/api.w.org\/{rel}","templated":true}]}}