{"id":148815,"date":"2023-12-15T12:27:40","date_gmt":"2023-12-15T11:27:40","guid":{"rendered":"https:\/\/gelt.com\/es\/?page_id=148815"},"modified":"2024-01-11T18:20:33","modified_gmt":"2024-01-11T17:20:33","slug":"cambios-politica-privacidad","status":"publish","type":"page","link":"https:\/\/gelt.com\/es\/bases-legales\/cambios-politica-privacidad\/","title":{"rendered":"CAMBIOS EN LA POL\u00cdTICA DE PRIVACIDAD"},"content":{"rendered":"<p>[vc_row top=\u00bb80px\u00bb bottom=\u00bb40px\u00bb content_fadeout=\u00bbcontent-fadeout\u00bb content_placement=\u00bbmiddle\u00bb textalign=\u00bbcenter\u00bb row_seperator=\u00bbno-seperator\u00bb font_color=\u00bb#ffffff\u00bb bg_color=\u00bb#ff344c\u00bb][vc_column width=\u00bb2\/3&#8243;][vc_heading h_size=\u00bbh-extralarge\u00bb title=\u00bbCAMBIOS EN LA POL\u00cdTICA DE PRIVACIDAD\u00bb title_color=\u00bb#ffffff\u00bb subtitle_color=\u00bb#ffffff\u00bb alignment=\u00bbalign-left\u00bb][\/vc_column][vc_column width=\u00bb1\/3&#8243;][vc_single_image image=\u00bb148816&#8243; img_size=\u00bb180&#215;180&#8243;][\/vc_column][\/vc_row][vc_row][vc_column][vc_column_text]<\/p>\n<p class=\"p1\"><strong>\u00a1Hola! <\/strong><\/p>\n<p class=\"p1\">Tenemos novedades importantes en nuestra Pol\u00edtica de Privacidad <span class=\"s1\">\ud83c\udf1f<\/span><\/p>\n<p class=\"p1\">En GELT estamos siempre buscando maneras de mejorar tu experiencia y ofrecerte m\u00e1s beneficios. Por eso, queremos informarte sobre algunos cambios importantes en nuestra Pol\u00edtica de Privacidad que te permitir\u00e1n disfrutar a\u00fan m\u00e1s de GELT.<span class=\"Apple-converted-space\">\u00a0<\/span><\/p>\n<p class=\"p1\">\u00bfQu\u00e9 est\u00e1 cambiando?<\/p>\n<p class=\"p1\">Para brindarte ofertas m\u00e1s personalizadas y una experiencia de cashback mejorada, empezaremos a compartir algunos de tus datos con empresas de confianza. Tu privacidad es super importante para nosotros. T\u00fa decides si quieres compartir tus datos aceptando la Pol\u00edtica de Privacidad y puedes cambiar tu elecci\u00f3n en cualquier momento enviando un email a dpd@gelt.com.<span class=\"Apple-converted-space\">\u00a0<\/span><\/p>\n<p class=\"p1\">Puedes leer los cambios completos <a href=\"https:\/\/gelt.com\/es\/politica-de-privacidad\/\">aqu\u00ed<\/a><\/p>\n<p class=\"p1\"><a href=\"https:\/\/gelt.com\/es\/preguntas-dudas-curiosidades\/\">Aqu\u00ed<\/a> puedes tambi\u00e9n conocer m\u00e1s sobre este cambio<\/p>\n<p class=\"p1\">Queremos seguir siendo tu compa\u00f1ero de confianza en tus aventuras de cashback. Si tienes alguna pregunta, estamos aqu\u00ed para ayudarte.<\/p>\n<p class=\"p1\">Gracias por ser parte de GELT.<span class=\"Apple-converted-space\">\u00a0<\/span><\/p>\n<p>[\/vc_column_text][\/vc_column][\/vc_row]<\/p>\n","protected":false},"excerpt":{"rendered":"<p>[vc_row top=\u00bb80px\u00bb bottom=\u00bb40px\u00bb content_fadeout=\u00bbcontent-fadeout\u00bb content_placement=\u00bbmiddle\u00bb textalign=\u00bbcenter\u00bb row_seperator=\u00bbno-seperator\u00bb font_color=\u00bb#ffffff\u00bb bg_color=\u00bb#ff344c\u00bb][vc_column width=\u00bb2\/3&#8243;][vc_heading h_size=\u00bbh-extralarge\u00bb title=\u00bbCAMBIOS EN LA POL\u00cdTICA DE PRIVACIDAD\u00bb title_color=\u00bb#ffffff\u00bb subtitle_color=\u00bb#ffffff\u00bb alignment=\u00bbalign-left\u00bb][\/vc_column][vc_column width=\u00bb1\/3&#8243;][vc_single_image image=\u00bb148816&#8243; img_size=\u00bb180&#215;180&#8243;][\/vc_column][\/vc_row][vc_row][vc_column][vc_column_text] \u00a1Hola! Tenemos novedades importantes en nuestra Pol\u00edtica de Privacidad \ud83c\udf1f En GELT estamos siempre buscando maneras de mejorar tu experiencia y ofrecerte m\u00e1s beneficios. Por eso, queremos informarte sobre algunos cambios importantes en nuestra Pol\u00edtica de Privacidad que te permitir\u00e1n disfrutar a\u00fan m\u00e1s de GELT.\u00a0 \u00bfQu\u00e9 est\u00e1 cambiando? Para brindarte ofertas m\u00e1s&#8230;  <\/p>\n<div class=\"read-more\"><a class=\"excerpt-read-more\" href=\"https:\/\/gelt.com\/es\/bases-legales\/cambios-politica-privacidad\/\" title=\"Continue reading CAMBIOS EN LA POL\u00cdTICA DE PRIVACIDAD\">Read more<i class=\"fa fa-angle-right\"><\/i><\/a><\/div>\n","protected":false},"author":20,"featured_media":0,"parent":144241,"menu_order":0,"comment_status":"closed","ping_status":"closed","template":"page-full-width.php","meta":{"content-type":"","footnotes":""},"yoast_head":"<!-- This site is optimized with the Yoast SEO plugin v21.9.1 - https:\/\/yoast.com\/wordpress\/plugins\/seo\/ -->\n<title>Bases Legales CAMBIOS EN LA POL\u00cdTICA DE PRIVACIDAD - Gelt Espa\u00f1a<\/title>\n<meta name=\"robots\" content=\"index, follow, max-snippet:-1, max-image-preview:large, max-video-preview:-1\" \/>\n<link rel=\"canonical\" href=\"https:\/\/gelt.com\/es\/bases-legales\/cambios-politica-privacidad\/\" \/>\n<meta property=\"og:locale\" content=\"es_ES\" \/>\n<meta property=\"og:type\" content=\"article\" \/>\n<meta property=\"og:title\" content=\"Bases Legales CAMBIOS EN LA POL\u00cdTICA DE PRIVACIDAD - Gelt Espa\u00f1a\" \/>\n<meta property=\"og:description\" content=\"[vc_row top=\u00bb80px\u00bb bottom=\u00bb40px\u00bb content_fadeout=\u00bbcontent-fadeout\u00bb content_placement=\u00bbmiddle\u00bb textalign=\u00bbcenter\u00bb row_seperator=\u00bbno-seperator\u00bb font_color=\u00bb#ffffff\u00bb bg_color=\u00bb#ff344c\u00bb][vc_column width=\u00bb2\/3&#8243;][vc_heading h_size=\u00bbh-extralarge\u00bb title=\u00bbCAMBIOS EN LA POL\u00cdTICA DE PRIVACIDAD\u00bb title_color=\u00bb#ffffff\u00bb subtitle_color=\u00bb#ffffff\u00bb alignment=\u00bbalign-left\u00bb][\/vc_column][vc_column width=\u00bb1\/3&#8243;][vc_single_image image=\u00bb148816&#8243; img_size=\u00bb180&#215;180&#8243;][\/vc_column][\/vc_row][vc_row][vc_column][vc_column_text] \u00a1Hola! Tenemos novedades importantes en nuestra Pol\u00edtica de Privacidad \ud83c\udf1f En GELT estamos siempre buscando maneras de mejorar tu experiencia y ofrecerte m\u00e1s beneficios. Por eso, queremos informarte sobre algunos cambios importantes en nuestra Pol\u00edtica de Privacidad que te permitir\u00e1n disfrutar a\u00fan m\u00e1s de GELT.\u00a0 \u00bfQu\u00e9 est\u00e1 cambiando? Para brindarte ofertas m\u00e1s... Read more\" \/>\n<meta property=\"og:url\" content=\"https:\/\/gelt.com\/es\/bases-legales\/cambios-politica-privacidad\/\" \/>\n<meta property=\"og:site_name\" content=\"Gelt Espa\u00f1a\" \/>\n<meta property=\"article:modified_time\" content=\"2024-01-11T17:20:33+00:00\" \/>\n<meta name=\"twitter:card\" content=\"summary_large_image\" \/>\n<meta name=\"twitter:label1\" content=\"Tiempo de lectura\" \/>\n\t<meta name=\"twitter:data1\" content=\"1 minuto\" \/>\n<script type=\"application\/ld+json\" class=\"yoast-schema-graph\">{\"@context\":\"https:\/\/schema.org\",\"@graph\":[{\"@type\":\"WebPage\",\"@id\":\"https:\/\/gelt.com\/es\/bases-legales\/cambios-politica-privacidad\/\",\"url\":\"https:\/\/gelt.com\/es\/bases-legales\/cambios-politica-privacidad\/\",\"name\":\"Bases Legales CAMBIOS EN LA POL\u00cdTICA DE PRIVACIDAD - Gelt Espa\u00f1a\",\"isPartOf\":{\"@id\":\"https:\/\/gelt.com\/es\/#website\"},\"datePublished\":\"2023-12-15T11:27:40+00:00\",\"dateModified\":\"2024-01-11T17:20:33+00:00\",\"breadcrumb\":{\"@id\":\"https:\/\/gelt.com\/es\/bases-legales\/cambios-politica-privacidad\/#breadcrumb\"},\"inLanguage\":\"es\",\"potentialAction\":[{\"@type\":\"ReadAction\",\"target\":[\"https:\/\/gelt.com\/es\/bases-legales\/cambios-politica-privacidad\/\"]}]},{\"@type\":\"BreadcrumbList\",\"@id\":\"https:\/\/gelt.com\/es\/bases-legales\/cambios-politica-privacidad\/#breadcrumb\",\"itemListElement\":[{\"@type\":\"ListItem\",\"position\":1,\"name\":\"Portada\",\"item\":\"https:\/\/gelt.com\/es\/\"},{\"@type\":\"ListItem\",\"position\":2,\"name\":\"BASES Y CONDICIONES LEGALES\",\"item\":\"https:\/\/gelt.com\/es\/bases-legales\/\"},{\"@type\":\"ListItem\",\"position\":3,\"name\":\"CAMBIOS EN LA POL\u00cdTICA DE PRIVACIDAD\"}]},{\"@type\":\"WebSite\",\"@id\":\"https:\/\/gelt.com\/es\/#website\",\"url\":\"https:\/\/gelt.com\/es\/\",\"name\":\"Gelt Espa\u00f1a\",\"description\":\"Gelt - Dinero que vuelve\",\"potentialAction\":[{\"@type\":\"SearchAction\",\"target\":{\"@type\":\"EntryPoint\",\"urlTemplate\":\"https:\/\/gelt.com\/es\/?s={search_term_string}\"},\"query-input\":\"required name=search_term_string\"}],\"inLanguage\":\"es\"}]}<\/script>\n<!-- \/ Yoast SEO plugin. -->","yoast_head_json":{"title":"Bases Legales CAMBIOS EN LA POL\u00cdTICA DE PRIVACIDAD - Gelt Espa\u00f1a","robots":{"index":"index","follow":"follow","max-snippet":"max-snippet:-1","max-image-preview":"max-image-preview:large","max-video-preview":"max-video-preview:-1"},"canonical":"https:\/\/gelt.com\/es\/bases-legales\/cambios-politica-privacidad\/","og_locale":"es_ES","og_type":"article","og_title":"Bases Legales CAMBIOS EN LA POL\u00cdTICA DE PRIVACIDAD - Gelt Espa\u00f1a","og_description":"[vc_row top=\u00bb80px\u00bb bottom=\u00bb40px\u00bb content_fadeout=\u00bbcontent-fadeout\u00bb content_placement=\u00bbmiddle\u00bb textalign=\u00bbcenter\u00bb row_seperator=\u00bbno-seperator\u00bb font_color=\u00bb#ffffff\u00bb bg_color=\u00bb#ff344c\u00bb][vc_column width=\u00bb2\/3&#8243;][vc_heading h_size=\u00bbh-extralarge\u00bb title=\u00bbCAMBIOS EN LA POL\u00cdTICA DE PRIVACIDAD\u00bb title_color=\u00bb#ffffff\u00bb subtitle_color=\u00bb#ffffff\u00bb alignment=\u00bbalign-left\u00bb][\/vc_column][vc_column width=\u00bb1\/3&#8243;][vc_single_image image=\u00bb148816&#8243; img_size=\u00bb180&#215;180&#8243;][\/vc_column][\/vc_row][vc_row][vc_column][vc_column_text] \u00a1Hola! Tenemos novedades importantes en nuestra Pol\u00edtica de Privacidad \ud83c\udf1f En GELT estamos siempre buscando maneras de mejorar tu experiencia y ofrecerte m\u00e1s beneficios. Por eso, queremos informarte sobre algunos cambios importantes en nuestra Pol\u00edtica de Privacidad que te permitir\u00e1n disfrutar a\u00fan m\u00e1s de GELT.\u00a0 \u00bfQu\u00e9 est\u00e1 cambiando? Para brindarte ofertas m\u00e1s... Read more","og_url":"https:\/\/gelt.com\/es\/bases-legales\/cambios-politica-privacidad\/","og_site_name":"Gelt Espa\u00f1a","article_modified_time":"2024-01-11T17:20:33+00:00","twitter_card":"summary_large_image","twitter_misc":{"Tiempo de lectura":"1 minuto"},"schema":{"@context":"https:\/\/schema.org","@graph":[{"@type":"WebPage","@id":"https:\/\/gelt.com\/es\/bases-legales\/cambios-politica-privacidad\/","url":"https:\/\/gelt.com\/es\/bases-legales\/cambios-politica-privacidad\/","name":"Bases Legales CAMBIOS EN LA POL\u00cdTICA DE PRIVACIDAD - Gelt Espa\u00f1a","isPartOf":{"@id":"https:\/\/gelt.com\/es\/#website"},"datePublished":"2023-12-15T11:27:40+00:00","dateModified":"2024-01-11T17:20:33+00:00","breadcrumb":{"@id":"https:\/\/gelt.com\/es\/bases-legales\/cambios-politica-privacidad\/#breadcrumb"},"inLanguage":"es","potentialAction":[{"@type":"ReadAction","target":["https:\/\/gelt.com\/es\/bases-legales\/cambios-politica-privacidad\/"]}]},{"@type":"BreadcrumbList","@id":"https:\/\/gelt.com\/es\/bases-legales\/cambios-politica-privacidad\/#breadcrumb","itemListElement":[{"@type":"ListItem","position":1,"name":"Portada","item":"https:\/\/gelt.com\/es\/"},{"@type":"ListItem","position":2,"name":"BASES Y CONDICIONES LEGALES","item":"https:\/\/gelt.com\/es\/bases-legales\/"},{"@type":"ListItem","position":3,"name":"CAMBIOS EN LA POL\u00cdTICA DE PRIVACIDAD"}]},{"@type":"WebSite","@id":"https:\/\/gelt.com\/es\/#website","url":"https:\/\/gelt.com\/es\/","name":"Gelt Espa\u00f1a","description":"Gelt - Dinero que vuelve","potentialAction":[{"@type":"SearchAction","target":{"@type":"EntryPoint","urlTemplate":"https:\/\/gelt.com\/es\/?s={search_term_string}"},"query-input":"required name=search_term_string"}],"inLanguage":"es"}]}},"_links":{"self":[{"href":"https:\/\/gelt.com\/es\/wp-json\/wp\/v2\/pages\/148815"}],"collection":[{"href":"https:\/\/gelt.com\/es\/wp-json\/wp\/v2\/pages"}],"about":[{"href":"https:\/\/gelt.com\/es\/wp-json\/wp\/v2\/types\/page"}],"author":[{"embeddable":true,"href":"https:\/\/gelt.com\/es\/wp-json\/wp\/v2\/users\/20"}],"replies":[{"embeddable":true,"href":"https:\/\/gelt.com\/es\/wp-json\/wp\/v2\/comments?post=148815"}],"version-history":[{"count":7,"href":"https:\/\/gelt.com\/es\/wp-json\/wp\/v2\/pages\/148815\/revisions"}],"predecessor-version":[{"id":148899,"href":"https:\/\/gelt.com\/es\/wp-json\/wp\/v2\/pages\/148815\/revisions\/148899"}],"up":[{"embeddable":true,"href":"https:\/\/gelt.com\/es\/wp-json\/wp\/v2\/pages\/144241"}],"wp:attachment":[{"href":"https:\/\/gelt.com\/es\/wp-json\/wp\/v2\/media?parent=148815"}],"curies":[{"name":"wp","href":"https:\/\/api.w.org\/{rel}","templated":true}]}}