{"id":148920,"date":"2024-01-15T09:48:08","date_gmt":"2024-01-15T08:48:08","guid":{"rendered":"https:\/\/gelt.com\/es\/?page_id=148920"},"modified":"2024-01-15T09:48:08","modified_gmt":"2024-01-15T08:48:08","slug":"chocomel-consentimiento","status":"publish","type":"page","link":"https:\/\/gelt.com\/es\/bases-legales\/chocomel-consentimiento\/","title":{"rendered":"Coca Cola Zero Zero &#8211; Consentimiento"},"content":{"rendered":"<p>[vc_row][vc_column][vc_empty_space][vc_empty_space][vc_column_text]<\/p>\n<p class=\"p1\" style=\"text-align: center;\"><strong>CONSENTIMIENTO INFORMADO PARA EL TRATAMIENTO DE DATOS PERSONALES ESPEC\u00cdFICO RELATIVO A LA PROMOCI\u00d3N \u201cCHOCOMEL\u201d <\/strong><\/p>\n<p>[\/vc_column_text][vc_empty_space][vc_empty_space][vc_column_text]<span style=\"font-weight: 400;\">En cumplimiento de lo establecido en Reglamento (UE) 2016\/679 del Parlamento Europeo y del Consejo, de 27 de abril de 2016, relativo a la protecci\u00f3n de las personas f\u00edsicas en lo que respecta al tratamiento de datos personales y a la libre circulaci\u00f3n de estos datos (en adelante, \u201c<\/span><b>RGPD<\/b><span style=\"font-weight: 400;\">\u201d), as\u00ed como en la Ley Org\u00e1nica 3\/2018, de 5 de diciembre, de Protecci\u00f3n de Datos Personales y garant\u00eda de los derechos digitales (en adelante, \u201c<\/span><b>LOPDGDD<\/b><span style=\"font-weight: 400;\">\u201d), para el tratamiento de datos personales concreto que va a ser llevado a cabo por <\/span><span style=\"font-weight: 400;\">DINERO GELT S.L.<\/span><span style=\"font-weight: 400;\">, es necesario que el participante preste su consentimiento activo, libre e informado sobre el tratamiento de sus datos personales.\u00a0<\/span><\/p>\n<p><span style=\"font-weight: 400;\">Este tratamiento de datos personales, independiente de los tratamientos que <\/span><span style=\"font-weight: 400;\">DINERO GELT S.L.<\/span><span style=\"font-weight: 400;\">, realiza normalmente, es espec\u00edfico para ingresar en la cuenta bancaria del participante el <\/span><i><span style=\"font-weight: 400;\">cashback<\/span><\/i><span style=\"font-weight: 400;\"> al que el participante tenga derecho por su participaci\u00f3n en la promoci\u00f3n CHOCOMEL (la \u201c<\/span><b>Promoci\u00f3n<\/b><span style=\"font-weight: 400;\">\u201d).<\/span><\/p>\n<p>&nbsp;<\/p>\n<p><b>Responsable:<\/b><span style=\"font-weight: 400;\"> \u201cDINERO GELT S.L.\u201d, sociedad legalmente constituida bajo la legislaci\u00f3n espa\u00f1ola con Avenida de Bruselas 7, planta 4, 28108, Alcobendas, Madrid, provista del N\u00famero de Identificaci\u00f3n Fiscal A-58536111 (en adelante, la \u201cORGANIZADORA\u201d) email de contacto: hola@gelt.com (el \u201cResponsable\u201d).<\/span><\/p>\n<p>&nbsp;<\/p>\n<p><b>Finalidad del tratamiento:<\/b><span style=\"font-weight: 400;\"> El Responsable tratar\u00e1 los datos personales facilitados por los participantes, con las siguientes finalidades principales:<\/span><\/p>\n<p>&nbsp;<\/p>\n<p><span style=\"font-weight: 400;\">\u2010 Gestionar su participaci\u00f3n en la promoci\u00f3n (incluyendo, a t\u00edtulo enunciativo, pero no limitativo, comprobar que los ganadores cumplen las condiciones de participaci\u00f3n y gestionar la entrega de los premios a los ganadores).<\/span><\/p>\n<p>&nbsp;<\/p>\n<p><span style=\"font-weight: 400;\">&#8211; Conocer la experiencia de compra de los consumidores del producto promocionado.<\/span><\/p>\n<p>&nbsp;<\/p>\n<p><span style=\"font-weight: 400;\">\u2010 Utilizar su nombre, apellidos y\/o imagen en el marco de la publicaci\u00f3n de su condici\u00f3n de ganador o en cualquier actividad publicitaria o promocional.<\/span><\/p>\n<p>&nbsp;<\/p>\n<p><b>Datos recabados:\u00a0<\/b><\/p>\n<p>&nbsp;<\/p>\n<ul>\n<li style=\"font-weight: 400;\" aria-level=\"1\"><span style=\"font-weight: 400;\">Nombre<\/span><\/li>\n<li style=\"font-weight: 400;\" aria-level=\"1\"><span style=\"font-weight: 400;\">Apellidos<\/span><\/li>\n<li style=\"font-weight: 400;\" aria-level=\"1\"><span style=\"font-weight: 400;\">Email<\/span><\/li>\n<li style=\"font-weight: 400;\" aria-level=\"1\"><span style=\"font-weight: 400;\">n\u00famero de tel\u00e9fono<\/span><\/li>\n<li style=\"font-weight: 400;\" aria-level=\"1\"><span style=\"font-weight: 400;\">direcci\u00f3n<\/span><\/li>\n<li style=\"font-weight: 400;\" aria-level=\"1\"><span style=\"font-weight: 400;\">c\u00f3digo postal<\/span><\/li>\n<li style=\"font-weight: 400;\" aria-level=\"1\"><span style=\"font-weight: 400;\">N\u00famero de DNI<\/span><\/li>\n<li style=\"font-weight: 400;\" aria-level=\"1\"><span style=\"font-weight: 400;\">IBAN<\/span><\/li>\n<\/ul>\n<p>&nbsp;<\/p>\n<p><b>Legitimaci\u00f3n:<\/b><span style=\"font-weight: 400;\"> la base legal para el tratamiento de los datos de los participantes es la ejecuci\u00f3n de estas bases legales.<\/span><\/p>\n<p>&nbsp;<\/p>\n<p><b>Destinatarios:<\/b><span style=\"font-weight: 400;\"> El Responsable podr\u00e1 comunicar sus datos para el cumplimiento de las obligaciones legales que en cada caso correspondan.<\/span><\/p>\n<p>&nbsp;<\/p>\n<p><b>Plazo de conservaci\u00f3n:<\/b><span style=\"font-weight: 400;\"> El Responsable conservar\u00e1 los datos de los participantes mientras dure la presente promoci\u00f3n y en cualquier caso mientras no se solicite su supresi\u00f3n, as\u00ed como el tiempo necesario para dar cumplimiento a las obligaciones legales que en cada caso correspondan acorde con cada tipolog\u00eda de datos.<\/span><\/p>\n<p>&nbsp;<\/p>\n<p><b>Ejercicio de derechos:<\/b><span style=\"font-weight: 400;\"> en cualquier momento, los participantes tienen derecho a ejercer sus derechos de acceso, rectificaci\u00f3n y supresi\u00f3n, limitaci\u00f3n del tratamiento, portabilidad, oposici\u00f3n, mediante petici\u00f3n escrita a la siguiente direcci\u00f3n postal del responsable del tratamiento: DINERO GELT S.L. con domicilio a efecto de notificaciones en Avenida de Bruselas 7, planta 4, 28018, Alcobendas, Madrid, provista del N\u00famero de Identificaci\u00f3n Fiscal B87368692 email de contacto: <\/span><a href=\"mailto:dpd@gelt.com\"><span style=\"font-weight: 400;\">dpd@gelt.com<\/span><\/a><span style=\"font-weight: 400;\">\u00a0<\/span><\/p>\n<p>&nbsp;<\/p>\n<p><span style=\"font-weight: 400;\">En todo caso, los participantes quedan informado de que la revocaci\u00f3n de su consentimiento otorgado para el tratamiento de sus datos durante la vigencia de la promoci\u00f3n comportar\u00e1 la imposibilidad de seguir participando en la misma.<\/span><\/p>\n<p>&nbsp;<\/p>\n<p><b>Presentaci\u00f3n de reclamaciones:<\/b><span style=\"font-weight: 400;\"> si los participantes consideran que el Responsable de Tratamiento no ha tratado sus datos personales de conformidad con la normativa aplicable, podr\u00e1 presentar una reclamaci\u00f3n frente a la autoridad de control competente, a trav\u00e9s de la p\u00e1gina web <\/span><a href=\"http:\/\/www.agpd.es\"><span style=\"font-weight: 400;\">www.agpd.es<\/span><\/a><span style=\"font-weight: 400;\">\u00a0\u00a0<\/span><\/p>\n<p>&nbsp;<\/p>\n<p>&nbsp;<\/p>\n<p>[\/vc_column_text][\/vc_column][\/vc_row][vc_row][vc_column][\/vc_column][\/vc_row]<\/p>\n","protected":false},"excerpt":{"rendered":"<p>[vc_row][vc_column][vc_empty_space][vc_empty_space][vc_column_text] CONSENTIMIENTO INFORMADO PARA EL TRATAMIENTO DE DATOS PERSONALES ESPEC\u00cdFICO RELATIVO A LA PROMOCI\u00d3N \u201cCHOCOMEL\u201d [\/vc_column_text][vc_empty_space][vc_empty_space][vc_column_text]En cumplimiento de lo establecido en Reglamento (UE) 2016\/679 del Parlamento Europeo y del Consejo, de 27 de abril de 2016, relativo a la protecci\u00f3n de las personas f\u00edsicas en lo que respecta al tratamiento de datos personales y a la libre circulaci\u00f3n de estos datos (en adelante, \u201cRGPD\u201d), as\u00ed como en la Ley Org\u00e1nica 3\/2018, de 5 de diciembre,&#8230;  <\/p>\n<div class=\"read-more\"><a class=\"excerpt-read-more\" href=\"https:\/\/gelt.com\/es\/bases-legales\/chocomel-consentimiento\/\" title=\"Continue reading Coca Cola Zero Zero &#8211; Consentimiento\">Read more<i class=\"fa fa-angle-right\"><\/i><\/a><\/div>\n","protected":false},"author":126,"featured_media":0,"parent":144241,"menu_order":0,"comment_status":"closed","ping_status":"closed","template":"","meta":{"content-type":"","footnotes":""},"yoast_head":"<!-- This site is optimized with the Yoast SEO plugin v21.9.1 - https:\/\/yoast.com\/wordpress\/plugins\/seo\/ -->\n<title>Coca Cola Zero Zero - Consentimiento - Gelt Espa\u00f1a<\/title>\n<meta name=\"robots\" content=\"index, follow, max-snippet:-1, max-image-preview:large, max-video-preview:-1\" \/>\n<link rel=\"canonical\" href=\"https:\/\/gelt.com\/es\/bases-legales\/chocomel-consentimiento\/\" \/>\n<meta property=\"og:locale\" content=\"es_ES\" \/>\n<meta property=\"og:type\" content=\"article\" \/>\n<meta property=\"og:title\" content=\"Coca Cola Zero Zero - Consentimiento - Gelt Espa\u00f1a\" \/>\n<meta property=\"og:description\" content=\"[vc_row][vc_column][vc_empty_space][vc_empty_space][vc_column_text] CONSENTIMIENTO INFORMADO PARA EL TRATAMIENTO DE DATOS PERSONALES ESPEC\u00cdFICO RELATIVO A LA PROMOCI\u00d3N \u201cCHOCOMEL\u201d [\/vc_column_text][vc_empty_space][vc_empty_space][vc_column_text]En cumplimiento de lo establecido en Reglamento (UE) 2016\/679 del Parlamento Europeo y del Consejo, de 27 de abril de 2016, relativo a la protecci\u00f3n de las personas f\u00edsicas en lo que respecta al tratamiento de datos personales y a la libre circulaci\u00f3n de estos datos (en adelante, \u201cRGPD\u201d), as\u00ed como en la Ley Org\u00e1nica 3\/2018, de 5 de diciembre,... Read more\" \/>\n<meta property=\"og:url\" content=\"https:\/\/gelt.com\/es\/bases-legales\/chocomel-consentimiento\/\" \/>\n<meta property=\"og:site_name\" content=\"Gelt Espa\u00f1a\" \/>\n<meta name=\"twitter:card\" content=\"summary_large_image\" \/>\n<meta name=\"twitter:label1\" content=\"Tiempo de lectura\" \/>\n\t<meta name=\"twitter:data1\" content=\"4 minutos\" \/>\n<script type=\"application\/ld+json\" class=\"yoast-schema-graph\">{\"@context\":\"https:\/\/schema.org\",\"@graph\":[{\"@type\":\"WebPage\",\"@id\":\"https:\/\/gelt.com\/es\/bases-legales\/chocomel-consentimiento\/\",\"url\":\"https:\/\/gelt.com\/es\/bases-legales\/chocomel-consentimiento\/\",\"name\":\"Coca Cola Zero Zero - Consentimiento - Gelt Espa\u00f1a\",\"isPartOf\":{\"@id\":\"https:\/\/gelt.com\/es\/#website\"},\"datePublished\":\"2024-01-15T08:48:08+00:00\",\"dateModified\":\"2024-01-15T08:48:08+00:00\",\"breadcrumb\":{\"@id\":\"https:\/\/gelt.com\/es\/bases-legales\/chocomel-consentimiento\/#breadcrumb\"},\"inLanguage\":\"es\",\"potentialAction\":[{\"@type\":\"ReadAction\",\"target\":[\"https:\/\/gelt.com\/es\/bases-legales\/chocomel-consentimiento\/\"]}]},{\"@type\":\"BreadcrumbList\",\"@id\":\"https:\/\/gelt.com\/es\/bases-legales\/chocomel-consentimiento\/#breadcrumb\",\"itemListElement\":[{\"@type\":\"ListItem\",\"position\":1,\"name\":\"Portada\",\"item\":\"https:\/\/gelt.com\/es\/\"},{\"@type\":\"ListItem\",\"position\":2,\"name\":\"BASES Y CONDICIONES LEGALES\",\"item\":\"https:\/\/gelt.com\/es\/bases-legales\/\"},{\"@type\":\"ListItem\",\"position\":3,\"name\":\"Coca Cola Zero Zero &#8211; Consentimiento\"}]},{\"@type\":\"WebSite\",\"@id\":\"https:\/\/gelt.com\/es\/#website\",\"url\":\"https:\/\/gelt.com\/es\/\",\"name\":\"Gelt Espa\u00f1a\",\"description\":\"Gelt - Dinero que vuelve\",\"potentialAction\":[{\"@type\":\"SearchAction\",\"target\":{\"@type\":\"EntryPoint\",\"urlTemplate\":\"https:\/\/gelt.com\/es\/?s={search_term_string}\"},\"query-input\":\"required name=search_term_string\"}],\"inLanguage\":\"es\"}]}<\/script>\n<!-- \/ Yoast SEO plugin. -->","yoast_head_json":{"title":"Coca Cola Zero Zero - Consentimiento - Gelt Espa\u00f1a","robots":{"index":"index","follow":"follow","max-snippet":"max-snippet:-1","max-image-preview":"max-image-preview:large","max-video-preview":"max-video-preview:-1"},"canonical":"https:\/\/gelt.com\/es\/bases-legales\/chocomel-consentimiento\/","og_locale":"es_ES","og_type":"article","og_title":"Coca Cola Zero Zero - Consentimiento - Gelt Espa\u00f1a","og_description":"[vc_row][vc_column][vc_empty_space][vc_empty_space][vc_column_text] CONSENTIMIENTO INFORMADO PARA EL TRATAMIENTO DE DATOS PERSONALES ESPEC\u00cdFICO RELATIVO A LA PROMOCI\u00d3N \u201cCHOCOMEL\u201d [\/vc_column_text][vc_empty_space][vc_empty_space][vc_column_text]En cumplimiento de lo establecido en Reglamento (UE) 2016\/679 del Parlamento Europeo y del Consejo, de 27 de abril de 2016, relativo a la protecci\u00f3n de las personas f\u00edsicas en lo que respecta al tratamiento de datos personales y a la libre circulaci\u00f3n de estos datos (en adelante, \u201cRGPD\u201d), as\u00ed como en la Ley Org\u00e1nica 3\/2018, de 5 de diciembre,... Read more","og_url":"https:\/\/gelt.com\/es\/bases-legales\/chocomel-consentimiento\/","og_site_name":"Gelt Espa\u00f1a","twitter_card":"summary_large_image","twitter_misc":{"Tiempo de lectura":"4 minutos"},"schema":{"@context":"https:\/\/schema.org","@graph":[{"@type":"WebPage","@id":"https:\/\/gelt.com\/es\/bases-legales\/chocomel-consentimiento\/","url":"https:\/\/gelt.com\/es\/bases-legales\/chocomel-consentimiento\/","name":"Coca Cola Zero Zero - Consentimiento - Gelt Espa\u00f1a","isPartOf":{"@id":"https:\/\/gelt.com\/es\/#website"},"datePublished":"2024-01-15T08:48:08+00:00","dateModified":"2024-01-15T08:48:08+00:00","breadcrumb":{"@id":"https:\/\/gelt.com\/es\/bases-legales\/chocomel-consentimiento\/#breadcrumb"},"inLanguage":"es","potentialAction":[{"@type":"ReadAction","target":["https:\/\/gelt.com\/es\/bases-legales\/chocomel-consentimiento\/"]}]},{"@type":"BreadcrumbList","@id":"https:\/\/gelt.com\/es\/bases-legales\/chocomel-consentimiento\/#breadcrumb","itemListElement":[{"@type":"ListItem","position":1,"name":"Portada","item":"https:\/\/gelt.com\/es\/"},{"@type":"ListItem","position":2,"name":"BASES Y CONDICIONES LEGALES","item":"https:\/\/gelt.com\/es\/bases-legales\/"},{"@type":"ListItem","position":3,"name":"Coca Cola Zero Zero &#8211; Consentimiento"}]},{"@type":"WebSite","@id":"https:\/\/gelt.com\/es\/#website","url":"https:\/\/gelt.com\/es\/","name":"Gelt Espa\u00f1a","description":"Gelt - Dinero que vuelve","potentialAction":[{"@type":"SearchAction","target":{"@type":"EntryPoint","urlTemplate":"https:\/\/gelt.com\/es\/?s={search_term_string}"},"query-input":"required name=search_term_string"}],"inLanguage":"es"}]}},"_links":{"self":[{"href":"https:\/\/gelt.com\/es\/wp-json\/wp\/v2\/pages\/148920"}],"collection":[{"href":"https:\/\/gelt.com\/es\/wp-json\/wp\/v2\/pages"}],"about":[{"href":"https:\/\/gelt.com\/es\/wp-json\/wp\/v2\/types\/page"}],"author":[{"embeddable":true,"href":"https:\/\/gelt.com\/es\/wp-json\/wp\/v2\/users\/126"}],"replies":[{"embeddable":true,"href":"https:\/\/gelt.com\/es\/wp-json\/wp\/v2\/comments?post=148920"}],"version-history":[{"count":3,"href":"https:\/\/gelt.com\/es\/wp-json\/wp\/v2\/pages\/148920\/revisions"}],"predecessor-version":[{"id":148923,"href":"https:\/\/gelt.com\/es\/wp-json\/wp\/v2\/pages\/148920\/revisions\/148923"}],"up":[{"embeddable":true,"href":"https:\/\/gelt.com\/es\/wp-json\/wp\/v2\/pages\/144241"}],"wp:attachment":[{"href":"https:\/\/gelt.com\/es\/wp-json\/wp\/v2\/media?parent=148920"}],"curies":[{"name":"wp","href":"https:\/\/api.w.org\/{rel}","templated":true}]}}