{"id":149580,"date":"2024-08-27T14:30:24","date_gmt":"2024-08-27T12:30:24","guid":{"rendered":"https:\/\/gelt.com\/es\/?page_id=149580"},"modified":"2024-08-27T14:30:24","modified_gmt":"2024-08-27T12:30:24","slug":"consentimiento-informado-para-el-tratamiento-de-datos-personales-especifico-relativo-a-la-promocion-comando-limpieza","status":"publish","type":"page","link":"https:\/\/gelt.com\/es\/bases-legales\/consentimiento-informado-para-el-tratamiento-de-datos-personales-especifico-relativo-a-la-promocion-comando-limpieza\/","title":{"rendered":"CONSENTIMIENTO INFORMADO PARA EL TRATAMIENTO DE DATOS PERSONALES ESPEC\u00cdFICO RELATIVO A LA PROMOCI\u00d3N \u201cCOMANDO LIMPIEZA\u201d,"},"content":{"rendered":"<p>[vc_row top=\u00bb80px\u00bb bottom=\u00bb40px\u00bb content_fadeout=\u00bbcontent-fadeout\u00bb content_placement=\u00bbmiddle\u00bb textalign=\u00bbcenter\u00bb row_seperator=\u00bbno-seperator\u00bb font_color=\u00bb#ffffff\u00bb bg_color=\u00bb#ff344c\u00bb][vc_column width=\u00bb2\/3&#8243;][vc_heading h_size=\u00bbh-extralarge\u00bb title=\u00bbCONSENTIMIENTO INFORMADO PARA EL TRATAMIENTO DE DATOS PERSONALES ESPEC\u00cdFICO RELATIVO A LA PROMOCI\u00d3N \u201cCOMANDO LIMPIEZA\u201d,\u00bb title_color=\u00bb#ffffff\u00bb subtitle_color=\u00bb#ffffff\u00bb alignment=\u00bbalign-left\u00bb][\/vc_column][vc_column width=\u00bb1\/3&#8243;][vc_single_image image=\u00bb148099&#8243; img_size=\u00bb240&#215;240&#8243;][\/vc_column][\/vc_row][vc_row][vc_column][vc_column_text]<span style=\"font-weight: 400;\">En cumplimiento de lo establecido en Reglamento (UE) 2016\/679 del Parlamento Europeo y del Consejo, de 27 de abril de 2016, relativo a la protecci\u00f3n de las personas f\u00edsicas en lo que respecta al tratamiento de datos personales y a la libre circulaci\u00f3n de estos datos (en adelante \u201cRGPD\u201d), as\u00ed como en la Ley Org\u00e1nica 3\/2018, de 5 de diciembre, de Protecci\u00f3n de Datos Personales y garant\u00eda de los derechos digitales (en adelante \u201cLOPDGDD\u201d) para el tratamiento de datos personales concreto que va a ser llevado a cabo el Responsable de Tratamiento, es necesario que el participante\/usuario\/usuaria preste su consentimiento activo, libre e informado sobre el tratamiento de sus datos personales.\u00a0<\/span><\/p>\n<p>&nbsp;<\/p>\n<p><b>Responsable:<\/b><span style=\"font-weight: 400;\"> JOHNSON\u2019S WAX ESPA\u00d1OLA, S.L con domicilio en la calle Quintanavides 17, Edificio III Panta 4\u00aa 28050 Madrid y CIF n\u00famero B-28128890.<\/span><\/p>\n<p>&nbsp;<\/p>\n<p><b>Finalidad del tratamiento:<\/b><span style=\"font-weight: 400;\"> JOHNSON\u2019S WAX ESPA\u00d1OLA, S.L. tratar\u00e1 los datos personales facilitados por los participantes, con las siguientes finalidades principales:<\/span><\/p>\n<p>&nbsp;<\/p>\n<p><span style=\"font-weight: 400;\">\u2010<\/span> <span style=\"font-weight: 400;\">Gestionar su participaci\u00f3n en la promoci\u00f3n (incluyendo, a t\u00edtulo enunciativo, pero no limitativo, comprobar que los participantes cumplen las condiciones de participaci\u00f3n y gestionar la entrega de los premios correspondientes).<\/span><\/p>\n<p><span style=\"font-weight: 400;\">&#8211;\u00a0 \u00a0 \u00a0 \u00a0 <\/span> <span style=\"font-weight: 400;\">Conocer la experiencia de compra de los consumidores del producto seleccionado.<\/span><\/p>\n<p>&nbsp;<\/p>\n<p><span style=\"font-weight: 400;\">\u2010<\/span> <span style=\"font-weight: 400;\">Utilizar su nombre, apellidos y\/o imagen en el marco de la publicaci\u00f3n de su condici\u00f3n de ganador o en cualquier actividad publicitaria o promocional.<\/span><\/p>\n<p>&nbsp;<\/p>\n<p><b>Datos recabados:\u00a0<\/b><\/p>\n<p>&nbsp;<\/p>\n<ul>\n<li style=\"font-weight: 400;\" aria-level=\"1\"><span style=\"font-weight: 400;\">Nombre<\/span><\/li>\n<li style=\"font-weight: 400;\" aria-level=\"1\"><span style=\"font-weight: 400;\">Apellidos<\/span><\/li>\n<li style=\"font-weight: 400;\" aria-level=\"1\"><span style=\"font-weight: 400;\">N\u00famero DNI<\/span><\/li>\n<li style=\"font-weight: 400;\" aria-level=\"1\"><span style=\"font-weight: 400;\">Email<\/span><\/li>\n<li style=\"font-weight: 400;\" aria-level=\"1\"><span style=\"font-weight: 400;\">Tel\u00e9fono<\/span><\/li>\n<li style=\"font-weight: 400;\" aria-level=\"1\"><span style=\"font-weight: 400;\">Direcci\u00f3n postal\u00a0<\/span><\/li>\n<li style=\"font-weight: 400;\" aria-level=\"1\"><span style=\"font-weight: 400;\">Ticket de compra<\/span><\/li>\n<\/ul>\n<p>&nbsp;<\/p>\n<p><b>Legitimaci\u00f3n:<\/b><span style=\"font-weight: 400;\"> la base legal para el tratamiento de los datos de los participantes es la ejecuci\u00f3n de un contrato consistente en gestionar correctamente su participaci\u00f3n en la promoci\u00f3n as\u00ed como el consentimiento de los participantes.<\/span><\/p>\n<p>&nbsp;<\/p>\n<p><b>Destinatarios:<\/b><span style=\"font-weight: 400;\"> JOHNSON\u2019S WAX ESPA\u00d1OLA, S.L. podr\u00e1 comunicar sus datos para el cumplimiento de las obligaciones legales que en cada caso correspondan.<\/span><\/p>\n<p>&nbsp;<\/p>\n<p><span style=\"font-weight: 400;\">Adicionalmente, el titular de los datos autoriza expresamente a que los datos personales que\u00a0facilite\u00a0puedan ser comunicados, a la entidad DINERO GELT, S.L. (en adelante, \u201cGELT\u201d), sociedad con domicilio en Madrid, en la calle Josefa Valc\u00e1rcel, 3, 2-A, y provista del N.I.F. B-87368692., como entidad colaboradora de JOHNSON\u2019S WAX ESPA\u00d1OLA, S.L. en la\u00a0gesti\u00f3n de la\u00a0presente Promoci\u00f3n. GELT tendr\u00e1 acceso y tratar\u00e1 los datos de car\u00e1cter personal de los participantes en calidad de encargado del tratamiento de\u00a0los mismos, con la finalidad de gestionar la participaci\u00f3n de los participantes en la presente Promoci\u00f3n, realizar la redenci\u00f3n de los premios correspondientes, as\u00ed como la gesti\u00f3n de las posibles dudas o consultas derivadas de la misma.\u00a0<\/span><\/p>\n<p><span style=\"font-weight: 400;\">\u00a0<\/span><\/p>\n<p><b>Plazo de conservaci\u00f3n:<\/b><span style=\"font-weight: 400;\"> JOHNSON\u2019S WAX ESPA\u00d1OLA, S.L. conservar\u00e1 los datos de los participantes mientras dure la presente promoci\u00f3n y en cualquier caso mientras no se solicite su supresi\u00f3n, as\u00ed como el tiempo necesario para dar cumplimiento a las obligaciones legales que en cada caso correspondan acorde con cada tipolog\u00eda de datos.<\/span><\/p>\n<p>&nbsp;<\/p>\n<p><b>Ejercicio de derechos:<\/b><span style=\"font-weight: 400;\"> en cualquier momento, los participantes tienen derecho a ejercer sus derechos de acceso, rectificaci\u00f3n y supresi\u00f3n, limitaci\u00f3n del tratamiento, portabilidad, oposici\u00f3n, mediante petici\u00f3n escrita a la siguiente direcci\u00f3n postal del responsable del tratamiento: JOHNSON\u2019S WAX ESPA\u00d1OLA, S.L. con domicilio en la calle Quintanavides 17, Edificio III Panta 4\u00aa 28050 Madrid y\/o direcci\u00f3n de correo electr\u00f3nico: <\/span><a href=\"mailto:RECEPCION@scj.com\"><span style=\"font-weight: 400;\">RECEPCION@scj.com<\/span><\/a><span style=\"font-weight: 400;\">\u00a0<\/span><\/p>\n<p>&nbsp;<\/p>\n<p><span style=\"font-weight: 400;\">En todo caso, los participantes quedan informado de que la revocaci\u00f3n de su consentimiento otorgado para el tratamiento de sus datos durante la vigencia de la promoci\u00f3n comportar\u00e1 la imposibilidad de seguir participando en la misma.<\/span><\/p>\n<p>&nbsp;<\/p>\n<p><span style=\"font-weight: 400;\">Presentaci\u00f3n de reclamaciones: si los participantes consideran que JOHNSON\u2019S WAX ESPA\u00d1OLA, S.L. no ha tratado sus datos personales de conformidad con la normativa aplicable, podr\u00e1 presentar una reclamaci\u00f3n frente a la autoridad de control competente, a trav\u00e9s de la p\u00e1gina web <\/span><a href=\"http:\/\/www.agpd.es\"><span style=\"font-weight: 400;\">www.agpd.es<\/span><\/a><span style=\"font-weight: 400;\">.\u00a0<\/span>[\/vc_column_text][\/vc_column][\/vc_row]<\/p>\n","protected":false},"excerpt":{"rendered":"<p>[vc_row top=\u00bb80px\u00bb bottom=\u00bb40px\u00bb content_fadeout=\u00bbcontent-fadeout\u00bb content_placement=\u00bbmiddle\u00bb textalign=\u00bbcenter\u00bb row_seperator=\u00bbno-seperator\u00bb font_color=\u00bb#ffffff\u00bb bg_color=\u00bb#ff344c\u00bb][vc_column width=\u00bb2\/3&#8243;][vc_heading h_size=\u00bbh-extralarge\u00bb title=\u00bbCONSENTIMIENTO INFORMADO PARA EL TRATAMIENTO DE DATOS PERSONALES ESPEC\u00cdFICO RELATIVO A LA PROMOCI\u00d3N \u201cCOMANDO LIMPIEZA\u201d,\u00bb title_color=\u00bb#ffffff\u00bb subtitle_color=\u00bb#ffffff\u00bb alignment=\u00bbalign-left\u00bb][\/vc_column][vc_column width=\u00bb1\/3&#8243;][vc_single_image image=\u00bb148099&#8243; img_size=\u00bb240&#215;240&#8243;][\/vc_column][\/vc_row][vc_row][vc_column][vc_column_text]En cumplimiento de lo establecido en Reglamento (UE) 2016\/679 del Parlamento Europeo y del Consejo, de 27 de abril de 2016, relativo a la protecci\u00f3n de las personas f\u00edsicas en lo que respecta al tratamiento de datos personales y a la libre circulaci\u00f3n de&#8230;  <\/p>\n<div class=\"read-more\"><a class=\"excerpt-read-more\" href=\"https:\/\/gelt.com\/es\/bases-legales\/consentimiento-informado-para-el-tratamiento-de-datos-personales-especifico-relativo-a-la-promocion-comando-limpieza\/\" title=\"Continue reading CONSENTIMIENTO INFORMADO PARA EL TRATAMIENTO DE DATOS PERSONALES ESPEC\u00cdFICO RELATIVO A LA PROMOCI\u00d3N \u201cCOMANDO LIMPIEZA\u201d,\">Read more<i class=\"fa fa-angle-right\"><\/i><\/a><\/div>\n","protected":false},"author":126,"featured_media":0,"parent":144241,"menu_order":0,"comment_status":"closed","ping_status":"closed","template":"page-full-width.php","meta":{"content-type":"","footnotes":""},"yoast_head":"<!-- This site is optimized with the Yoast SEO plugin v21.9.1 - https:\/\/yoast.com\/wordpress\/plugins\/seo\/ -->\n<title>Bases Legales CONSENTIMIENTO INFORMADO PARA EL TRATAMIENTO DE DATOS PERSONALES ESPEC\u00cdFICO RELATIVO A LA PROMOCI\u00d3N \u201cCOMANDO LIMPIEZA\u201d, - Gelt Espa\u00f1a<\/title>\n<meta name=\"robots\" content=\"index, follow, max-snippet:-1, max-image-preview:large, max-video-preview:-1\" \/>\n<link rel=\"canonical\" href=\"https:\/\/gelt.com\/es\/bases-legales\/consentimiento-informado-para-el-tratamiento-de-datos-personales-especifico-relativo-a-la-promocion-comando-limpieza\/\" \/>\n<meta property=\"og:locale\" content=\"es_ES\" \/>\n<meta property=\"og:type\" content=\"article\" \/>\n<meta property=\"og:title\" content=\"Bases Legales CONSENTIMIENTO INFORMADO PARA EL TRATAMIENTO DE DATOS PERSONALES ESPEC\u00cdFICO RELATIVO A LA PROMOCI\u00d3N \u201cCOMANDO LIMPIEZA\u201d, - Gelt Espa\u00f1a\" \/>\n<meta property=\"og:description\" content=\"[vc_row top=\u00bb80px\u00bb bottom=\u00bb40px\u00bb content_fadeout=\u00bbcontent-fadeout\u00bb content_placement=\u00bbmiddle\u00bb textalign=\u00bbcenter\u00bb row_seperator=\u00bbno-seperator\u00bb font_color=\u00bb#ffffff\u00bb bg_color=\u00bb#ff344c\u00bb][vc_column width=\u00bb2\/3&#8243;][vc_heading h_size=\u00bbh-extralarge\u00bb title=\u00bbCONSENTIMIENTO INFORMADO PARA EL TRATAMIENTO DE DATOS PERSONALES ESPEC\u00cdFICO RELATIVO A LA PROMOCI\u00d3N \u201cCOMANDO LIMPIEZA\u201d,\u00bb title_color=\u00bb#ffffff\u00bb subtitle_color=\u00bb#ffffff\u00bb alignment=\u00bbalign-left\u00bb][\/vc_column][vc_column width=\u00bb1\/3&#8243;][vc_single_image image=\u00bb148099&#8243; img_size=\u00bb240&#215;240&#8243;][\/vc_column][\/vc_row][vc_row][vc_column][vc_column_text]En cumplimiento de lo establecido en Reglamento (UE) 2016\/679 del Parlamento Europeo y del Consejo, de 27 de abril de 2016, relativo a la protecci\u00f3n de las personas f\u00edsicas en lo que respecta al tratamiento de datos personales y a la libre circulaci\u00f3n de... Read more\" \/>\n<meta property=\"og:url\" content=\"https:\/\/gelt.com\/es\/bases-legales\/consentimiento-informado-para-el-tratamiento-de-datos-personales-especifico-relativo-a-la-promocion-comando-limpieza\/\" \/>\n<meta property=\"og:site_name\" content=\"Gelt Espa\u00f1a\" \/>\n<meta name=\"twitter:card\" content=\"summary_large_image\" \/>\n<meta name=\"twitter:label1\" content=\"Tiempo de lectura\" \/>\n\t<meta name=\"twitter:data1\" content=\"4 minutos\" \/>\n<script type=\"application\/ld+json\" class=\"yoast-schema-graph\">{\"@context\":\"https:\/\/schema.org\",\"@graph\":[{\"@type\":\"WebPage\",\"@id\":\"https:\/\/gelt.com\/es\/bases-legales\/consentimiento-informado-para-el-tratamiento-de-datos-personales-especifico-relativo-a-la-promocion-comando-limpieza\/\",\"url\":\"https:\/\/gelt.com\/es\/bases-legales\/consentimiento-informado-para-el-tratamiento-de-datos-personales-especifico-relativo-a-la-promocion-comando-limpieza\/\",\"name\":\"Bases Legales CONSENTIMIENTO INFORMADO PARA EL TRATAMIENTO DE DATOS PERSONALES ESPEC\u00cdFICO RELATIVO A LA PROMOCI\u00d3N \u201cCOMANDO LIMPIEZA\u201d, - Gelt Espa\u00f1a\",\"isPartOf\":{\"@id\":\"https:\/\/gelt.com\/es\/#website\"},\"datePublished\":\"2024-08-27T12:30:24+00:00\",\"dateModified\":\"2024-08-27T12:30:24+00:00\",\"breadcrumb\":{\"@id\":\"https:\/\/gelt.com\/es\/bases-legales\/consentimiento-informado-para-el-tratamiento-de-datos-personales-especifico-relativo-a-la-promocion-comando-limpieza\/#breadcrumb\"},\"inLanguage\":\"es\",\"potentialAction\":[{\"@type\":\"ReadAction\",\"target\":[\"https:\/\/gelt.com\/es\/bases-legales\/consentimiento-informado-para-el-tratamiento-de-datos-personales-especifico-relativo-a-la-promocion-comando-limpieza\/\"]}]},{\"@type\":\"BreadcrumbList\",\"@id\":\"https:\/\/gelt.com\/es\/bases-legales\/consentimiento-informado-para-el-tratamiento-de-datos-personales-especifico-relativo-a-la-promocion-comando-limpieza\/#breadcrumb\",\"itemListElement\":[{\"@type\":\"ListItem\",\"position\":1,\"name\":\"Portada\",\"item\":\"https:\/\/gelt.com\/es\/\"},{\"@type\":\"ListItem\",\"position\":2,\"name\":\"BASES Y CONDICIONES LEGALES\",\"item\":\"https:\/\/gelt.com\/es\/bases-legales\/\"},{\"@type\":\"ListItem\",\"position\":3,\"name\":\"CONSENTIMIENTO INFORMADO PARA EL TRATAMIENTO DE DATOS PERSONALES ESPEC\u00cdFICO RELATIVO A LA PROMOCI\u00d3N \u201cCOMANDO LIMPIEZA\u201d,\"}]},{\"@type\":\"WebSite\",\"@id\":\"https:\/\/gelt.com\/es\/#website\",\"url\":\"https:\/\/gelt.com\/es\/\",\"name\":\"Gelt Espa\u00f1a\",\"description\":\"Gelt - Dinero que vuelve\",\"potentialAction\":[{\"@type\":\"SearchAction\",\"target\":{\"@type\":\"EntryPoint\",\"urlTemplate\":\"https:\/\/gelt.com\/es\/?s={search_term_string}\"},\"query-input\":\"required name=search_term_string\"}],\"inLanguage\":\"es\"}]}<\/script>\n<!-- \/ Yoast SEO plugin. -->","yoast_head_json":{"title":"Bases Legales CONSENTIMIENTO INFORMADO PARA EL TRATAMIENTO DE DATOS PERSONALES ESPEC\u00cdFICO RELATIVO A LA PROMOCI\u00d3N \u201cCOMANDO LIMPIEZA\u201d, - Gelt Espa\u00f1a","robots":{"index":"index","follow":"follow","max-snippet":"max-snippet:-1","max-image-preview":"max-image-preview:large","max-video-preview":"max-video-preview:-1"},"canonical":"https:\/\/gelt.com\/es\/bases-legales\/consentimiento-informado-para-el-tratamiento-de-datos-personales-especifico-relativo-a-la-promocion-comando-limpieza\/","og_locale":"es_ES","og_type":"article","og_title":"Bases Legales CONSENTIMIENTO INFORMADO PARA EL TRATAMIENTO DE DATOS PERSONALES ESPEC\u00cdFICO RELATIVO A LA PROMOCI\u00d3N \u201cCOMANDO LIMPIEZA\u201d, - Gelt Espa\u00f1a","og_description":"[vc_row top=\u00bb80px\u00bb bottom=\u00bb40px\u00bb content_fadeout=\u00bbcontent-fadeout\u00bb content_placement=\u00bbmiddle\u00bb textalign=\u00bbcenter\u00bb row_seperator=\u00bbno-seperator\u00bb font_color=\u00bb#ffffff\u00bb bg_color=\u00bb#ff344c\u00bb][vc_column width=\u00bb2\/3&#8243;][vc_heading h_size=\u00bbh-extralarge\u00bb title=\u00bbCONSENTIMIENTO INFORMADO PARA EL TRATAMIENTO DE DATOS PERSONALES ESPEC\u00cdFICO RELATIVO A LA PROMOCI\u00d3N \u201cCOMANDO LIMPIEZA\u201d,\u00bb title_color=\u00bb#ffffff\u00bb subtitle_color=\u00bb#ffffff\u00bb alignment=\u00bbalign-left\u00bb][\/vc_column][vc_column width=\u00bb1\/3&#8243;][vc_single_image image=\u00bb148099&#8243; img_size=\u00bb240&#215;240&#8243;][\/vc_column][\/vc_row][vc_row][vc_column][vc_column_text]En cumplimiento de lo establecido en Reglamento (UE) 2016\/679 del Parlamento Europeo y del Consejo, de 27 de abril de 2016, relativo a la protecci\u00f3n de las personas f\u00edsicas en lo que respecta al tratamiento de datos personales y a la libre circulaci\u00f3n de... Read more","og_url":"https:\/\/gelt.com\/es\/bases-legales\/consentimiento-informado-para-el-tratamiento-de-datos-personales-especifico-relativo-a-la-promocion-comando-limpieza\/","og_site_name":"Gelt Espa\u00f1a","twitter_card":"summary_large_image","twitter_misc":{"Tiempo de lectura":"4 minutos"},"schema":{"@context":"https:\/\/schema.org","@graph":[{"@type":"WebPage","@id":"https:\/\/gelt.com\/es\/bases-legales\/consentimiento-informado-para-el-tratamiento-de-datos-personales-especifico-relativo-a-la-promocion-comando-limpieza\/","url":"https:\/\/gelt.com\/es\/bases-legales\/consentimiento-informado-para-el-tratamiento-de-datos-personales-especifico-relativo-a-la-promocion-comando-limpieza\/","name":"Bases Legales CONSENTIMIENTO INFORMADO PARA EL TRATAMIENTO DE DATOS PERSONALES ESPEC\u00cdFICO RELATIVO A LA PROMOCI\u00d3N \u201cCOMANDO LIMPIEZA\u201d, - Gelt Espa\u00f1a","isPartOf":{"@id":"https:\/\/gelt.com\/es\/#website"},"datePublished":"2024-08-27T12:30:24+00:00","dateModified":"2024-08-27T12:30:24+00:00","breadcrumb":{"@id":"https:\/\/gelt.com\/es\/bases-legales\/consentimiento-informado-para-el-tratamiento-de-datos-personales-especifico-relativo-a-la-promocion-comando-limpieza\/#breadcrumb"},"inLanguage":"es","potentialAction":[{"@type":"ReadAction","target":["https:\/\/gelt.com\/es\/bases-legales\/consentimiento-informado-para-el-tratamiento-de-datos-personales-especifico-relativo-a-la-promocion-comando-limpieza\/"]}]},{"@type":"BreadcrumbList","@id":"https:\/\/gelt.com\/es\/bases-legales\/consentimiento-informado-para-el-tratamiento-de-datos-personales-especifico-relativo-a-la-promocion-comando-limpieza\/#breadcrumb","itemListElement":[{"@type":"ListItem","position":1,"name":"Portada","item":"https:\/\/gelt.com\/es\/"},{"@type":"ListItem","position":2,"name":"BASES Y CONDICIONES LEGALES","item":"https:\/\/gelt.com\/es\/bases-legales\/"},{"@type":"ListItem","position":3,"name":"CONSENTIMIENTO INFORMADO PARA EL TRATAMIENTO DE DATOS PERSONALES ESPEC\u00cdFICO RELATIVO A LA PROMOCI\u00d3N \u201cCOMANDO LIMPIEZA\u201d,"}]},{"@type":"WebSite","@id":"https:\/\/gelt.com\/es\/#website","url":"https:\/\/gelt.com\/es\/","name":"Gelt Espa\u00f1a","description":"Gelt - Dinero que vuelve","potentialAction":[{"@type":"SearchAction","target":{"@type":"EntryPoint","urlTemplate":"https:\/\/gelt.com\/es\/?s={search_term_string}"},"query-input":"required name=search_term_string"}],"inLanguage":"es"}]}},"_links":{"self":[{"href":"https:\/\/gelt.com\/es\/wp-json\/wp\/v2\/pages\/149580"}],"collection":[{"href":"https:\/\/gelt.com\/es\/wp-json\/wp\/v2\/pages"}],"about":[{"href":"https:\/\/gelt.com\/es\/wp-json\/wp\/v2\/types\/page"}],"author":[{"embeddable":true,"href":"https:\/\/gelt.com\/es\/wp-json\/wp\/v2\/users\/126"}],"replies":[{"embeddable":true,"href":"https:\/\/gelt.com\/es\/wp-json\/wp\/v2\/comments?post=149580"}],"version-history":[{"count":1,"href":"https:\/\/gelt.com\/es\/wp-json\/wp\/v2\/pages\/149580\/revisions"}],"predecessor-version":[{"id":149581,"href":"https:\/\/gelt.com\/es\/wp-json\/wp\/v2\/pages\/149580\/revisions\/149581"}],"up":[{"embeddable":true,"href":"https:\/\/gelt.com\/es\/wp-json\/wp\/v2\/pages\/144241"}],"wp:attachment":[{"href":"https:\/\/gelt.com\/es\/wp-json\/wp\/v2\/media?parent=149580"}],"curies":[{"name":"wp","href":"https:\/\/api.w.org\/{rel}","templated":true}]}}