{"id":149992,"date":"2025-03-04T16:37:00","date_gmt":"2025-03-04T15:37:00","guid":{"rendered":"https:\/\/gelt.com\/es\/?page_id=149992"},"modified":"2025-03-05T09:58:54","modified_gmt":"2025-03-05T08:58:54","slug":"bases-de-promocion-santal","status":"publish","type":"page","link":"https:\/\/gelt.com\/es\/bases-legales\/bases-de-promocion-santal\/","title":{"rendered":"BASES DE LA PROMOCI\u00d3N SANTAL"},"content":{"rendered":"<p>[vc_row top=\u00bb80px\u00bb bottom=\u00bb40px\u00bb content_fadeout=\u00bbcontent-fadeout\u00bb content_placement=\u00bbmiddle\u00bb textalign=\u00bbcenter\u00bb row_seperator=\u00bbno-seperator\u00bb font_color=\u00bb#ffffff\u00bb bg_color=\u00bb#ff344c\u00bb][vc_column width=\u00bb2\/3&#8243;][vc_heading h_size=\u00bbh-extralarge\u00bb title=\u00bbBASES LEGALES DE LA PROMOCI\u00d3N \u201cSANTAL\u201d\u00bb title_color=\u00bb#ffffff\u00bb subtitle_color=\u00bb#ffffff\u00bb alignment=\u00bbalign-left\u00bb][\/vc_column][vc_column width=\u00bb1\/3&#8243;][vc_single_image image=\u00bb148099&#8243; img_size=\u00bb240&#215;240&#8243;][\/vc_column][\/vc_row][vc_row][vc_column][vc_column_text]<strong>1. Empresa responsable<\/strong><\/p>\n<p>La sociedad \u201cLACTALIS PULEVA S.L.\u201d, con domicilio social en Granada, Camino de Purchil, 66, CP 18004 y CIF B18975599 para promocionar las ventas de los productos de la marca Santal, va a desarrollar una campa\u00f1a promocional que se regir\u00e1<br \/>\npor las presentes Bases Legales.<br \/>\nLa agencia DINERO GELT, SLU ser\u00e1 la encargada de gestionar esta promoci\u00f3n.<\/p>\n<p><strong>2. Fechas de la promoci\u00f3n<\/strong><\/p>\n<p>La promoci\u00f3n se desarrolla desde las 00:00 horas del 10 de marzo hasta las 23:59 horas del 4 de mayo de 2025, ambos incluidos.<\/p>\n<p><strong>3. Participaci\u00f3n y Establecimientos adheridos a la promoci\u00f3n<\/strong><\/p>\n<p>\u00danicamente podr\u00e1n participar en esta promoci\u00f3n personas f\u00edsicas mayores de 18 a\u00f1os residentes en Espa\u00f1a (Pen\u00ednsula, Baleares y Canarias) que realicen una compra, sin m\u00ednimo de unidades de compra, de cualquier variedad de producto Santal, en cualquier establecimiento f\u00edsico del territorio nacional de Espa\u00f1a. Quedan excluidas de esta promoci\u00f3n las compras en establecimientos online, esto significa que no est\u00e1 permitida la participaci\u00f3n con tickets procedentes de compra online, solo se admitir\u00e1n tickets procedentes de puntos de venta f\u00edsicos.<\/p>\n<p><strong>4. Producto promocionado<\/strong><\/p>\n<p>Los productos promocionales son:<br \/>\n\u2022 Santal Almendra 1L<br \/>\n\u2022 Santal Mix Almendra, Avena y Arroz 1L<br \/>\n\u2022 Santal Mix con Caf\u00e9, Almendra, Avena y Arroz 1L<br \/>\n\u2022 Santal Avena 1L<\/p>\n<p><strong>5. Registro de la promoci\u00f3n y Atenci\u00f3n al cliente<\/strong><\/p>\n<p>El registro para participar en esta promoci\u00f3n se realizar\u00e1 subiendo el ticket de compra a la p\u00e1gina web https:\/\/promosantal.gelt.com<br \/>\nLas personas participantes podr\u00e1n contactar con atenci\u00f3n al cliente de Santal a trav\u00e9s del formulario de la p\u00e1gina web https:\/\/www.bebidasvegetalessantal.es\/#contacto o del n\u00famero de tel\u00e9fono de atenci\u00f3n al consumidor 900 926 792<\/p>\n<p><strong>6. Objeto de la promoci\u00f3n<\/strong><\/p>\n<p>El objeto de la promoci\u00f3n es una acci\u00f3n con la que se pretende promocionar los productos de bebidas vegetales de Santal, de tal modo que las personas consumidoras que realicen una compra (sin m\u00ednimo de compra) de cualquier variedad de este producto y se registren en la promoci\u00f3n debidamente y cumplan con las condiciones y requisitos establecidos en estas bases, podr\u00e1n ganar una serie de premios detallados en el siguiente punto.<\/p>\n<p><strong>7. Premios<\/strong><\/p>\n<p>La promoci\u00f3n est\u00e1 limitada a la entrega de los siguientes regalos disponibles:<\/p>\n<ul>\n<li>3 TOAST STUDIO &#8211; Tostadora de pan el\u00e9ctrica con 2 ranuras anchas para rebanadas de pan medianas de la marca CREATE. Color beige.<\/li>\n<li>3 MOI STUDIO &#8211; Batidora de vaso port\u00e1til con 230W de potencia que incluye vaso port\u00e1til de 400ml de la marca CREATE. Color beige.<\/li>\n<li>2 MILK FROTHER STUDIO &#8211; Espumador calentador de leche o de cualquier bebida vegetal de la marca CREATE. Color beige.<\/li>\n<li>1 THERA RETRO: Cafetera semiautom\u00e1tica con brazo vaporizador que permite espumar la leche; marca CREATE. Color beige.<\/li>\n<\/ul>\n<p>Los ganadores de los sorteos semanales podr\u00e1n conseguir la tostadora (Toast Studio), la batidora (Moi Studio) o el espumador (Milk Frother Studio). El color no se podr\u00e1 elegir.<br \/>\nAl final de la promoci\u00f3n, el consumidor que haya realizado m\u00e1s participaciones conseguir\u00e1 como premio final la cafetera THERA RETRO semiautom\u00e1tica con brazo vaporizador que permite espumar la leche; marca CREATE. Color beige.<\/p>\n<p><strong>8. Mec\u00e1nica de la promoci\u00f3n<\/strong><\/p>\n<p>Para participar en la promoci\u00f3n, la persona participante tendr\u00e1 que realizar una compra (sin m\u00ednimo de compra) de cualquier variedad del producto Santal Almendra 1L, Santal Mix Almendra, Avena y Arroz 1L, Santal Mix con Caf\u00e9, Almendra, Avena y Arroz 1L y Santal Avena 1L, en cualquier establecimiento f\u00edsico del territorio nacional (quedan fuera los establecimientos on-line), dentro de las fechas de la promoci\u00f3n.<br \/>\nA continuaci\u00f3n, y siempre dentro de las fechas de la promoci\u00f3n, tendr\u00e1 que subir una fotograf\u00eda del ticket de la compra de una fecha que est\u00e9 dentro de las comprendidas en la promoci\u00f3n que refleje la compra de los productos promocionados en la p\u00e1gina web https:\/\/promosantal.gelt.com. Al registrarse se le solicitar\u00e1n diversos datos personales:<\/p>\n<ul>\n<li>Nombre y Apellidos<\/li>\n<li>Tel\u00e9fono m\u00f3vil<\/li>\n<li>Email<\/li>\n<li>Fotograf\u00eda del ticket de compra.<\/li>\n<\/ul>\n<p>En la fotograf\u00eda del ticket de compra deber\u00e1n verse claramente los siguientes datos:<\/p>\n<ul>\n<li>Fecha del ticket de compra<\/li>\n<li>Nombre del establecimiento en el que se realiz\u00f3 la compra y que aparezca claramente visible en el ticket de compra<\/li>\n<li>Hora y minutos del ticket de compra<\/li>\n<li>Importe total del ticket de compra<\/li>\n<li>Cualquier producto comprado incluido en la gama Santal<\/li>\n<\/ul>\n<p>Cada ticket de compra v\u00e1lido computar\u00e1 en el sistema como una participaci\u00f3n para el sorteo. Cada ticket registrado solo puede participar una vez. Si el ticket contiene m\u00e1s de dos unidades de producto computar\u00e1 igualmente como una sola papeleta para los sorteos. Si se detecta un registro en el que se incluya un ticket ya registrado con anterioridad esta participaci\u00f3n ser\u00e1 cancelada y no entrar\u00e1 en el sorteo. Adem\u00e1s, se le notificar\u00e1 a la persona participante a trav\u00e9s de email que ese ticket no es v\u00e1lido ya que ya ha sido registrado anteriormente.<\/p>\n<p>El Organizador se reserva el derecho de solicitar a los participantes que env\u00eden sus tickets originales de compra del producto adquirido que respalde el registro efectuado en la web https:\/\/promosantal.gelt.com para su posterior comprobaci\u00f3n.<br \/>\nLos nueve (9) premios de los electrodom\u00e9sticos mencionados en el apartado premios, excepto la cafetera, se distribuir\u00e1n en un \u00fanico (1) sorteo final, que tendr\u00e1 lugar tras el cierre de la promoci\u00f3n el Domingo 4 de mayo, entre todos los registros validados, repartidos en un electrodom\u00e9stico por semana, aleatoriamente.<br \/>\nPara llevar a cabo el sorteo, se recoger\u00e1n en un listado los nombres de todas las personas participantes cuyo registro haya sido validado cada semana de la promoci\u00f3n.<br \/>\nCon estos nombres se realizar\u00e1 el sorteo, a trav\u00e9s de un sistema inform\u00e1tico aleatorio de la aplicaci\u00f3n GELT SOLUTIONS, por el que se extraer\u00e1n un (1) ganador\/a por semana y cinco (5) reservas.<br \/>\nEl d\u00eda 4 de mayo de 2025, adem\u00e1s, se revisar\u00e1 qui\u00e9n ha sido el consumidor que ha registrado m\u00e1s participaciones v\u00e1lidas. Si hubiera empate, se realizar\u00e1 un nuevo sorteo con estos participantes, con el mismo sistema anterior. El garador obtendr\u00e1 la cafetera THERA RETRO semiautom\u00e1tica con brazo vaporizador que permite espumar la leche; marca CREATE. Color beige.<br \/>\nLas personas ganadoras de los sorteos ser\u00e1n informadas de su condici\u00f3n de ganadoras, as\u00ed como del premio obtenido a trav\u00e9s del correo electr\u00f3nico facilitado, y en su defecto, llamando al n\u00famero de tel\u00e9fono. En caso de que alguna persona ganadora no pueda ser localizada, renuncie al premio o no cumpla alguno de los requisitos exigidos, o no contestara con los datos solicitados en cinco (5) d\u00edas naturales desde la comunicaci\u00f3n del Organizador, el premio correspondiente pasar\u00e1 al primer reserva de la lista y as\u00ed sucesivamente, hasta un m\u00e1ximo de cinco (5). En el supuesto de que todos los reservas tambi\u00e9n renunciaran o tampoco cumplieran los requisitos, el premio correspondiente se declarar\u00e1 desierto.<br \/>\nEl Organizador se reserva el derecho de solicitar a la persona ganadora el DNI o documento oficial acreditativo de identidad para verificar su identidad.<br \/>\nUna vez finalizada la promoci\u00f3n y enviados todos los premios se establece un per\u00edodo de 15 d\u00edas naturales para cualquier reclamaci\u00f3n.<br \/>\nLa presente promoci\u00f3n pretende que la competici\u00f3n entre los distintos participantes se haga con igualdad de oportunidades y con estricto respeto a las normas de la buena fe. Por ese motivo, LACTALIS se reserva los derechos de exclusi\u00f3n de aquellos participantes que transgredan las normas de la buena fe, empleen medios fraudulentos o incumplan estas Bases en cualquiera de sus extremos. LACTALIS se reserva el derecho de anular cualquier participaci\u00f3n que se considere fraudulenta o que incumpla las condiciones definidas en las presentes Bases Legales.<\/p>\n<p><strong>9. Entrega de los premios<\/strong><\/p>\n<p>La marca de los electrodom\u00e9sticos Create ser\u00e1 la responsable de enviar los premios a la direcci\u00f3n postal facilitada por los ganadores a trav\u00e9s de los servicios de mensajer\u00eda que estime convenientes.<br \/>\nEn ning\u00fan caso el ganador podr\u00e1 cambiar o canjear el regalo por otro objeto o por dinero.<br \/>\nLACTALIS no se responsabiliza del uso que realice el agraciado de los regalos ni se har\u00e1 responsable de cualquier incidencia que se produzca tras la entrega y durante el disfrute de los mismos.<\/p>\n<p><strong>10. Protecci\u00f3n de datos de car\u00e1cter personal<\/strong><\/p>\n<p>En cumplimiento de la normativa vigente en materia de protecci\u00f3n de datos de car\u00e1cter personal, LACTALIS informa a EL INTERESADO de los siguientes aspectos b\u00e1sicos sobre privacidad y protecci\u00f3n de datos:<\/p>\n<p>INFORMACI\u00d3N B\u00c1SICA SOBRE PROTECCI\u00d3N DE DATOS DE CAR\u00c1CTER PERSONAL<\/p>\n<ul>\n<li>Responsable del tratamiento: LACTALIS PULEVA, SLU<\/li>\n<li>Datos Recabados:\n<ul>\n<li>Nombre y Apellidos<\/li>\n<li>Tel\u00e9fono m\u00f3vil<\/li>\n<li>Email<\/li>\n<li>Fotograf\u00eda del ticket de compra<\/li>\n<\/ul>\n<\/li>\n<li>Finalidad del tratamiento:\n<ul>\n<li>Gesti\u00f3n de la promoci\u00f3n comercial, incluyendo la verificaci\u00f3n de la legitimidad de las participaciones, realizaci\u00f3n del sorteo, cumplimiento a las obligaciones legales y \/ o fiscales y entrega de premios a los ganadores.<\/li>\n<li>Publicidad y promoci\u00f3n de productos y servicios.<\/li>\n<\/ul>\n<\/li>\n<li>Legitimaci\u00f3n para el tratamiento:\n<ul>\n<li>Cumplimiento de obligaciones legales.<\/li>\n<li>Consentimiento del titular de los datos.<\/li>\n<li>Intereses leg\u00edtimos.<\/li>\n<\/ul>\n<\/li>\n<li>Destinatarios:\n<ul>\n<li>Organismos y Administraciones P\u00fablicas.<\/li>\n<li>Notarios y Registradores.<\/li>\n<li>Agencias de marketing o servicios digitales y de transporte<\/li>\n<li>Empresas organizadoras, colaboradoras y gestoras<\/li>\n<li>Empresas del Grupo y asociadas<\/li>\n<\/ul>\n<\/li>\n<li>Derechos del interesado:<br \/>\nVd. tiene derecho a acceder, rectificar y suprimir los datos, limitar y oponerse a su tratamiento, y ejercer su derecho a la portabilidad de los datos de car\u00e1cter personal, todo ello de forma gratuita, en lopd@es.lactalis.com o a trav\u00e9s de los otros medios indicados en la Pol\u00edtica de Privacidad Informaci\u00f3n completa sobre protecci\u00f3n de datos.<br \/>\nPuede consultar la informaci\u00f3n adicional y detallada en la Pol\u00edtica de Privacidad<\/li>\n<li>Informaci\u00f3n completa sobre protecci\u00f3n de datos: Puede consultar la informaci\u00f3n adicional y detallada en la Pol\u00edtica de Privacidad<\/li>\n<\/ul>\n<p>El participante garantiza la autenticidad de todos aquellos datos que comunique, y se compromete a mantener actualizados los mismos, siendo responsable de todos los da\u00f1os y perjuicios ocasionados al Organizador o a terceros por la aportaci\u00f3n de datos incompletos, inexactos o falsos.<br \/>\nSi los datos facilitados no son correctos o tienen errores, LACTALIS no se hace responsable de no poder gestionar la entrega del Premio.<\/p>\n<p><strong>11. Fiscalidad<\/strong><\/p>\n<p>La obtenci\u00f3n de premios por parte de los ganadores de la Promoci\u00f3n est\u00e1 sujeta a lo dispuesto en la Normativa Tributaria vigente en cada momento.<br \/>\nConforme a la normativa fiscal reguladora del Impuesto de la Renta de las Personas F\u00edsicas, los premios concedidos por la participaci\u00f3n en juegos, concursos, rifas, o combinaciones aleatorias vinculadas a la venta o promoci\u00f3n de bienes o servicios, est\u00e1n sujetos a la retenci\u00f3n de IRPF conforme a la legislaci\u00f3n tributaria vigente en el momento de la entrega de los mismos, siempre que el valor del premio sea superior a 300 euros.<br \/>\nAs\u00ed mismo, en cumplimiento de la vigente normativa fiscal, LACTALIS PULEVA, S.L.U. practicar\u00e1 la correspondiente retenci\u00f3n e ingreso a cuenta sobre el premio entregado y, en su momento, expedir\u00e1 la oportuna certificaci\u00f3n que facilite al participante el cumplimiento de sus obligaciones fiscales al tener que incorporar en su declaraci\u00f3n de IRPF el rendimiento consistente en el premio recibido, junto con el resto de las rentas que perciba, y de cuya cuota total se podr\u00e1 deducir como ya ingresada la cantidad que conste en la mencionada certificaci\u00f3n de ingreso a cuenta.<\/p>\n<p><strong>12. Otra normativa aplicable y jurisdicci\u00f3n<\/strong><\/p>\n<p>Estas bases legales se regir\u00e1n de conformidad con la Ley espa\u00f1ola. Ser\u00e1n competentes para resolver cualquier reclamaci\u00f3n o controversia que pudiera plantearse en relaci\u00f3n con la validez, interpretaci\u00f3n o cumplimiento de estas bases los Juzgados y Tribunales de Granada Capital.<\/p>\n<p><strong>13. Condiciones de car\u00e1cter general<\/strong><\/p>\n<p>El simple hecho de participar en esta promoci\u00f3n implica la aceptaci\u00f3n pura y simple de las presentes bases legales. La manifestaci\u00f3n en contrario por parte del Participante implicar\u00e1 la exclusi\u00f3n de la participaci\u00f3n de \u00e9ste y el Organizador quedar\u00e1 liberado del cumplimiento de cualquier obligaci\u00f3n contra\u00edda con dicho Participante.<\/p>\n<p>LACTALIS se reserva el derecho de acortar, anular, prorrogar o modificar la presente promoci\u00f3n, si las circunstancias lo exigen. Su responsabilidad no se ver\u00e1 comprometida por este hecho.[\/vc_column_text][\/vc_column][\/vc_row]<\/p>\n","protected":false},"excerpt":{"rendered":"<p>[vc_row top=\u00bb80px\u00bb bottom=\u00bb40px\u00bb content_fadeout=\u00bbcontent-fadeout\u00bb content_placement=\u00bbmiddle\u00bb textalign=\u00bbcenter\u00bb row_seperator=\u00bbno-seperator\u00bb font_color=\u00bb#ffffff\u00bb bg_color=\u00bb#ff344c\u00bb][vc_column width=\u00bb2\/3&#8243;][vc_heading h_size=\u00bbh-extralarge\u00bb title=\u00bbBASES LEGALES DE LA PROMOCI\u00d3N \u201cSANTAL\u201d\u00bb title_color=\u00bb#ffffff\u00bb subtitle_color=\u00bb#ffffff\u00bb alignment=\u00bbalign-left\u00bb][\/vc_column][vc_column width=\u00bb1\/3&#8243;][vc_single_image image=\u00bb148099&#8243; img_size=\u00bb240&#215;240&#8243;][\/vc_column][\/vc_row][vc_row][vc_column][vc_column_text]1. Empresa responsable La sociedad \u201cLACTALIS PULEVA S.L.\u201d, con domicilio social en Granada, Camino de Purchil, 66, CP 18004 y CIF B18975599 para promocionar las ventas de los productos de la marca Santal, va a desarrollar una campa\u00f1a promocional que se regir\u00e1 por las presentes Bases Legales. La agencia DINERO GELT, SLU ser\u00e1&#8230;  <\/p>\n<div class=\"read-more\"><a class=\"excerpt-read-more\" href=\"https:\/\/gelt.com\/es\/bases-legales\/bases-de-promocion-santal\/\" title=\"Continue reading BASES DE LA PROMOCI\u00d3N SANTAL\">Read more<i class=\"fa fa-angle-right\"><\/i><\/a><\/div>\n","protected":false},"author":63,"featured_media":0,"parent":144241,"menu_order":0,"comment_status":"closed","ping_status":"closed","template":"page-full-width.php","meta":{"content-type":"","footnotes":""},"yoast_head":"<!-- This site is optimized with the Yoast SEO plugin v21.9.1 - https:\/\/yoast.com\/wordpress\/plugins\/seo\/ -->\n<title>Bases Legales BASES DE LA PROMOCI\u00d3N SANTAL - Gelt Espa\u00f1a<\/title>\n<meta name=\"robots\" content=\"index, follow, max-snippet:-1, max-image-preview:large, max-video-preview:-1\" \/>\n<link rel=\"canonical\" href=\"https:\/\/gelt.com\/es\/bases-legales\/bases-de-promocion-santal\/\" \/>\n<meta property=\"og:locale\" content=\"es_ES\" \/>\n<meta property=\"og:type\" content=\"article\" \/>\n<meta property=\"og:title\" content=\"Bases Legales BASES DE LA PROMOCI\u00d3N SANTAL - Gelt Espa\u00f1a\" \/>\n<meta property=\"og:description\" content=\"[vc_row top=\u00bb80px\u00bb bottom=\u00bb40px\u00bb content_fadeout=\u00bbcontent-fadeout\u00bb content_placement=\u00bbmiddle\u00bb textalign=\u00bbcenter\u00bb row_seperator=\u00bbno-seperator\u00bb font_color=\u00bb#ffffff\u00bb bg_color=\u00bb#ff344c\u00bb][vc_column width=\u00bb2\/3&#8243;][vc_heading h_size=\u00bbh-extralarge\u00bb title=\u00bbBASES LEGALES DE LA PROMOCI\u00d3N \u201cSANTAL\u201d\u00bb title_color=\u00bb#ffffff\u00bb subtitle_color=\u00bb#ffffff\u00bb alignment=\u00bbalign-left\u00bb][\/vc_column][vc_column width=\u00bb1\/3&#8243;][vc_single_image image=\u00bb148099&#8243; img_size=\u00bb240&#215;240&#8243;][\/vc_column][\/vc_row][vc_row][vc_column][vc_column_text]1. Empresa responsable La sociedad \u201cLACTALIS PULEVA S.L.\u201d, con domicilio social en Granada, Camino de Purchil, 66, CP 18004 y CIF B18975599 para promocionar las ventas de los productos de la marca Santal, va a desarrollar una campa\u00f1a promocional que se regir\u00e1 por las presentes Bases Legales. La agencia DINERO GELT, SLU ser\u00e1... Read more\" \/>\n<meta property=\"og:url\" content=\"https:\/\/gelt.com\/es\/bases-legales\/bases-de-promocion-santal\/\" \/>\n<meta property=\"og:site_name\" content=\"Gelt Espa\u00f1a\" \/>\n<meta property=\"article:modified_time\" content=\"2025-03-05T08:58:54+00:00\" \/>\n<meta name=\"twitter:card\" content=\"summary_large_image\" \/>\n<meta name=\"twitter:label1\" content=\"Tiempo de lectura\" \/>\n\t<meta name=\"twitter:data1\" content=\"10 minutos\" \/>\n<script type=\"application\/ld+json\" class=\"yoast-schema-graph\">{\"@context\":\"https:\/\/schema.org\",\"@graph\":[{\"@type\":\"WebPage\",\"@id\":\"https:\/\/gelt.com\/es\/bases-legales\/bases-de-promocion-santal\/\",\"url\":\"https:\/\/gelt.com\/es\/bases-legales\/bases-de-promocion-santal\/\",\"name\":\"Bases Legales BASES DE LA PROMOCI\u00d3N SANTAL - Gelt Espa\u00f1a\",\"isPartOf\":{\"@id\":\"https:\/\/gelt.com\/es\/#website\"},\"datePublished\":\"2025-03-04T15:37:00+00:00\",\"dateModified\":\"2025-03-05T08:58:54+00:00\",\"breadcrumb\":{\"@id\":\"https:\/\/gelt.com\/es\/bases-legales\/bases-de-promocion-santal\/#breadcrumb\"},\"inLanguage\":\"es\",\"potentialAction\":[{\"@type\":\"ReadAction\",\"target\":[\"https:\/\/gelt.com\/es\/bases-legales\/bases-de-promocion-santal\/\"]}]},{\"@type\":\"BreadcrumbList\",\"@id\":\"https:\/\/gelt.com\/es\/bases-legales\/bases-de-promocion-santal\/#breadcrumb\",\"itemListElement\":[{\"@type\":\"ListItem\",\"position\":1,\"name\":\"Portada\",\"item\":\"https:\/\/gelt.com\/es\/\"},{\"@type\":\"ListItem\",\"position\":2,\"name\":\"BASES Y CONDICIONES LEGALES\",\"item\":\"https:\/\/gelt.com\/es\/bases-legales\/\"},{\"@type\":\"ListItem\",\"position\":3,\"name\":\"BASES DE LA PROMOCI\u00d3N SANTAL\"}]},{\"@type\":\"WebSite\",\"@id\":\"https:\/\/gelt.com\/es\/#website\",\"url\":\"https:\/\/gelt.com\/es\/\",\"name\":\"Gelt Espa\u00f1a\",\"description\":\"Gelt - Dinero que vuelve\",\"potentialAction\":[{\"@type\":\"SearchAction\",\"target\":{\"@type\":\"EntryPoint\",\"urlTemplate\":\"https:\/\/gelt.com\/es\/?s={search_term_string}\"},\"query-input\":\"required name=search_term_string\"}],\"inLanguage\":\"es\"}]}<\/script>\n<!-- \/ Yoast SEO plugin. -->","yoast_head_json":{"title":"Bases Legales BASES DE LA PROMOCI\u00d3N SANTAL - Gelt Espa\u00f1a","robots":{"index":"index","follow":"follow","max-snippet":"max-snippet:-1","max-image-preview":"max-image-preview:large","max-video-preview":"max-video-preview:-1"},"canonical":"https:\/\/gelt.com\/es\/bases-legales\/bases-de-promocion-santal\/","og_locale":"es_ES","og_type":"article","og_title":"Bases Legales BASES DE LA PROMOCI\u00d3N SANTAL - Gelt Espa\u00f1a","og_description":"[vc_row top=\u00bb80px\u00bb bottom=\u00bb40px\u00bb content_fadeout=\u00bbcontent-fadeout\u00bb content_placement=\u00bbmiddle\u00bb textalign=\u00bbcenter\u00bb row_seperator=\u00bbno-seperator\u00bb font_color=\u00bb#ffffff\u00bb bg_color=\u00bb#ff344c\u00bb][vc_column width=\u00bb2\/3&#8243;][vc_heading h_size=\u00bbh-extralarge\u00bb title=\u00bbBASES LEGALES DE LA PROMOCI\u00d3N \u201cSANTAL\u201d\u00bb title_color=\u00bb#ffffff\u00bb subtitle_color=\u00bb#ffffff\u00bb alignment=\u00bbalign-left\u00bb][\/vc_column][vc_column width=\u00bb1\/3&#8243;][vc_single_image image=\u00bb148099&#8243; img_size=\u00bb240&#215;240&#8243;][\/vc_column][\/vc_row][vc_row][vc_column][vc_column_text]1. Empresa responsable La sociedad \u201cLACTALIS PULEVA S.L.\u201d, con domicilio social en Granada, Camino de Purchil, 66, CP 18004 y CIF B18975599 para promocionar las ventas de los productos de la marca Santal, va a desarrollar una campa\u00f1a promocional que se regir\u00e1 por las presentes Bases Legales. La agencia DINERO GELT, SLU ser\u00e1... Read more","og_url":"https:\/\/gelt.com\/es\/bases-legales\/bases-de-promocion-santal\/","og_site_name":"Gelt Espa\u00f1a","article_modified_time":"2025-03-05T08:58:54+00:00","twitter_card":"summary_large_image","twitter_misc":{"Tiempo de lectura":"10 minutos"},"schema":{"@context":"https:\/\/schema.org","@graph":[{"@type":"WebPage","@id":"https:\/\/gelt.com\/es\/bases-legales\/bases-de-promocion-santal\/","url":"https:\/\/gelt.com\/es\/bases-legales\/bases-de-promocion-santal\/","name":"Bases Legales BASES DE LA PROMOCI\u00d3N SANTAL - Gelt Espa\u00f1a","isPartOf":{"@id":"https:\/\/gelt.com\/es\/#website"},"datePublished":"2025-03-04T15:37:00+00:00","dateModified":"2025-03-05T08:58:54+00:00","breadcrumb":{"@id":"https:\/\/gelt.com\/es\/bases-legales\/bases-de-promocion-santal\/#breadcrumb"},"inLanguage":"es","potentialAction":[{"@type":"ReadAction","target":["https:\/\/gelt.com\/es\/bases-legales\/bases-de-promocion-santal\/"]}]},{"@type":"BreadcrumbList","@id":"https:\/\/gelt.com\/es\/bases-legales\/bases-de-promocion-santal\/#breadcrumb","itemListElement":[{"@type":"ListItem","position":1,"name":"Portada","item":"https:\/\/gelt.com\/es\/"},{"@type":"ListItem","position":2,"name":"BASES Y CONDICIONES LEGALES","item":"https:\/\/gelt.com\/es\/bases-legales\/"},{"@type":"ListItem","position":3,"name":"BASES DE LA PROMOCI\u00d3N SANTAL"}]},{"@type":"WebSite","@id":"https:\/\/gelt.com\/es\/#website","url":"https:\/\/gelt.com\/es\/","name":"Gelt Espa\u00f1a","description":"Gelt - Dinero que vuelve","potentialAction":[{"@type":"SearchAction","target":{"@type":"EntryPoint","urlTemplate":"https:\/\/gelt.com\/es\/?s={search_term_string}"},"query-input":"required name=search_term_string"}],"inLanguage":"es"}]}},"_links":{"self":[{"href":"https:\/\/gelt.com\/es\/wp-json\/wp\/v2\/pages\/149992"}],"collection":[{"href":"https:\/\/gelt.com\/es\/wp-json\/wp\/v2\/pages"}],"about":[{"href":"https:\/\/gelt.com\/es\/wp-json\/wp\/v2\/types\/page"}],"author":[{"embeddable":true,"href":"https:\/\/gelt.com\/es\/wp-json\/wp\/v2\/users\/63"}],"replies":[{"embeddable":true,"href":"https:\/\/gelt.com\/es\/wp-json\/wp\/v2\/comments?post=149992"}],"version-history":[{"count":7,"href":"https:\/\/gelt.com\/es\/wp-json\/wp\/v2\/pages\/149992\/revisions"}],"predecessor-version":[{"id":149995,"href":"https:\/\/gelt.com\/es\/wp-json\/wp\/v2\/pages\/149992\/revisions\/149995"}],"up":[{"embeddable":true,"href":"https:\/\/gelt.com\/es\/wp-json\/wp\/v2\/pages\/144241"}],"wp:attachment":[{"href":"https:\/\/gelt.com\/es\/wp-json\/wp\/v2\/media?parent=149992"}],"curies":[{"name":"wp","href":"https:\/\/api.w.org\/{rel}","templated":true}]}}