{"id":150039,"date":"2025-03-18T10:05:33","date_gmt":"2025-03-18T09:05:33","guid":{"rendered":"https:\/\/gelt.com\/es\/?page_id=150039"},"modified":"2025-03-18T10:05:33","modified_gmt":"2025-03-18T09:05:33","slug":"aviso-de-privacidad-y-condiciones-para-acceder-a-bitlabs","status":"publish","type":"page","link":"https:\/\/gelt.com\/es\/bases-legales\/aviso-de-privacidad-y-condiciones-para-acceder-a-bitlabs\/","title":{"rendered":"AVISO DE PRIVACIDAD Y CONDICIONES PARA ACCEDER A BITLABS"},"content":{"rendered":"<p>[vc_row top=\u00bb80px\u00bb bottom=\u00bb40px\u00bb content_fadeout=\u00bbcontent-fadeout\u00bb content_placement=\u00bbmiddle\u00bb textalign=\u00bbcenter\u00bb row_seperator=\u00bbno-seperator\u00bb font_color=\u00bb#ffffff\u00bb bg_color=\u00bb#ff344c\u00bb][vc_column width=\u00bb2\/3&#8243;][vc_heading h_size=\u00bbh-extralarge\u00bb title=\u00bbAVISO DE PRIVACIDAD Y CONDICIONES PARA ACCEDER A LOS JUEGOS DE MAF\u00bb title_color=\u00bb#ffffff\u00bb subtitle_color=\u00bb#ffffff\u00bb alignment=\u00bbalign-left\u00bb][\/vc_column][vc_column width=\u00bb1\/3&#8243;][vc_single_image image=\u00bb144778&#8243; img_size=\u00bb240&#215;240&#8243;][\/vc_column][\/vc_row][vc_row][vc_column][vc_column_text]<span style=\"font-weight: 400;\">GELT le informa que en este momento est\u00e1 saliendo del entorno de GELT y que va a utilizar juegos y dem\u00e1s servicios de la entidad \u201cMYAPPFREE S.P.A.\u201d (\u201cMAF\u201d), domiciliada en Italia, Viale Marconi 14, \u00cdmola, apartado postal 40026, provista del CIF: [<\/span><span style=\"font-weight: 400;\">\u00b7<\/span><span style=\"font-weight: 400;\">], en adelante \u201cMAF\u201d.\u00a0<\/span><\/p>\n<p><span style=\"font-weight: 400;\">A partir de este momento, usted acceder\u00e1 al entorno de MAF, y todos los datos personales que usted comparta en dicho entorno ser\u00e1n compartidos a MAF y no a GELT y, por tanto, MAF ser\u00e1 el Responsable de Tratamiento de sus datos personales una vez acceda a los juegos y dem\u00e1s servicios proporcionados por MAF y en ning\u00fan caso ser\u00e1 GELT el Responsable de Tratamiento dentro del entorno de MAF.\u00a0<\/span><\/p>\n<p><span style=\"font-weight: 400;\">Una vez acceda a los juegos y dem\u00e1s servicios, es MAF qui\u00e9n debe informarle de los datos que se recaban, la finalidad de los datos recabados, la legitimaci\u00f3n para el tratamiento, el destino de los datos, los plazos de conservaci\u00f3n y sus derechos sobre sus datos personales y c\u00f3mo ejercerlos, ya que es MAF el Responsable de Tratamiento.\u00a0<\/span><\/p>\n<p><span style=\"font-weight: 400;\">Una vez acceda a los juegos y dem\u00e1s servicios, es usted quien debe dar su consentimiento a MAF para el tratamiento de sus datos personales.\u00a0\u00a0<\/span><\/p>\n<p><span style=\"font-weight: 400;\">MAF es asimismo el responsable exclusivo de aplicar las medidas de seguridad pertinentes sobre los datos personales que usted comparta con MAF.\u00a0<\/span><\/p>\n<p><span style=\"font-weight: 400;\">GELT provee una pasarela mediante la aplicaci\u00f3n GELT para que usted, si lo desea, pueda usar los juegos y dem\u00e1s servicios de MAF y obtener cashback.\u00a0\u00a0<\/span><\/p>\n<p><span style=\"font-weight: 400;\">El cashback s\u00ed ser\u00e1 prove\u00eddo por GELT, en caso de que utilice los juegos y dem\u00e1s servicios de MAF, siempre seg\u00fan las condiciones establecidas para obtener cashback que informe GELT en cada momento.\u00a0<\/span><\/p>\n<p><span style=\"font-weight: 400;\">GELT no es Encargado de Tratamiento de MAF, por tanto, las reclamaciones y comunicaciones a MAF deber\u00e1 dirigirlas directamente a MAF tal y como le indicar\u00e1 MAF. GELT s\u00ed tiene un acuerdo de tratamiento de datos con MAF ya que ser\u00e1 necesario que MAF informe a GELT de los retos de los usuarios para poder entregar posteriormente el cashback.\u00a0<\/span><\/p>\n<p><span style=\"font-weight: 400;\">GELT no ser\u00e1 en ning\u00fan caso responsable por las infracciones que pudiera cometer MAF en relaci\u00f3n con los datos personales que usted va a compartir con MAF a la hora utilizar los juegos y dem\u00e1s servicios de MAF.\u00a0\u00a0<\/span><\/p>\n<p><span style=\"font-weight: 400;\">Los t\u00e9rminos y condiciones para la utilizaci\u00f3n de juegos y dem\u00e1s servicios de MAF son los establecidos por MAF y en ning\u00fan caso aplican los t\u00e9rminos y condiciones de GELT. Para cualquier duda sobre los t\u00e9rminos y condiciones para la realizaci\u00f3n y contestaci\u00f3n de encuestas establecidos por MAF deber\u00e1 dirigirse directamente a MAF.\u00a0<\/span><\/p>\n<p><span style=\"font-weight: 400;\">Usted reconoce y acepta que ni GELT, ni las empresas de su grupo, en ning\u00fan momento puedan ser objeto de ninguna responsabilidad, directa, indirecta y\/o subsidiaria, por los defectos e infracciones que pueda cometer MAF en la utilizaci\u00f3n de los juegos y dem\u00e1s servicios de MAF.\u00a0\u00a0<\/span><\/p>\n<p><span style=\"font-weight: 400;\">Con la aceptaci\u00f3n y conformidad de este aviso por su parte, queda usted informado de todo lo que este aviso contiene y asimismo acepta todo su contenido.\u00a0<\/span><\/p>\n<p><span style=\"font-weight: 400;\">Asimismo, usted declara que es mayor de edad.\u00a0<\/span><\/p>\n<p><span style=\"font-weight: 400;\">Si tiene alguna duda sobre este aviso, le rogamos se dirija a nuestro Delegado de Protecci\u00f3n de Datos a la direcci\u00f3n de correo electr\u00f3nico <\/span><a href=\"mailto:dpd@gelt.com\"><span style=\"font-weight: 400;\">dpd@gelt.com<\/span><\/a><span style=\"font-weight: 400;\">\u00a0<\/span><\/p>\n<p>[\/vc_column_text][\/vc_column][\/vc_row]<\/p>\n","protected":false},"excerpt":{"rendered":"<p>[vc_row top=\u00bb80px\u00bb bottom=\u00bb40px\u00bb content_fadeout=\u00bbcontent-fadeout\u00bb content_placement=\u00bbmiddle\u00bb textalign=\u00bbcenter\u00bb row_seperator=\u00bbno-seperator\u00bb font_color=\u00bb#ffffff\u00bb bg_color=\u00bb#ff344c\u00bb][vc_column width=\u00bb2\/3&#8243;][vc_heading h_size=\u00bbh-extralarge\u00bb title=\u00bbAVISO DE PRIVACIDAD Y CONDICIONES PARA ACCEDER A LOS JUEGOS DE MAF\u00bb title_color=\u00bb#ffffff\u00bb subtitle_color=\u00bb#ffffff\u00bb alignment=\u00bbalign-left\u00bb][\/vc_column][vc_column width=\u00bb1\/3&#8243;][vc_single_image image=\u00bb144778&#8243; img_size=\u00bb240&#215;240&#8243;][\/vc_column][\/vc_row][vc_row][vc_column][vc_column_text]GELT le informa que en este momento est\u00e1 saliendo del entorno de GELT y que va a utilizar juegos y dem\u00e1s servicios de la entidad \u201cMYAPPFREE S.P.A.\u201d (\u201cMAF\u201d), domiciliada en Italia, Viale Marconi 14, \u00cdmola, apartado postal 40026, provista del CIF: [\u00b7], en adelante \u201cMAF\u201d.\u00a0 A partir&#8230;  <\/p>\n<div class=\"read-more\"><a class=\"excerpt-read-more\" href=\"https:\/\/gelt.com\/es\/bases-legales\/aviso-de-privacidad-y-condiciones-para-acceder-a-bitlabs\/\" title=\"Continue reading AVISO DE PRIVACIDAD Y CONDICIONES PARA ACCEDER A BITLABS\">Read more<i class=\"fa fa-angle-right\"><\/i><\/a><\/div>\n","protected":false},"author":126,"featured_media":0,"parent":144241,"menu_order":0,"comment_status":"closed","ping_status":"closed","template":"page-full-width.php","meta":{"content-type":"","footnotes":""},"yoast_head":"<!-- This site is optimized with the Yoast SEO plugin v21.9.1 - https:\/\/yoast.com\/wordpress\/plugins\/seo\/ -->\n<title>Bases Legales AVISO DE PRIVACIDAD Y CONDICIONES PARA ACCEDER A BITLABS - Gelt Espa\u00f1a<\/title>\n<meta name=\"robots\" content=\"index, follow, max-snippet:-1, max-image-preview:large, max-video-preview:-1\" \/>\n<link rel=\"canonical\" href=\"https:\/\/gelt.com\/es\/bases-legales\/aviso-de-privacidad-y-condiciones-para-acceder-a-bitlabs\/\" \/>\n<meta property=\"og:locale\" content=\"es_ES\" \/>\n<meta property=\"og:type\" content=\"article\" \/>\n<meta property=\"og:title\" content=\"Bases Legales AVISO DE PRIVACIDAD Y CONDICIONES PARA ACCEDER A BITLABS - Gelt Espa\u00f1a\" \/>\n<meta property=\"og:description\" content=\"[vc_row top=\u00bb80px\u00bb bottom=\u00bb40px\u00bb content_fadeout=\u00bbcontent-fadeout\u00bb content_placement=\u00bbmiddle\u00bb textalign=\u00bbcenter\u00bb row_seperator=\u00bbno-seperator\u00bb font_color=\u00bb#ffffff\u00bb bg_color=\u00bb#ff344c\u00bb][vc_column width=\u00bb2\/3&#8243;][vc_heading h_size=\u00bbh-extralarge\u00bb title=\u00bbAVISO DE PRIVACIDAD Y CONDICIONES PARA ACCEDER A LOS JUEGOS DE MAF\u00bb title_color=\u00bb#ffffff\u00bb subtitle_color=\u00bb#ffffff\u00bb alignment=\u00bbalign-left\u00bb][\/vc_column][vc_column width=\u00bb1\/3&#8243;][vc_single_image image=\u00bb144778&#8243; img_size=\u00bb240&#215;240&#8243;][\/vc_column][\/vc_row][vc_row][vc_column][vc_column_text]GELT le informa que en este momento est\u00e1 saliendo del entorno de GELT y que va a utilizar juegos y dem\u00e1s servicios de la entidad \u201cMYAPPFREE S.P.A.\u201d (\u201cMAF\u201d), domiciliada en Italia, Viale Marconi 14, \u00cdmola, apartado postal 40026, provista del CIF: [\u00b7], en adelante \u201cMAF\u201d.\u00a0 A partir... Read more\" \/>\n<meta property=\"og:url\" content=\"https:\/\/gelt.com\/es\/bases-legales\/aviso-de-privacidad-y-condiciones-para-acceder-a-bitlabs\/\" \/>\n<meta property=\"og:site_name\" content=\"Gelt Espa\u00f1a\" \/>\n<meta name=\"twitter:card\" content=\"summary_large_image\" \/>\n<meta name=\"twitter:label1\" content=\"Tiempo de lectura\" \/>\n\t<meta name=\"twitter:data1\" content=\"3 minutos\" \/>\n<script type=\"application\/ld+json\" class=\"yoast-schema-graph\">{\"@context\":\"https:\/\/schema.org\",\"@graph\":[{\"@type\":\"WebPage\",\"@id\":\"https:\/\/gelt.com\/es\/bases-legales\/aviso-de-privacidad-y-condiciones-para-acceder-a-bitlabs\/\",\"url\":\"https:\/\/gelt.com\/es\/bases-legales\/aviso-de-privacidad-y-condiciones-para-acceder-a-bitlabs\/\",\"name\":\"Bases Legales AVISO DE PRIVACIDAD Y CONDICIONES PARA ACCEDER A BITLABS - Gelt Espa\u00f1a\",\"isPartOf\":{\"@id\":\"https:\/\/gelt.com\/es\/#website\"},\"datePublished\":\"2025-03-18T09:05:33+00:00\",\"dateModified\":\"2025-03-18T09:05:33+00:00\",\"breadcrumb\":{\"@id\":\"https:\/\/gelt.com\/es\/bases-legales\/aviso-de-privacidad-y-condiciones-para-acceder-a-bitlabs\/#breadcrumb\"},\"inLanguage\":\"es\",\"potentialAction\":[{\"@type\":\"ReadAction\",\"target\":[\"https:\/\/gelt.com\/es\/bases-legales\/aviso-de-privacidad-y-condiciones-para-acceder-a-bitlabs\/\"]}]},{\"@type\":\"BreadcrumbList\",\"@id\":\"https:\/\/gelt.com\/es\/bases-legales\/aviso-de-privacidad-y-condiciones-para-acceder-a-bitlabs\/#breadcrumb\",\"itemListElement\":[{\"@type\":\"ListItem\",\"position\":1,\"name\":\"Portada\",\"item\":\"https:\/\/gelt.com\/es\/\"},{\"@type\":\"ListItem\",\"position\":2,\"name\":\"BASES Y CONDICIONES LEGALES\",\"item\":\"https:\/\/gelt.com\/es\/bases-legales\/\"},{\"@type\":\"ListItem\",\"position\":3,\"name\":\"AVISO DE PRIVACIDAD Y CONDICIONES PARA ACCEDER A BITLABS\"}]},{\"@type\":\"WebSite\",\"@id\":\"https:\/\/gelt.com\/es\/#website\",\"url\":\"https:\/\/gelt.com\/es\/\",\"name\":\"Gelt Espa\u00f1a\",\"description\":\"Gelt - Dinero que vuelve\",\"potentialAction\":[{\"@type\":\"SearchAction\",\"target\":{\"@type\":\"EntryPoint\",\"urlTemplate\":\"https:\/\/gelt.com\/es\/?s={search_term_string}\"},\"query-input\":\"required name=search_term_string\"}],\"inLanguage\":\"es\"}]}<\/script>\n<!-- \/ Yoast SEO plugin. -->","yoast_head_json":{"title":"Bases Legales AVISO DE PRIVACIDAD Y CONDICIONES PARA ACCEDER A BITLABS - Gelt Espa\u00f1a","robots":{"index":"index","follow":"follow","max-snippet":"max-snippet:-1","max-image-preview":"max-image-preview:large","max-video-preview":"max-video-preview:-1"},"canonical":"https:\/\/gelt.com\/es\/bases-legales\/aviso-de-privacidad-y-condiciones-para-acceder-a-bitlabs\/","og_locale":"es_ES","og_type":"article","og_title":"Bases Legales AVISO DE PRIVACIDAD Y CONDICIONES PARA ACCEDER A BITLABS - Gelt Espa\u00f1a","og_description":"[vc_row top=\u00bb80px\u00bb bottom=\u00bb40px\u00bb content_fadeout=\u00bbcontent-fadeout\u00bb content_placement=\u00bbmiddle\u00bb textalign=\u00bbcenter\u00bb row_seperator=\u00bbno-seperator\u00bb font_color=\u00bb#ffffff\u00bb bg_color=\u00bb#ff344c\u00bb][vc_column width=\u00bb2\/3&#8243;][vc_heading h_size=\u00bbh-extralarge\u00bb title=\u00bbAVISO DE PRIVACIDAD Y CONDICIONES PARA ACCEDER A LOS JUEGOS DE MAF\u00bb title_color=\u00bb#ffffff\u00bb subtitle_color=\u00bb#ffffff\u00bb alignment=\u00bbalign-left\u00bb][\/vc_column][vc_column width=\u00bb1\/3&#8243;][vc_single_image image=\u00bb144778&#8243; img_size=\u00bb240&#215;240&#8243;][\/vc_column][\/vc_row][vc_row][vc_column][vc_column_text]GELT le informa que en este momento est\u00e1 saliendo del entorno de GELT y que va a utilizar juegos y dem\u00e1s servicios de la entidad \u201cMYAPPFREE S.P.A.\u201d (\u201cMAF\u201d), domiciliada en Italia, Viale Marconi 14, \u00cdmola, apartado postal 40026, provista del CIF: [\u00b7], en adelante \u201cMAF\u201d.\u00a0 A partir... Read more","og_url":"https:\/\/gelt.com\/es\/bases-legales\/aviso-de-privacidad-y-condiciones-para-acceder-a-bitlabs\/","og_site_name":"Gelt Espa\u00f1a","twitter_card":"summary_large_image","twitter_misc":{"Tiempo de lectura":"3 minutos"},"schema":{"@context":"https:\/\/schema.org","@graph":[{"@type":"WebPage","@id":"https:\/\/gelt.com\/es\/bases-legales\/aviso-de-privacidad-y-condiciones-para-acceder-a-bitlabs\/","url":"https:\/\/gelt.com\/es\/bases-legales\/aviso-de-privacidad-y-condiciones-para-acceder-a-bitlabs\/","name":"Bases Legales AVISO DE PRIVACIDAD Y CONDICIONES PARA ACCEDER A BITLABS - Gelt Espa\u00f1a","isPartOf":{"@id":"https:\/\/gelt.com\/es\/#website"},"datePublished":"2025-03-18T09:05:33+00:00","dateModified":"2025-03-18T09:05:33+00:00","breadcrumb":{"@id":"https:\/\/gelt.com\/es\/bases-legales\/aviso-de-privacidad-y-condiciones-para-acceder-a-bitlabs\/#breadcrumb"},"inLanguage":"es","potentialAction":[{"@type":"ReadAction","target":["https:\/\/gelt.com\/es\/bases-legales\/aviso-de-privacidad-y-condiciones-para-acceder-a-bitlabs\/"]}]},{"@type":"BreadcrumbList","@id":"https:\/\/gelt.com\/es\/bases-legales\/aviso-de-privacidad-y-condiciones-para-acceder-a-bitlabs\/#breadcrumb","itemListElement":[{"@type":"ListItem","position":1,"name":"Portada","item":"https:\/\/gelt.com\/es\/"},{"@type":"ListItem","position":2,"name":"BASES Y CONDICIONES LEGALES","item":"https:\/\/gelt.com\/es\/bases-legales\/"},{"@type":"ListItem","position":3,"name":"AVISO DE PRIVACIDAD Y CONDICIONES PARA ACCEDER A BITLABS"}]},{"@type":"WebSite","@id":"https:\/\/gelt.com\/es\/#website","url":"https:\/\/gelt.com\/es\/","name":"Gelt Espa\u00f1a","description":"Gelt - Dinero que vuelve","potentialAction":[{"@type":"SearchAction","target":{"@type":"EntryPoint","urlTemplate":"https:\/\/gelt.com\/es\/?s={search_term_string}"},"query-input":"required name=search_term_string"}],"inLanguage":"es"}]}},"_links":{"self":[{"href":"https:\/\/gelt.com\/es\/wp-json\/wp\/v2\/pages\/150039"}],"collection":[{"href":"https:\/\/gelt.com\/es\/wp-json\/wp\/v2\/pages"}],"about":[{"href":"https:\/\/gelt.com\/es\/wp-json\/wp\/v2\/types\/page"}],"author":[{"embeddable":true,"href":"https:\/\/gelt.com\/es\/wp-json\/wp\/v2\/users\/126"}],"replies":[{"embeddable":true,"href":"https:\/\/gelt.com\/es\/wp-json\/wp\/v2\/comments?post=150039"}],"version-history":[{"count":1,"href":"https:\/\/gelt.com\/es\/wp-json\/wp\/v2\/pages\/150039\/revisions"}],"predecessor-version":[{"id":150040,"href":"https:\/\/gelt.com\/es\/wp-json\/wp\/v2\/pages\/150039\/revisions\/150040"}],"up":[{"embeddable":true,"href":"https:\/\/gelt.com\/es\/wp-json\/wp\/v2\/pages\/144241"}],"wp:attachment":[{"href":"https:\/\/gelt.com\/es\/wp-json\/wp\/v2\/media?parent=150039"}],"curies":[{"name":"wp","href":"https:\/\/api.w.org\/{rel}","templated":true}]}}