{"id":150362,"date":"2025-08-07T13:21:14","date_gmt":"2025-08-07T11:21:14","guid":{"rendered":"https:\/\/gelt.com\/es\/?page_id=150362"},"modified":"2025-08-07T13:21:14","modified_gmt":"2025-08-07T11:21:14","slug":"consentimiento-informado-para-el-tratamiento-de-datos-personales-especifico-relativo-a-la-promocion-triptomax","status":"publish","type":"page","link":"https:\/\/gelt.com\/es\/bases-legales\/consentimiento-informado-para-el-tratamiento-de-datos-personales-especifico-relativo-a-la-promocion-triptomax\/","title":{"rendered":"CONSENTIMIENTO INFORMADO PARA EL TRATAMIENTO DE DATOS PERSONALES ESPEC\u00cdFICO RELATIVO A LA \u201cPROMOCI\u00d3N TRIPTOMAX\u201d"},"content":{"rendered":"<p>[vc_row top=\u00bb80px\u00bb bottom=\u00bb40px\u00bb content_fadeout=\u00bbcontent-fadeout\u00bb content_placement=\u00bbmiddle\u00bb textalign=\u00bbcenter\u00bb row_seperator=\u00bbno-seperator\u00bb font_color=\u00bb#ffffff\u00bb bg_color=\u00bb#ff344c\u00bb][vc_column width=\u00bb2\/3&#8243;][vc_heading h_size=\u00bbh-extralarge\u00bb title=\u00bbCONSENTIMIENTO INFORMADO PARA EL TRATAMIENTO DE DATOS PERSONALES ESPEC\u00cdFICO RELATIVO A LA \u201cPROMOCI\u00d3N TRIPTOMAX\u201d\u00bb title_color=\u00bb#ffffff\u00bb subtitle_color=\u00bb#ffffff\u00bb alignment=\u00bbalign-left\u00bb][\/vc_column][vc_column width=\u00bb1\/3&#8243;][vc_single_image image=\u00bb148099&#8243; img_size=\u00bb240&#215;240&#8243;][\/vc_column][\/vc_row][vc_row][vc_column][vc_column_text]Este tratamiento de datos personales es espec\u00edfico para la participaci\u00f3n en la \u201cPromoci\u00f3n Triptomax\u201d (la \u201cPromoci\u00f3n\u201d).<\/p>\n<p><strong>Responsable:<\/strong> \u201cESTEVE Pharmaceuticals, S.A., con N.I.F. A-08037236 y domicilio en Passeig de la Zona Franca, 109, 4\u00aa planta, 08038-Barcelona, Sociedad Unipersonal (en adelante, \u201cEsteve\u201d), provisto del tel\u00e9fono de contacto 934.466.000 y de la direcci\u00f3n de correo electr\u00f3nico contactcenter@esteve.com (en adelante, el <strong>\u201cResponsable de Tratamiento\u201d<\/strong>).<\/p>\n<p><strong>Finalidad del tratamiento:<\/strong> El Responsable de Tratamiento tratar\u00e1 los datos personales facilitados por los participantes, con las siguientes finalidades principales:<\/p>\n<p>\u2010 Gestionar su participaci\u00f3n en la promoci\u00f3n (incluyendo, a t\u00edtulo enunciativo, pero no limitativo, comprobar que los ganadores cumplen las condiciones de participaci\u00f3n y gestionar la entrega de los premios a los ganadores).<\/p>\n<p>&#8211; Conocer la experiencia de compra de los consumidores del producto promocionado.<\/p>\n<p>\u2010 Utilizar su nombre, apellidos y\/o imagen en el marco de la publicaci\u00f3n de su condici\u00f3n de ganador o en cualquier actividad publicitaria o promocional.<\/p>\n<p>Datos recabados:<\/p>\n<p>\u25cf Nombre<br \/>\n\u25cf Apellidos<br \/>\n\u25cf Email<br \/>\n\u25cf n\u00famero de tel\u00e9fono<br \/>\n\u25cf direcci\u00f3n<br \/>\n\u25cf c\u00f3digo postal<br \/>\n\u25cf N\u00famero de DNI<br \/>\n\u25cf IBAN<\/p>\n<p><strong> Legitimaci\u00f3n:<\/strong> la base legal para el tratamiento de los datos de los participantes es la ejecuci\u00f3n de estas bases legales.<\/p>\n<p><strong>Destinatarios:<\/strong> El Responsable de Tratamiento podr\u00e1 comunicar sus datos \u00fanicamente cuando sea necesario para el cumplimiento de las obligaciones legales que correspondan, en virtud de la normativa aplicable en cada caso.<\/p>\n<p><strong>Plazo de conservaci\u00f3n:<\/strong> El Responsable de Tratamiento conservar\u00e1 los datos de los participantes mientras dure la presente promoci\u00f3n y en cualquier caso mientras no se solicite su supresi\u00f3n, as\u00ed como el tiempo necesario para dar cumplimiento a las obligaciones legales que en cada caso correspondan acorde con cada tipolog\u00eda de datos. Los datos ser\u00e1n suprimidos cuando dejen de ser necesarios para los fines para los que fueron recabados, siempre en cumplimiento de la normativa vigente.<\/p>\n<p>Confidencialidad y seguridad: Los datos ser\u00e1n tratados de acuerdo con la legislaci\u00f3n aplicable en materia de protecci\u00f3n de datos, y se adoptar\u00e1n las medidas necesarias para garantizar su seguridad y confidencialidad.<\/p>\n<p><strong>Ejercicio de derechos:<\/strong> en cualquier momento, los participantes tienen derecho a ejercer sus derechos de acceso, rectificaci\u00f3n y supresi\u00f3n, limitaci\u00f3n del tratamiento, portabilidad, oposici\u00f3n, mediante petici\u00f3n escrita a la siguiente direcci\u00f3n postal del Responsable del tratamiento en ESTEVE Pharmaceuticals en en Passeig de la Zona P\u00e1gina 1 de 2 Franca, 109, 4\u00aa planta, 08038-Barcelona o a la direcci\u00f3n de correo electr\u00f3nico privacy@esteve.com. En todo caso, los participantes quedan informados de que la revocaci\u00f3n de su consentimiento otorgado para el tratamiento de sus datos durante la vigencia de la promoci\u00f3n comportar\u00e1 la imposibilidad de seguir participando en la misma.<\/p>\n<p><strong>Presentaci\u00f3n de reclamaciones:<\/strong> si los participantes consideran que el Responsable de Tratamiento no ha tratado sus datos personales de conformidad con la normativa aplicable, podr\u00e1 presentar una reclamaci\u00f3n frente a la autoridad de control competente, a trav\u00e9s de la p\u00e1gina web www.agpd.es[\/vc_column_text][\/vc_column][\/vc_row]<\/p>\n","protected":false},"excerpt":{"rendered":"<p>[vc_row top=\u00bb80px\u00bb bottom=\u00bb40px\u00bb content_fadeout=\u00bbcontent-fadeout\u00bb content_placement=\u00bbmiddle\u00bb textalign=\u00bbcenter\u00bb row_seperator=\u00bbno-seperator\u00bb font_color=\u00bb#ffffff\u00bb bg_color=\u00bb#ff344c\u00bb][vc_column width=\u00bb2\/3&#8243;][vc_heading h_size=\u00bbh-extralarge\u00bb title=\u00bbCONSENTIMIENTO INFORMADO PARA EL TRATAMIENTO DE DATOS PERSONALES ESPEC\u00cdFICO RELATIVO A LA \u201cPROMOCI\u00d3N TRIPTOMAX\u201d\u00bb title_color=\u00bb#ffffff\u00bb subtitle_color=\u00bb#ffffff\u00bb alignment=\u00bbalign-left\u00bb][\/vc_column][vc_column width=\u00bb1\/3&#8243;][vc_single_image image=\u00bb148099&#8243; img_size=\u00bb240&#215;240&#8243;][\/vc_column][\/vc_row][vc_row][vc_column][vc_column_text]Este tratamiento de datos personales es espec\u00edfico para la participaci\u00f3n en la \u201cPromoci\u00f3n Triptomax\u201d (la \u201cPromoci\u00f3n\u201d). Responsable: \u201cESTEVE Pharmaceuticals, S.A., con N.I.F. A-08037236 y domicilio en Passeig de la Zona Franca, 109, 4\u00aa planta, 08038-Barcelona, Sociedad Unipersonal (en adelante, \u201cEsteve\u201d), provisto del tel\u00e9fono de contacto&#8230;  <\/p>\n<div class=\"read-more\"><a class=\"excerpt-read-more\" href=\"https:\/\/gelt.com\/es\/bases-legales\/consentimiento-informado-para-el-tratamiento-de-datos-personales-especifico-relativo-a-la-promocion-triptomax\/\" title=\"Continue reading CONSENTIMIENTO INFORMADO PARA EL TRATAMIENTO DE DATOS PERSONALES ESPEC\u00cdFICO RELATIVO A LA \u201cPROMOCI\u00d3N TRIPTOMAX\u201d\">Read more<i class=\"fa fa-angle-right\"><\/i><\/a><\/div>\n","protected":false},"author":63,"featured_media":0,"parent":144241,"menu_order":0,"comment_status":"closed","ping_status":"closed","template":"page-full-width.php","meta":{"content-type":"","footnotes":""},"yoast_head":"<!-- This site is optimized with the Yoast SEO plugin v21.9.1 - https:\/\/yoast.com\/wordpress\/plugins\/seo\/ -->\n<title>Bases Legales CONSENTIMIENTO INFORMADO PARA EL TRATAMIENTO DE DATOS PERSONALES ESPEC\u00cdFICO RELATIVO A LA \u201cPROMOCI\u00d3N TRIPTOMAX\u201d - Gelt Espa\u00f1a<\/title>\n<meta name=\"robots\" content=\"index, follow, max-snippet:-1, max-image-preview:large, max-video-preview:-1\" \/>\n<link rel=\"canonical\" href=\"https:\/\/gelt.com\/es\/bases-legales\/consentimiento-informado-para-el-tratamiento-de-datos-personales-especifico-relativo-a-la-promocion-triptomax\/\" \/>\n<meta property=\"og:locale\" content=\"es_ES\" \/>\n<meta property=\"og:type\" content=\"article\" \/>\n<meta property=\"og:title\" content=\"Bases Legales CONSENTIMIENTO INFORMADO PARA EL TRATAMIENTO DE DATOS PERSONALES ESPEC\u00cdFICO RELATIVO A LA \u201cPROMOCI\u00d3N TRIPTOMAX\u201d - Gelt Espa\u00f1a\" \/>\n<meta property=\"og:description\" content=\"[vc_row top=\u00bb80px\u00bb bottom=\u00bb40px\u00bb content_fadeout=\u00bbcontent-fadeout\u00bb content_placement=\u00bbmiddle\u00bb textalign=\u00bbcenter\u00bb row_seperator=\u00bbno-seperator\u00bb font_color=\u00bb#ffffff\u00bb bg_color=\u00bb#ff344c\u00bb][vc_column width=\u00bb2\/3&#8243;][vc_heading h_size=\u00bbh-extralarge\u00bb title=\u00bbCONSENTIMIENTO INFORMADO PARA EL TRATAMIENTO DE DATOS PERSONALES ESPEC\u00cdFICO RELATIVO A LA \u201cPROMOCI\u00d3N TRIPTOMAX\u201d\u00bb title_color=\u00bb#ffffff\u00bb subtitle_color=\u00bb#ffffff\u00bb alignment=\u00bbalign-left\u00bb][\/vc_column][vc_column width=\u00bb1\/3&#8243;][vc_single_image image=\u00bb148099&#8243; img_size=\u00bb240&#215;240&#8243;][\/vc_column][\/vc_row][vc_row][vc_column][vc_column_text]Este tratamiento de datos personales es espec\u00edfico para la participaci\u00f3n en la \u201cPromoci\u00f3n Triptomax\u201d (la \u201cPromoci\u00f3n\u201d). Responsable: \u201cESTEVE Pharmaceuticals, S.A., con N.I.F. A-08037236 y domicilio en Passeig de la Zona Franca, 109, 4\u00aa planta, 08038-Barcelona, Sociedad Unipersonal (en adelante, \u201cEsteve\u201d), provisto del tel\u00e9fono de contacto... Read more\" \/>\n<meta property=\"og:url\" content=\"https:\/\/gelt.com\/es\/bases-legales\/consentimiento-informado-para-el-tratamiento-de-datos-personales-especifico-relativo-a-la-promocion-triptomax\/\" \/>\n<meta property=\"og:site_name\" content=\"Gelt Espa\u00f1a\" \/>\n<meta name=\"twitter:card\" content=\"summary_large_image\" \/>\n<meta name=\"twitter:label1\" content=\"Tiempo de lectura\" \/>\n\t<meta name=\"twitter:data1\" content=\"3 minutos\" \/>\n<script type=\"application\/ld+json\" class=\"yoast-schema-graph\">{\"@context\":\"https:\/\/schema.org\",\"@graph\":[{\"@type\":\"WebPage\",\"@id\":\"https:\/\/gelt.com\/es\/bases-legales\/consentimiento-informado-para-el-tratamiento-de-datos-personales-especifico-relativo-a-la-promocion-triptomax\/\",\"url\":\"https:\/\/gelt.com\/es\/bases-legales\/consentimiento-informado-para-el-tratamiento-de-datos-personales-especifico-relativo-a-la-promocion-triptomax\/\",\"name\":\"Bases Legales CONSENTIMIENTO INFORMADO PARA EL TRATAMIENTO DE DATOS PERSONALES ESPEC\u00cdFICO RELATIVO A LA \u201cPROMOCI\u00d3N TRIPTOMAX\u201d - Gelt Espa\u00f1a\",\"isPartOf\":{\"@id\":\"https:\/\/gelt.com\/es\/#website\"},\"datePublished\":\"2025-08-07T11:21:14+00:00\",\"dateModified\":\"2025-08-07T11:21:14+00:00\",\"breadcrumb\":{\"@id\":\"https:\/\/gelt.com\/es\/bases-legales\/consentimiento-informado-para-el-tratamiento-de-datos-personales-especifico-relativo-a-la-promocion-triptomax\/#breadcrumb\"},\"inLanguage\":\"es\",\"potentialAction\":[{\"@type\":\"ReadAction\",\"target\":[\"https:\/\/gelt.com\/es\/bases-legales\/consentimiento-informado-para-el-tratamiento-de-datos-personales-especifico-relativo-a-la-promocion-triptomax\/\"]}]},{\"@type\":\"BreadcrumbList\",\"@id\":\"https:\/\/gelt.com\/es\/bases-legales\/consentimiento-informado-para-el-tratamiento-de-datos-personales-especifico-relativo-a-la-promocion-triptomax\/#breadcrumb\",\"itemListElement\":[{\"@type\":\"ListItem\",\"position\":1,\"name\":\"Portada\",\"item\":\"https:\/\/gelt.com\/es\/\"},{\"@type\":\"ListItem\",\"position\":2,\"name\":\"BASES Y CONDICIONES LEGALES\",\"item\":\"https:\/\/gelt.com\/es\/bases-legales\/\"},{\"@type\":\"ListItem\",\"position\":3,\"name\":\"CONSENTIMIENTO INFORMADO PARA EL TRATAMIENTO DE DATOS PERSONALES ESPEC\u00cdFICO RELATIVO A LA \u201cPROMOCI\u00d3N TRIPTOMAX\u201d\"}]},{\"@type\":\"WebSite\",\"@id\":\"https:\/\/gelt.com\/es\/#website\",\"url\":\"https:\/\/gelt.com\/es\/\",\"name\":\"Gelt Espa\u00f1a\",\"description\":\"Gelt - Dinero que vuelve\",\"potentialAction\":[{\"@type\":\"SearchAction\",\"target\":{\"@type\":\"EntryPoint\",\"urlTemplate\":\"https:\/\/gelt.com\/es\/?s={search_term_string}\"},\"query-input\":\"required name=search_term_string\"}],\"inLanguage\":\"es\"}]}<\/script>\n<!-- \/ Yoast SEO plugin. -->","yoast_head_json":{"title":"Bases Legales CONSENTIMIENTO INFORMADO PARA EL TRATAMIENTO DE DATOS PERSONALES ESPEC\u00cdFICO RELATIVO A LA \u201cPROMOCI\u00d3N TRIPTOMAX\u201d - Gelt Espa\u00f1a","robots":{"index":"index","follow":"follow","max-snippet":"max-snippet:-1","max-image-preview":"max-image-preview:large","max-video-preview":"max-video-preview:-1"},"canonical":"https:\/\/gelt.com\/es\/bases-legales\/consentimiento-informado-para-el-tratamiento-de-datos-personales-especifico-relativo-a-la-promocion-triptomax\/","og_locale":"es_ES","og_type":"article","og_title":"Bases Legales CONSENTIMIENTO INFORMADO PARA EL TRATAMIENTO DE DATOS PERSONALES ESPEC\u00cdFICO RELATIVO A LA \u201cPROMOCI\u00d3N TRIPTOMAX\u201d - Gelt Espa\u00f1a","og_description":"[vc_row top=\u00bb80px\u00bb bottom=\u00bb40px\u00bb content_fadeout=\u00bbcontent-fadeout\u00bb content_placement=\u00bbmiddle\u00bb textalign=\u00bbcenter\u00bb row_seperator=\u00bbno-seperator\u00bb font_color=\u00bb#ffffff\u00bb bg_color=\u00bb#ff344c\u00bb][vc_column width=\u00bb2\/3&#8243;][vc_heading h_size=\u00bbh-extralarge\u00bb title=\u00bbCONSENTIMIENTO INFORMADO PARA EL TRATAMIENTO DE DATOS PERSONALES ESPEC\u00cdFICO RELATIVO A LA \u201cPROMOCI\u00d3N TRIPTOMAX\u201d\u00bb title_color=\u00bb#ffffff\u00bb subtitle_color=\u00bb#ffffff\u00bb alignment=\u00bbalign-left\u00bb][\/vc_column][vc_column width=\u00bb1\/3&#8243;][vc_single_image image=\u00bb148099&#8243; img_size=\u00bb240&#215;240&#8243;][\/vc_column][\/vc_row][vc_row][vc_column][vc_column_text]Este tratamiento de datos personales es espec\u00edfico para la participaci\u00f3n en la \u201cPromoci\u00f3n Triptomax\u201d (la \u201cPromoci\u00f3n\u201d). Responsable: \u201cESTEVE Pharmaceuticals, S.A., con N.I.F. A-08037236 y domicilio en Passeig de la Zona Franca, 109, 4\u00aa planta, 08038-Barcelona, Sociedad Unipersonal (en adelante, \u201cEsteve\u201d), provisto del tel\u00e9fono de contacto... Read more","og_url":"https:\/\/gelt.com\/es\/bases-legales\/consentimiento-informado-para-el-tratamiento-de-datos-personales-especifico-relativo-a-la-promocion-triptomax\/","og_site_name":"Gelt Espa\u00f1a","twitter_card":"summary_large_image","twitter_misc":{"Tiempo de lectura":"3 minutos"},"schema":{"@context":"https:\/\/schema.org","@graph":[{"@type":"WebPage","@id":"https:\/\/gelt.com\/es\/bases-legales\/consentimiento-informado-para-el-tratamiento-de-datos-personales-especifico-relativo-a-la-promocion-triptomax\/","url":"https:\/\/gelt.com\/es\/bases-legales\/consentimiento-informado-para-el-tratamiento-de-datos-personales-especifico-relativo-a-la-promocion-triptomax\/","name":"Bases Legales CONSENTIMIENTO INFORMADO PARA EL TRATAMIENTO DE DATOS PERSONALES ESPEC\u00cdFICO RELATIVO A LA \u201cPROMOCI\u00d3N TRIPTOMAX\u201d - Gelt Espa\u00f1a","isPartOf":{"@id":"https:\/\/gelt.com\/es\/#website"},"datePublished":"2025-08-07T11:21:14+00:00","dateModified":"2025-08-07T11:21:14+00:00","breadcrumb":{"@id":"https:\/\/gelt.com\/es\/bases-legales\/consentimiento-informado-para-el-tratamiento-de-datos-personales-especifico-relativo-a-la-promocion-triptomax\/#breadcrumb"},"inLanguage":"es","potentialAction":[{"@type":"ReadAction","target":["https:\/\/gelt.com\/es\/bases-legales\/consentimiento-informado-para-el-tratamiento-de-datos-personales-especifico-relativo-a-la-promocion-triptomax\/"]}]},{"@type":"BreadcrumbList","@id":"https:\/\/gelt.com\/es\/bases-legales\/consentimiento-informado-para-el-tratamiento-de-datos-personales-especifico-relativo-a-la-promocion-triptomax\/#breadcrumb","itemListElement":[{"@type":"ListItem","position":1,"name":"Portada","item":"https:\/\/gelt.com\/es\/"},{"@type":"ListItem","position":2,"name":"BASES Y CONDICIONES LEGALES","item":"https:\/\/gelt.com\/es\/bases-legales\/"},{"@type":"ListItem","position":3,"name":"CONSENTIMIENTO INFORMADO PARA EL TRATAMIENTO DE DATOS PERSONALES ESPEC\u00cdFICO RELATIVO A LA \u201cPROMOCI\u00d3N TRIPTOMAX\u201d"}]},{"@type":"WebSite","@id":"https:\/\/gelt.com\/es\/#website","url":"https:\/\/gelt.com\/es\/","name":"Gelt Espa\u00f1a","description":"Gelt - Dinero que vuelve","potentialAction":[{"@type":"SearchAction","target":{"@type":"EntryPoint","urlTemplate":"https:\/\/gelt.com\/es\/?s={search_term_string}"},"query-input":"required name=search_term_string"}],"inLanguage":"es"}]}},"_links":{"self":[{"href":"https:\/\/gelt.com\/es\/wp-json\/wp\/v2\/pages\/150362"}],"collection":[{"href":"https:\/\/gelt.com\/es\/wp-json\/wp\/v2\/pages"}],"about":[{"href":"https:\/\/gelt.com\/es\/wp-json\/wp\/v2\/types\/page"}],"author":[{"embeddable":true,"href":"https:\/\/gelt.com\/es\/wp-json\/wp\/v2\/users\/63"}],"replies":[{"embeddable":true,"href":"https:\/\/gelt.com\/es\/wp-json\/wp\/v2\/comments?post=150362"}],"version-history":[{"count":1,"href":"https:\/\/gelt.com\/es\/wp-json\/wp\/v2\/pages\/150362\/revisions"}],"predecessor-version":[{"id":150363,"href":"https:\/\/gelt.com\/es\/wp-json\/wp\/v2\/pages\/150362\/revisions\/150363"}],"up":[{"embeddable":true,"href":"https:\/\/gelt.com\/es\/wp-json\/wp\/v2\/pages\/144241"}],"wp:attachment":[{"href":"https:\/\/gelt.com\/es\/wp-json\/wp\/v2\/media?parent=150362"}],"curies":[{"name":"wp","href":"https:\/\/api.w.org\/{rel}","templated":true}]}}