{"id":19416,"date":"2020-09-23T13:50:17","date_gmt":"2020-09-23T11:50:17","guid":{"rendered":"https:\/\/gelt.com\/es\/?page_id=19416"},"modified":"2020-10-26T13:30:47","modified_gmt":"2020-10-26T12:30:47","slug":"gelt-al-dia","status":"publish","type":"page","link":"https:\/\/gelt.com\/es\/gelt-al-dia\/","title":{"rendered":"Gelt al D\u00eda"},"content":{"rendered":"<p>[vc_row row_show_on=\u00bbhide_mobile_landscape,hide_mobile_portrait\u00bb][vc_column][vc_empty_space height=\u00bb92px\u00bb][\/vc_column][\/vc_row][vc_row row_show_on=\u00bbhide_on_normal_screen,hide_tablet_landscape,hide_tablet_portrait\u00bb][vc_column][vc_empty_space height=\u00bb10px\u00bb][\/vc_column][\/vc_row][vc_row top=\u00bb80px\u00bb bottom=\u00bb80px\u00bb bg_type=\u00bbimage\u00bb parallax_bg=\u00bbparallax-bg\u00bb speed=\u00bb0.10&#8243; scale_speed=\u00bb0.01&#8243; bg_cover=\u00bbcover\u00bb bg_repeat=\u00bbno-repeat\u00bb bg_position=\u00bbCenter center\u00bb row_show_on=\u00bbhide_mobile_landscape,hide_mobile_portrait\u00bb bg_image=\u00bb19336&#8243;][vc_column][vc_empty_space height=\u00bb122px\u00bb][vc_empty_space height=\u00bb122px\u00bb][\/vc_column][\/vc_row][vc_row top=\u00bb80px\u00bb bottom=\u00bb80px\u00bb bg_type=\u00bbimage\u00bb parallax_bg=\u00bbparallax-bg\u00bb speed=\u00bb0.00&#8243; scale_speed=\u00bb0.00&#8243; bg_cover=\u00bbcover\u00bb bg_repeat=\u00bbno-repeat\u00bb bg_position=\u00bbCenter center\u00bb row_show_on=\u00bbhide_on_normal_screen,hide_tablet_landscape,hide_tablet_portrait\u00bb bg_image=\u00bb19457&#8243;][vc_column][vc_empty_space height=\u00bb142px\u00bb][vc_empty_space height=\u00bb142px\u00bb][vc_empty_space height=\u00bb142px\u00bb][vc_empty_space height=\u00bb142px\u00bb][\/vc_column][\/vc_row][vc_row row_show_on=\u00bbhide_mobile_landscape,hide_mobile_portrait\u00bb][vc_column][vc_column_text]<\/p>\n<h1 style=\"text-align: center\"><b>Esto te interesa<\/b><\/h1>\n<p>[\/vc_column_text][vc_empty_space][vc_column_text]<\/p>\n<h5><span style=\"font-weight: 400\">Aqu\u00ed ver\u00e1s m\u00e1s informaci\u00f3n sobre algunas de las promos semanales m\u00e1s destacadas de nuestra app. Lee con atenci\u00f3n y sabr\u00e1s todo lo necesario para subir tus tickets con \u00e9xito.<\/span><\/h5>\n<p>[\/vc_column_text][\/vc_column][\/vc_row][vc_row row_show_on=\u00bbhide_on_normal_screen,hide_tablet_landscape,hide_tablet_portrait\u00bb][vc_column][vc_column_text]<\/p>\n<h4 style=\"text-align: center\"><b>Esto te interesa<\/b><\/h4>\n<p>[\/vc_column_text][vc_empty_space height=\u00bb16px\u00bb][vc_column_text]<\/p>\n<h6 style=\"text-align: center\"><span style=\"font-weight: 400\">Aqu\u00ed ver\u00e1s m\u00e1s informaci\u00f3n sobre algunas de las promos semanales m\u00e1s destacadas de nuestra app. Lee con atenci\u00f3n y sabr\u00e1s todo lo necesario para subir tus tickets con \u00e9xito.<\/span><\/h6>\n<p>[\/vc_column_text][\/vc_column][\/vc_row][vc_row row_show_on=\u00bbhide_mobile_landscape,hide_mobile_portrait\u00bb][vc_column width=\u00bb1\/3&#8243;][vc_magic_image image=\u00bb20018&#8243;][\/vc_column][vc_column width=\u00bb2\/3&#8243;][vc_heading title=\u00bb\u00a1Ve a Consum y gana Rascas!\u00bb alignment=\u00bbalign-left\u00bb][vc_column_text]\u00bfQuieres cashback extra? Tenemos un nuevo Rasca para los cereales W<strong>.K. Kellogg&#8217;s y All Bran Prebiotics<\/strong>. Adem\u00e1s de recibir tu cashback de promo, se te activar\u00e1 el rasca al subir un ticket de cualquier supermercado Consum. \u00a1Bueno por donde lo mires![\/vc_column_text][vc_empty_space][vc_button title=\u00bbVer promos\u00bb size=\u00bbbtn-large\u00bb button_style=\u00bbminimal_style\u00bb color=\u00bbbtn_red\u00bb border_radius=\u00bbround\u00bb css_animation=\u00bbappear\u00bb link=\u00bburl:gelt%3A%2F%2F%3Faf_sub1%3Dcolecciones%26af_sub2%3D301|target:_blank\u00bb el_class=\u00bb.centrado\u00bb][vc_empty_space][\/vc_column][\/vc_row][vc_row top=\u00bb20px\u00bb bottom=\u00bb20px\u00bb row_show_on=\u00bbhide_on_normal_screen,hide_tablet_landscape,hide_tablet_portrait\u00bb][vc_column][vc_magic_image image=\u00bb20018&#8243; alignment=\u00bbcenter\u00bb][vc_heading title=\u00bb\u00a1Ve a Consum y gana Rascas!\u00bb][vc_column_text]\u00bfQuieres cashback extra? Tenemos un nuevo Rasca para los cereales W<strong>.K. Kellogg&#8217;s y All Bran Prebiotics<\/strong>. Adem\u00e1s de recibir tu cashback de promo, se te activar\u00e1 el rasca al subir un ticket de cualquier supermercado Consum. \u00a1Bueno por donde lo mires![\/vc_column_text][vc_empty_space height=\u00bb15px\u00bb][vc_button title=\u00bbVer promos\u00bb size=\u00bbbtn-large\u00bb button_style=\u00bbminimal_style\u00bb color=\u00bbbtn_red\u00bb border_radius=\u00bbround\u00bb css_animation=\u00bbappear\u00bb link=\u00bburl:gelt%3A%2F%2F%3Faf_sub1%3Dcolecciones%26af_sub2%3D141|title:About%20Us|target:_blank\u00bb el_class=\u00bb.centrado\u00bb][vc_empty_space height=\u00bb15px\u00bb][vc_empty_space height=\u00bb15px\u00bb][\/vc_column][\/vc_row][vc_row row_show_on=\u00bbhide_mobile_landscape,hide_mobile_portrait\u00bb][vc_column width=\u00bb1\/3&#8243;][vc_magic_image image=\u00bb20197&#8243;][\/vc_column][vc_column width=\u00bb2\/3&#8243;][vc_heading title=\u00bb\u00a1Danacol para todos!\u00bb alignment=\u00bbalign-left\u00bb][vc_column_text]Muchos usuarios nos han pedido abrir la promo de Danacol a toda Espa\u00f1a&#8230; \u00a1Y eso hemos hecho! A partir de ahora, puedes comprar Danacol en cualquier Dia y Mercadona del pa\u00eds, tanto el pack de 10 como 12 unidades.[\/vc_column_text][vc_empty_space][vc_button title=\u00bb\u00a1A navegar!\u00bb size=\u00bbbtn-large\u00bb button_style=\u00bbminimal_style\u00bb color=\u00bbbtn_red\u00bb border_radius=\u00bbround\u00bb css_animation=\u00bbappear\u00bb link=\u00bburl:%2Fes%2Fpreguntas-dudas-curiosidades%2F|title:About%20Us|target:%20_blank|\u00bb el_class=\u00bb.centrado\u00bb][vc_empty_space][\/vc_column][\/vc_row][vc_row top=\u00bb20px\u00bb bottom=\u00bb20px\u00bb row_show_on=\u00bbhide_on_normal_screen,hide_tablet_landscape,hide_tablet_portrait\u00bb][vc_column][vc_magic_image image=\u00bb20197&#8243;][vc_heading title=\u00bb\u00a1Danacol para todos!\u00bb][vc_column_text]Muchos usuarios nos han pedido abrir la promo de Danacol a toda Espa\u00f1a&#8230; \u00a1Y eso hemos hecho! A partir de ahora, puedes comprar Danacol en cualquier Dia y Mercadona del pa\u00eds, tanto el pack de 10 como 12 unidades.[\/vc_column_text][vc_empty_space height=\u00bb15px\u00bb][vc_button title=\u00bb\u00a1A disfrutarlo!\u00bb size=\u00bbbtn-large\u00bb button_style=\u00bbminimal_style\u00bb color=\u00bbbtn_red\u00bb border_radius=\u00bbround\u00bb css_animation=\u00bbappear\u00bb link=\u00bburl:gelt%3A%2F%2F%3Faf_sub1%3Dpromos%26af_sub2%3D107353|target:_blank\u00bb el_class=\u00bb.centrado\u00bb][vc_empty_space height=\u00bb15px\u00bb][vc_empty_space height=\u00bb15px\u00bb][\/vc_column][\/vc_row][vc_row row_show_on=\u00bbhide_mobile_landscape,hide_mobile_portrait\u00bb][vc_column width=\u00bb1\/3&#8243;][vc_magic_image image=\u00bb20025&#8243;][\/vc_column][vc_column width=\u00bb2\/3&#8243;][vc_heading title=\u00bbDisfruta tu Media Copa donde quieras\u00bb alignment=\u00bbalign-left\u00bb][vc_column_text]Ahora, vivas donde vivas, puedes disfrutar tu Media Copa, la bebida de moda para tu aperitivo o afterwork. P\u00eddela en tu bar de siempre o restaurante y s\u00fabenos una foto de la copa junto con la botella y otra con el ticket para validar la promo. \u00a1Recuerda que la Media Copa va servida en copa de vino![\/vc_column_text][vc_empty_space][vc_button title=\u00bbDISFRUTA\u00bb size=\u00bbbtn-large\u00bb button_style=\u00bbminimal_style\u00bb color=\u00bbbtn_red\u00bb border_radius=\u00bbround\u00bb css_animation=\u00bbappear\u00bb link=\u00bburl:%2Fes%2Fpreguntas-dudas-curiosidades%2F|title:About%20Us|target:%20_blank|\u00bb el_class=\u00bb.centrado\u00bb][vc_empty_space][\/vc_column][\/vc_row][vc_row top=\u00bb20px\u00bb bottom=\u00bb20px\u00bb row_show_on=\u00bbhide_on_normal_screen,hide_tablet_landscape,hide_tablet_portrait\u00bb][vc_column][vc_magic_image image=\u00bb20025&#8243;][vc_heading title=\u00bbDisfruta tu Media Copa donde quieras\u00bb][vc_column_text]Ahora, vivas donde vivas, puedes disfrutar tu Media Copa, la bebida de moda para tu aperitivo o afterwork. P\u00eddela en tu bar de siempre o restaurante y s\u00fabenos una foto de la copa junto con la botella y otra con el ticket para validar la promo. \u00a1Recuerda que la Media Copa va servida en copa de vino![\/vc_column_text][vc_empty_space height=\u00bb15px\u00bb][vc_button title=\u00bbDISFRUTA\u00bb size=\u00bbbtn-large\u00bb button_style=\u00bbminimal_style\u00bb color=\u00bbbtn_red\u00bb border_radius=\u00bbround\u00bb css_animation=\u00bbappear\u00bb link=\u00bburl:gelt%3A%2F%2F%3Faf_sub1%3Dpromos%26af_sub2%3D107482|target:_blank\u00bb el_class=\u00bb.centrado\u00bb][vc_empty_space height=\u00bb15px\u00bb][vc_empty_space height=\u00bb15px\u00bb][\/vc_column][\/vc_row][vc_row][vc_column][vc_heading title=\u00bb\u00bfTienes dudas sobre otras promos?\u00bb][vc_column_text]<\/p>\n<p style=\"text-align: center\"><span style=\"font-weight: 400\">Entra en <a href=\"https:\/\/gelt.com\/es\/noticias-de-gelt\/\">esta gu\u00eda<\/a> actualizada a diario por nuestro departamento de Atenci\u00f3n al cliente. \u00a1Super \u00fatil!<\/span><\/p>\n<p>[\/vc_column_text][vc_empty_space][vc_single_image image=\u00bb19485&#8243; img_size=\u00bblarge\u00bb alignment=\u00bbcenter\u00bb][\/vc_column][\/vc_row][vc_row row_show_on=\u00bbhide_on_normal_screen,hide_tablet_landscape,hide_tablet_portrait\u00bb][vc_column][vc_button title=\u00bbVer m\u00e1s novedades\u00bb button_width=\u00bbbtn_fw\u00bb size=\u00bbbtn-large\u00bb button_style=\u00bbminimal_style\u00bb color=\u00bbbtn_red\u00bb border_radius=\u00bbround\u00bb css_animation=\u00bbappear\u00bb link=\u00bburl:gelt%3A%2F%2F%3Faf_sub1%3Dcolecciones%26af_sub2%3D262|target:_blank\u00bb el_class=\u00bb.centrado\u00bb][\/vc_column][\/vc_row]<\/p>\n","protected":false},"excerpt":{"rendered":"<p>[vc_row row_show_on=\u00bbhide_mobile_landscape,hide_mobile_portrait\u00bb][vc_column][vc_empty_space height=\u00bb92px\u00bb][\/vc_column][\/vc_row][vc_row row_show_on=\u00bbhide_on_normal_screen,hide_tablet_landscape,hide_tablet_portrait\u00bb][vc_column][vc_empty_space height=\u00bb10px\u00bb][\/vc_column][\/vc_row][vc_row top=\u00bb80px\u00bb bottom=\u00bb80px\u00bb bg_type=\u00bbimage\u00bb parallax_bg=\u00bbparallax-bg\u00bb speed=\u00bb0.10&#8243; scale_speed=\u00bb0.01&#8243; bg_cover=\u00bbcover\u00bb bg_repeat=\u00bbno-repeat\u00bb bg_position=\u00bbCenter center\u00bb row_show_on=\u00bbhide_mobile_landscape,hide_mobile_portrait\u00bb bg_image=\u00bb19336&#8243;][vc_column][vc_empty_space height=\u00bb122px\u00bb][vc_empty_space height=\u00bb122px\u00bb][\/vc_column][\/vc_row][vc_row top=\u00bb80px\u00bb bottom=\u00bb80px\u00bb bg_type=\u00bbimage\u00bb parallax_bg=\u00bbparallax-bg\u00bb speed=\u00bb0.00&#8243; scale_speed=\u00bb0.00&#8243; bg_cover=\u00bbcover\u00bb bg_repeat=\u00bbno-repeat\u00bb bg_position=\u00bbCenter center\u00bb row_show_on=\u00bbhide_on_normal_screen,hide_tablet_landscape,hide_tablet_portrait\u00bb bg_image=\u00bb19457&#8243;][vc_column][vc_empty_space height=\u00bb142px\u00bb][vc_empty_space height=\u00bb142px\u00bb][vc_empty_space height=\u00bb142px\u00bb][vc_empty_space height=\u00bb142px\u00bb][\/vc_column][\/vc_row][vc_row row_show_on=\u00bbhide_mobile_landscape,hide_mobile_portrait\u00bb][vc_column][vc_column_text] Esto te interesa [\/vc_column_text][vc_empty_space][vc_column_text] Aqu\u00ed ver\u00e1s m\u00e1s informaci\u00f3n sobre algunas de las promos semanales m\u00e1s destacadas de nuestra app. Lee con atenci\u00f3n y sabr\u00e1s todo lo necesario para subir tus tickets con \u00e9xito. [\/vc_column_text][\/vc_column][\/vc_row][vc_row row_show_on=\u00bbhide_on_normal_screen,hide_tablet_landscape,hide_tablet_portrait\u00bb][vc_column][vc_column_text] Esto te interesa [\/vc_column_text][vc_empty_space&#8230;  <\/p>\n<div class=\"read-more\"><a class=\"excerpt-read-more\" href=\"https:\/\/gelt.com\/es\/gelt-al-dia\/\" title=\"Continue reading Gelt al D\u00eda\">Read more<i class=\"fa fa-angle-right\"><\/i><\/a><\/div>\n","protected":false},"author":11,"featured_media":0,"parent":0,"menu_order":0,"comment_status":"closed","ping_status":"closed","template":"","meta":{"content-type":"","footnotes":""},"yoast_head":"<!-- This site is optimized with the Yoast SEO plugin v21.9.1 - https:\/\/yoast.com\/wordpress\/plugins\/seo\/ -->\n<title>Gelt al D\u00eda - Gelt Espa\u00f1a<\/title>\n<meta name=\"robots\" content=\"index, follow, max-snippet:-1, max-image-preview:large, max-video-preview:-1\" \/>\n<link rel=\"canonical\" href=\"https:\/\/gelt.com\/es\/gelt-al-dia\/\" \/>\n<meta property=\"og:locale\" content=\"es_ES\" \/>\n<meta property=\"og:type\" content=\"article\" \/>\n<meta property=\"og:title\" content=\"Gelt al D\u00eda - Gelt Espa\u00f1a\" \/>\n<meta property=\"og:description\" content=\"[vc_row row_show_on=\u00bbhide_mobile_landscape,hide_mobile_portrait\u00bb][vc_column][vc_empty_space height=\u00bb92px\u00bb][\/vc_column][\/vc_row][vc_row row_show_on=\u00bbhide_on_normal_screen,hide_tablet_landscape,hide_tablet_portrait\u00bb][vc_column][vc_empty_space height=\u00bb10px\u00bb][\/vc_column][\/vc_row][vc_row top=\u00bb80px\u00bb bottom=\u00bb80px\u00bb bg_type=\u00bbimage\u00bb parallax_bg=\u00bbparallax-bg\u00bb speed=\u00bb0.10&#8243; scale_speed=\u00bb0.01&#8243; bg_cover=\u00bbcover\u00bb bg_repeat=\u00bbno-repeat\u00bb bg_position=\u00bbCenter center\u00bb row_show_on=\u00bbhide_mobile_landscape,hide_mobile_portrait\u00bb bg_image=\u00bb19336&#8243;][vc_column][vc_empty_space height=\u00bb122px\u00bb][vc_empty_space height=\u00bb122px\u00bb][\/vc_column][\/vc_row][vc_row top=\u00bb80px\u00bb bottom=\u00bb80px\u00bb bg_type=\u00bbimage\u00bb parallax_bg=\u00bbparallax-bg\u00bb speed=\u00bb0.00&#8243; scale_speed=\u00bb0.00&#8243; bg_cover=\u00bbcover\u00bb bg_repeat=\u00bbno-repeat\u00bb bg_position=\u00bbCenter center\u00bb row_show_on=\u00bbhide_on_normal_screen,hide_tablet_landscape,hide_tablet_portrait\u00bb bg_image=\u00bb19457&#8243;][vc_column][vc_empty_space height=\u00bb142px\u00bb][vc_empty_space height=\u00bb142px\u00bb][vc_empty_space height=\u00bb142px\u00bb][vc_empty_space height=\u00bb142px\u00bb][\/vc_column][\/vc_row][vc_row row_show_on=\u00bbhide_mobile_landscape,hide_mobile_portrait\u00bb][vc_column][vc_column_text] Esto te interesa [\/vc_column_text][vc_empty_space][vc_column_text] Aqu\u00ed ver\u00e1s m\u00e1s informaci\u00f3n sobre algunas de las promos semanales m\u00e1s destacadas de nuestra app. Lee con atenci\u00f3n y sabr\u00e1s todo lo necesario para subir tus tickets con \u00e9xito. [\/vc_column_text][\/vc_column][\/vc_row][vc_row row_show_on=\u00bbhide_on_normal_screen,hide_tablet_landscape,hide_tablet_portrait\u00bb][vc_column][vc_column_text] Esto te interesa [\/vc_column_text][vc_empty_space... Read more\" \/>\n<meta property=\"og:url\" content=\"https:\/\/gelt.com\/es\/gelt-al-dia\/\" \/>\n<meta property=\"og:site_name\" content=\"Gelt Espa\u00f1a\" \/>\n<meta property=\"article:modified_time\" content=\"2020-10-26T12:30:47+00:00\" \/>\n<meta name=\"twitter:card\" content=\"summary_large_image\" \/>\n<meta name=\"twitter:label1\" content=\"Tiempo de lectura\" \/>\n\t<meta name=\"twitter:data1\" content=\"6 minutos\" \/>\n<script type=\"application\/ld+json\" class=\"yoast-schema-graph\">{\"@context\":\"https:\/\/schema.org\",\"@graph\":[{\"@type\":\"WebPage\",\"@id\":\"https:\/\/gelt.com\/es\/gelt-al-dia\/\",\"url\":\"https:\/\/gelt.com\/es\/gelt-al-dia\/\",\"name\":\"Gelt al D\u00eda - Gelt Espa\u00f1a\",\"isPartOf\":{\"@id\":\"https:\/\/gelt.com\/es\/#website\"},\"datePublished\":\"2020-09-23T11:50:17+00:00\",\"dateModified\":\"2020-10-26T12:30:47+00:00\",\"breadcrumb\":{\"@id\":\"https:\/\/gelt.com\/es\/gelt-al-dia\/#breadcrumb\"},\"inLanguage\":\"es\",\"potentialAction\":[{\"@type\":\"ReadAction\",\"target\":[\"https:\/\/gelt.com\/es\/gelt-al-dia\/\"]}]},{\"@type\":\"BreadcrumbList\",\"@id\":\"https:\/\/gelt.com\/es\/gelt-al-dia\/#breadcrumb\",\"itemListElement\":[{\"@type\":\"ListItem\",\"position\":1,\"name\":\"Portada\",\"item\":\"https:\/\/gelt.com\/es\/\"},{\"@type\":\"ListItem\",\"position\":2,\"name\":\"Gelt al D\u00eda\"}]},{\"@type\":\"WebSite\",\"@id\":\"https:\/\/gelt.com\/es\/#website\",\"url\":\"https:\/\/gelt.com\/es\/\",\"name\":\"Gelt Espa\u00f1a\",\"description\":\"Gelt - Dinero que vuelve\",\"potentialAction\":[{\"@type\":\"SearchAction\",\"target\":{\"@type\":\"EntryPoint\",\"urlTemplate\":\"https:\/\/gelt.com\/es\/?s={search_term_string}\"},\"query-input\":\"required name=search_term_string\"}],\"inLanguage\":\"es\"}]}<\/script>\n<!-- \/ Yoast SEO plugin. -->","yoast_head_json":{"title":"Gelt al D\u00eda - Gelt Espa\u00f1a","robots":{"index":"index","follow":"follow","max-snippet":"max-snippet:-1","max-image-preview":"max-image-preview:large","max-video-preview":"max-video-preview:-1"},"canonical":"https:\/\/gelt.com\/es\/gelt-al-dia\/","og_locale":"es_ES","og_type":"article","og_title":"Gelt al D\u00eda - Gelt Espa\u00f1a","og_description":"[vc_row row_show_on=\u00bbhide_mobile_landscape,hide_mobile_portrait\u00bb][vc_column][vc_empty_space height=\u00bb92px\u00bb][\/vc_column][\/vc_row][vc_row row_show_on=\u00bbhide_on_normal_screen,hide_tablet_landscape,hide_tablet_portrait\u00bb][vc_column][vc_empty_space height=\u00bb10px\u00bb][\/vc_column][\/vc_row][vc_row top=\u00bb80px\u00bb bottom=\u00bb80px\u00bb bg_type=\u00bbimage\u00bb parallax_bg=\u00bbparallax-bg\u00bb speed=\u00bb0.10&#8243; scale_speed=\u00bb0.01&#8243; bg_cover=\u00bbcover\u00bb bg_repeat=\u00bbno-repeat\u00bb bg_position=\u00bbCenter center\u00bb row_show_on=\u00bbhide_mobile_landscape,hide_mobile_portrait\u00bb bg_image=\u00bb19336&#8243;][vc_column][vc_empty_space height=\u00bb122px\u00bb][vc_empty_space height=\u00bb122px\u00bb][\/vc_column][\/vc_row][vc_row top=\u00bb80px\u00bb bottom=\u00bb80px\u00bb bg_type=\u00bbimage\u00bb parallax_bg=\u00bbparallax-bg\u00bb speed=\u00bb0.00&#8243; scale_speed=\u00bb0.00&#8243; bg_cover=\u00bbcover\u00bb bg_repeat=\u00bbno-repeat\u00bb bg_position=\u00bbCenter center\u00bb row_show_on=\u00bbhide_on_normal_screen,hide_tablet_landscape,hide_tablet_portrait\u00bb bg_image=\u00bb19457&#8243;][vc_column][vc_empty_space height=\u00bb142px\u00bb][vc_empty_space height=\u00bb142px\u00bb][vc_empty_space height=\u00bb142px\u00bb][vc_empty_space height=\u00bb142px\u00bb][\/vc_column][\/vc_row][vc_row row_show_on=\u00bbhide_mobile_landscape,hide_mobile_portrait\u00bb][vc_column][vc_column_text] Esto te interesa [\/vc_column_text][vc_empty_space][vc_column_text] Aqu\u00ed ver\u00e1s m\u00e1s informaci\u00f3n sobre algunas de las promos semanales m\u00e1s destacadas de nuestra app. Lee con atenci\u00f3n y sabr\u00e1s todo lo necesario para subir tus tickets con \u00e9xito. [\/vc_column_text][\/vc_column][\/vc_row][vc_row row_show_on=\u00bbhide_on_normal_screen,hide_tablet_landscape,hide_tablet_portrait\u00bb][vc_column][vc_column_text] Esto te interesa [\/vc_column_text][vc_empty_space... Read more","og_url":"https:\/\/gelt.com\/es\/gelt-al-dia\/","og_site_name":"Gelt Espa\u00f1a","article_modified_time":"2020-10-26T12:30:47+00:00","twitter_card":"summary_large_image","twitter_misc":{"Tiempo de lectura":"6 minutos"},"schema":{"@context":"https:\/\/schema.org","@graph":[{"@type":"WebPage","@id":"https:\/\/gelt.com\/es\/gelt-al-dia\/","url":"https:\/\/gelt.com\/es\/gelt-al-dia\/","name":"Gelt al D\u00eda - Gelt Espa\u00f1a","isPartOf":{"@id":"https:\/\/gelt.com\/es\/#website"},"datePublished":"2020-09-23T11:50:17+00:00","dateModified":"2020-10-26T12:30:47+00:00","breadcrumb":{"@id":"https:\/\/gelt.com\/es\/gelt-al-dia\/#breadcrumb"},"inLanguage":"es","potentialAction":[{"@type":"ReadAction","target":["https:\/\/gelt.com\/es\/gelt-al-dia\/"]}]},{"@type":"BreadcrumbList","@id":"https:\/\/gelt.com\/es\/gelt-al-dia\/#breadcrumb","itemListElement":[{"@type":"ListItem","position":1,"name":"Portada","item":"https:\/\/gelt.com\/es\/"},{"@type":"ListItem","position":2,"name":"Gelt al D\u00eda"}]},{"@type":"WebSite","@id":"https:\/\/gelt.com\/es\/#website","url":"https:\/\/gelt.com\/es\/","name":"Gelt Espa\u00f1a","description":"Gelt - Dinero que vuelve","potentialAction":[{"@type":"SearchAction","target":{"@type":"EntryPoint","urlTemplate":"https:\/\/gelt.com\/es\/?s={search_term_string}"},"query-input":"required name=search_term_string"}],"inLanguage":"es"}]}},"_links":{"self":[{"href":"https:\/\/gelt.com\/es\/wp-json\/wp\/v2\/pages\/19416"}],"collection":[{"href":"https:\/\/gelt.com\/es\/wp-json\/wp\/v2\/pages"}],"about":[{"href":"https:\/\/gelt.com\/es\/wp-json\/wp\/v2\/types\/page"}],"author":[{"embeddable":true,"href":"https:\/\/gelt.com\/es\/wp-json\/wp\/v2\/users\/11"}],"replies":[{"embeddable":true,"href":"https:\/\/gelt.com\/es\/wp-json\/wp\/v2\/comments?post=19416"}],"version-history":[{"count":42,"href":"https:\/\/gelt.com\/es\/wp-json\/wp\/v2\/pages\/19416\/revisions"}],"predecessor-version":[{"id":20201,"href":"https:\/\/gelt.com\/es\/wp-json\/wp\/v2\/pages\/19416\/revisions\/20201"}],"wp:attachment":[{"href":"https:\/\/gelt.com\/es\/wp-json\/wp\/v2\/media?parent=19416"}],"curies":[{"name":"wp","href":"https:\/\/api.w.org\/{rel}","templated":true}]}}