{"id":28319,"date":"2020-11-27T10:50:58","date_gmt":"2020-11-27T09:50:58","guid":{"rendered":"https:\/\/gelt.com\/es\/?page_id=28319"},"modified":"2022-08-03T14:01:33","modified_gmt":"2022-08-03T12:01:33","slug":"codigo-gelt","status":"publish","type":"page","link":"https:\/\/gelt.com\/es\/codigo-gelt\/","title":{"rendered":"C\u00f3digo Gelt"},"content":{"rendered":"<p>[vc_row top=\u00bb260px\u00bb bottom=\u00bb140px\u00bb content_fadeout=\u00bbcontent-fadeout\u00bb textalign=\u00bbcenter\u00bb slope_bottom=\u00bbslope-bottom\u00bb slope_bottom_height=\u00bb60px\u00bb row_seperator=\u00bbno-seperator\u00bb font_color=\u00bb#ffffff\u00bb slope_bottom_color=\u00bb#ffffff\u00bb bg_color=\u00bb#ededed\u00bb][vc_column][vc_heading h_size=\u00bbh-extralarge\u00bb title=\u00bb\u00bfC\u00d3MO CONSEGUIR TU C\u00d3DIGO GELT?\u00bb title_color=\u00bb#ff344c\u00bb subtitle_color=\u00bb#ffffff\u00bb alignment=\u00bbalign-left\u00bb][vc_empty_space][\/vc_column][\/vc_row][vc_row][vc_column][vc_heading title=\u00bb\u00bfQu\u00e9 es un c\u00f3digo GELT? \u00bb title_tag=\u00bbh4&#8243;][vc_raw_html]JTNDcCUzRSVDMiVBMUVzJTIwbGElMjBwb3NpYmlsaWRhZCUyMGRlJTIwYWNjZWRlciUyMGElMjBwcm9tb2Npb25lcyUyMGV4Y2x1c2l2YXMlMjElMjBFc3RhcyUyMHByb21vcyUyMHZhbiUyMGRlc2RlJTIwYWN1bXVsYXIlMjBtJUMzJUExcyUyMGVmZWN0aXZvJTIwaGFzdGElMjBjb25zZWd1aXIlMjBxdWUlMjB0ZSUyMGRldm9sdmFtb3MlMjBkaW5lcm8lMjBwb3IlMjBjb21wcmFyJTIwcHJvZHVjdG9zJTIwcXVlJTIwbm8lMjBlc3QlQzMlQTluJTIwYWN0dWFsbWVudGUlMjBlbiUyMHByb21vY2klQzMlQjNuLiUyMCUzQyUyRnAlM0U=[\/vc_raw_html][vc_empty_space][vc_heading title=\u00bb\u00bfC\u00f3mo conseguir tu c\u00f3digo GELT? \u00bb alignment=\u00bbalign-left\u00bb][vc_raw_html]JTNDcCUzRUV4aXN0ZW4lMjBkb3MlMjBmb3JtYXMlM0ElM0NiciUzRSUwQTElMjklMjBBJTIwdHJhdiVDMyVBOXMlMjBkZSUyMG51ZXN0cm9zJTIwc29ydGVvcyUyQyUyMGNvbmN1cnNvcyUyMHklMjBldmVudG9zJTIwZXNwZWNpYWxlcy4lM0NiciUzRSUwQTIlMjklMjBSZWNpYmklQzMlQTluZG9sb3MlMjBkaXJlY3RhbWVudGUlMjBkZSUyMHR1cyUyMG1hcmNhcyUyMGZhdm9yaXRhcy4lMEElM0MlMkZwJTNF[\/vc_raw_html][vc_empty_space][vc_heading title=\u00bb\u00bfC\u00f3mo no perderte ning\u00fan c\u00f3digo GELT? \u00bb alignment=\u00bbalign-left\u00bb][vc_raw_html]JTNDcCUzRVN1c2NyJUMzJUFEYmV0ZSUyMGElMjBudWVzdHJhJTIwbmV3c2xldHRlciUyMG8lMjBzJUMzJUFEZ3Vlbm9zJTIwZW4lMjBsYXMlMjByZWRlcyUyMHNvY2lhbGVzLiUyMFB1ZWRlcyUyMGVuY29udHJhcm5vcyUyMGVuJTNBJTNDYnIlM0UlMEElM0NhJTIwaHJlZiUzRCUyMmh0dHBzJTNBJTJGJTJGd3d3LmZhY2Vib29rLmNvbSUyRmdlbHRhcHAlMkYlMjIlM0VGYWNlYm9vayUzQyUyRmElM0UlMkMlM0NhJTIwaHJlZiUzRCUyMmh0dHBzJTNBJTJGJTJGdHdpdHRlci5jb20lMkZHZWx0QXBwJTIyJTNFVHdpdHRlciUzQyUyRmElM0UlMkMlM0NhJTIwaHJlZiUzRCUyMmh0dHBzJTNBJTJGJTJGd3d3Lmluc3RhZ3JhbS5jb20lMkZnZWx0YXBwJTJGJTIyJTNFSW5zdGFncmFtJTNDJTJGYSUzRS4lM0NiciUzRSUwQUVuJTIwbGElMjBwcm9waWElMjBhcHAlMjB0YW1iaSVDMyVBOW4lMjB0ZSUyMGlyZW1vcyUyMGluZm9ybWFuZG8lMjBkZSUyMHBvc2libGVzJTIwYyVDMyVCM2RpZ29zJTIwR2VsdC4lMEElMEElMEElMEElMEElM0MlMkZwJTNF[\/vc_raw_html][\/vc_column][\/vc_row]<\/p>\n","protected":false},"excerpt":{"rendered":"<p>[vc_row top=\u00bb260px\u00bb bottom=\u00bb140px\u00bb content_fadeout=\u00bbcontent-fadeout\u00bb textalign=\u00bbcenter\u00bb slope_bottom=\u00bbslope-bottom\u00bb slope_bottom_height=\u00bb60px\u00bb row_seperator=\u00bbno-seperator\u00bb font_color=\u00bb#ffffff\u00bb slope_bottom_color=\u00bb#ffffff\u00bb bg_color=\u00bb#ededed\u00bb][vc_column][vc_heading h_size=\u00bbh-extralarge\u00bb title=\u00bb\u00bfC\u00d3MO CONSEGUIR TU C\u00d3DIGO GELT?\u00bb title_color=\u00bb#ff344c\u00bb subtitle_color=\u00bb#ffffff\u00bb alignment=\u00bbalign-left\u00bb][vc_empty_space][\/vc_column][\/vc_row][vc_row][vc_column][vc_heading title=\u00bb\u00bfQu\u00e9 es un c\u00f3digo GELT? \u00bb title_tag=\u00bbh4&#8243;][vc_raw_html]JTNDcCUzRSVDMiVBMUVzJTIwbGElMjBwb3NpYmlsaWRhZCUyMGRlJTIwYWNjZWRlciUyMGElMjBwcm9tb2Npb25lcyUyMGV4Y2x1c2l2YXMlMjElMjBFc3RhcyUyMHByb21vcyUyMHZhbiUyMGRlc2RlJTIwYWN1bXVsYXIlMjBtJUMzJUExcyUyMGVmZWN0aXZvJTIwaGFzdGElMjBjb25zZWd1aXIlMjBxdWUlMjB0ZSUyMGRldm9sdmFtb3MlMjBkaW5lcm8lMjBwb3IlMjBjb21wcmFyJTIwcHJvZHVjdG9zJTIwcXVlJTIwbm8lMjBlc3QlQzMlQTluJTIwYWN0dWFsbWVudGUlMjBlbiUyMHByb21vY2klQzMlQjNuLiUyMCUzQyUyRnAlM0U=[\/vc_raw_html][vc_empty_space][vc_heading title=\u00bb\u00bfC\u00f3mo conseguir tu c\u00f3digo GELT? \u00bb alignment=\u00bbalign-left\u00bb][vc_raw_html]JTNDcCUzRUV4aXN0ZW4lMjBkb3MlMjBmb3JtYXMlM0ElM0NiciUzRSUwQTElMjklMjBBJTIwdHJhdiVDMyVBOXMlMjBkZSUyMG51ZXN0cm9zJTIwc29ydGVvcyUyQyUyMGNvbmN1cnNvcyUyMHklMjBldmVudG9zJTIwZXNwZWNpYWxlcy4lM0NiciUzRSUwQTIlMjklMjBSZWNpYmklQzMlQTluZG9sb3MlMjBkaXJlY3RhbWVudGUlMjBkZSUyMHR1cyUyMG1hcmNhcyUyMGZhdm9yaXRhcy4lMEElM0MlMkZwJTNF[\/vc_raw_html][vc_empty_space][vc_heading title=\u00bb\u00bfC\u00f3mo no perderte ning\u00fan c\u00f3digo GELT? \u00bb alignment=\u00bbalign-left\u00bb][vc_raw_html]JTNDcCUzRVN1c2NyJUMzJUFEYmV0ZSUyMGElMjBudWVzdHJhJTIwbmV3c2xldHRlciUyMG8lMjBzJUMzJUFEZ3Vlbm9zJTIwZW4lMjBsYXMlMjByZWRlcyUyMHNvY2lhbGVzLiUyMFB1ZWRlcyUyMGVuY29udHJhcm5vcyUyMGVuJTNBJTNDYnIlM0UlMEElM0NhJTIwaHJlZiUzRCUyMmh0dHBzJTNBJTJGJTJGd3d3LmZhY2Vib29rLmNvbSUyRmdlbHRhcHAlMkYlMjIlM0VGYWNlYm9vayUzQyUyRmElM0UlMkMlM0NhJTIwaHJlZiUzRCUyMmh0dHBzJTNBJTJGJTJGdHdpdHRlci5jb20lMkZHZWx0QXBwJTIyJTNFVHdpdHRlciUzQyUyRmElM0UlMkMlM0NhJTIwaHJlZiUzRCUyMmh0dHBzJTNBJTJGJTJGd3d3Lmluc3RhZ3JhbS5jb20lMkZnZWx0YXBwJTJGJTIyJTNFSW5zdGFncmFtJTNDJTJGYSUzRS4lM0NiciUzRSUwQUVuJTIwbGElMjBwcm9waWElMjBhcHAlMjB0YW1iaSVDMyVBOW4lMjB0ZSUyMGlyZW1vcyUyMGluZm9ybWFuZG8lMjBkZSUyMHBvc2libGVzJTIwYyVDMyVCM2RpZ29zJTIwR2VsdC4lMEElMEElMEElMEElMEElM0MlMkZwJTNF[\/vc_raw_html][\/vc_column][\/vc_row]<\/p>\n","protected":false},"author":20,"featured_media":0,"parent":0,"menu_order":0,"comment_status":"closed","ping_status":"closed","template":"page-full-width.php","meta":{"content-type":"","footnotes":""},"yoast_head":"<!-- This site is optimized with the Yoast SEO plugin v21.9.1 - https:\/\/yoast.com\/wordpress\/plugins\/seo\/ -->\n<title>T\u00e9rminos y condiciones<\/title>\n<meta name=\"robots\" content=\"index, follow, max-snippet:-1, max-image-preview:large, max-video-preview:-1\" \/>\n<link rel=\"canonical\" href=\"https:\/\/gelt.com\/es\/codigo-gelt\/\" \/>\n<meta property=\"og:locale\" content=\"es_ES\" \/>\n<meta property=\"og:type\" content=\"article\" \/>\n<meta property=\"og:title\" content=\"T\u00e9rminos y condiciones\" \/>\n<meta property=\"og:description\" content=\"[vc_row top=\u00bb260px\u00bb bottom=\u00bb140px\u00bb content_fadeout=\u00bbcontent-fadeout\u00bb textalign=\u00bbcenter\u00bb slope_bottom=\u00bbslope-bottom\u00bb slope_bottom_height=\u00bb60px\u00bb row_seperator=\u00bbno-seperator\u00bb font_color=\u00bb#ffffff\u00bb slope_bottom_color=\u00bb#ffffff\u00bb bg_color=\u00bb#ededed\u00bb][vc_column][vc_heading h_size=\u00bbh-extralarge\u00bb title=\u00bb\u00bfC\u00d3MO CONSEGUIR TU C\u00d3DIGO GELT?\u00bb title_color=\u00bb#ff344c\u00bb subtitle_color=\u00bb#ffffff\u00bb alignment=\u00bbalign-left\u00bb][vc_empty_space][\/vc_column][\/vc_row][vc_row][vc_column][vc_heading title=\u00bb\u00bfQu\u00e9 es un c\u00f3digo GELT? \u00bb title_tag=\u00bbh4&#8243;][vc_raw_html]JTNDcCUzRSVDMiVBMUVzJTIwbGElMjBwb3NpYmlsaWRhZCUyMGRlJTIwYWNjZWRlciUyMGElMjBwcm9tb2Npb25lcyUyMGV4Y2x1c2l2YXMlMjElMjBFc3RhcyUyMHByb21vcyUyMHZhbiUyMGRlc2RlJTIwYWN1bXVsYXIlMjBtJUMzJUExcyUyMGVmZWN0aXZvJTIwaGFzdGElMjBjb25zZWd1aXIlMjBxdWUlMjB0ZSUyMGRldm9sdmFtb3MlMjBkaW5lcm8lMjBwb3IlMjBjb21wcmFyJTIwcHJvZHVjdG9zJTIwcXVlJTIwbm8lMjBlc3QlQzMlQTluJTIwYWN0dWFsbWVudGUlMjBlbiUyMHByb21vY2klQzMlQjNuLiUyMCUzQyUyRnAlM0U=[\/vc_raw_html][vc_empty_space][vc_heading title=\u00bb\u00bfC\u00f3mo conseguir tu c\u00f3digo GELT? \u00bb alignment=\u00bbalign-left\u00bb][vc_raw_html]JTNDcCUzRUV4aXN0ZW4lMjBkb3MlMjBmb3JtYXMlM0ElM0NiciUzRSUwQTElMjklMjBBJTIwdHJhdiVDMyVBOXMlMjBkZSUyMG51ZXN0cm9zJTIwc29ydGVvcyUyQyUyMGNvbmN1cnNvcyUyMHklMjBldmVudG9zJTIwZXNwZWNpYWxlcy4lM0NiciUzRSUwQTIlMjklMjBSZWNpYmklQzMlQTluZG9sb3MlMjBkaXJlY3RhbWVudGUlMjBkZSUyMHR1cyUyMG1hcmNhcyUyMGZhdm9yaXRhcy4lMEElM0MlMkZwJTNF[\/vc_raw_html][vc_empty_space][vc_heading title=\u00bb\u00bfC\u00f3mo no perderte ning\u00fan c\u00f3digo GELT? \u00bb alignment=\u00bbalign-left\u00bb][vc_raw_html]JTNDcCUzRVN1c2NyJUMzJUFEYmV0ZSUyMGElMjBudWVzdHJhJTIwbmV3c2xldHRlciUyMG8lMjBzJUMzJUFEZ3Vlbm9zJTIwZW4lMjBsYXMlMjByZWRlcyUyMHNvY2lhbGVzLiUyMFB1ZWRlcyUyMGVuY29udHJhcm5vcyUyMGVuJTNBJTNDYnIlM0UlMEElM0NhJTIwaHJlZiUzRCUyMmh0dHBzJTNBJTJGJTJGd3d3LmZhY2Vib29rLmNvbSUyRmdlbHRhcHAlMkYlMjIlM0VGYWNlYm9vayUzQyUyRmElM0UlMkMlM0NhJTIwaHJlZiUzRCUyMmh0dHBzJTNBJTJGJTJGdHdpdHRlci5jb20lMkZHZWx0QXBwJTIyJTNFVHdpdHRlciUzQyUyRmElM0UlMkMlM0NhJTIwaHJlZiUzRCUyMmh0dHBzJTNBJTJGJTJGd3d3Lmluc3RhZ3JhbS5jb20lMkZnZWx0YXBwJTJGJTIyJTNFSW5zdGFncmFtJTNDJTJGYSUzRS4lM0NiciUzRSUwQUVuJTIwbGElMjBwcm9waWElMjBhcHAlMjB0YW1iaSVDMyVBOW4lMjB0ZSUyMGlyZW1vcyUyMGluZm9ybWFuZG8lMjBkZSUyMHBvc2libGVzJTIwYyVDMyVCM2RpZ29zJTIwR2VsdC4lMEElMEElMEElMEElMEElM0MlMkZwJTNF[\/vc_raw_html][\/vc_column][\/vc_row]\" \/>\n<meta property=\"og:url\" content=\"https:\/\/gelt.com\/es\/codigo-gelt\/\" \/>\n<meta property=\"og:site_name\" content=\"Gelt Espa\u00f1a\" \/>\n<meta property=\"article:modified_time\" content=\"2022-08-03T12:01:33+00:00\" \/>\n<meta name=\"twitter:card\" content=\"summary_large_image\" \/>\n<meta name=\"twitter:label1\" content=\"Tiempo de lectura\" \/>\n\t<meta name=\"twitter:data1\" content=\"1 minuto\" \/>\n<script type=\"application\/ld+json\" class=\"yoast-schema-graph\">{\"@context\":\"https:\/\/schema.org\",\"@graph\":[{\"@type\":\"WebPage\",\"@id\":\"https:\/\/gelt.com\/es\/codigo-gelt\/\",\"url\":\"https:\/\/gelt.com\/es\/codigo-gelt\/\",\"name\":\"T\u00e9rminos y condiciones\",\"isPartOf\":{\"@id\":\"https:\/\/gelt.com\/es\/#website\"},\"datePublished\":\"2020-11-27T09:50:58+00:00\",\"dateModified\":\"2022-08-03T12:01:33+00:00\",\"breadcrumb\":{\"@id\":\"https:\/\/gelt.com\/es\/codigo-gelt\/#breadcrumb\"},\"inLanguage\":\"es\",\"potentialAction\":[{\"@type\":\"ReadAction\",\"target\":[\"https:\/\/gelt.com\/es\/codigo-gelt\/\"]}]},{\"@type\":\"BreadcrumbList\",\"@id\":\"https:\/\/gelt.com\/es\/codigo-gelt\/#breadcrumb\",\"itemListElement\":[{\"@type\":\"ListItem\",\"position\":1,\"name\":\"Portada\",\"item\":\"https:\/\/gelt.com\/es\/\"},{\"@type\":\"ListItem\",\"position\":2,\"name\":\"C\u00f3digo Gelt\"}]},{\"@type\":\"WebSite\",\"@id\":\"https:\/\/gelt.com\/es\/#website\",\"url\":\"https:\/\/gelt.com\/es\/\",\"name\":\"Gelt Espa\u00f1a\",\"description\":\"Gelt - Dinero que vuelve\",\"potentialAction\":[{\"@type\":\"SearchAction\",\"target\":{\"@type\":\"EntryPoint\",\"urlTemplate\":\"https:\/\/gelt.com\/es\/?s={search_term_string}\"},\"query-input\":\"required name=search_term_string\"}],\"inLanguage\":\"es\"}]}<\/script>\n<!-- \/ Yoast SEO plugin. -->","yoast_head_json":{"title":"T\u00e9rminos y condiciones","robots":{"index":"index","follow":"follow","max-snippet":"max-snippet:-1","max-image-preview":"max-image-preview:large","max-video-preview":"max-video-preview:-1"},"canonical":"https:\/\/gelt.com\/es\/codigo-gelt\/","og_locale":"es_ES","og_type":"article","og_title":"T\u00e9rminos y condiciones","og_description":"[vc_row top=\u00bb260px\u00bb bottom=\u00bb140px\u00bb content_fadeout=\u00bbcontent-fadeout\u00bb textalign=\u00bbcenter\u00bb slope_bottom=\u00bbslope-bottom\u00bb slope_bottom_height=\u00bb60px\u00bb row_seperator=\u00bbno-seperator\u00bb font_color=\u00bb#ffffff\u00bb slope_bottom_color=\u00bb#ffffff\u00bb bg_color=\u00bb#ededed\u00bb][vc_column][vc_heading h_size=\u00bbh-extralarge\u00bb title=\u00bb\u00bfC\u00d3MO CONSEGUIR TU C\u00d3DIGO GELT?\u00bb title_color=\u00bb#ff344c\u00bb subtitle_color=\u00bb#ffffff\u00bb alignment=\u00bbalign-left\u00bb][vc_empty_space][\/vc_column][\/vc_row][vc_row][vc_column][vc_heading title=\u00bb\u00bfQu\u00e9 es un c\u00f3digo GELT? \u00bb title_tag=\u00bbh4&#8243;][vc_raw_html]JTNDcCUzRSVDMiVBMUVzJTIwbGElMjBwb3NpYmlsaWRhZCUyMGRlJTIwYWNjZWRlciUyMGElMjBwcm9tb2Npb25lcyUyMGV4Y2x1c2l2YXMlMjElMjBFc3RhcyUyMHByb21vcyUyMHZhbiUyMGRlc2RlJTIwYWN1bXVsYXIlMjBtJUMzJUExcyUyMGVmZWN0aXZvJTIwaGFzdGElMjBjb25zZWd1aXIlMjBxdWUlMjB0ZSUyMGRldm9sdmFtb3MlMjBkaW5lcm8lMjBwb3IlMjBjb21wcmFyJTIwcHJvZHVjdG9zJTIwcXVlJTIwbm8lMjBlc3QlQzMlQTluJTIwYWN0dWFsbWVudGUlMjBlbiUyMHByb21vY2klQzMlQjNuLiUyMCUzQyUyRnAlM0U=[\/vc_raw_html][vc_empty_space][vc_heading title=\u00bb\u00bfC\u00f3mo conseguir tu c\u00f3digo GELT? \u00bb alignment=\u00bbalign-left\u00bb][vc_raw_html]JTNDcCUzRUV4aXN0ZW4lMjBkb3MlMjBmb3JtYXMlM0ElM0NiciUzRSUwQTElMjklMjBBJTIwdHJhdiVDMyVBOXMlMjBkZSUyMG51ZXN0cm9zJTIwc29ydGVvcyUyQyUyMGNvbmN1cnNvcyUyMHklMjBldmVudG9zJTIwZXNwZWNpYWxlcy4lM0NiciUzRSUwQTIlMjklMjBSZWNpYmklQzMlQTluZG9sb3MlMjBkaXJlY3RhbWVudGUlMjBkZSUyMHR1cyUyMG1hcmNhcyUyMGZhdm9yaXRhcy4lMEElM0MlMkZwJTNF[\/vc_raw_html][vc_empty_space][vc_heading title=\u00bb\u00bfC\u00f3mo no perderte ning\u00fan c\u00f3digo GELT? \u00bb alignment=\u00bbalign-left\u00bb][vc_raw_html]JTNDcCUzRVN1c2NyJUMzJUFEYmV0ZSUyMGElMjBudWVzdHJhJTIwbmV3c2xldHRlciUyMG8lMjBzJUMzJUFEZ3Vlbm9zJTIwZW4lMjBsYXMlMjByZWRlcyUyMHNvY2lhbGVzLiUyMFB1ZWRlcyUyMGVuY29udHJhcm5vcyUyMGVuJTNBJTNDYnIlM0UlMEElM0NhJTIwaHJlZiUzRCUyMmh0dHBzJTNBJTJGJTJGd3d3LmZhY2Vib29rLmNvbSUyRmdlbHRhcHAlMkYlMjIlM0VGYWNlYm9vayUzQyUyRmElM0UlMkMlM0NhJTIwaHJlZiUzRCUyMmh0dHBzJTNBJTJGJTJGdHdpdHRlci5jb20lMkZHZWx0QXBwJTIyJTNFVHdpdHRlciUzQyUyRmElM0UlMkMlM0NhJTIwaHJlZiUzRCUyMmh0dHBzJTNBJTJGJTJGd3d3Lmluc3RhZ3JhbS5jb20lMkZnZWx0YXBwJTJGJTIyJTNFSW5zdGFncmFtJTNDJTJGYSUzRS4lM0NiciUzRSUwQUVuJTIwbGElMjBwcm9waWElMjBhcHAlMjB0YW1iaSVDMyVBOW4lMjB0ZSUyMGlyZW1vcyUyMGluZm9ybWFuZG8lMjBkZSUyMHBvc2libGVzJTIwYyVDMyVCM2RpZ29zJTIwR2VsdC4lMEElMEElMEElMEElMEElM0MlMkZwJTNF[\/vc_raw_html][\/vc_column][\/vc_row]","og_url":"https:\/\/gelt.com\/es\/codigo-gelt\/","og_site_name":"Gelt Espa\u00f1a","article_modified_time":"2022-08-03T12:01:33+00:00","twitter_card":"summary_large_image","twitter_misc":{"Tiempo de lectura":"1 minuto"},"schema":{"@context":"https:\/\/schema.org","@graph":[{"@type":"WebPage","@id":"https:\/\/gelt.com\/es\/codigo-gelt\/","url":"https:\/\/gelt.com\/es\/codigo-gelt\/","name":"T\u00e9rminos y condiciones","isPartOf":{"@id":"https:\/\/gelt.com\/es\/#website"},"datePublished":"2020-11-27T09:50:58+00:00","dateModified":"2022-08-03T12:01:33+00:00","breadcrumb":{"@id":"https:\/\/gelt.com\/es\/codigo-gelt\/#breadcrumb"},"inLanguage":"es","potentialAction":[{"@type":"ReadAction","target":["https:\/\/gelt.com\/es\/codigo-gelt\/"]}]},{"@type":"BreadcrumbList","@id":"https:\/\/gelt.com\/es\/codigo-gelt\/#breadcrumb","itemListElement":[{"@type":"ListItem","position":1,"name":"Portada","item":"https:\/\/gelt.com\/es\/"},{"@type":"ListItem","position":2,"name":"C\u00f3digo Gelt"}]},{"@type":"WebSite","@id":"https:\/\/gelt.com\/es\/#website","url":"https:\/\/gelt.com\/es\/","name":"Gelt Espa\u00f1a","description":"Gelt - Dinero que vuelve","potentialAction":[{"@type":"SearchAction","target":{"@type":"EntryPoint","urlTemplate":"https:\/\/gelt.com\/es\/?s={search_term_string}"},"query-input":"required name=search_term_string"}],"inLanguage":"es"}]}},"_links":{"self":[{"href":"https:\/\/gelt.com\/es\/wp-json\/wp\/v2\/pages\/28319"}],"collection":[{"href":"https:\/\/gelt.com\/es\/wp-json\/wp\/v2\/pages"}],"about":[{"href":"https:\/\/gelt.com\/es\/wp-json\/wp\/v2\/types\/page"}],"author":[{"embeddable":true,"href":"https:\/\/gelt.com\/es\/wp-json\/wp\/v2\/users\/20"}],"replies":[{"embeddable":true,"href":"https:\/\/gelt.com\/es\/wp-json\/wp\/v2\/comments?post=28319"}],"version-history":[{"count":3,"href":"https:\/\/gelt.com\/es\/wp-json\/wp\/v2\/pages\/28319\/revisions"}],"predecessor-version":[{"id":144655,"href":"https:\/\/gelt.com\/es\/wp-json\/wp\/v2\/pages\/28319\/revisions\/144655"}],"wp:attachment":[{"href":"https:\/\/gelt.com\/es\/wp-json\/wp\/v2\/media?parent=28319"}],"curies":[{"name":"wp","href":"https:\/\/api.w.org\/{rel}","templated":true}]}}